{"id":1515,"date":"2017-03-07T16:15:31","date_gmt":"2017-03-07T19:15:31","guid":{"rendered":"http:\/\/sites.usp.br\/biosmat\/?page_id=1515"},"modified":"2026-03-02T13:35:55","modified_gmt":"2026-03-02T16:35:55","slug":"instituicoes-nap-biosmat","status":"publish","type":"page","link":"https:\/\/sites.usp.br\/biosmat\/en\/instituicoes-nap-biosmat\/","title":{"rendered":"BioSMat Members"},"content":{"rendered":"<p><\/p>\n<ul>\n<li><strong>FZEA\/USP &#8211; Faculty of Animal Science and Food Engineering, University of S\u00e3o Paulo<\/strong><\/li>\n<\/ul>\n<p><strong><em>Coordination:<\/em><\/strong><br \/>\nHolmer Savastano Junior (BioSMat coordinator) (<a href=\"http:\/\/sites.usp.br\/biosmat\/en\/holmer-savastano-junior\/\" target=\"_blank\" rel=\"noopener noreferrer\"><em>+info<\/em><\/a>)<br \/>\nJuliano Fiorelli (<a href=\"http:\/\/sites.usp.br\/biosmat\/en\/juliano-fiorelli\/\" target=\"_blank\" rel=\"noopener noreferrer\"><em>+info<\/em><\/a>)<br \/>\nJo\u00e3o Adriano Rossignolo (<a href=\"http:\/\/sites.usp.br\/biosmat\/en\/joao-adriano-rossignolo\/\" target=\"_blank\" rel=\"noopener noreferrer\"><em>+info<\/em><\/a>)<br \/>\nEliria M. J Agnolon Pallone (<a href=\"http:\/\/sites.usp.br\/biosmat\/en\/eliria\/\" target=\"_blank\" rel=\"noopener noreferrer\"><em>+info<\/em><\/a>)<br \/>\nJos\u00e9 Antonio Rabi (<a href=\"http:\/\/www.fzea.usp.br\/?page_id=3383\" target=\"_blank\" rel=\"noopener noreferrer\"><em>+info<\/em><\/a>)<br \/>\nSergio Adriani David (<a href=\"http:\/\/www.fzea.usp.br\/?page_id=3413\" target=\"_blank\" rel=\"noopener noreferrer\"><em>+info<\/em><\/a>)<br \/>\n<strong><em>Website: <\/em><\/strong><em><a href=\"http:\/\/www.fzea.usp.br\/en\/\" target=\"_blank\" rel=\"noopener noreferrer\">click here<\/a><strong><br \/>\n<\/strong><\/em><\/p>\n<ul>\n<li><strong>ESALQ\/USP &#8211; Superior College of Agriculture Luiz de Queiroz, University of S\u00e3o Paulo<\/strong><\/li>\n<\/ul>\n<p><strong><em>Coordination:<\/em><\/strong><br \/>\nM\u00e1rio Tomazello Filho (<em><a href=\"http:\/\/lattes.cnpq.br\/8244440518798972\" target=\"_blank\" rel=\"noopener noreferrer\">+info<\/a><\/em>)<br \/>\nFrancides Gomes da Silva (<em><a href=\"http:\/\/lattes.cnpq.br\/0062951606539398\" target=\"_blank\" rel=\"noopener noreferrer\">+info<\/a><\/em>)<br \/>\n<em><strong>Website:<\/strong> <a href=\"http:\/\/www.lcf.esalq.usp.br\/\" target=\"_blank\" rel=\"noopener noreferrer\">click here<\/a><\/em><\/p>\n<ul>\n<li><strong>USP\/EESC &#8211; School of Engineering of S\u00e3o Carlos, University of S\u00e3o Paulo<\/strong><\/li>\n<\/ul>\n<p><strong><em>Coordination:<\/em><\/strong><br \/>\nFrancisco Antonio Rocco Lahr (deputy coordinator of BioSMat) (<em><a href=\"http:\/\/www.set.eesc.usp.br\/portal\/pt\/docentes\/117-francisco-antonio-rocco-lahr\" target=\"_blank\" rel=\"noopener noreferrer\">+info<\/a><\/em>)<br \/>\nCarlito Calil Junior\u00a0(<em><a href=\"http:\/\/www.set.eesc.usp.br\/portal\/pt\/docentes\/114-carlito-calil-junior\" target=\"_blank\" rel=\"noopener noreferrer\">+info<\/a><\/em>)<br \/>\n<strong><em>Website: <\/em><\/strong><em><a href=\"http:\/\/www.set.eesc.usp.br\/portal\/pt\/\" target=\"_blank\" rel=\"noopener noreferrer\">click here<\/a><\/em><\/p>\n<ul>\n<li><strong>UFLA &#8211; Federal University of Lavras<\/strong><\/li>\n<\/ul>\n<p><em><strong>Coordination:<\/strong><\/em><br \/>\nGustavo Henrique Denzin Tonoli\u00a0(<em><a href=\"http:\/\/www.dcf.ufla.br\/site\/corpo_tecnico.php?id=27&amp;menu=m2&amp;t=gustavo%20henrique%20denzin%20tonoli\" target=\"_blank\" rel=\"noopener noreferrer\">+info<\/a><\/em>)<br \/>\nLourival Marin Mendes\u00a0(<em><a href=\"http:\/\/www.dcf.ufla.br\/site\/corpo_tecnico.php?id=16&amp;menu=m2&amp;t=lourival%20marin%20mendes\" target=\"_blank\" rel=\"noopener noreferrer\">+info<\/a><\/em>)<br \/>\n<em><strong>Website:<\/strong> <a href=\"http:\/\/www.dcf.ufla.br\/site\/index.php\" target=\"_blank\" rel=\"noopener noreferrer\">click here<\/a><\/em><\/p>\n<ul>\n<li><strong>EMBRAPA Instrumentation &#8211; S\u00e3o Carlos<\/strong><\/li>\n<\/ul>\n<p><strong><em>Coordination:<\/em><\/strong><br \/>\nLuiz Henrique Capparelli Mattoso\u00a0(<em><a href=\"https:\/\/www.embrapa.br\/equipe\/-\/empregado\/293680\/luiz-henrique-capparelli-mattoso\" target=\"_blank\" rel=\"noopener noreferrer\">+info<\/a><\/em>)<br \/>\n<em><strong>Website:<\/strong> <a href=\"https:\/\/www.embrapa.br\/instrumentacao\" target=\"_blank\" rel=\"noopener noreferrer\">click here<\/a><\/em><\/p>\n<ul>\n<li><strong>UFRN &#8211; Federal University of Rio Grande do Norte<\/strong><\/li>\n<\/ul>\n<p><em><strong>Coordination:<\/strong><\/em><br \/>\nClodomiro Alves Junior (<em><a href=\"http:\/\/buscatextual.cnpq.br\/buscatextual\/visualizacv.do?id=K4787965A6\" target=\"_blank\" rel=\"noopener noreferrer\">+info<\/a><\/em>)<br \/>\n<em><strong>Website:<\/strong> <a href=\"http:\/\/www.ufrn.br\/\" target=\"_blank\" rel=\"noopener noreferrer\">click here<\/a><\/em><\/p>\n<ul>\n<li><strong>UNESP &#8211; S\u00e3o Paulo State University &#8211; Botucatu<\/strong><\/li>\n<\/ul>\n<p><em><strong>Coordination:<\/strong><\/em><br \/>\nAlcides Lopes Le\u00e3o\u00a0(<em><a href=\"http:\/\/lattes.cnpq.br\/9554636745216452\" target=\"_blank\" rel=\"noopener noreferrer\">+info<\/a><\/em>)<br \/>\n<em><strong>Website:<\/strong> <a href=\"http:\/\/www.fca.unesp.br\/#!\/\" target=\"_blank\" rel=\"noopener noreferrer\">click here<\/a><\/em><\/p>\n<ul>\n<li><strong>UFABC &#8211; Federal University of ABC &#8211; Santo Andr\u00e9<\/strong><\/li>\n<\/ul>\n<p><em><strong>Coordination:<\/strong><\/em><br \/>\nDerval dos Santos Rosa\u00a0(<em><a href=\"http:\/\/lattes.cnpq.br\/0103007276004318\" target=\"_blank\" rel=\"noopener noreferrer\">+info<\/a><\/em>)<br \/>\n<strong><em>Website:<\/em><\/strong> <em><a href=\"http:\/\/cecs.ufabc.edu.br\/\" target=\"_blank\" rel=\"noopener noreferrer\">click here<\/a><\/em><\/p>\n<ul>\n<li><strong>UFSCAR &#8211; Federal University of S\u00e3o Carlos &#8211; Campus Lagoa do Sino<\/strong><\/li>\n<\/ul>\n<p><em><strong>Coordination:<\/strong><\/em><br \/>\nJonathan Gazzola (<em><a href=\"http:\/\/lattes.cnpq.br\/0159433721761670\" target=\"_blank\" rel=\"noopener noreferrer\">+info<\/a><\/em>)<br \/>\n<strong><em>Website:<\/em><\/strong> <em><a href=\"http:\/\/www.lagoadosino.ufscar.br\/\" target=\"_blank\" rel=\"noopener noreferrer\">click here<\/a><\/em><\/p>\n<ul>\n<li><strong>FEAGRI\/UNICAMP &#8211; Faculdade de Engenharia Agr\u00edcola &#8211; UNICAMP<\/strong><\/li>\n<\/ul>\n<p><em><strong>Coordination:<\/strong><\/em><br \/>\nJulio Soriano (<em><a href=\"http:\/\/lattes.cnpq.br\/5249007000361324\" target=\"_blank\" rel=\"noopener noreferrer\">+info<\/a><\/em>)<br \/>\n<strong><em>Website:<\/em><\/strong> <em><a href=\"https:\/\/www.feagri.unicamp.br\/portal\/\" target=\"_blank\" rel=\"noopener noreferrer\">click here<\/a><\/em><\/p>\n<ul>\n<li><strong>UEA &#8211; Universidade do Estado do Amazonas<\/strong><\/li>\n<\/ul>\n<p><em><strong>Coordination:<\/strong><\/em><br \/>\nAntonio de Lima Mesquita\u00a0(<em><a href=\"http:\/\/lattes.cnpq.br\/7920404121091345\" target=\"_blank\" rel=\"noopener noreferrer\">+info<\/a><\/em>)<br \/>\nWebsite:\u00a0<em><a href=\"http:\/\/www3.uea.edu.br\/\" target=\"_blank\" rel=\"noopener noreferrer\">click here<\/a><\/em><\/p>\n<ul>\n<li><strong>University of Illinois at Urbana-Champaign (USA)<\/strong><\/li>\n<\/ul>\n<p><em><strong>Coordination:<\/strong><\/em><br \/>\nRichard S. Gates\u00a0(<em><a href=\"https:\/\/abe.illinois.edu\/directory\/rsgates\" target=\"_blank\" rel=\"noopener noreferrer\">+info<\/a><\/em>)<br \/>\n<strong><em>Website:<\/em><\/strong> <em><a href=\"http:\/\/illinois.edu\/\" target=\"_blank\" rel=\"noopener noreferrer\">click here<\/a><\/em><\/p>\n<ul>\n<li><strong>Universidad Polit\u00e9cnica de Valencia (Spain)<\/strong><\/li>\n<\/ul>\n<p><em><strong>Coordination:<\/strong><\/em><br \/>\nJorge Juan Pay\u00e1 Bernabeu (<em><a href=\"https:\/\/www.researchgate.net\/profile\/Jordi_Paya\" target=\"_blank\" rel=\"noopener noreferrer\">+info<\/a><\/em>)<br \/>\nJos\u00e9 Mar\u00eda Monz\u00f3 Balbuena (<em><a href=\"https:\/\/www.researchgate.net\/profile\/J_Monzo\" target=\"_blank\" rel=\"noopener noreferrer\">+info<\/a><\/em>)<br \/>\n<strong><em>Website:<\/em><\/strong> <em><a href=\"https:\/\/www.upv.es\/\" target=\"_blank\" rel=\"noopener noreferrer\">click here<\/a><\/em><\/p>\n<ul>\n<li><strong>Instituto de Ciencias de la Construcci\u00f3n Eduardo Torroja &#8211; CSIC (Spain)<\/strong><\/li>\n<\/ul>\n<p><em><strong>Coordination:<\/strong><\/em><br \/>\nMois\u00e9s Fr\u00edas Rojas\u00a0(<em><a href=\"https:\/\/www.researchgate.net\/profile\/Moises_Frias\" target=\"_blank\" rel=\"noopener noreferrer\">+info<\/a><\/em>)<br \/>\nWebsite: <em><a href=\"http:\/\/www.ietcc.csic.es\/index.php\/es\/\" target=\"_blank\" rel=\"noopener noreferrer\">click here<\/a><\/em><\/p>\n<ul>\n<li><strong>Universidad Central &#8220;Marta Abreu&#8221; de las Villas (Cuba)<\/strong><\/li>\n<\/ul>\n<p><em><strong>Coordination:<\/strong><\/em><br \/>\nErnesto Villar Coci\u00f1a\u00a0(<em><a href=\"https:\/\/www.researchgate.net\/profile\/Ernesto_Villar_Cocina\" target=\"_blank\" rel=\"noopener noreferrer\">+info<\/a><\/em>)<br \/>\nWebsite: <em><a href=\"http:\/\/www.uclv.edu.cu\/\" target=\"_blank\" rel=\"noopener noreferrer\">click here<\/a><\/em><\/p>\n<ul>\n<li><strong>UPB &#8211; Universidad Pontificia Bolivariana (Colombia)<\/strong><\/li>\n<\/ul>\n<p><em><strong>Coordination:<\/strong><\/em><br \/>\nNubia Mireya Garz\u00f3n Barrero (<em><a href=\"http:\/\/lattes.cnpq.br\/8785146521138980\" target=\"_blank\" rel=\"noopener noreferrer\">+info<\/a><\/em>)<br \/>\nWebsite:\u00a0<em><a href=\"https:\/\/www.upb.edu.co\/es\/home\" target=\"_blank\" rel=\"noopener noreferrer\">acesse aqui<\/a><\/em><\/p>\n<ul>\n<li><strong>UNC\u00a0&#8211; Universidade Nacional de Cordoba (Argentina)<\/strong><\/li>\n<\/ul>\n<p><em><strong>Coordination:<\/strong><\/em><br \/>\nMariana Pilar Gatani<br \/>\nWebsite:\u00a0<em><a href=\"https:\/\/www.unc.edu.ar\/\" target=\"_blank\" rel=\"noopener noreferrer\">acesse aqui<\/a><\/em><\/p>","protected":false},"excerpt":{"rendered":"<p>FZEA\/USP &#8211; Faculty of Animal Science and Food Engineering, University of S\u00e3o Paulo Coordination: Holmer Savastano Junior (BioSMat coordinator) (+info) Juliano Fiorelli (+info) Jo\u00e3o Adriano Rossignolo (+info) Eliria M. J Agnolon Pallone (+info) Jos\u00e9 Antonio Rabi (+info) Sergio Adriani David (+info) Website: click here ESALQ\/USP &#8211; Superior College of Agriculture Luiz de Queiroz, University of S\u00e3o Paulo Coordination: M\u00e1rio Tomazello Filho (+info) Francides Gomes da Silva (+info) Website: click here USP\/EESC &#8211; School of Engineering of S\u00e3o Carlos, University of S\u00e3o Paulo Coordination: Francisco Antonio Rocco Lahr (deputy coordinator of BioSMat) (+info) Carlito Calil Junior\u00a0(+info) Website: click here UFLA &#8211; Federal University of Lavras Coordination: Gustavo Henrique Denzin Tonoli\u00a0(+info) Lourival Marin Mendes\u00a0(+info) Website: click here EMBRAPA Instrumentation &#8211; S\u00e3o Carlos Coordination: Luiz Henrique Capparelli Mattoso\u00a0(+info) Website: click here UFRN &#8211; Federal University of Rio Grande do Norte Coordination: Clodomiro Alves Junior (+info) Website: click here UNESP &#8211; S\u00e3o Paulo State University &#8211; Botucatu Coordination: Alcides Lopes Le\u00e3o\u00a0(+info) Website: click here UFABC &#8211; Federal University of ABC &#8211; Santo Andr\u00e9 Coordination: Derval dos Santos Rosa\u00a0(+info) Website: click here UFSCAR &#8211; Federal University of S\u00e3o Carlos &#8211; Campus Lagoa do Sino Coordination: Jonathan Gazzola (+info) Website: click here FEAGRI\/UNICAMP &#8211; Faculdade de [&#8230;]<\/p>\n","protected":false},"author":173,"featured_media":0,"parent":0,"menu_order":0,"comment_status":"open","ping_status":"closed","template":"","meta":{"footnotes":"","_links_to":"","_links_to_target":""},"class_list":["post-1515","page","type-page","status-publish","hentry"],"_links":{"self":[{"href":"https:\/\/sites.usp.br\/biosmat\/en\/wp-json\/wp\/v2\/pages\/1515","targetHints":{"allow":["GET"]}}],"collection":[{"href":"https:\/\/sites.usp.br\/biosmat\/en\/wp-json\/wp\/v2\/pages"}],"about":[{"href":"https:\/\/sites.usp.br\/biosmat\/en\/wp-json\/wp\/v2\/types\/page"}],"author":[{"embeddable":true,"href":"https:\/\/sites.usp.br\/biosmat\/en\/wp-json\/wp\/v2\/users\/173"}],"replies":[{"embeddable":true,"href":"https:\/\/sites.usp.br\/biosmat\/en\/wp-json\/wp\/v2\/comments?post=1515"}],"version-history":[{"count":4,"href":"https:\/\/sites.usp.br\/biosmat\/en\/wp-json\/wp\/v2\/pages\/1515\/revisions"}],"predecessor-version":[{"id":2633,"href":"https:\/\/sites.usp.br\/biosmat\/en\/wp-json\/wp\/v2\/pages\/1515\/revisions\/2633"}],"wp:attachment":[{"href":"https:\/\/sites.usp.br\/biosmat\/en\/wp-json\/wp\/v2\/media?parent=1515"}],"curies":[{"name":"wp","href":"https:\/\/api.w.org\/{rel}","templated":true}]}}