{"id":483,"date":"2016-02-22T09:43:30","date_gmt":"2016-02-22T12:43:30","guid":{"rendered":"http:\/\/sites.usp.br\/constrambi\/?page_id=483"},"modified":"2025-12-13T18:10:54","modified_gmt":"2025-12-13T21:10:54","slug":"equipe","status":"publish","type":"page","link":"https:\/\/sites.usp.br\/biosmat\/en\/equipe\/","title":{"rendered":"Team &#8211; Laboratory of Construction and Ambience (FZEA\/USP)"},"content":{"rendered":"<p><\/p>\n<h3>Professors<\/h3>\n<p><a href=\"https:\/\/sites.usp.br\/biosmat\/wp-content\/uploads\/sites\/98\/2025\/12\/iibcc-speaker-holmer-savastano-jr-2021-200x200-1.jpg\"><img loading=\"lazy\" decoding=\"async\" class=\"alignnone size-full wp-image-2595\" src=\"https:\/\/sites.usp.br\/biosmat\/wp-content\/uploads\/sites\/98\/2025\/12\/iibcc-speaker-holmer-savastano-jr-2021-200x200-1.jpg\" alt=\"\" width=\"200\" height=\"200\" data-id=\"2595\" srcset=\"https:\/\/sites.usp.br\/biosmat\/wp-content\/uploads\/sites\/98\/2025\/12\/iibcc-speaker-holmer-savastano-jr-2021-200x200-1.jpg 200w, https:\/\/sites.usp.br\/biosmat\/wp-content\/uploads\/sites\/98\/2025\/12\/iibcc-speaker-holmer-savastano-jr-2021-200x200-1-150x150.jpg 150w, https:\/\/sites.usp.br\/biosmat\/wp-content\/uploads\/sites\/98\/2025\/12\/iibcc-speaker-holmer-savastano-jr-2021-200x200-1-64x64.jpg 64w, https:\/\/sites.usp.br\/biosmat\/wp-content\/uploads\/sites\/98\/2025\/12\/iibcc-speaker-holmer-savastano-jr-2021-200x200-1-45x45.jpg 45w\" sizes=\"auto, (max-width: 200px) 100vw, 200px\" \/><\/a><\/p>\n<p>Holmer Savastano Junior (<a href=\"http:\/\/sites.usp.br\/biosmat\/en\/holmer-savastano-junior\/\">+ info<\/a>)<\/p>\n<p><a href=\"https:\/\/sites.usp.br\/biosmat\/wp-content\/uploads\/sites\/98\/2025\/12\/WhatsApp-Image-2025-12-12-at-10.36.02.jpeg\"><img loading=\"lazy\" decoding=\"async\" class=\"alignnone size-full wp-image-2602\" src=\"https:\/\/sites.usp.br\/biosmat\/wp-content\/uploads\/sites\/98\/2025\/12\/WhatsApp-Image-2025-12-12-at-10.36.02.jpeg\" alt=\"\" width=\"200\" height=\"200\" data-id=\"2602\" srcset=\"https:\/\/sites.usp.br\/biosmat\/wp-content\/uploads\/sites\/98\/2025\/12\/WhatsApp-Image-2025-12-12-at-10.36.02.jpeg 200w, https:\/\/sites.usp.br\/biosmat\/wp-content\/uploads\/sites\/98\/2025\/12\/WhatsApp-Image-2025-12-12-at-10.36.02-150x150.jpeg 150w, https:\/\/sites.usp.br\/biosmat\/wp-content\/uploads\/sites\/98\/2025\/12\/WhatsApp-Image-2025-12-12-at-10.36.02-64x64.jpeg 64w, https:\/\/sites.usp.br\/biosmat\/wp-content\/uploads\/sites\/98\/2025\/12\/WhatsApp-Image-2025-12-12-at-10.36.02-45x45.jpeg 45w\" sizes=\"auto, (max-width: 200px) 100vw, 200px\" \/><\/a><\/p>\n<p>Juliano Fiorelli (<a href=\"http:\/\/sites.usp.br\/biosmat\/en\/juliano-fiorelli\/\">+ info<\/a>)<\/p>\n<p><a href=\"https:\/\/sites.usp.br\/biosmat\/wp-content\/uploads\/sites\/98\/2025\/12\/WhatsApp-Image-2025-12-12-at-10.36.35.jpeg\"><img loading=\"lazy\" decoding=\"async\" class=\"alignnone size-medium wp-image-2603\" src=\"https:\/\/sites.usp.br\/biosmat\/wp-content\/uploads\/sites\/98\/2025\/12\/WhatsApp-Image-2025-12-12-at-10.36.35-300x300.jpeg\" alt=\"\" width=\"300\" height=\"300\" data-id=\"2603\" srcset=\"https:\/\/sites.usp.br\/biosmat\/wp-content\/uploads\/sites\/98\/2025\/12\/WhatsApp-Image-2025-12-12-at-10.36.35-300x300.jpeg 300w, https:\/\/sites.usp.br\/biosmat\/wp-content\/uploads\/sites\/98\/2025\/12\/WhatsApp-Image-2025-12-12-at-10.36.35-150x150.jpeg 150w, https:\/\/sites.usp.br\/biosmat\/wp-content\/uploads\/sites\/98\/2025\/12\/WhatsApp-Image-2025-12-12-at-10.36.35-64x64.jpeg 64w, https:\/\/sites.usp.br\/biosmat\/wp-content\/uploads\/sites\/98\/2025\/12\/WhatsApp-Image-2025-12-12-at-10.36.35-45x45.jpeg 45w, https:\/\/sites.usp.br\/biosmat\/wp-content\/uploads\/sites\/98\/2025\/12\/WhatsApp-Image-2025-12-12-at-10.36.35-200x200.jpeg 200w, https:\/\/sites.usp.br\/biosmat\/wp-content\/uploads\/sites\/98\/2025\/12\/WhatsApp-Image-2025-12-12-at-10.36.35-400x398.jpeg 400w, https:\/\/sites.usp.br\/biosmat\/wp-content\/uploads\/sites\/98\/2025\/12\/WhatsApp-Image-2025-12-12-at-10.36.35.jpeg 500w\" sizes=\"auto, (max-width: 300px) 100vw, 300px\" \/><\/a><\/p>\n<p>Jo\u00e3o Adriano Rossignolo (<a href=\"http:\/\/sites.usp.br\/biosmat\/en\/joao-adriano-rossignolo\/\">+ info<\/a>)<\/p>\n<p><a href=\"https:\/\/sites.usp.br\/biosmat\/wp-content\/uploads\/sites\/98\/2025\/12\/WhatsApp-Image-2025-12-13-at-13.57.47.jpeg\"><img loading=\"lazy\" decoding=\"async\" class=\"alignnone size-medium wp-image-2619\" src=\"https:\/\/sites.usp.br\/biosmat\/wp-content\/uploads\/sites\/98\/2025\/12\/WhatsApp-Image-2025-12-13-at-13.57.47-138x300.jpeg\" alt=\"\" width=\"138\" height=\"300\" data-id=\"2619\" srcset=\"https:\/\/sites.usp.br\/biosmat\/wp-content\/uploads\/sites\/98\/2025\/12\/WhatsApp-Image-2025-12-13-at-13.57.47-138x300.jpeg 138w, https:\/\/sites.usp.br\/biosmat\/wp-content\/uploads\/sites\/98\/2025\/12\/WhatsApp-Image-2025-12-13-at-13.57.47-472x1024.jpeg 472w, https:\/\/sites.usp.br\/biosmat\/wp-content\/uploads\/sites\/98\/2025\/12\/WhatsApp-Image-2025-12-13-at-13.57.47-708x1536.jpeg 708w, https:\/\/sites.usp.br\/biosmat\/wp-content\/uploads\/sites\/98\/2025\/12\/WhatsApp-Image-2025-12-13-at-13.57.47-276x600.jpeg 276w, https:\/\/sites.usp.br\/biosmat\/wp-content\/uploads\/sites\/98\/2025\/12\/WhatsApp-Image-2025-12-13-at-13.57.47.jpeg 737w\" sizes=\"auto, (max-width: 138px) 100vw, 138px\" \/><\/a><\/p>\n<p>El\u00edria Maria de Jesus Agnolon Pallone (<a href=\"http:\/\/sites.usp.br\/biosmat\/en\/eliria\/\">+ info<\/a>)<span style=\"color: #ffffff;\">.<\/span><\/p>\n<h3>Technical support<\/h3>\n<p><a href=\"https:\/\/sites.usp.br\/biosmat\/wp-content\/uploads\/sites\/98\/2025\/12\/WhatsApp-Image-2025-12-12-at-10.41.49.jpeg\"><img loading=\"lazy\" decoding=\"async\" class=\"alignnone size-medium wp-image-2607\" src=\"https:\/\/sites.usp.br\/biosmat\/wp-content\/uploads\/sites\/98\/2025\/12\/WhatsApp-Image-2025-12-12-at-10.41.49-225x300.jpeg\" alt=\"\" width=\"225\" height=\"300\" data-id=\"2607\" srcset=\"https:\/\/sites.usp.br\/biosmat\/wp-content\/uploads\/sites\/98\/2025\/12\/WhatsApp-Image-2025-12-12-at-10.41.49-225x300.jpeg 225w, https:\/\/sites.usp.br\/biosmat\/wp-content\/uploads\/sites\/98\/2025\/12\/WhatsApp-Image-2025-12-12-at-10.41.49-768x1024.jpeg 768w, https:\/\/sites.usp.br\/biosmat\/wp-content\/uploads\/sites\/98\/2025\/12\/WhatsApp-Image-2025-12-12-at-10.41.49-400x533.jpeg 400w, https:\/\/sites.usp.br\/biosmat\/wp-content\/uploads\/sites\/98\/2025\/12\/WhatsApp-Image-2025-12-12-at-10.41.49.jpeg 990w\" sizes=\"auto, (max-width: 225px) 100vw, 225px\" \/><\/a><\/p>\n<p>Mariana Pavesi (<a href=\"http:\/\/sites.usp.br\/biosmat\/pb\/mariana-pavesi\/\">+ info<\/a>)<\/p>\n<p><a href=\"https:\/\/sites.usp.br\/biosmat\/wp-content\/uploads\/sites\/98\/2025\/12\/WhatsApp-Image-2025-12-12-at-10.51.14.jpeg\"><img loading=\"lazy\" decoding=\"async\" class=\"alignnone size-medium wp-image-2609\" src=\"https:\/\/sites.usp.br\/biosmat\/wp-content\/uploads\/sites\/98\/2025\/12\/WhatsApp-Image-2025-12-12-at-10.51.14-169x300.jpeg\" alt=\"\" width=\"169\" height=\"300\" data-id=\"2609\" srcset=\"https:\/\/sites.usp.br\/biosmat\/wp-content\/uploads\/sites\/98\/2025\/12\/WhatsApp-Image-2025-12-12-at-10.51.14-169x300.jpeg 169w, https:\/\/sites.usp.br\/biosmat\/wp-content\/uploads\/sites\/98\/2025\/12\/WhatsApp-Image-2025-12-12-at-10.51.14-339x600.jpeg 339w, https:\/\/sites.usp.br\/biosmat\/wp-content\/uploads\/sites\/98\/2025\/12\/WhatsApp-Image-2025-12-12-at-10.51.14.jpeg 472w\" sizes=\"auto, (max-width: 169px) 100vw, 169px\" \/><\/a><\/p>\n<div class=\"CjVfdc\"><span class=\"C9DxTc \">Giselle Valim Co<\/span><span class=\"C9DxTc \">rr\u00eaa Ramos (<a href=\"http:\/\/lattes.cnpq.br\/9846235834500199\">+ info<\/a>)<\/span><\/div>\n<p>Zaqueu Dias de Freitas (<a href=\"http:\/\/sites.usp.br\/biosmat\/pb\/zaqueu-dias-de-freitas\/\">+ info<\/a>)<span style=\"color: #ffffff;\">.<\/span><\/p>\n<h3>Researchers<\/h3>\n<h4>\u00a0 \u00a0 \u00a0 \u00a0Young Investigator FAPESP<\/h4>\n<p>Ana Carolina Const\u00e2ncio Trindade<\/p>\n<h4><span style=\"color: #ffffff;\">___<\/span>Postdoctorate<\/h4>\n<p>Adriano Galv\u00e3o de Souza Azevedo<\/p>\n<p>Afonso Jos\u00e9 Fel\u00edcio Peres Duran<\/p>\n<p>Carlos Alexandre Fioroni<\/p>\n<p>Maria J\u00falia Bassan de Moraes<\/p>\n<p>Ronaldo Soares Teixeira<\/p>\n<h4><span style=\"color: #ffffff;\">___<\/span>PhD. students<\/h4>\n<p>Abasalt Tarverdi<\/p>\n<p>Alda Renata dos S. M. Capelo<\/p>\n<p>Andr\u00e9 Luiz Pereira de Godoy Junior<\/p>\n<p>Igor Machado da Silva Parente<\/p>\n<p>Javier Eduardo Villar Hern\u00e1ndez<\/p>\n<p>Jhade Vimieiro<\/p>\n<p>Juan Camilo Adrada Molano<\/p>\n<p>Katheryn Cecilia Pallares C\u00f3rdoba<\/p>\n<p>Mostafa Nabizadeh<\/p>\n<p>Sara Kadivar<\/p>\n<h4><span style=\"color: #ffffff;\">___<\/span>MSc. students<\/h4>\n<p>Amir Reza Emadifard<\/p>\n<p>Daniela Rivera Orjuela<\/p>\n<p>Gabriel Garcia de Oliveira<\/p>\n<p>Gustavo Bonini de Castro<\/p>\n<p>MobinaSadat SeyedSalehi<\/p>\n<p>Parham Gholizadeh<\/p>\n<p>Th\u00e1bata Neves<\/p>\n<h4><span style=\"color: #ffffff;\">___<\/span><\/h4>\n<p>&nbsp;<\/p>","protected":false},"excerpt":{"rendered":"<p>Professors Holmer Savastano Junior (+ info) Juliano Fiorelli (+ info) Jo\u00e3o Adriano Rossignolo (+ info) El\u00edria Maria de Jesus Agnolon Pallone (+ info). Technical support Mariana Pavesi (+ info) Giselle Valim Corr\u00eaa Ramos (+ info) Zaqueu Dias de Freitas (+ info). Researchers \u00a0 \u00a0 \u00a0 \u00a0Young Investigator FAPESP Ana Carolina Const\u00e2ncio Trindade ___Postdoctorate Adriano Galv\u00e3o de Souza Azevedo Afonso Jos\u00e9 Fel\u00edcio Peres Duran Carlos Alexandre Fioroni Maria J\u00falia Bassan de Moraes Ronaldo Soares Teixeira ___PhD. students Abasalt Tarverdi Alda Renata dos S. M. Capelo Andr\u00e9 Luiz Pereira de Godoy Junior Igor Machado da Silva Parente Javier Eduardo Villar Hern\u00e1ndez Jhade Vimieiro Juan Camilo Adrada Molano Katheryn Cecilia Pallares C\u00f3rdoba Mostafa Nabizadeh Sara Kadivar ___MSc. students Amir Reza Emadifard Daniela Rivera Orjuela Gabriel Garcia de Oliveira Gustavo Bonini de Castro MobinaSadat SeyedSalehi Parham Gholizadeh Th\u00e1bata Neves ___ &nbsp;<\/p>\n","protected":false},"author":184,"featured_media":0,"parent":0,"menu_order":2,"comment_status":"closed","ping_status":"closed","template":"","meta":{"footnotes":"","_links_to":"","_links_to_target":""},"class_list":["post-483","page","type-page","status-publish","hentry"],"_links":{"self":[{"href":"https:\/\/sites.usp.br\/biosmat\/en\/wp-json\/wp\/v2\/pages\/483","targetHints":{"allow":["GET"]}}],"collection":[{"href":"https:\/\/sites.usp.br\/biosmat\/en\/wp-json\/wp\/v2\/pages"}],"about":[{"href":"https:\/\/sites.usp.br\/biosmat\/en\/wp-json\/wp\/v2\/types\/page"}],"author":[{"embeddable":true,"href":"https:\/\/sites.usp.br\/biosmat\/en\/wp-json\/wp\/v2\/users\/184"}],"replies":[{"embeddable":true,"href":"https:\/\/sites.usp.br\/biosmat\/en\/wp-json\/wp\/v2\/comments?post=483"}],"version-history":[{"count":5,"href":"https:\/\/sites.usp.br\/biosmat\/en\/wp-json\/wp\/v2\/pages\/483\/revisions"}],"predecessor-version":[{"id":2621,"href":"https:\/\/sites.usp.br\/biosmat\/en\/wp-json\/wp\/v2\/pages\/483\/revisions\/2621"}],"wp:attachment":[{"href":"https:\/\/sites.usp.br\/biosmat\/en\/wp-json\/wp\/v2\/media?parent=483"}],"curies":[{"name":"wp","href":"https:\/\/api.w.org\/{rel}","templated":true}]}}