{"id":1850,"date":"2018-05-07T09:04:36","date_gmt":"2018-05-07T12:04:36","guid":{"rendered":"http:\/\/sites.usp.br\/biosmat\/?page_id=1850"},"modified":"2023-10-24T14:17:44","modified_gmt":"2023-10-24T17:17:44","slug":"english-projects","status":"publish","type":"page","link":"https:\/\/sites.usp.br\/biosmat\/english-projects\/","title":{"rendered":"PROJETOS"},"content":{"rendered":"<p><\/p>\n<pre id=\"tw-target-text\" class=\"tw-data-text tw-text-large tw-ta\" dir=\"ltr\" data-placeholder=\"Tradu\u00e7\u00e3o\" data-ved=\"2ahUKEwjM7ISIlY-CAxVBkZUCHW7ZAD0Q3ewLegQIBhAQ\"><span class=\"Y2IQFc\" lang=\"pt\"><strong>ICOOPB2022-Fo4R_Mozambi<\/strong>\r\n<\/span><span class=\"Y2IQFc\" lang=\"pt\"><a href=\"https:\/\/sites.usp.br\/biosmat\/wp-content\/uploads\/sites\/98\/2023\/10\/ICOOP-1.jpg\"><img loading=\"lazy\" decoding=\"async\" class=\"alignnone wp-image-2533\" src=\"https:\/\/sites.usp.br\/biosmat\/wp-content\/uploads\/sites\/98\/2023\/10\/ICOOP-1-300x189.jpg\" alt=\"\" width=\"468\" height=\"295\" data-id=\"2533\" srcset=\"https:\/\/sites.usp.br\/biosmat\/wp-content\/uploads\/sites\/98\/2023\/10\/ICOOP-1-300x189.jpg 300w, https:\/\/sites.usp.br\/biosmat\/wp-content\/uploads\/sites\/98\/2023\/10\/ICOOP-1-1024x645.jpg 1024w, https:\/\/sites.usp.br\/biosmat\/wp-content\/uploads\/sites\/98\/2023\/10\/ICOOP-1-768x484.jpg 768w, https:\/\/sites.usp.br\/biosmat\/wp-content\/uploads\/sites\/98\/2023\/10\/ICOOP-1-400x252.jpg 400w, https:\/\/sites.usp.br\/biosmat\/wp-content\/uploads\/sites\/98\/2023\/10\/ICOOP-1.jpg 1233w\" sizes=\"auto, (max-width: 468px) 100vw, 468px\" \/><\/a>\r\nDurante a semana de 16 a 20 de outubro de 2023, pesquisadores da UEM (Mo\u00e7ambique) e da USP (Brasil) visitaram o IETcc-CSIC no \u00e2mbito do projeto ICOOPB2022-Fo4R_Mozambi, do qual Dr. Mois\u00e9s Fr\u00edas Rojas do grupo de Reciclagem de Materiais do IETcc \u00e9 Pesquisador Principal. O projeto Fo4R_Mozambi procura contribuir para a implementa\u00e7\u00e3o de linhas de investiga\u00e7\u00e3o relacionadas com a economia circular, como a \u201cvaloriza\u00e7\u00e3o dos res\u00edduos locais\u201d em Mo\u00e7ambique. Para tal, s\u00e3o propostas duas a\u00e7\u00f5es baseadas no desenvolvimento de atividades de forma\u00e7\u00e3o e transfer\u00eancia e interc\u00e2mbio de conhecimentos que permitam a transforma\u00e7\u00e3o de sistemas sustent\u00e1veis \u200b\u200bde produ\u00e7\u00e3o e consumo de materiais. Esta visita est\u00e1 contemplada no \u00e2mbito das atividades de forma\u00e7\u00e3o de metodologias de investiga\u00e7\u00e3o em Economia Circular. O objectivo da visita \u00e9 adquirir conhecimentos t\u00e9cnico-cient\u00edficos e aprender t\u00e9cnicas instrumentais para desenvolver investiga\u00e7\u00e3o na reciclagem de res\u00edduos locais em materiais \u00e0 base de cimento, bem como na aplica\u00e7\u00e3o de t\u00e9cnicas de produ\u00e7\u00e3o de fibras nanofibriladas a partir de mat\u00e9rias-primas vegetais residuais para refor\u00e7o de materiais n\u00e3o convencionais \u00e0 base de cimento. Este projeto \u00e9 o in\u00edcio de futuras colabora\u00e7\u00f5es entre os 3 pa\u00edses envolvidos.<\/span><\/pre>\n<p>&nbsp;<\/p>","protected":false},"excerpt":{"rendered":"<p>ICOOPB2022-Fo4R_Mozambi Durante a semana de 16 a 20 de outubro de 2023, pesquisadores da UEM (Mo\u00e7ambique) e da USP (Brasil) visitaram o IETcc-CSIC no \u00e2mbito do projeto ICOOPB2022-Fo4R_Mozambi, do qual Dr. Mois\u00e9s Fr\u00edas Rojas do grupo de Reciclagem de Materiais do IETcc \u00e9 Pesquisador Principal. O projeto Fo4R_Mozambi procura contribuir para a implementa\u00e7\u00e3o de linhas de investiga\u00e7\u00e3o relacionadas com a economia circular, como a \u201cvaloriza\u00e7\u00e3o dos res\u00edduos locais\u201d em Mo\u00e7ambique. Para tal, s\u00e3o propostas duas a\u00e7\u00f5es baseadas no desenvolvimento de atividades de forma\u00e7\u00e3o e transfer\u00eancia e interc\u00e2mbio de conhecimentos que permitam a transforma\u00e7\u00e3o de sistemas sustent\u00e1veis \u200b\u200bde produ\u00e7\u00e3o e consumo de materiais. Esta visita est\u00e1 contemplada no \u00e2mbito das atividades de forma\u00e7\u00e3o de metodologias de investiga\u00e7\u00e3o em Economia Circular. O objectivo da visita \u00e9 adquirir conhecimentos t\u00e9cnico-cient\u00edficos e aprender t\u00e9cnicas instrumentais para desenvolver investiga\u00e7\u00e3o na reciclagem de res\u00edduos locais em materiais \u00e0 base de cimento, bem como na aplica\u00e7\u00e3o de t\u00e9cnicas de produ\u00e7\u00e3o de fibras nanofibriladas a partir de mat\u00e9rias-primas vegetais residuais para refor\u00e7o de materiais n\u00e3o convencionais \u00e0 base de cimento. Este projeto \u00e9 o in\u00edcio de futuras colabora\u00e7\u00f5es entre os 3 pa\u00edses envolvidos. &nbsp;<\/p>\n","protected":false},"author":554,"featured_media":0,"parent":0,"menu_order":0,"comment_status":"closed","ping_status":"closed","template":"","meta":{"footnotes":"","_links_to":"","_links_to_target":""},"class_list":["post-1850","page","type-page","status-publish","hentry"],"_links":{"self":[{"href":"https:\/\/sites.usp.br\/biosmat\/wp-json\/wp\/v2\/pages\/1850","targetHints":{"allow":["GET"]}}],"collection":[{"href":"https:\/\/sites.usp.br\/biosmat\/wp-json\/wp\/v2\/pages"}],"about":[{"href":"https:\/\/sites.usp.br\/biosmat\/wp-json\/wp\/v2\/types\/page"}],"author":[{"embeddable":true,"href":"https:\/\/sites.usp.br\/biosmat\/wp-json\/wp\/v2\/users\/554"}],"replies":[{"embeddable":true,"href":"https:\/\/sites.usp.br\/biosmat\/wp-json\/wp\/v2\/comments?post=1850"}],"version-history":[{"count":5,"href":"https:\/\/sites.usp.br\/biosmat\/wp-json\/wp\/v2\/pages\/1850\/revisions"}],"predecessor-version":[{"id":2545,"href":"https:\/\/sites.usp.br\/biosmat\/wp-json\/wp\/v2\/pages\/1850\/revisions\/2545"}],"wp:attachment":[{"href":"https:\/\/sites.usp.br\/biosmat\/wp-json\/wp\/v2\/media?parent=1850"}],"curies":[{"name":"wp","href":"https:\/\/api.w.org\/{rel}","templated":true}]}}