{"id":487,"date":"2016-02-22T09:44:18","date_gmt":"2016-02-22T12:44:18","guid":{"rendered":"http:\/\/sites.usp.br\/constrambi\/?page_id=487"},"modified":"2023-10-19T15:32:02","modified_gmt":"2023-10-19T18:32:02","slug":"infraestrutura","status":"publish","type":"page","link":"https:\/\/sites.usp.br\/biosmat\/infraestrutura\/","title":{"rendered":"Infraestrutura"},"content":{"rendered":"<p><\/p>\n<p style=\"text-align: justify;\">O Laborat\u00f3rio de Constru\u00e7\u00f5es e Ambi\u00eancia da Faculdade de Zootecnia e Engenharia de Alimentos (FZEA\/USP) possui \u00e1rea constru\u00edda de aproximadamente 570 m<sup>2<\/sup> e conta com sistemas de telefonia, internet, ar comprimido, v\u00e1cuo, ar condicionado e equipamentos especializados de caracteriza\u00e7\u00e3o e prepara\u00e7\u00e3o de comp\u00f3sitos. Os principais equipamentos est\u00e3o descritos abaixo:<\/p>\n<p style=\"text-align: justify;\"><strong>M\u00e1quinas universais de ensaios mec\u00e2nicos<\/strong><\/p>\n<ul>\n<li style=\"text-align: justify;\">M\u00e1quina servo-hidr\u00e1ulica com capacidade de 15 kN, para ensaios de tra\u00e7\u00e3o, flex\u00e3o, compress\u00e3o monot\u00f4nicos ou c\u00edclicos, modelo 370.02,\u00a0 fabricante MTS, com sistema de refrigera\u00e7\u00e3o, modelo SAT.005AR, marca Refrisat;<\/li>\n<li style=\"text-align: justify;\">M\u00e1quina eletromec\u00e2nica com capacidade de 300 kN para ensaios de flex\u00e3o, compress\u00e3o e tra\u00e7\u00e3o; monot\u00f4nicos, modelo EMIC 23-300, fabricante INSTRON;<\/li>\n<li style=\"text-align: justify;\">Prensa hidr\u00e1ulica de compress\u00e3o de 1MN, fabricante EMIC.<\/li>\n<\/ul>\n<p style=\"text-align: justify;\"><strong>Equipamentos de microscopia \u00f3ptica<\/strong><\/p>\n<ul>\n<li style=\"text-align: justify;\">Sistema de microscopia \u00f3tica composto de microsc\u00f3pio trinocular, modelo AxioImager.A2m, c\u00e2mera fotogr\u00e1fica digital, modelo Axiocam MRc5 e programa de an\u00e1lise de imagem Axionvision Rel. 4.8., Zeiss.<\/li>\n<li style=\"text-align: justify;\">Estereosc\u00f3pio \u00f3tico modelo KL1500 LCD, fabricante Zeiss.<\/li>\n<li style=\"text-align: justify;\">Microsc\u00f3pio \u00f3ptico trinocular de platina invertida modelo Viewmet, marca Buehler<\/li>\n<\/ul>\n<p style=\"text-align: justify;\"><strong>Preparo de corpos de prova para an\u00e1lises por microscopia<\/strong><\/p>\n<ul>\n<li style=\"text-align: justify;\">Lixadeira\/Politriz, modelo TegraPol-11, e bra\u00e7o de fixa\u00e7\u00e3o de amostras, modelo TegraForce-1, fabricante Struers;<\/li>\n<li style=\"text-align: justify;\">Lixadeiras\/Politrizes Minimet Buehler, com controle por microprocessador para controle de press\u00e3o e velocidade de polimento;<\/li>\n<li style=\"text-align: justify;\">Cortadeira de precis\u00e3o, modelo Miniton, fabricante Struers;<\/li>\n<li style=\"text-align: justify;\">Sistema de embutimento a frio sob v\u00e1cuo;<\/li>\n<li style=\"text-align: justify;\">Lavadora ultra-s\u00f4nica de amostras, modelo 750, fabricante Unique;<\/li>\n<li style=\"text-align: justify;\">Serra de corte refrigerada a \u00e1gua para prepara\u00e7\u00e3o de corpos de prova.<\/li>\n<\/ul>\n<p style=\"text-align: justify;\"><strong>Equipamentos de caracteriza\u00e7\u00e3o de materiais<\/strong><\/p>\n<ul>\n<li style=\"text-align: justify;\">Multipicn\u00f4metro modelo MVP-D160-E, fabricante Quantachrome Instruments;<\/li>\n<li style=\"text-align: justify;\">Medidor de condutividade t\u00e9rmica, modelo DTC300, fabricante TA Instruments<\/li>\n<li style=\"text-align: justify;\">Analisador t\u00e9rmico simult\u00e2neo (TG-DSC\/DTA), modelo STA 449 F3 Jupiter, fabricante Netzsch;<\/li>\n<li style=\"text-align: justify;\">Analisador de distribui\u00e7\u00e3o de tamanho de part\u00edculas, modelo PARTICA LA-950-V2, fabricante Horiba;<\/li>\n<li style=\"text-align: justify;\">Difrat\u00f4metro de raios-X, modelo Miniflex 600, fabricante Rigaku;<\/li>\n<li style=\"text-align: justify;\">Tensi\u00f4metro, modelo DCAT11EC, fabricante Dataphysics;<\/li>\n<li style=\"text-align: justify;\">Determinador de umidade, fabricante Bel engineering;<\/li>\n<li style=\"text-align: justify;\">Espectofot\u00f4metro port\u00e1til CM-2500d, fabricante K\u00f4nica Minolta;<\/li>\n<li style=\"text-align: justify;\">Equipamento Canadian Standard Freeness para medida da drenabilidade da polpa celul\u00f3sica;<\/li>\n<li style=\"text-align: justify;\">Equipamento de caracteriza\u00e7\u00e3o n\u00e3o destrutiva ATCP, modelo Sonelastic;<\/li>\n<li style=\"text-align: justify;\">Viscos\u00edmetro, modelo ViscoTester 7R, fabricante Haake;<\/li>\n<li style=\"text-align: justify;\">Mesa de consist\u00eancia \u201cFlow table\u201d;<\/li>\n<li style=\"text-align: justify;\">Phmetro modelo DM-23, fabricante Digimed;<\/li>\n<li style=\"text-align: justify;\">Condutiv\u00edmetro modelo DM-32, fabricante Digmed;<\/li>\n<li style=\"text-align: justify;\">Microdur\u00f4metro Micromet 5114, fabricante Buelher.<\/li>\n<\/ul>\n<p style=\"text-align: justify;\"><strong>Muflas\/Estufas para queimas e secagem<\/strong><\/p>\n<ul>\n<li style=\"text-align: justify;\">Forno mufla 1.300\u00baC (25x40x100 cm), modelo 10013, fabricante Jung;<\/li>\n<li style=\"text-align: justify;\">Forno mufla 1.100\u00baC (25x40x100 cm), modelo 10010, fabricante Jung;<\/li>\n<li style=\"text-align: justify;\">Forno mufla 1.600\u00baC, fabricante INTI;<\/li>\n<li style=\"text-align: justify;\">Forno mufla 1.200\u00baC (20x25x40 cm), modelo EDG3P-S 7000, fabricante EDG;<\/li>\n<li style=\"text-align: justify;\">Estufa com circula\u00e7\u00e3o de ar modelo MA035, fabricante Marconi;<\/li>\n<li style=\"text-align: justify;\">Estufa de esteriliza\u00e7\u00e3o\/secagem, fabricante Nova \u00c9tica;<\/li>\n<li style=\"text-align: justify;\">Estufas de esteriliza\u00e7\u00e3o\/secagem, modelo EL 1.3, fabricante Odontobr\u00e1s. Quant. 02.<\/li>\n<\/ul>\n<p style=\"text-align: justify;\"><strong>Mistura\/moldagem de comp\u00f3sitos ciment\u00edcios e pain\u00e9is de part\u00edculas<\/strong><\/p>\n<ul>\n<li style=\"text-align: justify;\">Prensa hidr\u00e1ulica com aquecimento com capacidade de 100 t, modelo PHH100T, fabricante Hidral-Mac;<\/li>\n<li style=\"text-align: justify;\">Prensa isot\u00e1tica a frio, modelo CP-360, fabricante American Isostatic Press.<\/li>\n<li style=\"text-align: justify;\">Extrusora de laborat\u00f3rio, modelo 051, fabricante Verd\u00e9s;<\/li>\n<li style=\"text-align: justify;\">Extrusora, modelo MVIG-05, fabricante Gelenski Ltda.;<\/li>\n<li style=\"text-align: justify;\">Misturador, modelo RV02E, fabricante Eirich;<\/li>\n<li style=\"text-align: justify;\">Agitador mec\u00e2nico de bancada, fabricante Fisaton;<\/li>\n<li style=\"text-align: justify;\">Agitador mec\u00e2nico de bancada, modelo 715, fabricante Fisaton;<\/li>\n<li style=\"text-align: justify;\">Agitador mec\u00e2nico de bancada, fabricante Marconi;<\/li>\n<li style=\"text-align: justify;\">Prensa hidr\u00e1ulica com capacidade de 15 t;<\/li>\n<li style=\"text-align: justify;\">Prensa hidr\u00e1ulica com capacidade de 30 t;<\/li>\n<li style=\"text-align: justify;\">Central a v\u00e1cuo port\u00e1til para moldagem de placas de fibrocimento por suc\u00e7\u00e3o;<\/li>\n<li style=\"text-align: justify;\">Mesa vibrat\u00f3ria para moldagem de telhas;<\/li>\n<li style=\"text-align: justify;\">Batedeira planet\u00e1ria de 20 L para prepara\u00e7\u00e3o de argamassas, modelo LA20, fabricante Amadio;<\/li>\n<li style=\"text-align: justify;\">Peneira Vibrat\u00f3ria, fabricante Produtest;<\/li>\n<li style=\"text-align: justify;\">Agitador de peneiras, fabricante Proc-Test;<\/li>\n<li style=\"text-align: justify;\">Argamassadeira, fabricante EMIC;<\/li>\n<li style=\"text-align: justify;\">Argamassadeira convencional, fabricante Metal Cairo Ltda;<\/li>\n<li style=\"text-align: justify;\">Sistema de c\u00e2mara para moldagem de comp\u00f3sitos fibrosos pelo m\u00e9todo de drenagem sob press\u00e3o reduzida.<\/li>\n<\/ul>\n<p style=\"text-align: justify;\"><strong>Preparo de polpas celul\u00f3sicas, fibras e adi\u00e7\u00f5es minerais<\/strong><\/p>\n<ul>\n<li style=\"text-align: justify;\">Reator em a\u00e7o inoxid\u00e1vel (7 litros), Parr Instrument company, modelo 4552;<\/li>\n<li style=\"text-align: justify;\">Desintegrador de polpa celul\u00f3sica com capacidade \u00fatil de 20 L, fabricante Kohl Bach;<\/li>\n<li style=\"text-align: justify;\">Sistema de refino de polpa celul\u00f3sica, com refinador com discos de 12\u201d, tanques de armazenagem com capacidade \u00fatil individual de 300 L e agitador de h\u00e9lice;<\/li>\n<li style=\"text-align: justify;\">Centr\u00edfuga para retirada de \u00e1gua de polpa celul\u00f3sica desintegrada;<\/li>\n<li style=\"text-align: justify;\">Moinho de facas; fabricante Marconi.<\/li>\n<li style=\"text-align: justify;\">Moinho de cargas esf\u00e9ricas met\u00e1licas com tamanho 400&#215;400 mm, modelo MB-20, fabricante Astecma;<\/li>\n<li style=\"text-align: justify;\">Moinho Almofariz\/Pistilo modelo MA590, fabricante Marconi;<\/li>\n<li style=\"text-align: justify;\">Moinho de roletes modelo TE500\/2, fabricante Tecnal;<\/li>\n<li style=\"text-align: justify;\">Moinho de roletes modelo TE500\/1, fabricante Tecnal.<\/li>\n<li style=\"text-align: justify;\">Refrigeradores com capacidade de 497 L, modelo VN50R, fabricante MetalFrio. Quant. 03.<\/li>\n<\/ul>\n<p style=\"text-align: justify;\"><strong>Equipamentos de envelhecimento e\/ou cura acelerada<\/strong><\/p>\n<ul>\n<li style=\"text-align: justify;\">C\u00e2mara clim\u00e1tica com inje\u00e7\u00e3o de g\u00e1s carb\u00f4nico para ensaios de carbonata\u00e7\u00e3o acelerada, modelo SM-3.5S, fabricante Thermotron;<\/li>\n<li style=\"text-align: justify;\">C\u00e2mara de envelhecimento UV, modelo EQUV, fabricante Equilam;<\/li>\n<li style=\"text-align: justify;\">C\u00e2mara clim\u00e1tica com controle de temperatura, UR e concentra\u00e7\u00e3o de CO2, modelo EPL-4H, fabricante ESPEC;<\/li>\n<li style=\"text-align: justify;\">Equipamento simulador de sol e chuva utilizado para envelhecimento acelerado, com controle autom\u00e1tico de ciclos de aquecimento, com l\u00e2mpadas de infra-vermelho e aspersores de \u00e1gua. \u00c1rea de atua\u00e7\u00e3o de aproximadamente 10 m2;<\/li>\n<li style=\"text-align: justify;\">Equipamento de Imers\u00e3o e secagem para envelhecimento acelerado;<\/li>\n<li style=\"text-align: justify;\">Tanque para banho de imers\u00e3o prolongada, com circula\u00e7\u00e3o de \u00e1gua e controle de temperatura, para ensaio de envelhecimento acelerado, fabricante Marconi;<\/li>\n<li style=\"text-align: justify;\">Tanque para banho t\u00e9rmico, com circula\u00e7\u00e3o de \u00e1gua e controle de temperatura, para ensaio de envelhecimento acelerado, fabricante Tecnopl\u00e1stico Belfano Ltda.;<\/li>\n<li style=\"text-align: justify;\">Estufa de imers\u00e3o\/secagem para envelhecimento acelerado modelo MA035, fabricante Marconi;<\/li>\n<\/ul>\n<p style=\"text-align: justify;\"><strong>Balan\u00e7as<\/strong><\/p>\n<ul>\n<li style=\"text-align: justify;\">Balan\u00e7a de precis\u00e3o com capacidade de 3.100 g, modelo Adventur, fabricante Ohaus;<\/li>\n<li style=\"text-align: justify;\">Balan\u00e7a de precis\u00e3o com capacidade de 5.000 g, modelo AS5500C, fabricante Marte;<\/li>\n<li style=\"text-align: justify;\">Balan\u00e7a anal\u00edtica com capacidade de 220 g, modelo AY220, fabricante Shimadzu;<\/li>\n<li style=\"text-align: justify;\">Balan\u00e7a com capacidade de 60 kg, modelo ID-X, fabricante Filizola.<\/li>\n<\/ul>\n<p style=\"text-align: justify;\"><strong>Demais equipamentos<\/strong><\/p>\n<ul>\n<li style=\"text-align: justify;\">Vacu\u00f4metro, fabricante Marconi;<\/li>\n<li style=\"text-align: justify;\">Sistema de osmose reversa, fabricante Permution;<\/li>\n<li style=\"text-align: justify;\">Destilador de \u00e1gua, modelo MA078, fabricante Marconi;<\/li>\n<li style=\"text-align: justify;\">Agitadores magn\u00e9ticos com aquecimento, modelo C-MAG HS10, fabricante IKA, Quant. 04;<\/li>\n<li style=\"text-align: justify;\">Agitador magn\u00e9tico sem aquecimento, modelo Q221M, fabricante Quimis;<\/li>\n<li style=\"text-align: justify;\">Soxleht para extra\u00e7\u00e3o de lip\u00eddeos, fabricante Nova \u00c9tica;<\/li>\n<li style=\"text-align: justify;\">Vibrador ultras\u00f4nico, fabricante Sonic Vibra Cell Amplitude;<\/li>\n<li style=\"text-align: justify;\">Capela de exaust\u00e3o;<\/li>\n<li style=\"text-align: justify;\">Compressor de ar com press\u00e3o m\u00e1xima de 140 lbs, modelo RCH 150L, fabricante Chiaperini;<\/li>\n<li style=\"text-align: justify;\">Compressor de ar com press\u00e3o m\u00e1xima de 8 kgf\/cm2, modelo RCH 130 29900, fabricante Chiaperini;<\/li>\n<li style=\"text-align: justify;\">Central de v\u00e1cuo, modelo 162\/10V, fabricante Prismatec;<\/li>\n<li style=\"text-align: justify;\">Bomba de v\u00e1cuo e press\u00e3o, modelo Q355B, fabricante Quimis;<\/li>\n<li style=\"text-align: justify;\">Seladora, fabricante Le\u00e3o Maq. Equipamentos;<\/li>\n<li style=\"text-align: justify;\">Equipamento de moldagem de tijolos.<\/li>\n<li>Impressora 3D, modelo E02, fabricante DuraPrinter.<\/li>\n<\/ul>\n<p style=\"text-align: justify;\"><strong>Equipamentos multiusu\u00e1rios<\/strong><\/p>\n<ul>\n<li style=\"text-align: justify;\">MEV, modelo TM 3000 Tabletop Microscope, fabricante Hitachi;<\/li>\n<\/ul>\n<p><\/p>","protected":false},"excerpt":{"rendered":"<p>O Laborat\u00f3rio de Constru\u00e7\u00f5es e Ambi\u00eancia da Faculdade de Zootecnia e Engenharia de Alimentos (FZEA\/USP) possui \u00e1rea constru\u00edda de aproximadamente 570 m2 e conta com sistemas de telefonia, internet, ar comprimido, v\u00e1cuo, ar condicionado e equipamentos especializados de caracteriza\u00e7\u00e3o e prepara\u00e7\u00e3o de comp\u00f3sitos. Os principais equipamentos est\u00e3o descritos abaixo: M\u00e1quinas universais de ensaios mec\u00e2nicos M\u00e1quina servo-hidr\u00e1ulica com capacidade de 15 kN, para ensaios de tra\u00e7\u00e3o, flex\u00e3o, compress\u00e3o monot\u00f4nicos ou c\u00edclicos, modelo 370.02,\u00a0 fabricante MTS, com sistema de refrigera\u00e7\u00e3o, modelo SAT.005AR, marca Refrisat; M\u00e1quina eletromec\u00e2nica com capacidade de 300 kN para ensaios de flex\u00e3o, compress\u00e3o e tra\u00e7\u00e3o; monot\u00f4nicos, modelo EMIC 23-300, fabricante INSTRON; Prensa hidr\u00e1ulica de compress\u00e3o de 1MN, fabricante EMIC. Equipamentos de microscopia \u00f3ptica Sistema de microscopia \u00f3tica composto de microsc\u00f3pio trinocular, modelo AxioImager.A2m, c\u00e2mera fotogr\u00e1fica digital, modelo Axiocam MRc5 e programa de an\u00e1lise de imagem Axionvision Rel. 4.8., Zeiss. Estereosc\u00f3pio \u00f3tico modelo KL1500 LCD, fabricante Zeiss. Microsc\u00f3pio \u00f3ptico trinocular de platina invertida modelo Viewmet, marca Buehler Preparo de corpos de prova para an\u00e1lises por microscopia Lixadeira\/Politriz, modelo TegraPol-11, e bra\u00e7o de fixa\u00e7\u00e3o de amostras, modelo TegraForce-1, fabricante Struers; Lixadeiras\/Politrizes Minimet Buehler, com controle por microprocessador para controle de press\u00e3o e velocidade de polimento; Cortadeira de precis\u00e3o, modelo Miniton, fabricante [&#8230;]<\/p>\n","protected":false},"author":184,"featured_media":0,"parent":0,"menu_order":2,"comment_status":"closed","ping_status":"closed","template":"","meta":{"footnotes":"","_links_to":"","_links_to_target":""},"class_list":["post-487","page","type-page","status-publish","hentry"],"_links":{"self":[{"href":"https:\/\/sites.usp.br\/biosmat\/wp-json\/wp\/v2\/pages\/487","targetHints":{"allow":["GET"]}}],"collection":[{"href":"https:\/\/sites.usp.br\/biosmat\/wp-json\/wp\/v2\/pages"}],"about":[{"href":"https:\/\/sites.usp.br\/biosmat\/wp-json\/wp\/v2\/types\/page"}],"author":[{"embeddable":true,"href":"https:\/\/sites.usp.br\/biosmat\/wp-json\/wp\/v2\/users\/184"}],"replies":[{"embeddable":true,"href":"https:\/\/sites.usp.br\/biosmat\/wp-json\/wp\/v2\/comments?post=487"}],"version-history":[{"count":5,"href":"https:\/\/sites.usp.br\/biosmat\/wp-json\/wp\/v2\/pages\/487\/revisions"}],"predecessor-version":[{"id":2530,"href":"https:\/\/sites.usp.br\/biosmat\/wp-json\/wp\/v2\/pages\/487\/revisions\/2530"}],"wp:attachment":[{"href":"https:\/\/sites.usp.br\/biosmat\/wp-json\/wp\/v2\/media?parent=487"}],"curies":[{"name":"wp","href":"https:\/\/api.w.org\/{rel}","templated":true}]}}