{"id":627,"date":"2016-03-01T16:03:44","date_gmt":"2016-03-01T19:03:44","guid":{"rendered":"http:\/\/sites.usp.br\/constrambi\/?page_id=627"},"modified":"2018-04-27T11:56:23","modified_gmt":"2018-04-27T14:56:23","slug":"home","status":"publish","type":"page","link":"https:\/\/sites.usp.br\/biosmat\/","title":{"rendered":"Home"},"content":{"rendered":"<p><\/p>\n<p style=\"text-align: justify\"><a href=\"http:\/\/sites.usp.br\/constrambi\/wp-content\/uploads\/sites\/98\/2016\/07\/ezgif.com-crop3333333.gif\"><img loading=\"lazy\" decoding=\"async\" class=\" wp-image-1346 aligncenter\" src=\"http:\/\/sites.usp.br\/constrambi\/wp-content\/uploads\/sites\/98\/2016\/07\/ezgif.com-crop3333333.gif\" alt=\"BioSMat\" width=\"572\" height=\"425\" \/><\/a><\/p>\n<h3 style=\"text-align: center\">Bem-vindo \u00e0 p\u00e1gina do NAP BioSMat<\/h3>\n<p style=\"text-align: justify\">O N\u00facleo de Apoio \u00e0 Pesquisa em Materiais para Biossistemas &#8211; BioSMat \u00e9 formado por diversas institui\u00e7\u00f5es de pesquisa e ensino nacionais e internacionais com experi\u00eancia no desenvolvimento, produ\u00e7\u00e3o e caracteriza\u00e7\u00e3o de materiais comp\u00f3sitos e nanocomp\u00f3sitos de matriz org\u00e2nica e inorg\u00e2nica refor\u00e7ados com fibras naturais e \u00e0 base de res\u00edduos agroindustriais, e de materiais n\u00e3o convencionais em geral.<br \/>\nFazem parte do NAP BioSMat as seguintes institui\u00e7\u00f5es: Faculdade de Zootecnia e Engenharia de Alimentos (FZEA\/USP), Escola de Engenharia de S\u00e3o Carlos (EESC\/USP), Escola Superior de Agricultura Luiz de Queiroz (ESALQ\/USP), Universidade Federal de Lavras (UFLA), Universidade Federal do Rio Grande do Norte (UFRN\/Natal), Universidade Estadual Paulista (UNESP\/Botucatu), Universidade Federal do ABC (UFABC\/Santo Andr\u00e9) e Embrapa Instrumenta\u00e7\u00e3o Agropecu\u00e1rias (EMBRAPA\/S\u00e3o Carlos),\u00a0\u00a0Universite des Antilles,\u00a0<span class=\"st\">Pontif\u00edcia Universidade Cat\u00f3lica do Rio de Janeiro (PUC-Rio), Centro Federal de Educa\u00e7\u00e3o Tecnol\u00f3gica de Minas Gerais (CEFET-MG), University of Illinois at Urbana-Champaign (EUA), Universidad Polit\u00e9cnica de Val\u00e9ncia (UPV, Espanha),\u00a0Instituto de Ciencias de la Construcci\u00f3n Eduardo Torroja (IETcc\/CSIC, Espanha), Universidad Central \u201cMarta Abreu\u201d de Las Villas (UCLV, Cuba), Universidad Nacional de C\u00f3rdoba (UNC, Argentina).<\/span><\/p>\n<p style=\"text-align: justify\">A cria\u00e7\u00e3o do NAP BioSMat proporcionou os seguintes ganhos:<\/p>\n<ul>\n<li style=\"text-align: justify\">Maior sintonia das equipes envolvidas com o projeto;<\/li>\n<li style=\"text-align: justify\">Realiza\u00e7\u00e3o de pesquisas voltadas para a tem\u00e1tica de materiais sustent\u00e1veis com fontes de mat\u00e9rias-primas oriundas do setor agro-industrial e com propostas para aplica\u00e7\u00e3o nesse setor;<\/li>\n<li style=\"text-align: justify\">Aprimoramento na forma\u00e7\u00e3o de recursos humanos para atender \u00e0s necessidades do crescente mercado do agroneg\u00f3cio brasileiro;<\/li>\n<li style=\"text-align: justify\">Cria\u00e7\u00e3o de grupos de estudo com a participa\u00e7\u00e3o de especialistas nacionais com sede nas v\u00e1rias institui\u00e7\u00f5es que participam do N\u00facleo, e apresenta\u00e7\u00e3o para a comunidade acad\u00eamica e cient\u00edfica dos resultados das pesquisas desenvolvidas e dos produtos tecnol\u00f3gicos obtidos.<\/li>\n<\/ul>\n<p><\/p>","protected":false},"excerpt":{"rendered":"<p>Bem-vindo \u00e0 p\u00e1gina do NAP BioSMat O N\u00facleo de Apoio \u00e0 Pesquisa em Materiais para Biossistemas &#8211; BioSMat \u00e9 formado por diversas institui\u00e7\u00f5es de pesquisa e ensino nacionais e internacionais com experi\u00eancia no desenvolvimento, produ\u00e7\u00e3o e caracteriza\u00e7\u00e3o de materiais comp\u00f3sitos e nanocomp\u00f3sitos de matriz org\u00e2nica e inorg\u00e2nica refor\u00e7ados com fibras naturais e \u00e0 base de res\u00edduos agroindustriais, e de materiais n\u00e3o convencionais em geral. Fazem parte do NAP BioSMat as seguintes institui\u00e7\u00f5es: Faculdade de Zootecnia e Engenharia de Alimentos (FZEA\/USP), Escola de Engenharia de S\u00e3o Carlos (EESC\/USP), Escola Superior de Agricultura Luiz de Queiroz (ESALQ\/USP), Universidade Federal de Lavras (UFLA), Universidade Federal do Rio Grande do Norte (UFRN\/Natal), Universidade Estadual Paulista (UNESP\/Botucatu), Universidade Federal do ABC (UFABC\/Santo Andr\u00e9) e Embrapa Instrumenta\u00e7\u00e3o Agropecu\u00e1rias (EMBRAPA\/S\u00e3o Carlos),\u00a0\u00a0Universite des Antilles,\u00a0Pontif\u00edcia Universidade Cat\u00f3lica do Rio de Janeiro (PUC-Rio), Centro Federal de Educa\u00e7\u00e3o Tecnol\u00f3gica de Minas Gerais (CEFET-MG), University of Illinois at Urbana-Champaign (EUA), Universidad Polit\u00e9cnica de Val\u00e9ncia (UPV, Espanha),\u00a0Instituto de Ciencias de la Construcci\u00f3n Eduardo Torroja (IETcc\/CSIC, Espanha), Universidad Central \u201cMarta Abreu\u201d de Las Villas (UCLV, Cuba), Universidad Nacional de C\u00f3rdoba (UNC, Argentina). A cria\u00e7\u00e3o do NAP BioSMat proporcionou os seguintes ganhos: Maior sintonia das equipes envolvidas com o projeto; Realiza\u00e7\u00e3o de pesquisas voltadas para [&#8230;]<\/p>\n","protected":false},"author":184,"featured_media":0,"parent":0,"menu_order":2,"comment_status":"closed","ping_status":"closed","template":"","meta":{"footnotes":"","_links_to":"","_links_to_target":""},"class_list":["post-627","page","type-page","status-publish","hentry"],"_links":{"self":[{"href":"https:\/\/sites.usp.br\/biosmat\/wp-json\/wp\/v2\/pages\/627","targetHints":{"allow":["GET"]}}],"collection":[{"href":"https:\/\/sites.usp.br\/biosmat\/wp-json\/wp\/v2\/pages"}],"about":[{"href":"https:\/\/sites.usp.br\/biosmat\/wp-json\/wp\/v2\/types\/page"}],"author":[{"embeddable":true,"href":"https:\/\/sites.usp.br\/biosmat\/wp-json\/wp\/v2\/users\/184"}],"replies":[{"embeddable":true,"href":"https:\/\/sites.usp.br\/biosmat\/wp-json\/wp\/v2\/comments?post=627"}],"version-history":[{"count":5,"href":"https:\/\/sites.usp.br\/biosmat\/wp-json\/wp\/v2\/pages\/627\/revisions"}],"predecessor-version":[{"id":2557,"href":"https:\/\/sites.usp.br\/biosmat\/wp-json\/wp\/v2\/pages\/627\/revisions\/2557"}],"wp:attachment":[{"href":"https:\/\/sites.usp.br\/biosmat\/wp-json\/wp\/v2\/media?parent=627"}],"curies":[{"name":"wp","href":"https:\/\/api.w.org\/{rel}","templated":true}]}}