{"id":808,"date":"2017-05-18T10:50:00","date_gmt":"2017-05-18T13:50:00","guid":{"rendered":"http:\/\/sites.usp.br\/biotec-each\/?page_id=808"},"modified":"2024-10-01T09:36:37","modified_gmt":"2024-10-01T12:36:37","slug":"comissao-de-curso-coc","status":"publish","type":"page","link":"https:\/\/sites.usp.br\/biotec-each\/en\/comissao-de-curso-coc\/","title":{"rendered":"(Portugu\u00eas do Brasil) Comiss\u00e3o de Curso (CoC)"},"content":{"rendered":"<p><\/p>\n<div id=\"pl-808\" class=\"panel-layout\">\n<div id=\"pg-808-0\" class=\"panel-grid panel-no-style\">\n<div id=\"pgc-808-0-0\" class=\"panel-grid-cell\" data-weight=\"1\">\n<div id=\"panel-808-0-0-0\" class=\"so-panel widget widget_sow-editor panel-first-child panel-last-child\" data-index=\"0\" data-style=\"{&quot;background_image_attachment&quot;:false,&quot;background_display&quot;:&quot;tile&quot;,&quot;background_image_size&quot;:&quot;full&quot;,&quot;background_image_opacity&quot;:&quot;100&quot;,&quot;border_thickness&quot;:&quot;1px&quot;}\">\n<div class=\"so-widget-sow-editor so-widget-sow-editor-base\">\n<div class=\"siteorigin-widget-tinymce textwidget\">\n<p>A Comiss\u00e3o de Curso (CoC) \u00e9 constitu\u00edda por docentes e representante discente, sendo respons\u00e1vel pela gest\u00e3o pedag\u00f3gica do curso.<\/p>\n<p>A CoC do curso de Biotecnologia \u00e9 Coordenada pelo Prof. Dr. <a href=\"https:\/\/sites.usp.br\/lbbp\/felipe\/\">Felipe Santiago Chambergo Alcalde<\/a>.<\/p>\n<p><a href=\"http:\/\/sites.usp.br\/biotec-each\/wp-content\/uploads\/sites\/276\/2018\/02\/Felipe-2018.jpg\"><img loading=\"lazy\" decoding=\"async\" class=\"size-medium wp-image-1032 aligncenter\" src=\"http:\/\/sites.usp.br\/biotec-each\/wp-content\/uploads\/sites\/276\/2018\/02\/Felipe-2018-260x300.jpg\" alt=\"\" width=\"260\" height=\"300\" srcset=\"https:\/\/sites.usp.br\/biotec-each\/wp-content\/uploads\/sites\/276\/2018\/02\/Felipe-2018-260x300.jpg 260w, https:\/\/sites.usp.br\/biotec-each\/wp-content\/uploads\/sites\/276\/2018\/02\/Felipe-2018-768x888.jpg 768w, https:\/\/sites.usp.br\/biotec-each\/wp-content\/uploads\/sites\/276\/2018\/02\/Felipe-2018-886x1024.jpg 886w, https:\/\/sites.usp.br\/biotec-each\/wp-content\/uploads\/sites\/276\/2018\/02\/Felipe-2018-400x462.jpg 400w, https:\/\/sites.usp.br\/biotec-each\/wp-content\/uploads\/sites\/276\/2018\/02\/Felipe-2018.jpg 1308w\" sizes=\"auto, (max-width: 260px) 100vw, 260px\" \/><\/a><\/p>\n<p style=\"text-align: center;\"><a href=\"http:\/\/sites.usp.br\/biotec-each\/wp-content\/uploads\/sites\/276\/2018\/02\/Felipe-sketch2018.pdf\" target=\"_blank\" rel=\"noopener noreferrer\">Prof. Dr. Felipe Santiago Chambergo Alcalde<\/a><\/p>\n<p>Suplente: Profa. Dra. Viviane Abreu Nunes C. Dantas<\/p>\n<p>A atual CoC, est\u00e1 constitu\u00edda pelos seguintes membros:<\/p>\n<p>TITULARES:<\/p>\n<p>Prof. Dr. Felipe Santiago Chambergo Alcalde<\/p>\n<p>Prof. Dr. Grzegorz Kowal<\/p>\n<p>Prof. Dr. Luis Paulo Moura Andrioli<\/p>\n<p>Prof. Dr. Andrea Cavicchioli<\/p>\n<p>Profa. Dra. Viviane Abreu Nunes C. Dantas<\/p>\n<p>Representante Discente: Augusto Roldan<\/p>\n<p>SUPLENTES:<\/p>\n<p>&nbsp;<\/p>\n<p>Prof. Dr. Gustavo Fernandes<\/p>\n<p>Profa. Dra. K\u00e1thia Maria Hon\u00f3rio<\/p>\n<p>Prof. Dr. Diego Falceta<\/p>\n<p>Prof. Dr. Victor Velazquez Fernandez<\/p>\n<p>Representante Discente: Otto O Olival<\/p>\n<p>&nbsp;<\/p>\n<p>&nbsp;<\/p>\n<p>&nbsp;<\/p>\n<p>&nbsp;<\/p>\n<\/div>\n<\/div>\n<\/div>\n<\/div>\n<\/div>\n<\/div>\n<p><\/p>\n<div id=\"pl-808\"  class=\"panel-layout\" >\n<div id=\"pg-808-0\"  class=\"panel-grid panel-no-style\" >\n<div id=\"pgc-808-0-0\"  class=\"panel-grid-cell\"  data-weight=\"1\" >\n<div id=\"panel-808-0-0-0\" class=\"so-panel widget widget_sow-editor panel-first-child panel-last-child\" data-index=\"0\" data-style=\"{&quot;background_image_attachment&quot;:false,&quot;background_display&quot;:&quot;tile&quot;,&quot;background_image_size&quot;:&quot;full&quot;,&quot;background_image_opacity&quot;:&quot;100&quot;,&quot;border_thickness&quot;:&quot;1px&quot;}\" >\n<div\n\t\t\t\n\t\t\tclass=\"so-widget-sow-editor so-widget-sow-editor-base\"\n\t\t\t\n\t\t><\/p>\n<div class=\"siteorigin-widget-tinymce textwidget\">\n<p>A Comiss\u00e3o de Curso (CoC) \u00e9 constitu\u00edda por docentes e representante discente, sendo respons\u00e1vel pela gest\u00e3o pedag\u00f3gica do curso.<\/p>\n<p>A CoC do curso de Biotecnologia \u00e9 Coordenada pelo Prof. Dr. <a href=\"https:\/\/sites.usp.br\/lbbp\/felipe\/\">Felipe Santiago Chambergo Alcalde<\/a>.<\/p>\n<p><a href=\"http:\/\/sites.usp.br\/biotec-each\/wp-content\/uploads\/sites\/276\/2018\/02\/Felipe-2018.jpg\"><img loading=\"lazy\" decoding=\"async\" class=\"size-medium wp-image-1032 aligncenter\" src=\"http:\/\/sites.usp.br\/biotec-each\/wp-content\/uploads\/sites\/276\/2018\/02\/Felipe-2018-260x300.jpg\" alt=\"\" width=\"260\" height=\"300\" srcset=\"https:\/\/sites.usp.br\/biotec-each\/wp-content\/uploads\/sites\/276\/2018\/02\/Felipe-2018-260x300.jpg 260w, https:\/\/sites.usp.br\/biotec-each\/wp-content\/uploads\/sites\/276\/2018\/02\/Felipe-2018-768x888.jpg 768w, https:\/\/sites.usp.br\/biotec-each\/wp-content\/uploads\/sites\/276\/2018\/02\/Felipe-2018-886x1024.jpg 886w, https:\/\/sites.usp.br\/biotec-each\/wp-content\/uploads\/sites\/276\/2018\/02\/Felipe-2018-400x462.jpg 400w, https:\/\/sites.usp.br\/biotec-each\/wp-content\/uploads\/sites\/276\/2018\/02\/Felipe-2018.jpg 1308w\" sizes=\"auto, (max-width: 260px) 100vw, 260px\" \/><\/a><\/p>\n<p style=\"text-align: center;\"><a href=\"http:\/\/sites.usp.br\/biotec-each\/wp-content\/uploads\/sites\/276\/2018\/02\/Felipe-sketch2018.pdf\" target=\"_blank\" rel=\"noopener noreferrer\">Prof. Dr. Felipe Santiago Chambergo Alcalde<\/a><\/p>\n<p>Suplente: Profa. Dra. Viviane Abreu Nunes C. Dantas<\/p>\n<p>A atual CoC, est\u00e1 constitu\u00edda pelos seguintes membros:<\/p>\n<p>TITULARES:<\/p>\n<p>Prof. Dr. Felipe Santiago Chambergo Alcalde<\/p>\n<p>Prof. Dr. Grzegorz Kowal<\/p>\n<p>Prof. Dr. Luis Paulo Moura Andrioli<\/p>\n<p>Prof. Dr. Andrea Cavicchioli<\/p>\n<p>Profa. Dra. Viviane Abreu Nunes C. Dantas<\/p>\n<p>Representante Discente: Augusto Roldan<\/p>\n<p>SUPLENTES:<\/p>\n<p>&nbsp;<\/p>\n<p>Prof. Dr. Gustavo Fernandes<\/p>\n<p>Profa. Dra. K\u00e1thia Maria Hon\u00f3rio<\/p>\n<p>Prof. Dr. Diego Falceta<\/p>\n<p>Prof. Dr. Victor Velazquez Fernandez<\/p>\n<p>Representante Discente: Otto O Olival<\/p>\n<p>&nbsp;<\/p>\n<p>&nbsp;<\/p>\n<p>&nbsp;<\/p>\n<p>&nbsp;<\/p>\n<\/div>\n<\/div>\n<\/div>\n<\/div>\n<\/div>\n<\/div>\n<p><\/p>","protected":false},"excerpt":{"rendered":"<p>A Comiss\u00e3o de Curso (CoC) \u00e9 constitu\u00edda por docentes e representante discente, sendo respons\u00e1vel pela gest\u00e3o pedag\u00f3gica do curso. A CoC do curso de Biotecnologia \u00e9 Coordenada pelo Prof. Dr. Felipe Santiago Chambergo Alcalde. Prof. Dr. Felipe Santiago Chambergo Alcalde Suplente: Profa. Dra. Viviane Abreu Nunes C. Dantas A atual CoC, est\u00e1 constitu\u00edda pelos seguintes membros: TITULARES: Prof. Dr. Felipe Santiago Chambergo Alcalde Prof. Dr. Grzegorz Kowal Prof. Dr. Luis Paulo Moura Andrioli Prof. Dr. Andrea Cavicchioli Profa. Dra. Viviane Abreu Nunes C. Dantas Representante Discente: Augusto Roldan SUPLENTES: &nbsp; Prof. Dr. Gustavo Fernandes Profa. Dra. K\u00e1thia Maria Hon\u00f3rio Prof. Dr. Diego Falceta Prof. Dr. Victor Velazquez Fernandez Representante Discente: Otto O Olival &nbsp; &nbsp; &nbsp; &nbsp; A Comiss\u00e3o de Curso (CoC) \u00e9 constitu\u00edda por docentes e representante discente, sendo respons\u00e1vel pela gest\u00e3o pedag\u00f3gica do curso. A CoC do curso de Biotecnologia \u00e9 Coordenada pelo Prof. Dr. Felipe Santiago Chambergo Alcalde. Prof. Dr. Felipe Santiago Chambergo Alcalde Suplente: Profa. Dra. Viviane Abreu Nunes C. Dantas A atual CoC, est\u00e1 constitu\u00edda pelos seguintes membros: TITULARES: Prof. Dr. Felipe Santiago Chambergo Alcalde Prof. Dr. Grzegorz Kowal Prof. Dr. Luis Paulo Moura Andrioli Prof. Dr. Andrea Cavicchioli Profa. Dra. Viviane Abreu Nunes C. [&#8230;]<\/p>\n","protected":false},"author":208,"featured_media":0,"parent":0,"menu_order":0,"comment_status":"closed","ping_status":"closed","template":"","meta":{"footnotes":"","_links_to":"","_links_to_target":""},"class_list":["post-808","page","type-page","status-publish","hentry"],"_links":{"self":[{"href":"https:\/\/sites.usp.br\/biotec-each\/en\/wp-json\/wp\/v2\/pages\/808","targetHints":{"allow":["GET"]}}],"collection":[{"href":"https:\/\/sites.usp.br\/biotec-each\/en\/wp-json\/wp\/v2\/pages"}],"about":[{"href":"https:\/\/sites.usp.br\/biotec-each\/en\/wp-json\/wp\/v2\/types\/page"}],"author":[{"embeddable":true,"href":"https:\/\/sites.usp.br\/biotec-each\/en\/wp-json\/wp\/v2\/users\/208"}],"replies":[{"embeddable":true,"href":"https:\/\/sites.usp.br\/biotec-each\/en\/wp-json\/wp\/v2\/comments?post=808"}],"version-history":[{"count":4,"href":"https:\/\/sites.usp.br\/biotec-each\/en\/wp-json\/wp\/v2\/pages\/808\/revisions"}],"predecessor-version":[{"id":1493,"href":"https:\/\/sites.usp.br\/biotec-each\/en\/wp-json\/wp\/v2\/pages\/808\/revisions\/1493"}],"wp:attachment":[{"href":"https:\/\/sites.usp.br\/biotec-each\/en\/wp-json\/wp\/v2\/media?parent=808"}],"curies":[{"name":"wp","href":"https:\/\/api.w.org\/{rel}","templated":true}]}}