{"id":1041,"date":"2018-02-27T07:18:02","date_gmt":"2018-02-27T10:18:02","guid":{"rendered":"http:\/\/sites.usp.br\/biotec-each\/?page_id=1041"},"modified":"2024-06-18T10:44:36","modified_gmt":"2024-06-18T13:44:36","slug":"informativo-biotecnologia","status":"publish","type":"page","link":"https:\/\/sites.usp.br\/biotec-each\/informativo-biotecnologia\/","title":{"rendered":"Informativo Biotecnologia"},"content":{"rendered":"<div id=\"pl-1041\"  class=\"panel-layout\" >\n<div id=\"pg-1041-0\"  class=\"panel-grid panel-no-style\" >\n<div id=\"pgc-1041-0-0\"  class=\"panel-grid-cell\"  data-weight=\"1\" >\n<div id=\"panel-1041-0-0-0\" class=\"so-panel widget widget_sow-editor panel-first-child panel-last-child\" data-index=\"0\" data-style=\"{&quot;background_image_attachment&quot;:false,&quot;background_display&quot;:&quot;tile&quot;,&quot;background_image_size&quot;:&quot;full&quot;,&quot;background_image_opacity&quot;:&quot;100&quot;,&quot;border_thickness&quot;:&quot;1px&quot;}\" >\n<div\n\t\t\t\n\t\t\tclass=\"so-widget-sow-editor so-widget-sow-editor-base\"\n\t\t\t\n\t\t><\/p>\n<div class=\"siteorigin-widget-tinymce textwidget\">\n<p>O Informativo BIOTECNOLOGIA \u00e9 uma publica\u00e7\u00e3o da Coordena\u00e7\u00e3o do Curso de gradua\u00e7\u00e3o em Biotecnologia da Escola de Artes, Ci\u00eancias e Humanidades da Universidade de S\u00e3o Paulo, SP.<\/p>\n<h1>2018<\/h1>\n<p><a href=\"https:\/\/sites.usp.br\/biotec-each\/wp-content\/uploads\/sites\/276\/2020\/09\/InfoBIOTEC-2018.pdf\" target=\"_blank\" rel=\"noopener noreferrer\">Informativo Biotecnologia 2018<\/a><\/p>\n<h1>2019<\/h1>\n<p><a href=\"https:\/\/sites.usp.br\/biotec-each\/wp-content\/uploads\/sites\/276\/2020\/09\/InfoBIOTEC-2019.pdf\" target=\"_blank\" rel=\"noopener noreferrer\">Informativo Biotecnologia 2019<\/a><\/p>\n<h1>2020<\/h1>\n<p><a href=\"https:\/\/sites.usp.br\/biotec-each\/wp-content\/uploads\/sites\/276\/2021\/04\/InfoBIOTEC-2020.pdf\" target=\"_blank\" rel=\"noopener\">Informativo Biotecnologia 2020<\/a><\/p>\n<h1>2021<\/h1>\n<p><a href=\"https:\/\/sites.usp.br\/biotec-each\/wp-content\/uploads\/sites\/276\/2022\/01\/Informativo-Biotec-2021.pdf\" target=\"_blank\" rel=\"noopener\">Informativo Biotecnologia 2021<\/a><\/p>\n<h1>2022<\/h1>\n<p><a href=\"https:\/\/sites.usp.br\/biotec-each\/wp-content\/uploads\/sites\/276\/2023\/01\/Informativo-Biotec-2022.pdf\">Informativo Biotecnologia 2022<\/a><\/p>\n<h1>2023<\/h1>\n<p><a href=\"https:\/\/sites.usp.br\/biotec-each\/wp-content\/uploads\/sites\/276\/2024\/03\/Informativo-Biotec-2023.pdf\">Informativo Biotecnologia 2023<\/a><\/p>\n<h1>2024<\/h1>\n<p><a href=\"https:\/\/sites.usp.br\/biotec-each\/wp-content\/uploads\/sites\/276\/2024\/03\/Informativo-Biotec63-Fev28.pdf\">Informativo Biotecnologia n\u00ba 63 &#8211; 28\/02\/2024<\/a><\/p>\n<p><a href=\"https:\/\/sites.usp.br\/biotec-each\/wp-content\/uploads\/sites\/276\/2024\/06\/Informativo-Biotec64-Mar29.pdf\">Informativo Biotecnologia n\u00ba 64 &#8211; 28\/03\/2024<\/a><\/p>\n<p><a href=\"https:\/\/sites.usp.br\/biotec-each\/wp-content\/uploads\/sites\/276\/2024\/06\/Informativo-Biotec65-Abr29.pdf\">Informativo Biotecnologia n\u00ba 65 &#8211; 28\/04\/2024<\/a><\/p>\n<p><a href=\"https:\/\/sites.usp.br\/biotec-each\/wp-content\/uploads\/sites\/276\/2024\/06\/Informativo-Biotec66-Mai30.pdf\">Informativo Biotecnologia n\u00ba 66 &#8211; 28\/05\/2024<\/a><\/p>\n<p>Informativo Biotecnologia n\u00ba 67 &#8211; 30\/06\/2023<\/p>\n<p>&nbsp;<\/p>\n<p>&nbsp;<\/p>\n<p>&nbsp;<\/p>\n<p><strong>Pol\u00edtica de uso<\/strong><br \/>\nA reprodu\u00e7\u00e3o de mat\u00e9rias e fotografias \u00e9 livre mediante a cita\u00e7\u00e3o do Informativo Biotecnologia e do autor. Fotos devem ser creditadas como Biotecnologia EACH\/USP-Imagens.<\/p>\n<\/div>\n<\/div>\n<\/div>\n<\/div>\n<\/div>\n<\/div>\n","protected":false},"excerpt":{"rendered":"<p>O Informativo BIOTECNOLOGIA \u00e9 uma publica\u00e7\u00e3o da Coordena\u00e7\u00e3o do Curso de gradua\u00e7\u00e3o em Biotecnologia da Escola de Artes, Ci\u00eancias e Humanidades da Universidade de S\u00e3o Paulo, SP. 2018 Informativo Biotecnologia 2018 2019 Informativo Biotecnologia 2019 2020 Informativo Biotecnologia 2020 2021 Informativo Biotecnologia 2021 2022 Informativo Biotecnologia 2022 2023 Informativo Biotecnologia 2023 2024 Informativo Biotecnologia n\u00ba 63 &#8211; 28\/02\/2024 Informativo Biotecnologia n\u00ba 64 &#8211; 28\/03\/2024 Informativo Biotecnologia n\u00ba 65 &#8211; 28\/04\/2024 Informativo Biotecnologia n\u00ba 66 &#8211; 28\/05\/2024 Informativo Biotecnologia n\u00ba 67 &#8211; 30\/06\/2023 &nbsp; &nbsp; &nbsp; Pol\u00edtica de uso A reprodu\u00e7\u00e3o de mat\u00e9rias e fotografias \u00e9 livre mediante a cita\u00e7\u00e3o do Informativo Biotecnologia e do autor. Fotos devem ser creditadas como Biotecnologia EACH\/USP-Imagens.<\/p>\n","protected":false},"author":208,"featured_media":0,"parent":0,"menu_order":0,"comment_status":"closed","ping_status":"closed","template":"","meta":{"footnotes":"","_links_to":"","_links_to_target":""},"class_list":["post-1041","page","type-page","status-publish","hentry"],"_links":{"self":[{"href":"https:\/\/sites.usp.br\/biotec-each\/wp-json\/wp\/v2\/pages\/1041","targetHints":{"allow":["GET"]}}],"collection":[{"href":"https:\/\/sites.usp.br\/biotec-each\/wp-json\/wp\/v2\/pages"}],"about":[{"href":"https:\/\/sites.usp.br\/biotec-each\/wp-json\/wp\/v2\/types\/page"}],"author":[{"embeddable":true,"href":"https:\/\/sites.usp.br\/biotec-each\/wp-json\/wp\/v2\/users\/208"}],"replies":[{"embeddable":true,"href":"https:\/\/sites.usp.br\/biotec-each\/wp-json\/wp\/v2\/comments?post=1041"}],"version-history":[{"count":4,"href":"https:\/\/sites.usp.br\/biotec-each\/wp-json\/wp\/v2\/pages\/1041\/revisions"}],"predecessor-version":[{"id":1485,"href":"https:\/\/sites.usp.br\/biotec-each\/wp-json\/wp\/v2\/pages\/1041\/revisions\/1485"}],"wp:attachment":[{"href":"https:\/\/sites.usp.br\/biotec-each\/wp-json\/wp\/v2\/media?parent=1041"}],"curies":[{"name":"wp","href":"https:\/\/api.w.org\/{rel}","templated":true}]}}