{"id":831,"date":"2017-05-18T11:18:56","date_gmt":"2017-05-18T14:18:56","guid":{"rendered":"http:\/\/sites.usp.br\/biotec-each\/?page_id=831"},"modified":"2018-02-07T11:59:01","modified_gmt":"2018-02-07T13:59:01","slug":"disciplinas","status":"publish","type":"page","link":"https:\/\/sites.usp.br\/biotec-each\/disciplinas\/","title":{"rendered":"Disciplinas"},"content":{"rendered":"<p>A lista de disciplinas obrigat\u00f3rias e optativas, assim como o semestre ideal, favor acessar o <a href=\"https:\/\/uspdigital.usp.br\/jupiterweb\/\" target=\"_blank\" rel=\"noopener noreferrer\">sistema Jupiter\/USP<\/a>.<\/p>\n<p>Disciplinas do Bacharelado em <a href=\"https:\/\/sites.usp.br\/biotec-each\/wp-content\/uploads\/sites\/276\/2018\/02\/Grade-Curricular-2018-JupiterWeb.pdf\">Biotecnologia.<\/a><\/p>\n<p>Distribui\u00e7\u00e3o de carga did\u00e1tica do <a href=\"https:\/\/sites.usp.br\/biotec-each\/wp-content\/uploads\/sites\/276\/2018\/02\/Grade-Biotec-2018-Sem1.pdf\">1\u00ba Semestre 2018<\/a><\/p>","protected":false},"excerpt":{"rendered":"<p>A lista de disciplinas obrigat\u00f3rias e optativas, assim como o semestre ideal, favor acessar o sistema Jupiter\/USP. Disciplinas do Bacharelado em Biotecnologia. Distribui\u00e7\u00e3o de carga did\u00e1tica do 1\u00ba Semestre 2018<\/p>\n","protected":false},"author":208,"featured_media":0,"parent":0,"menu_order":0,"comment_status":"closed","ping_status":"closed","template":"","meta":{"footnotes":"","_links_to":"","_links_to_target":""},"class_list":["post-831","page","type-page","status-publish","hentry"],"_links":{"self":[{"href":"https:\/\/sites.usp.br\/biotec-each\/wp-json\/wp\/v2\/pages\/831","targetHints":{"allow":["GET"]}}],"collection":[{"href":"https:\/\/sites.usp.br\/biotec-each\/wp-json\/wp\/v2\/pages"}],"about":[{"href":"https:\/\/sites.usp.br\/biotec-each\/wp-json\/wp\/v2\/types\/page"}],"author":[{"embeddable":true,"href":"https:\/\/sites.usp.br\/biotec-each\/wp-json\/wp\/v2\/users\/208"}],"replies":[{"embeddable":true,"href":"https:\/\/sites.usp.br\/biotec-each\/wp-json\/wp\/v2\/comments?post=831"}],"version-history":[{"count":4,"href":"https:\/\/sites.usp.br\/biotec-each\/wp-json\/wp\/v2\/pages\/831\/revisions"}],"predecessor-version":[{"id":1028,"href":"https:\/\/sites.usp.br\/biotec-each\/wp-json\/wp\/v2\/pages\/831\/revisions\/1028"}],"wp:attachment":[{"href":"https:\/\/sites.usp.br\/biotec-each\/wp-json\/wp\/v2\/media?parent=831"}],"curies":[{"name":"wp","href":"https:\/\/api.w.org\/{rel}","templated":true}]}}