{"id":833,"date":"2017-05-18T11:19:56","date_gmt":"2017-05-18T14:19:56","guid":{"rendered":"http:\/\/sites.usp.br\/biotec-each\/?page_id=833"},"modified":"2017-07-06T18:51:05","modified_gmt":"2017-07-06T21:51:05","slug":"grupos-de-pesquisa","status":"publish","type":"page","link":"https:\/\/sites.usp.br\/biotec-each\/grupos-de-pesquisa\/","title":{"rendered":"Grupos de Pesquisa"},"content":{"rendered":"<p>Os seguintes grupos de pesquisa, desenvolvem atividades e oferecem vagas de estagio de pesquisa e p\u00f3s-gradua\u00e7\u00e3o.<\/p>\n<p>&nbsp;<\/p>\n<p>&nbsp;<\/p>","protected":false},"excerpt":{"rendered":"<p>Os seguintes grupos de pesquisa, desenvolvem atividades e oferecem vagas de estagio de pesquisa e p\u00f3s-gradua\u00e7\u00e3o. &nbsp; &nbsp;<\/p>\n","protected":false},"author":208,"featured_media":0,"parent":0,"menu_order":0,"comment_status":"open","ping_status":"closed","template":"","meta":{"footnotes":"","_links_to":"","_links_to_target":""},"class_list":["post-833","page","type-page","status-publish","hentry"],"_links":{"self":[{"href":"https:\/\/sites.usp.br\/biotec-each\/wp-json\/wp\/v2\/pages\/833","targetHints":{"allow":["GET"]}}],"collection":[{"href":"https:\/\/sites.usp.br\/biotec-each\/wp-json\/wp\/v2\/pages"}],"about":[{"href":"https:\/\/sites.usp.br\/biotec-each\/wp-json\/wp\/v2\/types\/page"}],"author":[{"embeddable":true,"href":"https:\/\/sites.usp.br\/biotec-each\/wp-json\/wp\/v2\/users\/208"}],"replies":[{"embeddable":true,"href":"https:\/\/sites.usp.br\/biotec-each\/wp-json\/wp\/v2\/comments?post=833"}],"version-history":[{"count":2,"href":"https:\/\/sites.usp.br\/biotec-each\/wp-json\/wp\/v2\/pages\/833\/revisions"}],"predecessor-version":[{"id":946,"href":"https:\/\/sites.usp.br\/biotec-each\/wp-json\/wp\/v2\/pages\/833\/revisions\/946"}],"wp:attachment":[{"href":"https:\/\/sites.usp.br\/biotec-each\/wp-json\/wp\/v2\/media?parent=833"}],"curies":[{"name":"wp","href":"https:\/\/api.w.org\/{rel}","templated":true}]}}