{"id":2968,"date":"2025-04-01T21:34:46","date_gmt":"2025-04-02T00:34:46","guid":{"rendered":"https:\/\/sites.usp.br\/biotecomunidade\/?page_id=2968"},"modified":"2025-04-06T21:44:53","modified_gmt":"2025-04-07T00:44:53","slug":"biotecnologia-usp","status":"publish","type":"page","link":"https:\/\/sites.usp.br\/biotecomunidade\/biotecnologia-usp\/","title":{"rendered":"Biotecnologia USP"},"content":{"rendered":"\t\t<div data-elementor-type=\"wp-page\" data-elementor-id=\"2968\" class=\"elementor elementor-2968\" data-elementor-post-type=\"page\">\n\t\t\t\t\t\t<section class=\"elementor-section elementor-top-section elementor-element elementor-element-42c1e847 elementor-section-boxed elementor-section-height-default elementor-section-height-default\" data-id=\"42c1e847\" data-element_type=\"section\">\n\t\t\t\t\t\t<div class=\"elementor-container elementor-column-gap-default\">\n\t\t\t\t\t<div class=\"elementor-column elementor-col-100 elementor-top-column elementor-element elementor-element-3fd63813\" data-id=\"3fd63813\" data-element_type=\"column\">\n\t\t\t<div class=\"elementor-widget-wrap elementor-element-populated\">\n\t\t\t\t\t\t<div class=\"elementor-element elementor-element-50595cc9 elementor-widget elementor-widget-text-editor\" data-id=\"50595cc9\" data-element_type=\"widget\" data-widget_type=\"text-editor.default\">\n\t\t\t\t<div class=\"elementor-widget-container\">\n\t\t\t\t\t\t\t<p>De acordo com a ONU, Biotecnologia significa qualquer aplica\u00e7\u00e3o tecnol\u00f3gica que utilize sistemas biol\u00f3gicos, organismos vivos, ou seus derivados, para fabricar ou modificar produtos ou processos para utiliza\u00e7\u00e3o espec\u00edfica (ONU, Conven\u00e7\u00e3o de Biodiversidade 1992, Art. 2).<\/p>\n<h2><strong>A Gradua\u00e7\u00e3o em Biotecnologia<\/strong><\/h2>\n<p>Na 983\u00aa Sess\u00e3o do Conselho Universit\u00e1rio (04\/07\/2017) da Universidade de S\u00e3o Paulo e com 95 votos favor\u00e1veis foi aprovada \u00e0 cria\u00e7\u00e3o do curso de Bacharelado em Biotecnologia, proposto pela Escola de Artes, Ci\u00eancias e Humanidades (EACH), localizada na \u00e1rea Leste do campus capital da USP. O curso de gradua\u00e7\u00e3o, carreira 400 \u2013 Bacharelado em Biotecnologia, com total de 8 semestres, oferece 60 vagas no per\u00edodo diurno. Em cerim\u00f4nia realizada no dia 05 de setembro de 2017, na sala do Conselho Universit\u00e1rio da Universidade de S\u00e3o Paulo, com a presen\u00e7a do Magn\u00edfico Reitor Prof. Dr. Marco Antonio Zago, do Ilmo vice-reitor Prof. Dr. Vahan Agopyan, do Ilmo Pr\u00f3-reitor de Gradua\u00e7\u00e3o Prof. Dr. Antonio Carlos Hernandes, da Diretora da EACH Profa. Dra. Maria Cristina Motta de Toledo, da vice-diretora da EACH Profa. Dra. Neli Aparecida de&nbsp; Mello-Th\u00e9ry, do Presidente da Comiss\u00e3o de gradua\u00e7\u00e3o da EACH Prof. Dr. Luciano Digiampietri e da Coordenadora pr\u00f3-tempore do curso de bacharelado em Biotecnologia Profa. Dra. Viviane Abreu Nunes, foi realizada a inaugura\u00e7\u00e3o do curso de Bacharelado em Biotecnologia da Escola de Artes, Ci\u00eancias e Humanidades.<\/p>\n<p>A proposta aprovada do curso de Bacharelado em Biotecnologia visa a forma\u00e7\u00e3o de um profissional multidisciplinar com habilidades cient\u00edficas e de empreendedorismo necess\u00e1rias para sua atua\u00e7\u00e3o nas diversas \u00e1reas de pesquisa e em empresas de Biotecnologia, explorando de forma sustent\u00e1vel a vasta biodiversidade presente no pa\u00eds, contribuindo com o desenvolvimento do pais.<\/p>\n<p>Visite o <a href=\"https:\/\/sites.usp.br\/biotec-each\/\">Curso de Gradua\u00e7\u00e3o em Biotecnologia<\/a><\/p>\n<p><a href=\"https:\/\/sites.usp.br\/biotecomunidade\/turmas-biotecnologia\" target=\"_blank\">Turmas da gradua\u00e7\u00e3o em Biotecnologia<\/a><\/p>\n<p>A gradua\u00e7\u00e3o em Biotecnologia em Fotos<\/p>\n<h2><strong>A P\u00f3s-Gradua\u00e7\u00e3o em Biotecnologia<\/strong><\/h2>\n<p>O Programa de P\u00f3s-Gradua\u00e7\u00e3o Interunidades em Biotecnologia (PPIB) da Universidade de S\u00e3o Paulo \u00e9 um programa stricto sensu de forma\u00e7\u00e3o de recursos humanos em n\u00edvel de p\u00f3s-gradua\u00e7\u00e3o para a atua\u00e7\u00e3o em Biotecnologia.&nbsp;O PPIB \u00e9 constitu\u00eddo por 3 institui\u00e7\u00f5es: a Universidade de S\u00e3o Paulo (USP), o Instituto Butantan da Secretaria de Sa\u00fade do Estado de S\u00e3o Paulo (IBu) e o Instituto de Pesquisas Tecnol\u00f3gicas do Estado de S\u00e3o Paulo (IPT), as quais s\u00e3o amplamente reconhecidas em seus campos de atua\u00e7\u00e3o.&nbsp; As unidades da Universidade de S\u00e3o Paulo que participam do PPIB s\u00e3o: Instituto de Ci\u00eancias Biom\u00e9dicas (ICB), Instituto de Bioci\u00eancias (IB), Escola Polit\u00e9cnica (EP) e Faculdade de Medicina Veterin\u00e1ria e Zootecnia (FMVZ).<\/p>\n<p>O Programa de P\u00f3s-Gradua\u00e7\u00e3o em Biotecnologia iniciou suas atividades em 1991, ao n\u00edvel de Mestrado, com a participa\u00e7\u00e3o de 4 Unidades da Universidade de S\u00e3o Paulo (USP), al\u00e9m do Instituto de Pesquisas Tecnol\u00f3gicas do Estado de S\u00e3o Paulo (IPT) e do Instituto Butantan da Secretaria de Sa\u00fade do Estado de S\u00e3o Paulo (IBu). A aprova\u00e7\u00e3o pela USP foi publicada no DO em 13\/04\/1991. Nessa ocasi\u00e3o, foram credenciados 26 orientadores, oferecidas 55 disciplinas e o Programa admitiu 14 alunos ingressantes. O Programa iniciou suas atividades em 1991, inicialmente em n\u00edvel de Mestrado, com a admiss\u00e3o de 14 estudantes ingressantes. Em 1998, o Programa solicitou extens\u00e3o para o n\u00edvel de Doutorado aos \u00f3rg\u00e3os competentes da Universidade de S\u00e3o Paulo. Os 6 primeiros estudantes de doutorado foram admitidos em 1999.<\/p>\n<p>Visite o <a href=\"https:\/\/sites.usp.br\/biotecnologia\/\">Programa de P\u00f3s-Gradua\u00e7\u00e3o Interunidades em Biotecnologia<\/a><\/p>\t\t\t\t\t\t<\/div>\n\t\t\t\t<\/div>\n\t\t\t\t\t<\/div>\n\t\t<\/div>\n\t\t\t\t\t<\/div>\n\t\t<\/section>\n\t\t\t\t<\/div>\n\t\t","protected":false},"excerpt":{"rendered":"<p>De acordo com a ONU, Biotecnologia significa qualquer aplica\u00e7\u00e3o tecnol\u00f3gica que utilize sistemas biol\u00f3gicos, organismos vivos, ou seus derivados, para fabricar ou modificar produtos ou processos para utiliza\u00e7\u00e3o espec\u00edfica (ONU, Conven\u00e7\u00e3o de Biodiversidade 1992, Art. 2). A Gradua\u00e7\u00e3o em Biotecnologia Na 983\u00aa Sess\u00e3o do Conselho Universit\u00e1rio (04\/07\/2017) da Universidade de S\u00e3o Paulo e com 95 [&hellip;]<\/p>\n","protected":false},"author":208,"featured_media":0,"parent":0,"menu_order":0,"comment_status":"closed","ping_status":"closed","template":"","meta":{"_monsterinsights_skip_tracking":false,"_monsterinsights_sitenote_active":false,"_monsterinsights_sitenote_note":"","_monsterinsights_sitenote_category":0,"footnotes":"","_links_to":"","_links_to_target":""},"class_list":["post-2968","page","type-page","status-publish","hentry","entry"],"_links":{"self":[{"href":"https:\/\/sites.usp.br\/biotecomunidade\/wp-json\/wp\/v2\/pages\/2968","targetHints":{"allow":["GET"]}}],"collection":[{"href":"https:\/\/sites.usp.br\/biotecomunidade\/wp-json\/wp\/v2\/pages"}],"about":[{"href":"https:\/\/sites.usp.br\/biotecomunidade\/wp-json\/wp\/v2\/types\/page"}],"author":[{"embeddable":true,"href":"https:\/\/sites.usp.br\/biotecomunidade\/wp-json\/wp\/v2\/users\/208"}],"replies":[{"embeddable":true,"href":"https:\/\/sites.usp.br\/biotecomunidade\/wp-json\/wp\/v2\/comments?post=2968"}],"version-history":[{"count":4,"href":"https:\/\/sites.usp.br\/biotecomunidade\/wp-json\/wp\/v2\/pages\/2968\/revisions"}],"predecessor-version":[{"id":3257,"href":"https:\/\/sites.usp.br\/biotecomunidade\/wp-json\/wp\/v2\/pages\/2968\/revisions\/3257"}],"wp:attachment":[{"href":"https:\/\/sites.usp.br\/biotecomunidade\/wp-json\/wp\/v2\/media?parent=2968"}],"curies":[{"name":"wp","href":"https:\/\/api.w.org\/{rel}","templated":true}]}}