{"id":3078,"date":"2025-04-04T17:22:52","date_gmt":"2025-04-04T20:22:52","guid":{"rendered":"https:\/\/sites.usp.br\/biotecomunidade\/?page_id=3078"},"modified":"2026-04-01T23:00:17","modified_gmt":"2026-04-02T02:00:17","slug":"ods-2","status":"publish","type":"page","link":"https:\/\/sites.usp.br\/biotecomunidade\/ods-2\/","title":{"rendered":"ODS 2"},"content":{"rendered":"\t\t<div data-elementor-type=\"wp-page\" data-elementor-id=\"3078\" class=\"elementor elementor-3078\" data-elementor-post-type=\"page\">\n\t\t\t\t\t\t<section class=\"elementor-section elementor-top-section elementor-element elementor-element-9bc4396 elementor-section-boxed elementor-section-height-default elementor-section-height-default\" data-id=\"9bc4396\" data-element_type=\"section\">\n\t\t\t\t\t\t<div class=\"elementor-container elementor-column-gap-default\">\n\t\t\t\t\t<div class=\"elementor-column elementor-col-100 elementor-top-column elementor-element elementor-element-e65856c\" data-id=\"e65856c\" data-element_type=\"column\">\n\t\t\t<div class=\"elementor-widget-wrap elementor-element-populated\">\n\t\t\t\t\t\t<div class=\"elementor-element elementor-element-64bc6cb elementor-widget elementor-widget-image\" data-id=\"64bc6cb\" data-element_type=\"widget\" data-widget_type=\"image.default\">\n\t\t\t\t<div class=\"elementor-widget-container\">\n\t\t\t\t\t\t\t\t\t\t\t\t\t<img fetchpriority=\"high\" decoding=\"async\" width=\"1024\" height=\"541\" src=\"https:\/\/sites.usp.br\/biotecomunidade\/wp-content\/uploads\/sites\/1649\/2025\/04\/02-1024x541.png\" class=\"attachment-large size-large wp-image-3079\" alt=\"\" srcset=\"https:\/\/sites.usp.br\/biotecomunidade\/wp-content\/uploads\/sites\/1649\/2025\/04\/02-1024x541.png 1024w, https:\/\/sites.usp.br\/biotecomunidade\/wp-content\/uploads\/sites\/1649\/2025\/04\/02-300x159.png 300w, https:\/\/sites.usp.br\/biotecomunidade\/wp-content\/uploads\/sites\/1649\/2025\/04\/02-768x406.png 768w, https:\/\/sites.usp.br\/biotecomunidade\/wp-content\/uploads\/sites\/1649\/2025\/04\/02-400x211.png 400w, https:\/\/sites.usp.br\/biotecomunidade\/wp-content\/uploads\/sites\/1649\/2025\/04\/02.png 1145w\" sizes=\"(max-width: 1024px) 100vw, 1024px\" \/>\t\t\t\t\t\t\t\t\t\t\t\t\t<\/div>\n\t\t\t\t<\/div>\n\t\t\t\t\t<\/div>\n\t\t<\/div>\n\t\t\t\t\t<\/div>\n\t\t<\/section>\n\t\t\t\t<section class=\"elementor-section elementor-top-section elementor-element elementor-element-b8616ec elementor-section-boxed elementor-section-height-default elementor-section-height-default\" data-id=\"b8616ec\" data-element_type=\"section\">\n\t\t\t\t\t\t<div class=\"elementor-container elementor-column-gap-default\">\n\t\t\t\t\t<div class=\"elementor-column elementor-col-100 elementor-top-column elementor-element elementor-element-a794350\" data-id=\"a794350\" data-element_type=\"column\">\n\t\t\t<div class=\"elementor-widget-wrap elementor-element-populated\">\n\t\t\t\t\t\t<div class=\"elementor-element elementor-element-609e859 elementor-widget elementor-widget-heading\" data-id=\"609e859\" data-element_type=\"widget\" data-widget_type=\"heading.default\">\n\t\t\t\t<div class=\"elementor-widget-container\">\n\t\t\t<h2 class=\"elementor-heading-title elementor-size-default\">Fome zero e agricultura sustent\u00e1vel<\/h2>\t\t<\/div>\n\t\t\t\t<\/div>\n\t\t\t\t\t<\/div>\n\t\t<\/div>\n\t\t\t\t\t<\/div>\n\t\t<\/section>\n\t\t\t\t<section class=\"elementor-section elementor-top-section elementor-element elementor-element-ad73ec9 elementor-section-boxed elementor-section-height-default elementor-section-height-default\" data-id=\"ad73ec9\" data-element_type=\"section\">\n\t\t\t\t\t\t<div class=\"elementor-container elementor-column-gap-default\">\n\t\t\t\t\t<div class=\"elementor-column elementor-col-100 elementor-top-column elementor-element elementor-element-b43a49c\" data-id=\"b43a49c\" data-element_type=\"column\">\n\t\t\t<div class=\"elementor-widget-wrap elementor-element-populated\">\n\t\t\t\t\t\t<div class=\"elementor-element elementor-element-9c439ed elementor-widget elementor-widget-text-editor\" data-id=\"9c439ed\" data-element_type=\"widget\" data-widget_type=\"text-editor.default\">\n\t\t\t\t<div class=\"elementor-widget-container\">\n\t\t\t\t\t\t\t<p class=\"\" data-start=\"71\" data-end=\"289\">2.1 At\u00e9 2030, acabar com a fome e garantir o acesso de todas as pessoas, em particular os pobres e pessoas em situa\u00e7\u00f5es vulner\u00e1veis, incluindo crian\u00e7as, a alimentos seguros, nutritivos e suficientes durante todo o ano.<\/p><p class=\"\" data-start=\"291\" data-end=\"588\">2.2 At\u00e9 2030, acabar com todas as formas de desnutri\u00e7\u00e3o, incluindo atingir, at\u00e9 2025, as metas acordadas internacionalmente sobre nanismo e caquexia em crian\u00e7as menores de cinco anos de idade, e atender \u00e0s necessidades nutricionais dos adolescentes, mulheres gr\u00e1vidas e lactantes e pessoas idosas.<\/p><p class=\"\" data-start=\"590\" data-end=\"979\">2.3 At\u00e9 2030, dobrar a produtividade agr\u00edcola e a renda dos pequenos produtores de alimentos, particularmente das mulheres, povos ind\u00edgenas, agricultores familiares, pastores e pescadores, inclusive por meio de acesso seguro e igual \u00e0 terra, outros recursos produtivos e insumos, conhecimento, servi\u00e7os financeiros, mercados e oportunidades de agrega\u00e7\u00e3o de valor e de emprego n\u00e3o agr\u00edcola.<\/p><p class=\"\" data-start=\"981\" data-end=\"1381\">2.4 At\u00e9 2030, garantir sistemas sustent\u00e1veis de produ\u00e7\u00e3o de alimentos e implementar pr\u00e1ticas agr\u00edcolas resilientes, que aumentem a produtividade e a produ\u00e7\u00e3o, que ajudem a manter os ecossistemas, que fortale\u00e7am a capacidade de adapta\u00e7\u00e3o \u00e0s mudan\u00e7as clim\u00e1ticas, \u00e0s condi\u00e7\u00f5es meteorol\u00f3gicas extremas, secas, inunda\u00e7\u00f5es e outros desastres, e que melhorem progressivamente a qualidade da terra e do solo.<\/p><p class=\"\" data-start=\"1383\" data-end=\"1850\">2.5 At\u00e9 2020, manter a diversidade gen\u00e9tica de sementes, plantas cultivadas, animais de cria\u00e7\u00e3o e domesticados e suas respectivas esp\u00e9cies selvagens, inclusive por meio de bancos de sementes e plantas diversificados e bem geridos em n\u00edvel nacional, regional e internacional, e garantir o acesso e a reparti\u00e7\u00e3o justa e equitativa dos benef\u00edcios decorrentes da utiliza\u00e7\u00e3o dos recursos gen\u00e9ticos e conhecimentos tradicionais associados, como acordado internacionalmente.<\/p><p class=\"\" data-start=\"1852\" data-end=\"2200\">2.a Aumentar o investimento, inclusive via o refor\u00e7o da coopera\u00e7\u00e3o internacional, em infraestrutura rural, pesquisa e extens\u00e3o de servi\u00e7os agr\u00edcolas, desenvolvimento de tecnologia, e os bancos de genes de plantas e animais, para aumentar a capacidade de produ\u00e7\u00e3o agr\u00edcola nos pa\u00edses em desenvolvimento, em particular nos pa\u00edses menos desenvolvidos.<\/p><p class=\"\" data-start=\"2202\" data-end=\"2493\">2.b Corrigir e prevenir as restri\u00e7\u00f5es ao com\u00e9rcio e distor\u00e7\u00f5es nos mercados agr\u00edcolas mundiais, incluindo a elimina\u00e7\u00e3o paralela de todas as formas de subs\u00eddios \u00e0 exporta\u00e7\u00e3o e todas as medidas de exporta\u00e7\u00e3o com efeito equivalente, de acordo com o mandato da Rodada de Desenvolvimento de Doha.<\/p><p class=\"\" data-start=\"2495\" data-end=\"2783\">2.c Adotar medidas para garantir o funcionamento adequado dos mercados de commodities de alimentos e seus derivados, e facilitar o acesso oportuno \u00e0 informa\u00e7\u00e3o de mercado, inclusive sobre as reservas de alimentos, a fim de ajudar a limitar a volatilidade extrema dos pre\u00e7os dos alimentos.<\/p>\t\t\t\t\t\t<\/div>\n\t\t\t\t<\/div>\n\t\t\t\t\t<\/div>\n\t\t<\/div>\n\t\t\t\t\t<\/div>\n\t\t<\/section>\n\t\t\t\t<section class=\"elementor-section elementor-top-section elementor-element elementor-element-9020bf5 elementor-section-boxed elementor-section-height-default elementor-section-height-default\" data-id=\"9020bf5\" data-element_type=\"section\">\n\t\t\t\t\t\t<div class=\"elementor-container elementor-column-gap-default\">\n\t\t\t\t\t<div class=\"elementor-column elementor-col-100 elementor-top-column elementor-element elementor-element-9a8af28\" data-id=\"9a8af28\" data-element_type=\"column\">\n\t\t\t<div class=\"elementor-widget-wrap elementor-element-populated\">\n\t\t\t\t\t\t<div class=\"elementor-element elementor-element-80cce4e elementor-widget elementor-widget-heading\" data-id=\"80cce4e\" data-element_type=\"widget\" data-widget_type=\"heading.default\">\n\t\t\t\t<div class=\"elementor-widget-container\">\n\t\t\t<h2 class=\"elementor-heading-title elementor-size-default\">Contribui\u00e7\u00e3o da Biotecnologia<\/h2>\t\t<\/div>\n\t\t\t\t<\/div>\n\t\t\t\t<div class=\"elementor-element elementor-element-14a34dc elementor-cta--skin-cover elementor-animated-content elementor-bg-transform elementor-bg-transform-zoom-in elementor-widget elementor-widget-call-to-action\" data-id=\"14a34dc\" data-element_type=\"widget\" data-widget_type=\"call-to-action.default\">\n\t\t\t\t<div class=\"elementor-widget-container\">\n\t\t\t\t\t<div class=\"elementor-cta\">\n\t\t\t\t\t<div class=\"elementor-cta__bg-wrapper\">\n\t\t\t\t<div class=\"elementor-cta__bg elementor-bg\" style=\"background-image: url(https:\/\/sites.usp.br\/biotecomunidade\/wp-content\/uploads\/sites\/1649\/2026\/03\/person-holding-plant-ground-1024x683.jpg);\" role=\"img\" aria-label=\"person-holding-plant-ground\"><\/div>\n\t\t\t\t<div class=\"elementor-cta__bg-overlay\"><\/div>\n\t\t\t<\/div>\n\t\t\t\t\t\t\t<div class=\"elementor-cta__content\">\n\t\t\t\t\n\t\t\t\t\t\t\t\t\t<h2 class=\"elementor-cta__title elementor-cta__content-item elementor-content-item elementor-animated-item--grow\">\n\t\t\t\t\t\tBact\u00e9rias promotoras de crescimento vegetal\t\t\t\t\t<\/h2>\n\t\t\t\t\n\t\t\t\t\t\t\t\t\t<div class=\"elementor-cta__description elementor-cta__content-item elementor-content-item elementor-animated-item--grow\">\n\t\t\t\t\t\tRevolu\u00e7\u00e3o na produ\u00e7\u00e3o agr\u00edcola sustent\u00e1vel\t\t\t\t\t<\/div>\n\t\t\t\t\n\t\t\t\t\t\t\t\t\t<div class=\"elementor-cta__button-wrapper elementor-cta__content-item elementor-content-item elementor-animated-item--grow\">\n\t\t\t\t\t<a class=\"elementor-cta__button elementor-button elementor-size-\" href=\"https:\/\/sites.usp.br\/biotecomunidade\/bacterias\/\">\n\t\t\t\t\t\tClique aqui\t\t\t\t\t<\/a>\n\t\t\t\t\t<\/div>\n\t\t\t\t\t\t\t<\/div>\n\t\t\t\t\t\t\t<div class=\"elementor-ribbon elementor-ribbon-left\">\n\t\t\t\t<div class=\"elementor-ribbon-inner\">1<\/div>\n\t\t\t<\/div>\n\t\t\t\t<\/div>\n\t\t\t\t<\/div>\n\t\t\t\t<\/div>\n\t\t\t\t<div class=\"elementor-element elementor-element-65c2a36 elementor-cta--skin-cover elementor-animated-content elementor-bg-transform elementor-bg-transform-zoom-in elementor-widget elementor-widget-call-to-action\" data-id=\"65c2a36\" data-element_type=\"widget\" data-widget_type=\"call-to-action.default\">\n\t\t\t\t<div class=\"elementor-widget-container\">\n\t\t\t\t\t<div class=\"elementor-cta\">\n\t\t\t\t\t<div class=\"elementor-cta__bg-wrapper\">\n\t\t\t\t<div class=\"elementor-cta__bg elementor-bg\" style=\"background-image: url(https:\/\/sites.usp.br\/biotecomunidade\/wp-content\/uploads\/sites\/1649\/2026\/03\/paddy-rice-white-rice-wallpaper-details-1024x683.jpg);\" role=\"img\" aria-label=\"paddy rice and white rice background\"><\/div>\n\t\t\t\t<div class=\"elementor-cta__bg-overlay\"><\/div>\n\t\t\t<\/div>\n\t\t\t\t\t\t\t<div class=\"elementor-cta__content\">\n\t\t\t\t\n\t\t\t\t\t\t\t\t\t<h2 class=\"elementor-cta__title elementor-cta__content-item elementor-content-item elementor-animated-item--grow\">\n\t\t\t\t\t\tBiotecnologia no combate \u00e0 fome oculta\t\t\t\t\t<\/h2>\n\t\t\t\t\n\t\t\t\t\t\t\t\t\t<div class=\"elementor-cta__description elementor-cta__content-item elementor-content-item elementor-animated-item--grow\">\n\t\t\t\t\t\tEstrat\u00e9gia para promo\u00e7\u00e3o da seguran\u00e7a nutricional\t\t\t\t\t<\/div>\n\t\t\t\t\n\t\t\t\t\t\t\t\t\t<div class=\"elementor-cta__button-wrapper elementor-cta__content-item elementor-content-item elementor-animated-item--grow\">\n\t\t\t\t\t<a class=\"elementor-cta__button elementor-button elementor-size-\" href=\"https:\/\/sites.usp.br\/biotecomunidade\/ods2-1-2026\/\">\n\t\t\t\t\t\tClique aqui\t\t\t\t\t<\/a>\n\t\t\t\t\t<\/div>\n\t\t\t\t\t\t\t<\/div>\n\t\t\t\t\t\t\t<div class=\"elementor-ribbon elementor-ribbon-right\">\n\t\t\t\t<div class=\"elementor-ribbon-inner\">2<\/div>\n\t\t\t<\/div>\n\t\t\t\t<\/div>\n\t\t\t\t<\/div>\n\t\t\t\t<\/div>\n\t\t\t\t<div class=\"elementor-element elementor-element-d17d7b9 elementor-cta--skin-cover elementor-animated-content elementor-bg-transform elementor-bg-transform-zoom-in elementor-widget elementor-widget-call-to-action\" data-id=\"d17d7b9\" data-element_type=\"widget\" data-widget_type=\"call-to-action.default\">\n\t\t\t\t<div class=\"elementor-widget-container\">\n\t\t\t\t\t<div class=\"elementor-cta\">\n\t\t\t\t\t<div class=\"elementor-cta__bg-wrapper\">\n\t\t\t\t<div class=\"elementor-cta__bg elementor-bg\" style=\"background-image: url(https:\/\/sites.usp.br\/biotecomunidade\/wp-content\/uploads\/sites\/1649\/2026\/03\/top-view-person-peeling-corn-with-potatoes-1024x659.jpg);\" role=\"img\" aria-label=\"top-view-person-peeling-corn-with-potatoes\"><\/div>\n\t\t\t\t<div class=\"elementor-cta__bg-overlay\"><\/div>\n\t\t\t<\/div>\n\t\t\t\t\t\t\t<div class=\"elementor-cta__content\">\n\t\t\t\t\n\t\t\t\t\t\t\t\t\t<h2 class=\"elementor-cta__title elementor-cta__content-item elementor-content-item elementor-animated-item--grow\">\n\t\t\t\t\t\tBiotecnologia e agricultura sustent\u00e1vel\t\t\t\t\t<\/h2>\n\t\t\t\t\n\t\t\t\t\t\t\t\t\t<div class=\"elementor-cta__description elementor-cta__content-item elementor-content-item elementor-animated-item--grow\">\n\t\t\t\t\t\tPapel do CRISPR no desenvolvimento de plantas resistentes a clima adverso\t\t\t\t\t<\/div>\n\t\t\t\t\n\t\t\t\t\t\t\t\t\t<div class=\"elementor-cta__button-wrapper elementor-cta__content-item elementor-content-item elementor-animated-item--grow\">\n\t\t\t\t\t<a class=\"elementor-cta__button elementor-button elementor-size-\" href=\"https:\/\/sites.usp.br\/biotecomunidade\/hcavalcante-1-ods2-2-2026\/\">\n\t\t\t\t\t\tClique aqui\t\t\t\t\t<\/a>\n\t\t\t\t\t<\/div>\n\t\t\t\t\t\t\t<\/div>\n\t\t\t\t\t\t\t<div class=\"elementor-ribbon elementor-ribbon-left\">\n\t\t\t\t<div class=\"elementor-ribbon-inner\">3<\/div>\n\t\t\t<\/div>\n\t\t\t\t<\/div>\n\t\t\t\t<\/div>\n\t\t\t\t<\/div>\n\t\t\t\t<div class=\"elementor-element elementor-element-7724b81 elementor-cta--skin-cover elementor-animated-content elementor-bg-transform elementor-bg-transform-zoom-in elementor-widget elementor-widget-call-to-action\" data-id=\"7724b81\" data-element_type=\"widget\" data-widget_type=\"call-to-action.default\">\n\t\t\t\t<div class=\"elementor-widget-container\">\n\t\t\t\t\t<div class=\"elementor-cta\">\n\t\t\t\t\t<div class=\"elementor-cta__bg-wrapper\">\n\t\t\t\t<div class=\"elementor-cta__bg elementor-bg\" style=\"background-image: url(https:\/\/sites.usp.br\/biotecomunidade\/wp-content\/uploads\/sites\/1649\/2026\/04\/closeup-biologist-woman-taking-strawberry-with-tweezers-analyzing-genetic-mutation-fruits-1024x576.jpg);\" role=\"img\" aria-label=\"Closeup of biologist woman taking strawberry with tweezers analyzing genetic mutation on fruits. Chemist scientific working in microbiology laboratory for farming experiment\"><\/div>\n\t\t\t\t<div class=\"elementor-cta__bg-overlay\"><\/div>\n\t\t\t<\/div>\n\t\t\t\t\t\t\t<div class=\"elementor-cta__content\">\n\t\t\t\t\n\t\t\t\t\t\t\t\t\t<h2 class=\"elementor-cta__title elementor-cta__content-item elementor-content-item elementor-animated-item--grow\">\n\t\t\t\t\t\tEdi\u00e7\u00e3o g\u00eanica no combate \u00e0 fome global\t\t\t\t\t<\/h2>\n\t\t\t\t\n\t\t\t\t\t\t\t\t\t<div class=\"elementor-cta__description elementor-cta__content-item elementor-content-item elementor-animated-item--grow\">\n\t\t\t\t\t\tEstrat\u00e9gia para aumento da seguran\u00e7a alimentar\t\t\t\t\t<\/div>\n\t\t\t\t\n\t\t\t\t\t\t\t\t\t<div class=\"elementor-cta__button-wrapper elementor-cta__content-item elementor-content-item elementor-animated-item--grow\">\n\t\t\t\t\t<a class=\"elementor-cta__button elementor-button elementor-size-\" href=\"https:\/\/sites.usp.br\/biotecomunidade\/crosin-1-ods2-3-2026\/\">\n\t\t\t\t\t\tClique aqui\t\t\t\t\t<\/a>\n\t\t\t\t\t<\/div>\n\t\t\t\t\t\t\t<\/div>\n\t\t\t\t\t\t\t<div class=\"elementor-ribbon elementor-ribbon-right\">\n\t\t\t\t<div class=\"elementor-ribbon-inner\">4<\/div>\n\t\t\t<\/div>\n\t\t\t\t<\/div>\n\t\t\t\t<\/div>\n\t\t\t\t<\/div>\n\t\t\t\t\t<\/div>\n\t\t<\/div>\n\t\t\t\t\t<\/div>\n\t\t<\/section>\n\t\t\t\t<\/div>\n\t\t","protected":false},"excerpt":{"rendered":"<p>Fome zero e agricultura sustent\u00e1vel 2.1 At\u00e9 2030, acabar com a fome e garantir o acesso de todas as pessoas, em particular os pobres e pessoas em situa\u00e7\u00f5es vulner\u00e1veis, incluindo crian\u00e7as, a alimentos seguros, nutritivos e suficientes durante todo o ano. 2.2 At\u00e9 2030, acabar com todas as formas de desnutri\u00e7\u00e3o, incluindo atingir, at\u00e9 2025, [&hellip;]<\/p>\n","protected":false},"author":24613,"featured_media":0,"parent":0,"menu_order":0,"comment_status":"closed","ping_status":"closed","template":"","meta":{"_monsterinsights_skip_tracking":false,"_monsterinsights_sitenote_active":false,"_monsterinsights_sitenote_note":"","_monsterinsights_sitenote_category":0,"footnotes":"","_links_to":"","_links_to_target":""},"class_list":["post-3078","page","type-page","status-publish","hentry","entry"],"_links":{"self":[{"href":"https:\/\/sites.usp.br\/biotecomunidade\/wp-json\/wp\/v2\/pages\/3078","targetHints":{"allow":["GET"]}}],"collection":[{"href":"https:\/\/sites.usp.br\/biotecomunidade\/wp-json\/wp\/v2\/pages"}],"about":[{"href":"https:\/\/sites.usp.br\/biotecomunidade\/wp-json\/wp\/v2\/types\/page"}],"author":[{"embeddable":true,"href":"https:\/\/sites.usp.br\/biotecomunidade\/wp-json\/wp\/v2\/users\/24613"}],"replies":[{"embeddable":true,"href":"https:\/\/sites.usp.br\/biotecomunidade\/wp-json\/wp\/v2\/comments?post=3078"}],"version-history":[{"count":4,"href":"https:\/\/sites.usp.br\/biotecomunidade\/wp-json\/wp\/v2\/pages\/3078\/revisions"}],"predecessor-version":[{"id":3883,"href":"https:\/\/sites.usp.br\/biotecomunidade\/wp-json\/wp\/v2\/pages\/3078\/revisions\/3883"}],"wp:attachment":[{"href":"https:\/\/sites.usp.br\/biotecomunidade\/wp-json\/wp\/v2\/media?parent=3078"}],"curies":[{"name":"wp","href":"https:\/\/api.w.org\/{rel}","templated":true}]}}