{"id":3087,"date":"2025-04-04T17:37:25","date_gmt":"2025-04-04T20:37:25","guid":{"rendered":"https:\/\/sites.usp.br\/biotecomunidade\/?page_id=3087"},"modified":"2026-03-21T16:42:05","modified_gmt":"2026-03-21T19:42:05","slug":"ods-03","status":"publish","type":"page","link":"https:\/\/sites.usp.br\/biotecomunidade\/ods-03\/","title":{"rendered":"ODS 3"},"content":{"rendered":"\t\t<div data-elementor-type=\"wp-page\" data-elementor-id=\"3087\" class=\"elementor elementor-3087\" data-elementor-post-type=\"page\">\n\t\t\t\t\t\t<section class=\"elementor-section elementor-top-section elementor-element elementor-element-c31d08c elementor-section-boxed elementor-section-height-default elementor-section-height-default\" data-id=\"c31d08c\" data-element_type=\"section\">\n\t\t\t\t\t\t<div class=\"elementor-container elementor-column-gap-default\">\n\t\t\t\t\t<div class=\"elementor-column elementor-col-100 elementor-top-column elementor-element elementor-element-b5ed476\" data-id=\"b5ed476\" data-element_type=\"column\">\n\t\t\t<div class=\"elementor-widget-wrap elementor-element-populated\">\n\t\t\t\t\t\t<div class=\"elementor-element elementor-element-691bf3a elementor-widget elementor-widget-image\" data-id=\"691bf3a\" data-element_type=\"widget\" data-widget_type=\"image.default\">\n\t\t\t\t<div class=\"elementor-widget-container\">\n\t\t\t\t\t\t\t\t\t\t\t\t\t<img fetchpriority=\"high\" decoding=\"async\" width=\"1024\" height=\"480\" src=\"https:\/\/sites.usp.br\/biotecomunidade\/wp-content\/uploads\/sites\/1649\/2025\/04\/03-1024x480.png\" class=\"attachment-large size-large wp-image-3119\" alt=\"\" srcset=\"https:\/\/sites.usp.br\/biotecomunidade\/wp-content\/uploads\/sites\/1649\/2025\/04\/03-1024x480.png 1024w, https:\/\/sites.usp.br\/biotecomunidade\/wp-content\/uploads\/sites\/1649\/2025\/04\/03-300x141.png 300w, https:\/\/sites.usp.br\/biotecomunidade\/wp-content\/uploads\/sites\/1649\/2025\/04\/03-768x360.png 768w, https:\/\/sites.usp.br\/biotecomunidade\/wp-content\/uploads\/sites\/1649\/2025\/04\/03-400x188.png 400w, https:\/\/sites.usp.br\/biotecomunidade\/wp-content\/uploads\/sites\/1649\/2025\/04\/03.png 1145w\" sizes=\"(max-width: 1024px) 100vw, 1024px\" \/>\t\t\t\t\t\t\t\t\t\t\t\t\t<\/div>\n\t\t\t\t<\/div>\n\t\t\t\t<div class=\"elementor-element elementor-element-1f19eef elementor-widget elementor-widget-heading\" data-id=\"1f19eef\" data-element_type=\"widget\" data-widget_type=\"heading.default\">\n\t\t\t\t<div class=\"elementor-widget-container\">\n\t\t\t<h2 class=\"elementor-heading-title elementor-size-default\">Sa\u00fade e Bem-Estar<\/h2>\t\t<\/div>\n\t\t\t\t<\/div>\n\t\t\t\t<div class=\"elementor-element elementor-element-2f00c8b elementor-widget elementor-widget-text-editor\" data-id=\"2f00c8b\" data-element_type=\"widget\" data-widget_type=\"text-editor.default\">\n\t\t\t\t<div class=\"elementor-widget-container\">\n\t\t\t\t\t\t\t<p class=\"\" data-start=\"71\" data-end=\"181\">3.1 At\u00e9 2030, reduzir a taxa de mortalidade materna global para menos de 70 mortes por 100.000 nascidos vivos.<\/p><p class=\"\" data-start=\"183\" data-end=\"473\">3.2 At\u00e9 2030, acabar com as mortes evit\u00e1veis de rec\u00e9m-nascidos e crian\u00e7as menores de 5 anos, com todos os pa\u00edses objetivando reduzir a mortalidade neonatal para pelo menos 12 por 1.000 nascidos vivos e a mortalidade de crian\u00e7as menores de 5 anos para pelo menos 25 por 1.000 nascidos vivos.<\/p><p class=\"\" data-start=\"475\" data-end=\"666\">3.3 At\u00e9 2030, acabar com as epidemias de AIDS, tuberculose, mal\u00e1ria e doen\u00e7as tropicais negligenciadas, e combater a hepatite, doen\u00e7as transmitidas pela \u00e1gua, e outras doen\u00e7as transmiss\u00edveis.<\/p><p class=\"\" data-start=\"668\" data-end=\"825\">3.4 At\u00e9 2030, reduzir em um ter\u00e7o a mortalidade prematura por doen\u00e7as n\u00e3o transmiss\u00edveis via preven\u00e7\u00e3o e tratamento, e promover a sa\u00fade mental e o bem-estar.<\/p><p class=\"\" data-start=\"827\" data-end=\"957\">3.5 Refor\u00e7ar a preven\u00e7\u00e3o e o tratamento do abuso de subst\u00e2ncias, incluindo o abuso de drogas entorpecentes e uso nocivo do \u00e1lcool.<\/p><p class=\"\" data-start=\"959\" data-end=\"1053\">3.6 At\u00e9 2020, reduzir pela metade as mortes e os ferimentos globais por acidentes em estradas.<\/p><p class=\"\" data-start=\"1055\" data-end=\"1280\">3.7 At\u00e9 2030, assegurar o acesso universal aos servi\u00e7os de sa\u00fade sexual e reprodutiva, incluindo o planejamento familiar, informa\u00e7\u00e3o e educa\u00e7\u00e3o, bem como a integra\u00e7\u00e3o da sa\u00fade reprodutiva em estrat\u00e9gias e programas nacionais.<\/p><p class=\"\" data-start=\"1282\" data-end=\"1533\">3.8 Atingir a cobertura universal de sa\u00fade, incluindo a prote\u00e7\u00e3o do risco financeiro, o acesso a servi\u00e7os de sa\u00fade essenciais de qualidade e o acesso a medicamentos e vacinas essenciais seguros, eficazes, de qualidade e a pre\u00e7os acess\u00edveis para todos.<\/p><p class=\"\" data-start=\"1535\" data-end=\"1681\">3.9 At\u00e9 2030, reduzir substancialmente o n\u00famero de mortes e doen\u00e7as por produtos qu\u00edmicos perigosos, contamina\u00e7\u00e3o e polui\u00e7\u00e3o do ar e \u00e1gua do solo.<\/p><p class=\"\" data-start=\"1683\" data-end=\"1800\">3.a Fortalecer a implementa\u00e7\u00e3o da Conven\u00e7\u00e3o-Quadro para o Controle do Tabaco em todos os pa\u00edses, conforme apropriado.<\/p><p class=\"\" data-start=\"1802\" data-end=\"2318\">3.b Apoiar a pesquisa e o desenvolvimento de vacinas e medicamentos para as doen\u00e7as transmiss\u00edveis e n\u00e3o transmiss\u00edveis, que afetam principalmente os pa\u00edses em desenvolvimento, proporcionar o acesso a medicamentos e vacinas essenciais a pre\u00e7os acess\u00edveis, de acordo com a Declara\u00e7\u00e3o de Doha, que afirma o direito dos pa\u00edses em desenvolvimento de utilizarem plenamente as disposi\u00e7\u00f5es do acordo TRIPS sobre flexibilidades para proteger a sa\u00fade p\u00fablica e, em particular, proporcionar o acesso a medicamentos para todos.<\/p><p class=\"\" data-start=\"2320\" data-end=\"2580\">3.c Aumentar substancialmente o financiamento da sa\u00fade e o recrutamento, desenvolvimento e forma\u00e7\u00e3o, e reten\u00e7\u00e3o do pessoal de sa\u00fade nos pa\u00edses em desenvolvimento, especialmente nos pa\u00edses menos desenvolvidos e nos pequenos Estados insulares em desenvolvimento.<\/p><p class=\"\" data-start=\"2582\" data-end=\"2770\">3.d Refor\u00e7ar a capacidade de todos os pa\u00edses, particularmente os pa\u00edses em desenvolvimento, para o alerta precoce, redu\u00e7\u00e3o de riscos e gerenciamento de riscos nacionais e globais de sa\u00fade.<\/p>\t\t\t\t\t\t<\/div>\n\t\t\t\t<\/div>\n\t\t\t\t\t<\/div>\n\t\t<\/div>\n\t\t\t\t\t<\/div>\n\t\t<\/section>\n\t\t\t\t<section class=\"elementor-section elementor-top-section elementor-element elementor-element-416b62c elementor-section-boxed elementor-section-height-default elementor-section-height-default\" data-id=\"416b62c\" data-element_type=\"section\">\n\t\t\t\t\t\t<div class=\"elementor-container elementor-column-gap-default\">\n\t\t\t\t\t<div class=\"elementor-column elementor-col-100 elementor-top-column elementor-element elementor-element-2655821\" data-id=\"2655821\" data-element_type=\"column\">\n\t\t\t<div class=\"elementor-widget-wrap elementor-element-populated\">\n\t\t\t\t\t\t<div class=\"elementor-element elementor-element-32ace02 elementor-widget elementor-widget-heading\" data-id=\"32ace02\" data-element_type=\"widget\" data-widget_type=\"heading.default\">\n\t\t\t\t<div class=\"elementor-widget-container\">\n\t\t\t<h2 class=\"elementor-heading-title elementor-size-default\">Contribui\u00e7\u00e3o da Biotecnologia<\/h2>\t\t<\/div>\n\t\t\t\t<\/div>\n\t\t\t\t\t<\/div>\n\t\t<\/div>\n\t\t\t\t\t<\/div>\n\t\t<\/section>\n\t\t\t\t<section class=\"elementor-section elementor-top-section elementor-element elementor-element-bafc2ea elementor-section-boxed elementor-section-height-default elementor-section-height-default\" data-id=\"bafc2ea\" data-element_type=\"section\">\n\t\t\t\t\t\t<div class=\"elementor-container elementor-column-gap-default\">\n\t\t\t\t\t<div class=\"elementor-column elementor-col-100 elementor-top-column elementor-element elementor-element-15a816d\" data-id=\"15a816d\" data-element_type=\"column\">\n\t\t\t<div class=\"elementor-widget-wrap elementor-element-populated\">\n\t\t\t\t\t\t<div class=\"elementor-element elementor-element-cb27bec elementor-cta--skin-cover elementor-animated-content elementor-bg-transform elementor-bg-transform-zoom-in elementor-widget elementor-widget-call-to-action\" data-id=\"cb27bec\" data-element_type=\"widget\" data-widget_type=\"call-to-action.default\">\n\t\t\t\t<div class=\"elementor-widget-container\">\n\t\t\t\t\t<div class=\"elementor-cta\">\n\t\t\t\t\t<div class=\"elementor-cta__bg-wrapper\">\n\t\t\t\t<div class=\"elementor-cta__bg elementor-bg\" style=\"background-image: url(https:\/\/sites.usp.br\/biotecomunidade\/wp-content\/uploads\/sites\/1649\/2026\/03\/doctor-consulting-senior-patient-1024x576.jpg);\" role=\"img\" aria-label=\"Doctor consulting senior patient with glucometer, measuring insulin and glucose level from blood sample. Medic and old man doing diabetic control during checkup visit consultation in hospital lobby.\"><\/div>\n\t\t\t\t<div class=\"elementor-cta__bg-overlay\"><\/div>\n\t\t\t<\/div>\n\t\t\t\t\t\t\t<div class=\"elementor-cta__content\">\n\t\t\t\t\n\t\t\t\t\t\t\t\t\t<h2 class=\"elementor-cta__title elementor-cta__content-item elementor-content-item elementor-animated-item--grow\">\n\t\t\t\t\t\tProdu\u00e7\u00e3o de insulina recombinante\t\t\t\t\t<\/h2>\n\t\t\t\t\n\t\t\t\t\t\t\t\t\t<div class=\"elementor-cta__description elementor-cta__content-item elementor-content-item elementor-animated-item--grow\">\n\t\t\t\t\t\tAvan\u00e7o no tratamento da diabetes e contribui\u00e7\u00e3o para promo\u00e7\u00e3o da sa\u00fade global\t\t\t\t\t<\/div>\n\t\t\t\t\n\t\t\t\t\t\t\t\t\t<div class=\"elementor-cta__button-wrapper elementor-cta__content-item elementor-content-item elementor-animated-item--grow\">\n\t\t\t\t\t<a class=\"elementor-cta__button elementor-button elementor-size-\" href=\"https:\/\/sites.usp.br\/biotecomunidade\/mferraz-1-ods3-1-2026\/\">\n\t\t\t\t\t\tClique aqui\t\t\t\t\t<\/a>\n\t\t\t\t\t<\/div>\n\t\t\t\t\t\t\t<\/div>\n\t\t\t\t\t\t\t<div class=\"elementor-ribbon elementor-ribbon-left\">\n\t\t\t\t<div class=\"elementor-ribbon-inner\">1<\/div>\n\t\t\t<\/div>\n\t\t\t\t<\/div>\n\t\t\t\t<\/div>\n\t\t\t\t<\/div>\n\t\t\t\t\t<\/div>\n\t\t<\/div>\n\t\t\t\t\t<\/div>\n\t\t<\/section>\n\t\t\t\t<section class=\"elementor-section elementor-top-section elementor-element elementor-element-10e2e8b elementor-section-boxed elementor-section-height-default elementor-section-height-default\" data-id=\"10e2e8b\" data-element_type=\"section\">\n\t\t\t\t\t\t<div class=\"elementor-container elementor-column-gap-default\">\n\t\t\t\t\t<div class=\"elementor-column elementor-col-100 elementor-top-column elementor-element elementor-element-f19a898\" data-id=\"f19a898\" data-element_type=\"column\">\n\t\t\t<div class=\"elementor-widget-wrap elementor-element-populated\">\n\t\t\t\t\t\t<div class=\"elementor-element elementor-element-5137c09 elementor-cta--skin-cover elementor-animated-content elementor-bg-transform elementor-bg-transform-zoom-in elementor-widget elementor-widget-call-to-action\" data-id=\"5137c09\" data-element_type=\"widget\" data-widget_type=\"call-to-action.default\">\n\t\t\t\t<div class=\"elementor-widget-container\">\n\t\t\t\t\t<div class=\"elementor-cta\">\n\t\t\t\t\t<div class=\"elementor-cta__bg-wrapper\">\n\t\t\t\t<div class=\"elementor-cta__bg elementor-bg\" style=\"background-image: url(https:\/\/sites.usp.br\/biotecomunidade\/wp-content\/uploads\/sites\/1649\/2026\/03\/img20201022140139807-768x512-1.jpg);\" role=\"img\" aria-label=\"img20201022140139807-768x512\"><\/div>\n\t\t\t\t<div class=\"elementor-cta__bg-overlay\"><\/div>\n\t\t\t<\/div>\n\t\t\t\t\t\t\t<div class=\"elementor-cta__content\">\n\t\t\t\t\n\t\t\t\t\t\t\t\t\t<h2 class=\"elementor-cta__title elementor-cta__content-item elementor-content-item elementor-animated-item--grow\">\n\t\t\t\t\t\tVacinas de mRNA\t\t\t\t\t<\/h2>\n\t\t\t\t\n\t\t\t\t\t\t\t\t\t<div class=\"elementor-cta__description elementor-cta__content-item elementor-content-item elementor-animated-item--grow\">\n\t\t\t\t\t\tNova era na preven\u00e7\u00e3o de doen\u00e7as\t\t\t\t\t<\/div>\n\t\t\t\t\n\t\t\t\t\t\t\t\t\t<div class=\"elementor-cta__button-wrapper elementor-cta__content-item elementor-content-item elementor-animated-item--grow\">\n\t\t\t\t\t<a class=\"elementor-cta__button elementor-button elementor-size-\" href=\"https:\/\/sites.usp.br\/biotecomunidade\/agomes-1-ods32-2026\/\">\n\t\t\t\t\t\tClique aqui\t\t\t\t\t<\/a>\n\t\t\t\t\t<\/div>\n\t\t\t\t\t\t\t<\/div>\n\t\t\t\t\t\t\t<div class=\"elementor-ribbon\">\n\t\t\t\t<div class=\"elementor-ribbon-inner\">2<\/div>\n\t\t\t<\/div>\n\t\t\t\t<\/div>\n\t\t\t\t<\/div>\n\t\t\t\t<\/div>\n\t\t\t\t<div class=\"elementor-element elementor-element-4d9b487 elementor-cta--skin-cover elementor-animated-content elementor-bg-transform elementor-bg-transform-zoom-in elementor-widget elementor-widget-call-to-action\" data-id=\"4d9b487\" data-element_type=\"widget\" data-widget_type=\"call-to-action.default\">\n\t\t\t\t<div class=\"elementor-widget-container\">\n\t\t\t\t\t<div class=\"elementor-cta\">\n\t\t\t\t\t<div class=\"elementor-cta__bg-wrapper\">\n\t\t\t\t<div class=\"elementor-cta__bg elementor-bg\" style=\"background-image: url(https:\/\/sites.usp.br\/biotecomunidade\/wp-content\/uploads\/sites\/1649\/2026\/03\/woman-getting-vaccine-shot-by-doctor-1024x576.jpg);\" role=\"img\" aria-label=\"woman-getting-vaccine-shot-by-doctor\"><\/div>\n\t\t\t\t<div class=\"elementor-cta__bg-overlay\"><\/div>\n\t\t\t<\/div>\n\t\t\t\t\t\t\t<div class=\"elementor-cta__content\">\n\t\t\t\t\n\t\t\t\t\t\t\t\t\t<h2 class=\"elementor-cta__title elementor-cta__content-item elementor-content-item elementor-animated-item--grow\">\n\t\t\t\t\t\tBiotecnologia e vacina\u00e7\u00e3o\t\t\t\t\t<\/h2>\n\t\t\t\t\n\t\t\t\t\t\t\t\t\t<div class=\"elementor-cta__description elementor-cta__content-item elementor-content-item elementor-animated-item--grow\">\n\t\t\t\t\t\tContribui\u00e7\u00e3o para o alcance da ODS 3 sa\u00fade e bem-estar\t\t\t\t\t<\/div>\n\t\t\t\t\n\t\t\t\t\t\t\t\t\t<div class=\"elementor-cta__button-wrapper elementor-cta__content-item elementor-content-item elementor-animated-item--grow\">\n\t\t\t\t\t<a class=\"elementor-cta__button elementor-button elementor-size-\" href=\"https:\/\/sites.usp.br\/biotecomunidade\/mpagiato-1-ods3-3-2026\/\">\n\t\t\t\t\t\tClique aqui\t\t\t\t\t<\/a>\n\t\t\t\t\t<\/div>\n\t\t\t\t\t\t\t<\/div>\n\t\t\t\t\t\t\t<div class=\"elementor-ribbon elementor-ribbon-left\">\n\t\t\t\t<div class=\"elementor-ribbon-inner\">3<\/div>\n\t\t\t<\/div>\n\t\t\t\t<\/div>\n\t\t\t\t<\/div>\n\t\t\t\t<\/div>\n\t\t\t\t\t<\/div>\n\t\t<\/div>\n\t\t\t\t\t<\/div>\n\t\t<\/section>\n\t\t\t\t<\/div>\n\t\t","protected":false},"excerpt":{"rendered":"<p>Sa\u00fade e Bem-Estar 3.1 At\u00e9 2030, reduzir a taxa de mortalidade materna global para menos de 70 mortes por 100.000 nascidos vivos. 3.2 At\u00e9 2030, acabar com as mortes evit\u00e1veis de rec\u00e9m-nascidos e crian\u00e7as menores de 5 anos, com todos os pa\u00edses objetivando reduzir a mortalidade neonatal para pelo menos 12 por 1.000 nascidos vivos [&hellip;]<\/p>\n","protected":false},"author":24613,"featured_media":0,"parent":0,"menu_order":0,"comment_status":"closed","ping_status":"closed","template":"","meta":{"_monsterinsights_skip_tracking":false,"_monsterinsights_sitenote_active":false,"_monsterinsights_sitenote_note":"","_monsterinsights_sitenote_category":0,"footnotes":"","_links_to":"","_links_to_target":""},"class_list":["post-3087","page","type-page","status-publish","hentry","entry"],"_links":{"self":[{"href":"https:\/\/sites.usp.br\/biotecomunidade\/wp-json\/wp\/v2\/pages\/3087","targetHints":{"allow":["GET"]}}],"collection":[{"href":"https:\/\/sites.usp.br\/biotecomunidade\/wp-json\/wp\/v2\/pages"}],"about":[{"href":"https:\/\/sites.usp.br\/biotecomunidade\/wp-json\/wp\/v2\/types\/page"}],"author":[{"embeddable":true,"href":"https:\/\/sites.usp.br\/biotecomunidade\/wp-json\/wp\/v2\/users\/24613"}],"replies":[{"embeddable":true,"href":"https:\/\/sites.usp.br\/biotecomunidade\/wp-json\/wp\/v2\/comments?post=3087"}],"version-history":[{"count":4,"href":"https:\/\/sites.usp.br\/biotecomunidade\/wp-json\/wp\/v2\/pages\/3087\/revisions"}],"predecessor-version":[{"id":3707,"href":"https:\/\/sites.usp.br\/biotecomunidade\/wp-json\/wp\/v2\/pages\/3087\/revisions\/3707"}],"wp:attachment":[{"href":"https:\/\/sites.usp.br\/biotecomunidade\/wp-json\/wp\/v2\/media?parent=3087"}],"curies":[{"name":"wp","href":"https:\/\/api.w.org\/{rel}","templated":true}]}}