{"id":3090,"date":"2025-04-04T17:29:14","date_gmt":"2025-04-04T20:29:14","guid":{"rendered":"https:\/\/sites.usp.br\/biotecomunidade\/?page_id=3090"},"modified":"2026-04-04T18:02:07","modified_gmt":"2026-04-04T21:02:07","slug":"ods-04","status":"publish","type":"page","link":"https:\/\/sites.usp.br\/biotecomunidade\/ods-04\/","title":{"rendered":"ODS 4"},"content":{"rendered":"\t\t<div data-elementor-type=\"wp-page\" data-elementor-id=\"3090\" class=\"elementor elementor-3090\" data-elementor-post-type=\"page\">\n\t\t\t\t\t\t<section class=\"elementor-section elementor-top-section elementor-element elementor-element-8a12562 elementor-section-boxed elementor-section-height-default elementor-section-height-default\" data-id=\"8a12562\" data-element_type=\"section\">\n\t\t\t\t\t\t<div class=\"elementor-container elementor-column-gap-default\">\n\t\t\t\t\t<div class=\"elementor-column elementor-col-100 elementor-top-column elementor-element elementor-element-e298b54\" data-id=\"e298b54\" data-element_type=\"column\">\n\t\t\t<div class=\"elementor-widget-wrap elementor-element-populated\">\n\t\t\t\t\t\t<div class=\"elementor-element elementor-element-f49cb14 elementor-widget elementor-widget-image\" data-id=\"f49cb14\" data-element_type=\"widget\" data-widget_type=\"image.default\">\n\t\t\t\t<div class=\"elementor-widget-container\">\n\t\t\t\t\t\t\t\t\t\t\t\t\t<img fetchpriority=\"high\" decoding=\"async\" width=\"1024\" height=\"502\" src=\"https:\/\/sites.usp.br\/biotecomunidade\/wp-content\/uploads\/sites\/1649\/2025\/04\/04-1024x502.png\" class=\"attachment-large size-large wp-image-3123\" alt=\"\" srcset=\"https:\/\/sites.usp.br\/biotecomunidade\/wp-content\/uploads\/sites\/1649\/2025\/04\/04-1024x502.png 1024w, https:\/\/sites.usp.br\/biotecomunidade\/wp-content\/uploads\/sites\/1649\/2025\/04\/04-300x147.png 300w, https:\/\/sites.usp.br\/biotecomunidade\/wp-content\/uploads\/sites\/1649\/2025\/04\/04-768x376.png 768w, https:\/\/sites.usp.br\/biotecomunidade\/wp-content\/uploads\/sites\/1649\/2025\/04\/04-400x196.png 400w, https:\/\/sites.usp.br\/biotecomunidade\/wp-content\/uploads\/sites\/1649\/2025\/04\/04.png 1137w\" sizes=\"(max-width: 1024px) 100vw, 1024px\" \/>\t\t\t\t\t\t\t\t\t\t\t\t\t<\/div>\n\t\t\t\t<\/div>\n\t\t\t\t\t<\/div>\n\t\t<\/div>\n\t\t\t\t\t<\/div>\n\t\t<\/section>\n\t\t\t\t<section class=\"elementor-section elementor-top-section elementor-element elementor-element-e603834 elementor-section-boxed elementor-section-height-default elementor-section-height-default\" data-id=\"e603834\" data-element_type=\"section\">\n\t\t\t\t\t\t<div class=\"elementor-container elementor-column-gap-default\">\n\t\t\t\t\t<div class=\"elementor-column elementor-col-100 elementor-top-column elementor-element elementor-element-f28c29c\" data-id=\"f28c29c\" data-element_type=\"column\">\n\t\t\t<div class=\"elementor-widget-wrap elementor-element-populated\">\n\t\t\t\t\t\t<div class=\"elementor-element elementor-element-5dd84c5 elementor-widget elementor-widget-heading\" data-id=\"5dd84c5\" data-element_type=\"widget\" data-widget_type=\"heading.default\">\n\t\t\t\t<div class=\"elementor-widget-container\">\n\t\t\t<h2 class=\"elementor-heading-title elementor-size-default\">Educa\u00e7\u00e3o de qualidade<\/h2>\t\t<\/div>\n\t\t\t\t<\/div>\n\t\t\t\t\t<\/div>\n\t\t<\/div>\n\t\t\t\t\t<\/div>\n\t\t<\/section>\n\t\t\t\t<section class=\"elementor-section elementor-top-section elementor-element elementor-element-283e37e elementor-section-boxed elementor-section-height-default elementor-section-height-default\" data-id=\"283e37e\" data-element_type=\"section\">\n\t\t\t\t\t\t<div class=\"elementor-container elementor-column-gap-default\">\n\t\t\t\t\t<div class=\"elementor-column elementor-col-100 elementor-top-column elementor-element elementor-element-4ef0661\" data-id=\"4ef0661\" data-element_type=\"column\">\n\t\t\t<div class=\"elementor-widget-wrap elementor-element-populated\">\n\t\t\t\t\t\t<div class=\"elementor-element elementor-element-52c8978 elementor-widget elementor-widget-text-editor\" data-id=\"52c8978\" data-element_type=\"widget\" data-widget_type=\"text-editor.default\">\n\t\t\t\t<div class=\"elementor-widget-container\">\n\t\t\t\t\t\t\t<p class=\"\" data-start=\"71\" data-end=\"263\">4.1 At\u00e9 2030, garantir que todas as meninas e meninos completem o ensino prim\u00e1rio e secund\u00e1rio livre, equitativo e de qualidade, que conduza a resultados de aprendizagem relevantes e eficazes.<\/p><p class=\"\" data-start=\"265\" data-end=\"478\">4.2 At\u00e9 2030, garantir que todas as meninas e meninos tenham acesso a um desenvolvimento de qualidade na primeira inf\u00e2ncia, cuidados e educa\u00e7\u00e3o pr\u00e9-escolar, de modo que eles estejam prontos para o ensino prim\u00e1rio.<\/p><p class=\"\" data-start=\"480\" data-end=\"660\">4.3 At\u00e9 2030, assegurar a igualdade de acesso para todos os homens e mulheres \u00e0 educa\u00e7\u00e3o t\u00e9cnica, profissional e superior de qualidade, a pre\u00e7os acess\u00edveis, incluindo universidade.<\/p><p class=\"\" data-start=\"662\" data-end=\"865\">4.4 At\u00e9 2030, aumentar substancialmente o n\u00famero de jovens e adultos que tenham habilidades relevantes, inclusive compet\u00eancias t\u00e9cnicas e profissionais, para emprego, trabalho decente e empreendedorismo.<\/p><p class=\"\" data-start=\"867\" data-end=\"1140\">4.5 At\u00e9 2030, eliminar as disparidades de g\u00eanero na educa\u00e7\u00e3o e garantir a igualdade de acesso a todos os n\u00edveis de educa\u00e7\u00e3o e forma\u00e7\u00e3o profissional para os mais vulner\u00e1veis, incluindo as pessoas com defici\u00eancia, povos ind\u00edgenas e as crian\u00e7as em situa\u00e7\u00e3o de vulnerabilidade.<\/p><p class=\"\" data-start=\"1142\" data-end=\"1321\">4.6 At\u00e9 2030, garantir que todos os jovens e uma substancial propor\u00e7\u00e3o dos adultos, homens e mulheres estejam alfabetizados e tenham adquirido o conhecimento b\u00e1sico de matem\u00e1tica.<\/p><p class=\"\" data-start=\"1323\" data-end=\"1779\">4.7 At\u00e9 2030, garantir que todos os alunos adquiram conhecimentos e habilidades necess\u00e1rias para promover o desenvolvimento sustent\u00e1vel, inclusive, entre outros, por meio da educa\u00e7\u00e3o para o desenvolvimento sustent\u00e1vel e estilos de vida sustent\u00e1veis, direitos humanos, igualdade de g\u00eanero, promo\u00e7\u00e3o de uma cultura de paz e n\u00e3o viol\u00eancia, cidadania global e valoriza\u00e7\u00e3o da diversidade cultural e da contribui\u00e7\u00e3o da cultura para o desenvolvimento sustent\u00e1vel.<\/p><p class=\"\" data-start=\"1781\" data-end=\"2011\">4.a Construir e melhorar instala\u00e7\u00f5es f\u00edsicas para educa\u00e7\u00e3o, apropriadas para crian\u00e7as e sens\u00edveis \u00e0s defici\u00eancias e ao g\u00eanero, e que proporcionem ambientes de aprendizagem seguros e n\u00e3o violentos, inclusivos e eficazes para todos.<\/p><p class=\"\" data-start=\"2013\" data-end=\"2465\">4.b At\u00e9 2020, substancialmente ampliar globalmente o n\u00famero de bolsas de estudo para os pa\u00edses em desenvolvimento, em particular os pa\u00edses menos desenvolvidos, pequenos Estados insulares em desenvolvimento e os pa\u00edses africanos, para o ensino superior, incluindo programas de forma\u00e7\u00e3o profissional, de tecnologia da informa\u00e7\u00e3o e da comunica\u00e7\u00e3o, t\u00e9cnicos, de engenharia e programas cient\u00edficos em pa\u00edses desenvolvidos e outros pa\u00edses em desenvolvimento.<\/p><p class=\"\" data-start=\"2467\" data-end=\"2752\">4.c At\u00e9 2030, substancialmente aumentar o contingente de professores qualificados, inclusive por meio da coopera\u00e7\u00e3o internacional para a forma\u00e7\u00e3o de professores, nos pa\u00edses em desenvolvimento, especialmente os pa\u00edses menos desenvolvidos e pequenos Estados insulares em desenvolvimento.<\/p>\t\t\t\t\t\t<\/div>\n\t\t\t\t<\/div>\n\t\t\t\t\t<\/div>\n\t\t<\/div>\n\t\t\t\t\t<\/div>\n\t\t<\/section>\n\t\t\t\t<section class=\"elementor-section elementor-top-section elementor-element elementor-element-bb60bc9 elementor-section-boxed elementor-section-height-default elementor-section-height-default\" data-id=\"bb60bc9\" data-element_type=\"section\">\n\t\t\t\t\t\t<div class=\"elementor-container elementor-column-gap-default\">\n\t\t\t\t\t<div class=\"elementor-column elementor-col-100 elementor-top-column elementor-element elementor-element-5ef5ec6\" data-id=\"5ef5ec6\" data-element_type=\"column\">\n\t\t\t<div class=\"elementor-widget-wrap elementor-element-populated\">\n\t\t\t\t\t\t<div class=\"elementor-element elementor-element-5a7fca9 elementor-widget elementor-widget-heading\" data-id=\"5a7fca9\" data-element_type=\"widget\" data-widget_type=\"heading.default\">\n\t\t\t\t<div class=\"elementor-widget-container\">\n\t\t\t<h2 class=\"elementor-heading-title elementor-size-default\">Contribui\u00e7\u00e3o da Biotecnologia<\/h2>\t\t<\/div>\n\t\t\t\t<\/div>\n\t\t\t\t\t<\/div>\n\t\t<\/div>\n\t\t\t\t\t<\/div>\n\t\t<\/section>\n\t\t\t\t<section class=\"elementor-section elementor-top-section elementor-element elementor-element-fa68f80 elementor-section-boxed elementor-section-height-default elementor-section-height-default\" data-id=\"fa68f80\" data-element_type=\"section\">\n\t\t\t\t\t\t<div class=\"elementor-container elementor-column-gap-default\">\n\t\t\t\t\t<div class=\"elementor-column elementor-col-100 elementor-top-column elementor-element elementor-element-9a9c51f\" data-id=\"9a9c51f\" data-element_type=\"column\">\n\t\t\t<div class=\"elementor-widget-wrap elementor-element-populated\">\n\t\t\t\t\t\t<div class=\"elementor-element elementor-element-665eff4 elementor-cta--skin-cover elementor-animated-content elementor-bg-transform elementor-bg-transform-zoom-in elementor-widget elementor-widget-call-to-action\" data-id=\"665eff4\" data-element_type=\"widget\" data-widget_type=\"call-to-action.default\">\n\t\t\t\t<div class=\"elementor-widget-container\">\n\t\t\t\t\t<div class=\"elementor-cta\">\n\t\t\t\t\t<div class=\"elementor-cta__bg-wrapper\">\n\t\t\t\t<div class=\"elementor-cta__bg elementor-bg\" style=\"background-image: url(https:\/\/sites.usp.br\/biotecomunidade\/wp-content\/uploads\/sites\/1649\/2026\/03\/user-people-network-circuit-board-link-connection-technology-1024x576.jpg);\" role=\"img\" aria-label=\"User People Network Circuit Board Link Connection Technology\"><\/div>\n\t\t\t\t<div class=\"elementor-cta__bg-overlay\"><\/div>\n\t\t\t<\/div>\n\t\t\t\t\t\t\t<div class=\"elementor-cta__content\">\n\t\t\t\t\n\t\t\t\t\t\t\t\t\t<h2 class=\"elementor-cta__title elementor-cta__content-item elementor-content-item elementor-animated-item--grow\">\n\t\t\t\t\t\tCi\u00eancia em tempos de p\u00f3s-verdade\t\t\t\t\t<\/h2>\n\t\t\t\t\n\t\t\t\t\t\t\t\t\t<div class=\"elementor-cta__description elementor-cta__content-item elementor-content-item elementor-animated-item--grow\">\n\t\t\t\t\t\tUrg\u00eancia da educa\u00e7\u00e3o de qualidade\t\t\t\t\t<\/div>\n\t\t\t\t\n\t\t\t\t\t\t\t\t\t<div class=\"elementor-cta__button-wrapper elementor-cta__content-item elementor-content-item elementor-animated-item--grow\">\n\t\t\t\t\t<a class=\"elementor-cta__button elementor-button elementor-size-\" href=\"https:\/\/sites.usp.br\/biotecomunidade\/bcardoso-1-ods4-1-2026\/\">\n\t\t\t\t\t\tClique aqui\t\t\t\t\t<\/a>\n\t\t\t\t\t<\/div>\n\t\t\t\t\t\t\t<\/div>\n\t\t\t\t\t\t\t<div class=\"elementor-ribbon elementor-ribbon-left\">\n\t\t\t\t<div class=\"elementor-ribbon-inner\">1<\/div>\n\t\t\t<\/div>\n\t\t\t\t<\/div>\n\t\t\t\t<\/div>\n\t\t\t\t<\/div>\n\t\t\t\t<div class=\"elementor-element elementor-element-45f3772 elementor-cta--skin-cover elementor-animated-content elementor-bg-transform elementor-bg-transform-zoom-in elementor-widget elementor-widget-call-to-action\" data-id=\"45f3772\" data-element_type=\"widget\" data-widget_type=\"call-to-action.default\">\n\t\t\t\t<div class=\"elementor-widget-container\">\n\t\t\t\t\t<div class=\"elementor-cta\">\n\t\t\t\t\t<div class=\"elementor-cta__bg-wrapper\">\n\t\t\t\t<div class=\"elementor-cta__bg elementor-bg\" style=\"background-image: url(https:\/\/sites.usp.br\/biotecomunidade\/wp-content\/uploads\/sites\/1649\/2026\/04\/Enzo-Bonaldi-Silva-ODS-4-Sugestao-capa-Enzo-Bonaldi-Silva-1024x576.jpg);\" role=\"img\" aria-label=\"Enzo Bonaldi Silva ODS 4 - Sugest\u00e3o capa - Enzo Bonaldi Silva\"><\/div>\n\t\t\t\t<div class=\"elementor-cta__bg-overlay\"><\/div>\n\t\t\t<\/div>\n\t\t\t\t\t\t\t<div class=\"elementor-cta__content\">\n\t\t\t\t\n\t\t\t\t\t\t\t\t\t<h2 class=\"elementor-cta__title elementor-cta__content-item elementor-content-item elementor-animated-item--grow\">\n\t\t\t\t\t\tCloud labs e ensino de biotecnologia\t\t\t\t\t<\/h2>\n\t\t\t\t\n\t\t\t\t\t\t\t\t\t<div class=\"elementor-cta__description elementor-cta__content-item elementor-content-item elementor-animated-item--grow\">\n\t\t\t\t\t\tInova\u00e7\u00e3o digital e democratiza\u00e7\u00e3o do acesso \u00e0 ci\u00eancia\t\t\t\t\t<\/div>\n\t\t\t\t\n\t\t\t\t\t\t\t\t\t<div class=\"elementor-cta__button-wrapper elementor-cta__content-item elementor-content-item elementor-animated-item--grow\">\n\t\t\t\t\t<a class=\"elementor-cta__button elementor-button elementor-size-\" href=\"https:\/\/sites.usp.br\/biotecomunidade\/esilva-1-ods4-2-2026\/\">\n\t\t\t\t\t\tClique aqui\t\t\t\t\t<\/a>\n\t\t\t\t\t<\/div>\n\t\t\t\t\t\t\t<\/div>\n\t\t\t\t\t\t\t<div class=\"elementor-ribbon elementor-ribbon-right\">\n\t\t\t\t<div class=\"elementor-ribbon-inner\">2<\/div>\n\t\t\t<\/div>\n\t\t\t\t<\/div>\n\t\t\t\t<\/div>\n\t\t\t\t<\/div>\n\t\t\t\t<div class=\"elementor-element elementor-element-8160893 elementor-cta--skin-cover elementor-animated-content elementor-bg-transform elementor-bg-transform-zoom-in elementor-widget elementor-widget-call-to-action\" data-id=\"8160893\" data-element_type=\"widget\" data-widget_type=\"call-to-action.default\">\n\t\t\t\t<div class=\"elementor-widget-container\">\n\t\t\t\t\t<div class=\"elementor-cta\">\n\t\t\t\t\t<div class=\"elementor-cta__bg-wrapper\">\n\t\t\t\t<div class=\"elementor-cta__bg elementor-bg\" style=\"background-image: url(https:\/\/sites.usp.br\/biotecomunidade\/wp-content\/uploads\/sites\/1649\/2026\/04\/graduation-high-school-university-concept-space-text-1024x683.jpg);\" role=\"img\" aria-label=\"Graduation in high school and university concept, space for text\"><\/div>\n\t\t\t\t<div class=\"elementor-cta__bg-overlay\"><\/div>\n\t\t\t<\/div>\n\t\t\t\t\t\t\t<div class=\"elementor-cta__content\">\n\t\t\t\t\n\t\t\t\t\t\t\t\t\t<h2 class=\"elementor-cta__title elementor-cta__content-item elementor-content-item elementor-animated-item--grow\">\n\t\t\t\t\t\tEduca\u00e7\u00e3o, desigualdade e biotecnologia\t\t\t\t\t<\/h2>\n\t\t\t\t\n\t\t\t\t\t\t\t\t\t<div class=\"elementor-cta__description elementor-cta__content-item elementor-content-item elementor-animated-item--grow\">\n\t\t\t\t\t\tDesafio para o ODS 4\t\t\t\t\t<\/div>\n\t\t\t\t\n\t\t\t\t\t\t\t\t\t<div class=\"elementor-cta__button-wrapper elementor-cta__content-item elementor-content-item elementor-animated-item--grow\">\n\t\t\t\t\t<a class=\"elementor-cta__button elementor-button elementor-size-\" href=\"https:\/\/sites.usp.br\/biotecomunidade\/etsai-1-ods4-3-2026\/\">\n\t\t\t\t\t\tClique aqui\t\t\t\t\t<\/a>\n\t\t\t\t\t<\/div>\n\t\t\t\t\t\t\t<\/div>\n\t\t\t\t\t\t\t<div class=\"elementor-ribbon elementor-ribbon-left\">\n\t\t\t\t<div class=\"elementor-ribbon-inner\">3<\/div>\n\t\t\t<\/div>\n\t\t\t\t<\/div>\n\t\t\t\t<\/div>\n\t\t\t\t<\/div>\n\t\t\t\t\t<\/div>\n\t\t<\/div>\n\t\t\t\t\t<\/div>\n\t\t<\/section>\n\t\t\t\t<\/div>\n\t\t","protected":false},"excerpt":{"rendered":"<p>Educa\u00e7\u00e3o de qualidade 4.1 At\u00e9 2030, garantir que todas as meninas e meninos completem o ensino prim\u00e1rio e secund\u00e1rio livre, equitativo e de qualidade, que conduza a resultados de aprendizagem relevantes e eficazes. 4.2 At\u00e9 2030, garantir que todas as meninas e meninos tenham acesso a um desenvolvimento de qualidade na primeira inf\u00e2ncia, cuidados e [&hellip;]<\/p>\n","protected":false},"author":24613,"featured_media":0,"parent":0,"menu_order":0,"comment_status":"closed","ping_status":"closed","template":"","meta":{"_monsterinsights_skip_tracking":false,"_monsterinsights_sitenote_active":false,"_monsterinsights_sitenote_note":"","_monsterinsights_sitenote_category":0,"footnotes":"","_links_to":"","_links_to_target":""},"class_list":["post-3090","page","type-page","status-publish","hentry","entry"],"_links":{"self":[{"href":"https:\/\/sites.usp.br\/biotecomunidade\/wp-json\/wp\/v2\/pages\/3090","targetHints":{"allow":["GET"]}}],"collection":[{"href":"https:\/\/sites.usp.br\/biotecomunidade\/wp-json\/wp\/v2\/pages"}],"about":[{"href":"https:\/\/sites.usp.br\/biotecomunidade\/wp-json\/wp\/v2\/types\/page"}],"author":[{"embeddable":true,"href":"https:\/\/sites.usp.br\/biotecomunidade\/wp-json\/wp\/v2\/users\/24613"}],"replies":[{"embeddable":true,"href":"https:\/\/sites.usp.br\/biotecomunidade\/wp-json\/wp\/v2\/comments?post=3090"}],"version-history":[{"count":4,"href":"https:\/\/sites.usp.br\/biotecomunidade\/wp-json\/wp\/v2\/pages\/3090\/revisions"}],"predecessor-version":[{"id":3942,"href":"https:\/\/sites.usp.br\/biotecomunidade\/wp-json\/wp\/v2\/pages\/3090\/revisions\/3942"}],"wp:attachment":[{"href":"https:\/\/sites.usp.br\/biotecomunidade\/wp-json\/wp\/v2\/media?parent=3090"}],"curies":[{"name":"wp","href":"https:\/\/api.w.org\/{rel}","templated":true}]}}