{"id":3096,"date":"2025-04-04T17:30:08","date_gmt":"2025-04-04T20:30:08","guid":{"rendered":"https:\/\/sites.usp.br\/biotecomunidade\/?page_id=3096"},"modified":"2026-03-20T13:35:57","modified_gmt":"2026-03-20T16:35:57","slug":"ods-07","status":"publish","type":"page","link":"https:\/\/sites.usp.br\/biotecomunidade\/ods-07\/","title":{"rendered":"ODS 7"},"content":{"rendered":"\t\t<div data-elementor-type=\"wp-page\" data-elementor-id=\"3096\" class=\"elementor elementor-3096\" data-elementor-post-type=\"page\">\n\t\t\t\t\t\t<section class=\"elementor-section elementor-top-section elementor-element elementor-element-6fe9399 elementor-section-boxed elementor-section-height-default elementor-section-height-default\" data-id=\"6fe9399\" data-element_type=\"section\">\n\t\t\t\t\t\t<div class=\"elementor-container elementor-column-gap-default\">\n\t\t\t\t\t<div class=\"elementor-column elementor-col-100 elementor-top-column elementor-element elementor-element-5e6b7e4\" data-id=\"5e6b7e4\" data-element_type=\"column\">\n\t\t\t<div class=\"elementor-widget-wrap elementor-element-populated\">\n\t\t\t\t\t\t<div class=\"elementor-element elementor-element-50aa4b8 elementor-widget elementor-widget-image\" data-id=\"50aa4b8\" data-element_type=\"widget\" data-widget_type=\"image.default\">\n\t\t\t\t<div class=\"elementor-widget-container\">\n\t\t\t\t\t\t\t\t\t\t\t\t\t<img fetchpriority=\"high\" decoding=\"async\" width=\"1024\" height=\"520\" src=\"https:\/\/sites.usp.br\/biotecomunidade\/wp-content\/uploads\/sites\/1649\/2025\/04\/07-1024x520.png\" class=\"attachment-large size-large wp-image-3138\" alt=\"\" srcset=\"https:\/\/sites.usp.br\/biotecomunidade\/wp-content\/uploads\/sites\/1649\/2025\/04\/07-1024x520.png 1024w, https:\/\/sites.usp.br\/biotecomunidade\/wp-content\/uploads\/sites\/1649\/2025\/04\/07-300x152.png 300w, https:\/\/sites.usp.br\/biotecomunidade\/wp-content\/uploads\/sites\/1649\/2025\/04\/07-768x390.png 768w, https:\/\/sites.usp.br\/biotecomunidade\/wp-content\/uploads\/sites\/1649\/2025\/04\/07-400x203.png 400w, https:\/\/sites.usp.br\/biotecomunidade\/wp-content\/uploads\/sites\/1649\/2025\/04\/07.png 1145w\" sizes=\"(max-width: 1024px) 100vw, 1024px\" \/>\t\t\t\t\t\t\t\t\t\t\t\t\t<\/div>\n\t\t\t\t<\/div>\n\t\t\t\t<div class=\"elementor-element elementor-element-b833664 elementor-widget elementor-widget-heading\" data-id=\"b833664\" data-element_type=\"widget\" data-widget_type=\"heading.default\">\n\t\t\t\t<div class=\"elementor-widget-container\">\n\t\t\t<h2 class=\"elementor-heading-title elementor-size-default\">Energia limpa e acess\u00edvel<\/h2>\t\t<\/div>\n\t\t\t\t<\/div>\n\t\t\t\t\t<\/div>\n\t\t<\/div>\n\t\t\t\t\t<\/div>\n\t\t<\/section>\n\t\t\t\t<section class=\"elementor-section elementor-top-section elementor-element elementor-element-81deb7d elementor-section-boxed elementor-section-height-default elementor-section-height-default\" data-id=\"81deb7d\" data-element_type=\"section\">\n\t\t\t\t\t\t<div class=\"elementor-container elementor-column-gap-default\">\n\t\t\t\t\t<div class=\"elementor-column elementor-col-100 elementor-top-column elementor-element elementor-element-efb6ddc\" data-id=\"efb6ddc\" data-element_type=\"column\">\n\t\t\t<div class=\"elementor-widget-wrap elementor-element-populated\">\n\t\t\t\t\t\t<div class=\"elementor-element elementor-element-cbce7ac elementor-widget elementor-widget-heading\" data-id=\"cbce7ac\" data-element_type=\"widget\" data-widget_type=\"heading.default\">\n\t\t\t\t<div class=\"elementor-widget-container\">\n\t\t\t<h2 class=\"elementor-heading-title elementor-size-default\">Contribui\u00e7\u00e3o da Biotecnologia<\/h2>\t\t<\/div>\n\t\t\t\t<\/div>\n\t\t\t\t<div class=\"elementor-element elementor-element-3baf81a elementor-widget elementor-widget-text-editor\" data-id=\"3baf81a\" data-element_type=\"widget\" data-widget_type=\"text-editor.default\">\n\t\t\t\t<div class=\"elementor-widget-container\">\n\t\t\t\t\t\t\t<p class=\"\" data-start=\"79\" data-end=\"186\">7.1 At\u00e9 2030, assegurar o acesso universal, confi\u00e1vel, moderno e a pre\u00e7os acess\u00edveis a servi\u00e7os de energia.<\/p><p class=\"\" data-start=\"188\" data-end=\"294\">7.2 At\u00e9 2030, aumentar substancialmente a participa\u00e7\u00e3o de energias renov\u00e1veis na matriz energ\u00e9tica global.<\/p><p class=\"\" data-start=\"296\" data-end=\"368\">7.3 At\u00e9 2030, dobrar a taxa global de melhoria da efici\u00eancia energ\u00e9tica.<\/p><p class=\"\" data-start=\"370\" data-end=\"692\">7.a At\u00e9 2030, refor\u00e7ar a coopera\u00e7\u00e3o internacional para facilitar o acesso a pesquisa e tecnologias de energia limpa, incluindo energias renov\u00e1veis, efici\u00eancia energ\u00e9tica e tecnologias de combust\u00edveis f\u00f3sseis avan\u00e7adas e mais limpas, e promover o investimento em infraestrutura de energia e em tecnologias de energia limpa.<\/p><p class=\"\" data-start=\"694\" data-end=\"1062\">7.b At\u00e9 2030, expandir a infraestrutura e modernizar a tecnologia para o fornecimento de servi\u00e7os de energia modernos e sustent\u00e1veis para todos nos pa\u00edses em desenvolvimento, particularmente nos pa\u00edses menos desenvolvidos, nos pequenos Estados insulares em desenvolvimento e nos pa\u00edses em desenvolvimento sem litoral, de acordo com seus respectivos programas de apoio.<\/p>\t\t\t\t\t\t<\/div>\n\t\t\t\t<\/div>\n\t\t\t\t\t<\/div>\n\t\t<\/div>\n\t\t\t\t\t<\/div>\n\t\t<\/section>\n\t\t\t\t<section class=\"elementor-section elementor-top-section elementor-element elementor-element-6059870 elementor-section-boxed elementor-section-height-default elementor-section-height-default\" data-id=\"6059870\" data-element_type=\"section\">\n\t\t\t\t\t\t<div class=\"elementor-container elementor-column-gap-default\">\n\t\t\t\t\t<div class=\"elementor-column elementor-col-100 elementor-top-column elementor-element elementor-element-00a3b7a\" data-id=\"00a3b7a\" data-element_type=\"column\">\n\t\t\t<div class=\"elementor-widget-wrap elementor-element-populated\">\n\t\t\t\t\t\t<div class=\"elementor-element elementor-element-9ebfc50 elementor-cta--skin-cover elementor-animated-content elementor-bg-transform elementor-bg-transform-zoom-in elementor-widget elementor-widget-call-to-action\" data-id=\"9ebfc50\" data-element_type=\"widget\" data-widget_type=\"call-to-action.default\">\n\t\t\t\t<div class=\"elementor-widget-container\">\n\t\t\t\t\t<div class=\"elementor-cta\">\n\t\t\t\t\t<div class=\"elementor-cta__bg-wrapper\">\n\t\t\t\t<div class=\"elementor-cta__bg elementor-bg\" style=\"background-image: url(https:\/\/sites.usp.br\/biotecomunidade\/wp-content\/uploads\/sites\/1649\/2026\/03\/wind-turbines-generating-clean-energy-1024x559.jpg);\" role=\"img\" aria-label=\"wind-turbines-generating-clean-energy\"><\/div>\n\t\t\t\t<div class=\"elementor-cta__bg-overlay\"><\/div>\n\t\t\t<\/div>\n\t\t\t\t\t\t\t<div class=\"elementor-cta__content\">\n\t\t\t\t\n\t\t\t\t\t\t\t\t\t<h2 class=\"elementor-cta__title elementor-cta__content-item elementor-content-item elementor-animated-item--grow\">\n\t\t\t\t\t\tEnergia limpa e biotecnologia\t\t\t\t\t<\/h2>\n\t\t\t\t\n\t\t\t\t\t\t\t\t\t<div class=\"elementor-cta__description elementor-cta__content-item elementor-content-item elementor-animated-item--grow\">\n\t\t\t\t\t\tCaminho para inova\u00e7\u00e3o e sustentabilidade\t\t\t\t\t<\/div>\n\t\t\t\t\n\t\t\t\t\t\t\t\t\t<div class=\"elementor-cta__button-wrapper elementor-cta__content-item elementor-content-item elementor-animated-item--grow\">\n\t\t\t\t\t<a class=\"elementor-cta__button elementor-button elementor-size-\" href=\"https:\/\/sites.usp.br\/biotecomunidade\/icoelho-1-ods7-1-2026\/\">\n\t\t\t\t\t\tClique aqui\t\t\t\t\t<\/a>\n\t\t\t\t\t<\/div>\n\t\t\t\t\t\t\t<\/div>\n\t\t\t\t\t\t\t<div class=\"elementor-ribbon elementor-ribbon-left\">\n\t\t\t\t<div class=\"elementor-ribbon-inner\">1<\/div>\n\t\t\t<\/div>\n\t\t\t\t<\/div>\n\t\t\t\t<\/div>\n\t\t\t\t<\/div>\n\t\t\t\t\t<\/div>\n\t\t<\/div>\n\t\t\t\t\t<\/div>\n\t\t<\/section>\n\t\t\t\t<\/div>\n\t\t","protected":false},"excerpt":{"rendered":"<p>Energia limpa e acess\u00edvel Contribui\u00e7\u00e3o da Biotecnologia 7.1 At\u00e9 2030, assegurar o acesso universal, confi\u00e1vel, moderno e a pre\u00e7os acess\u00edveis a servi\u00e7os de energia. 7.2 At\u00e9 2030, aumentar substancialmente a participa\u00e7\u00e3o de energias renov\u00e1veis na matriz energ\u00e9tica global. 7.3 At\u00e9 2030, dobrar a taxa global de melhoria da efici\u00eancia energ\u00e9tica. 7.a At\u00e9 2030, refor\u00e7ar a [&hellip;]<\/p>\n","protected":false},"author":24613,"featured_media":0,"parent":0,"menu_order":0,"comment_status":"closed","ping_status":"closed","template":"","meta":{"_monsterinsights_skip_tracking":false,"_monsterinsights_sitenote_active":false,"_monsterinsights_sitenote_note":"","_monsterinsights_sitenote_category":0,"footnotes":"","_links_to":"","_links_to_target":""},"class_list":["post-3096","page","type-page","status-publish","hentry","entry"],"_links":{"self":[{"href":"https:\/\/sites.usp.br\/biotecomunidade\/wp-json\/wp\/v2\/pages\/3096","targetHints":{"allow":["GET"]}}],"collection":[{"href":"https:\/\/sites.usp.br\/biotecomunidade\/wp-json\/wp\/v2\/pages"}],"about":[{"href":"https:\/\/sites.usp.br\/biotecomunidade\/wp-json\/wp\/v2\/types\/page"}],"author":[{"embeddable":true,"href":"https:\/\/sites.usp.br\/biotecomunidade\/wp-json\/wp\/v2\/users\/24613"}],"replies":[{"embeddable":true,"href":"https:\/\/sites.usp.br\/biotecomunidade\/wp-json\/wp\/v2\/comments?post=3096"}],"version-history":[{"count":4,"href":"https:\/\/sites.usp.br\/biotecomunidade\/wp-json\/wp\/v2\/pages\/3096\/revisions"}],"predecessor-version":[{"id":3676,"href":"https:\/\/sites.usp.br\/biotecomunidade\/wp-json\/wp\/v2\/pages\/3096\/revisions\/3676"}],"wp:attachment":[{"href":"https:\/\/sites.usp.br\/biotecomunidade\/wp-json\/wp\/v2\/media?parent=3096"}],"curies":[{"name":"wp","href":"https:\/\/api.w.org\/{rel}","templated":true}]}}