{"id":3098,"date":"2025-04-04T17:30:19","date_gmt":"2025-04-04T20:30:19","guid":{"rendered":"https:\/\/sites.usp.br\/biotecomunidade\/?page_id=3098"},"modified":"2026-04-01T23:27:04","modified_gmt":"2026-04-02T02:27:04","slug":"ods-08","status":"publish","type":"page","link":"https:\/\/sites.usp.br\/biotecomunidade\/ods-08\/","title":{"rendered":"ODS 8"},"content":{"rendered":"\t\t<div data-elementor-type=\"wp-page\" data-elementor-id=\"3098\" class=\"elementor elementor-3098\" data-elementor-post-type=\"page\">\n\t\t\t\t\t\t<section class=\"elementor-section elementor-top-section elementor-element elementor-element-ee46367 elementor-section-boxed elementor-section-height-default elementor-section-height-default\" data-id=\"ee46367\" data-element_type=\"section\">\n\t\t\t\t\t\t<div class=\"elementor-container elementor-column-gap-default\">\n\t\t\t\t\t<div class=\"elementor-column elementor-col-100 elementor-top-column elementor-element elementor-element-95491da\" data-id=\"95491da\" data-element_type=\"column\">\n\t\t\t<div class=\"elementor-widget-wrap elementor-element-populated\">\n\t\t\t\t\t\t<div class=\"elementor-element elementor-element-360139a elementor-widget elementor-widget-image\" data-id=\"360139a\" data-element_type=\"widget\" data-widget_type=\"image.default\">\n\t\t\t\t<div class=\"elementor-widget-container\">\n\t\t\t\t\t\t\t\t\t\t\t\t\t<img fetchpriority=\"high\" decoding=\"async\" width=\"1024\" height=\"537\" src=\"https:\/\/sites.usp.br\/biotecomunidade\/wp-content\/uploads\/sites\/1649\/2025\/04\/08-1024x537.png\" class=\"attachment-large size-large wp-image-3142\" alt=\"\" srcset=\"https:\/\/sites.usp.br\/biotecomunidade\/wp-content\/uploads\/sites\/1649\/2025\/04\/08-1024x537.png 1024w, https:\/\/sites.usp.br\/biotecomunidade\/wp-content\/uploads\/sites\/1649\/2025\/04\/08-300x157.png 300w, https:\/\/sites.usp.br\/biotecomunidade\/wp-content\/uploads\/sites\/1649\/2025\/04\/08-768x403.png 768w, https:\/\/sites.usp.br\/biotecomunidade\/wp-content\/uploads\/sites\/1649\/2025\/04\/08-400x210.png 400w, https:\/\/sites.usp.br\/biotecomunidade\/wp-content\/uploads\/sites\/1649\/2025\/04\/08.png 1145w\" sizes=\"(max-width: 1024px) 100vw, 1024px\" \/>\t\t\t\t\t\t\t\t\t\t\t\t\t<\/div>\n\t\t\t\t<\/div>\n\t\t\t\t\t<\/div>\n\t\t<\/div>\n\t\t\t\t\t<\/div>\n\t\t<\/section>\n\t\t\t\t<section class=\"elementor-section elementor-top-section elementor-element elementor-element-6839ee5 elementor-section-boxed elementor-section-height-default elementor-section-height-default\" data-id=\"6839ee5\" data-element_type=\"section\">\n\t\t\t\t\t\t<div class=\"elementor-container elementor-column-gap-default\">\n\t\t\t\t\t<div class=\"elementor-column elementor-col-100 elementor-top-column elementor-element elementor-element-700a985\" data-id=\"700a985\" data-element_type=\"column\">\n\t\t\t<div class=\"elementor-widget-wrap elementor-element-populated\">\n\t\t\t\t\t\t<div class=\"elementor-element elementor-element-826041f elementor-widget elementor-widget-heading\" data-id=\"826041f\" data-element_type=\"widget\" data-widget_type=\"heading.default\">\n\t\t\t\t<div class=\"elementor-widget-container\">\n\t\t\t<h2 class=\"elementor-heading-title elementor-size-default\">Trabalho decente e crescimento econ\u00f4mico<\/h2>\t\t<\/div>\n\t\t\t\t<\/div>\n\t\t\t\t\t<\/div>\n\t\t<\/div>\n\t\t\t\t\t<\/div>\n\t\t<\/section>\n\t\t\t\t<section class=\"elementor-section elementor-top-section elementor-element elementor-element-9f00802 elementor-section-boxed elementor-section-height-default elementor-section-height-default\" data-id=\"9f00802\" data-element_type=\"section\">\n\t\t\t\t\t\t<div class=\"elementor-container elementor-column-gap-default\">\n\t\t\t\t\t<div class=\"elementor-column elementor-col-100 elementor-top-column elementor-element elementor-element-3f38ac4\" data-id=\"3f38ac4\" data-element_type=\"column\">\n\t\t\t<div class=\"elementor-widget-wrap elementor-element-populated\">\n\t\t\t\t\t\t<div class=\"elementor-element elementor-element-b85a093 elementor-widget elementor-widget-text-editor\" data-id=\"b85a093\" data-element_type=\"widget\" data-widget_type=\"text-editor.default\">\n\t\t\t\t<div class=\"elementor-widget-container\">\n\t\t\t\t\t\t\t<p class=\"\" data-start=\"80\" data-end=\"289\">8.1 Sustentar o crescimento econ\u00f4mico per capita de acordo com as circunst\u00e2ncias nacionais e, em particular, um crescimento anual de pelo menos 7% do produto interno bruto [PIB] nos pa\u00edses menos desenvolvidos.<\/p><p class=\"\" data-start=\"291\" data-end=\"524\">8.2 Atingir n\u00edveis mais elevados de produtividade das economias por meio da diversifica\u00e7\u00e3o, moderniza\u00e7\u00e3o tecnol\u00f3gica e inova\u00e7\u00e3o, inclusive por meio de um foco em setores de alto valor agregado e dos setores intensivos em m\u00e3o de obra.<\/p><p class=\"\" data-start=\"526\" data-end=\"826\">8.3 Promover pol\u00edticas orientadas para o desenvolvimento que apoiem as atividades produtivas, gera\u00e7\u00e3o de emprego decente, empreendedorismo, criatividade e inova\u00e7\u00e3o, e incentivar a formaliza\u00e7\u00e3o e o crescimento das micro, pequenas e m\u00e9dias empresas, inclusive por meio do acesso a servi\u00e7os financeiros.<\/p><p class=\"\" data-start=\"828\" data-end=\"1139\">8.4 Melhorar progressivamente, at\u00e9 2030, a efici\u00eancia dos recursos globais no consumo e na produ\u00e7\u00e3o, e empenhar-se para dissociar o crescimento econ\u00f4mico da degrada\u00e7\u00e3o ambiental, de acordo com o Plano Decenal de Programas sobre Produ\u00e7\u00e3o e Consumo Sustent\u00e1veis, com os pa\u00edses desenvolvidos assumindo a lideran\u00e7a.<\/p><p class=\"\" data-start=\"1141\" data-end=\"1348\">8.5 At\u00e9 2030, alcan\u00e7ar o emprego pleno e produtivo e trabalho decente para todas as mulheres e homens, inclusive para os jovens e as pessoas com defici\u00eancia, e remunera\u00e7\u00e3o igual para trabalho de igual valor.<\/p><p class=\"\" data-start=\"1350\" data-end=\"1445\">8.6 At\u00e9 2020, reduzir substancialmente a propor\u00e7\u00e3o de jovens sem emprego, educa\u00e7\u00e3o ou forma\u00e7\u00e3o.<\/p><p class=\"\" data-start=\"1447\" data-end=\"1777\">8.7 Tomar medidas imediatas e eficazes para erradicar o trabalho for\u00e7ado, acabar com a escravid\u00e3o moderna e o tr\u00e1fico de pessoas, e assegurar a proibi\u00e7\u00e3o e elimina\u00e7\u00e3o das piores formas de trabalho infantil, incluindo recrutamento e utiliza\u00e7\u00e3o de crian\u00e7as-soldado, e at\u00e9 2025 acabar com o trabalho infantil em todas as suas formas.<\/p><p class=\"\" data-start=\"1779\" data-end=\"2007\">8.8 Proteger os direitos trabalhistas e promover ambientes de trabalho seguros e protegidos para todos os trabalhadores, incluindo os trabalhadores migrantes, em particular as mulheres migrantes, e pessoas em empregos prec\u00e1rios.<\/p><p class=\"\" data-start=\"2009\" data-end=\"2152\">8.9 At\u00e9 2030, elaborar e implementar pol\u00edticas para promover o turismo sustent\u00e1vel, que gera empregos e promove a cultura e os produtos locais.<\/p><p class=\"\" data-start=\"2154\" data-end=\"2319\">8.10 Fortalecer a capacidade das institui\u00e7\u00f5es financeiras nacionais para incentivar a expans\u00e3o do acesso aos servi\u00e7os banc\u00e1rios, de seguros e financeiros para todos.<\/p><p class=\"\" data-start=\"2321\" data-end=\"2617\">8.a Aumentar o apoio da Iniciativa de Ajuda para o Com\u00e9rcio [Aid for Trade] para os pa\u00edses em desenvolvimento, particularmente os pa\u00edses menos desenvolvidos, inclusive por meio do Quadro Integrado Refor\u00e7ado para a Assist\u00eancia T\u00e9cnica Relacionada com o Com\u00e9rcio para os pa\u00edses menos desenvolvidos.<\/p><p class=\"\" data-start=\"2619\" data-end=\"2803\">8.b At\u00e9 2020, desenvolver e operacionalizar uma estrat\u00e9gia global para o emprego dos jovens e implementar o Pacto Mundial para o Emprego da Organiza\u00e7\u00e3o Internacional do Trabalho [OIT].<\/p>\t\t\t\t\t\t<\/div>\n\t\t\t\t<\/div>\n\t\t\t\t\t<\/div>\n\t\t<\/div>\n\t\t\t\t\t<\/div>\n\t\t<\/section>\n\t\t\t\t<section class=\"elementor-section elementor-top-section elementor-element elementor-element-fd29e12 elementor-section-boxed elementor-section-height-default elementor-section-height-default\" data-id=\"fd29e12\" data-element_type=\"section\">\n\t\t\t\t\t\t<div class=\"elementor-container elementor-column-gap-default\">\n\t\t\t\t\t<div class=\"elementor-column elementor-col-100 elementor-top-column elementor-element elementor-element-57a1b9b\" data-id=\"57a1b9b\" data-element_type=\"column\">\n\t\t\t<div class=\"elementor-widget-wrap elementor-element-populated\">\n\t\t\t\t\t\t<div class=\"elementor-element elementor-element-27ea944 elementor-widget elementor-widget-heading\" data-id=\"27ea944\" data-element_type=\"widget\" data-widget_type=\"heading.default\">\n\t\t\t\t<div class=\"elementor-widget-container\">\n\t\t\t<h2 class=\"elementor-heading-title elementor-size-default\">Contribui\u00e7\u00e3o da Biotecnologia<\/h2>\t\t<\/div>\n\t\t\t\t<\/div>\n\t\t\t\t<div class=\"elementor-element elementor-element-f49d103 elementor-cta--skin-cover elementor-animated-content elementor-bg-transform elementor-bg-transform-zoom-in elementor-widget elementor-widget-call-to-action\" data-id=\"f49d103\" data-element_type=\"widget\" data-widget_type=\"call-to-action.default\">\n\t\t\t\t<div class=\"elementor-widget-container\">\n\t\t\t\t\t<div class=\"elementor-cta\">\n\t\t\t\t\t<div class=\"elementor-cta__bg-wrapper\">\n\t\t\t\t<div class=\"elementor-cta__bg elementor-bg\" style=\"background-image: url(https:\/\/sites.usp.br\/biotecomunidade\/wp-content\/uploads\/sites\/1649\/2026\/04\/representation-microorganisms-concept-1024x683.jpg);\" role=\"img\" aria-label=\"3D microorganisms\"><\/div>\n\t\t\t\t<div class=\"elementor-cta__bg-overlay\"><\/div>\n\t\t\t<\/div>\n\t\t\t\t\t\t\t<div class=\"elementor-cta__content\">\n\t\t\t\t\n\t\t\t\t\t\t\t\t\t<h2 class=\"elementor-cta__title elementor-cta__content-item elementor-content-item elementor-animated-item--grow\">\n\t\t\t\t\t\tCelulose bacteriana da agricultura \u00e0 ind\u00fastria\t\t\t\t\t<\/h2>\n\t\t\t\t\n\t\t\t\t\t\t\t\t\t<div class=\"elementor-cta__description elementor-cta__content-item elementor-content-item elementor-animated-item--grow\">\n\t\t\t\t\t\tInova\u00e7\u00e3o, sustentabilidade e desenvolvimento econ\u00f4mico\t\t\t\t\t<\/div>\n\t\t\t\t\n\t\t\t\t\t\t\t\t\t<div class=\"elementor-cta__button-wrapper elementor-cta__content-item elementor-content-item elementor-animated-item--grow\">\n\t\t\t\t\t<a class=\"elementor-cta__button elementor-button elementor-size-\" href=\"https:\/\/sites.usp.br\/biotecomunidade\/gnascimento-1-ods8-1-2026\/\">\n\t\t\t\t\t\tClique aqui\t\t\t\t\t<\/a>\n\t\t\t\t\t<\/div>\n\t\t\t\t\t\t\t<\/div>\n\t\t\t\t\t\t\t<div class=\"elementor-ribbon elementor-ribbon-left\">\n\t\t\t\t<div class=\"elementor-ribbon-inner\">1<\/div>\n\t\t\t<\/div>\n\t\t\t\t<\/div>\n\t\t\t\t<\/div>\n\t\t\t\t<\/div>\n\t\t\t\t\t<\/div>\n\t\t<\/div>\n\t\t\t\t\t<\/div>\n\t\t<\/section>\n\t\t\t\t<\/div>\n\t\t","protected":false},"excerpt":{"rendered":"<p>Trabalho decente e crescimento econ\u00f4mico 8.1 Sustentar o crescimento econ\u00f4mico per capita de acordo com as circunst\u00e2ncias nacionais e, em particular, um crescimento anual de pelo menos 7% do produto interno bruto [PIB] nos pa\u00edses menos desenvolvidos. 8.2 Atingir n\u00edveis mais elevados de produtividade das economias por meio da diversifica\u00e7\u00e3o, moderniza\u00e7\u00e3o tecnol\u00f3gica e inova\u00e7\u00e3o, inclusive [&hellip;]<\/p>\n","protected":false},"author":24613,"featured_media":0,"parent":0,"menu_order":0,"comment_status":"closed","ping_status":"closed","template":"","meta":{"_monsterinsights_skip_tracking":false,"_monsterinsights_sitenote_active":false,"_monsterinsights_sitenote_note":"","_monsterinsights_sitenote_category":0,"footnotes":"","_links_to":"","_links_to_target":""},"class_list":["post-3098","page","type-page","status-publish","hentry","entry"],"_links":{"self":[{"href":"https:\/\/sites.usp.br\/biotecomunidade\/wp-json\/wp\/v2\/pages\/3098","targetHints":{"allow":["GET"]}}],"collection":[{"href":"https:\/\/sites.usp.br\/biotecomunidade\/wp-json\/wp\/v2\/pages"}],"about":[{"href":"https:\/\/sites.usp.br\/biotecomunidade\/wp-json\/wp\/v2\/types\/page"}],"author":[{"embeddable":true,"href":"https:\/\/sites.usp.br\/biotecomunidade\/wp-json\/wp\/v2\/users\/24613"}],"replies":[{"embeddable":true,"href":"https:\/\/sites.usp.br\/biotecomunidade\/wp-json\/wp\/v2\/comments?post=3098"}],"version-history":[{"count":4,"href":"https:\/\/sites.usp.br\/biotecomunidade\/wp-json\/wp\/v2\/pages\/3098\/revisions"}],"predecessor-version":[{"id":3906,"href":"https:\/\/sites.usp.br\/biotecomunidade\/wp-json\/wp\/v2\/pages\/3098\/revisions\/3906"}],"wp:attachment":[{"href":"https:\/\/sites.usp.br\/biotecomunidade\/wp-json\/wp\/v2\/media?parent=3098"}],"curies":[{"name":"wp","href":"https:\/\/api.w.org\/{rel}","templated":true}]}}