{"id":3102,"date":"2025-04-04T17:30:47","date_gmt":"2025-04-04T20:30:47","guid":{"rendered":"https:\/\/sites.usp.br\/biotecomunidade\/?page_id=3102"},"modified":"2026-04-07T19:25:52","modified_gmt":"2026-04-07T22:25:52","slug":"ods-10","status":"publish","type":"page","link":"https:\/\/sites.usp.br\/biotecomunidade\/ods-10\/","title":{"rendered":"ODS 10"},"content":{"rendered":"\t\t<div data-elementor-type=\"wp-page\" data-elementor-id=\"3102\" class=\"elementor elementor-3102\" data-elementor-post-type=\"page\">\n\t\t\t\t\t\t<section class=\"elementor-section elementor-top-section elementor-element elementor-element-3d0834a elementor-section-boxed elementor-section-height-default elementor-section-height-default\" data-id=\"3d0834a\" data-element_type=\"section\">\n\t\t\t\t\t\t<div class=\"elementor-container elementor-column-gap-default\">\n\t\t\t\t\t<div class=\"elementor-column elementor-col-100 elementor-top-column elementor-element elementor-element-1ffe068\" data-id=\"1ffe068\" data-element_type=\"column\">\n\t\t\t<div class=\"elementor-widget-wrap elementor-element-populated\">\n\t\t\t\t\t\t<div class=\"elementor-element elementor-element-e788cec elementor-widget elementor-widget-image\" data-id=\"e788cec\" data-element_type=\"widget\" data-widget_type=\"image.default\">\n\t\t\t\t<div class=\"elementor-widget-container\">\n\t\t\t\t\t\t\t\t\t\t\t\t\t<img fetchpriority=\"high\" decoding=\"async\" width=\"1024\" height=\"520\" src=\"https:\/\/sites.usp.br\/biotecomunidade\/wp-content\/uploads\/sites\/1649\/2025\/04\/10-1024x520.png\" class=\"attachment-large size-large wp-image-3150\" alt=\"\" srcset=\"https:\/\/sites.usp.br\/biotecomunidade\/wp-content\/uploads\/sites\/1649\/2025\/04\/10-1024x520.png 1024w, https:\/\/sites.usp.br\/biotecomunidade\/wp-content\/uploads\/sites\/1649\/2025\/04\/10-300x152.png 300w, https:\/\/sites.usp.br\/biotecomunidade\/wp-content\/uploads\/sites\/1649\/2025\/04\/10-768x390.png 768w, https:\/\/sites.usp.br\/biotecomunidade\/wp-content\/uploads\/sites\/1649\/2025\/04\/10-400x203.png 400w, https:\/\/sites.usp.br\/biotecomunidade\/wp-content\/uploads\/sites\/1649\/2025\/04\/10.png 1145w\" sizes=\"(max-width: 1024px) 100vw, 1024px\" \/>\t\t\t\t\t\t\t\t\t\t\t\t\t<\/div>\n\t\t\t\t<\/div>\n\t\t\t\t\t<\/div>\n\t\t<\/div>\n\t\t\t\t\t<\/div>\n\t\t<\/section>\n\t\t\t\t<section class=\"elementor-section elementor-top-section elementor-element elementor-element-c764117 elementor-section-boxed elementor-section-height-default elementor-section-height-default\" data-id=\"c764117\" data-element_type=\"section\">\n\t\t\t\t\t\t<div class=\"elementor-container elementor-column-gap-default\">\n\t\t\t\t\t<div class=\"elementor-column elementor-col-100 elementor-top-column elementor-element elementor-element-f5bd5ba\" data-id=\"f5bd5ba\" data-element_type=\"column\">\n\t\t\t<div class=\"elementor-widget-wrap elementor-element-populated\">\n\t\t\t\t\t\t<div class=\"elementor-element elementor-element-0c1a82a elementor-widget elementor-widget-heading\" data-id=\"0c1a82a\" data-element_type=\"widget\" data-widget_type=\"heading.default\">\n\t\t\t\t<div class=\"elementor-widget-container\">\n\t\t\t<h2 class=\"elementor-heading-title elementor-size-default\">Redu\u00e7\u00e3o das desigualdades<\/h2>\t\t<\/div>\n\t\t\t\t<\/div>\n\t\t\t\t\t<\/div>\n\t\t<\/div>\n\t\t\t\t\t<\/div>\n\t\t<\/section>\n\t\t\t\t<section class=\"elementor-section elementor-top-section elementor-element elementor-element-1896c17 elementor-section-boxed elementor-section-height-default elementor-section-height-default\" data-id=\"1896c17\" data-element_type=\"section\">\n\t\t\t\t\t\t<div class=\"elementor-container elementor-column-gap-default\">\n\t\t\t\t\t<div class=\"elementor-column elementor-col-100 elementor-top-column elementor-element elementor-element-9040510\" data-id=\"9040510\" data-element_type=\"column\">\n\t\t\t<div class=\"elementor-widget-wrap elementor-element-populated\">\n\t\t\t\t\t\t<div class=\"elementor-element elementor-element-b46f9ec elementor-widget elementor-widget-text-editor\" data-id=\"b46f9ec\" data-element_type=\"widget\" data-widget_type=\"text-editor.default\">\n\t\t\t\t<div class=\"elementor-widget-container\">\n\t\t\t\t\t\t\t<p class=\"\" data-start=\"89\" data-end=\"239\"><strong data-start=\"89\" data-end=\"97\">10.1<\/strong> At\u00e9 2030, progressivamente alcan\u00e7ar e sustentar o crescimento da renda dos 40% da popula\u00e7\u00e3o mais pobre a uma taxa maior que a m\u00e9dia nacional.<\/p><p class=\"\" data-start=\"241\" data-end=\"439\"><strong data-start=\"241\" data-end=\"249\">10.2<\/strong> At\u00e9 2030, empoderar e promover a inclus\u00e3o social, econ\u00f4mica e pol\u00edtica de todos, independentemente da idade, g\u00eanero, defici\u00eancia, ra\u00e7a, etnia, origem, religi\u00e3o, condi\u00e7\u00e3o econ\u00f4mica ou outra.<\/p><p class=\"\" data-start=\"441\" data-end=\"683\"><strong data-start=\"441\" data-end=\"449\">10.3<\/strong> Garantir a igualdade de oportunidades e reduzir as desigualdades de resultados, inclusive por meio da elimina\u00e7\u00e3o de leis, pol\u00edticas e pr\u00e1ticas discriminat\u00f3rias e da promo\u00e7\u00e3o de legisla\u00e7\u00e3o, pol\u00edticas e a\u00e7\u00f5es adequadas a este respeito.<\/p><p class=\"\" data-start=\"685\" data-end=\"813\"><strong data-start=\"685\" data-end=\"693\">10.4<\/strong> Adotar pol\u00edticas, especialmente fiscal, salarial e de prote\u00e7\u00e3o social, e alcan\u00e7ar progressivamente uma maior igualdade.<\/p><p class=\"\" data-start=\"815\" data-end=\"967\"><strong data-start=\"815\" data-end=\"823\">10.5<\/strong> Melhorar a regulamenta\u00e7\u00e3o e monitoramento dos mercados e institui\u00e7\u00f5es financeiras globais e fortalecer a implementa\u00e7\u00e3o de tais regulamenta\u00e7\u00f5es.<\/p><p class=\"\" data-start=\"969\" data-end=\"1221\"><strong data-start=\"969\" data-end=\"977\">10.6<\/strong> Assegurar uma representa\u00e7\u00e3o e voz mais forte dos pa\u00edses em desenvolvimento em tomadas de decis\u00e3o nas institui\u00e7\u00f5es econ\u00f4micas e financeiras internacionais globais, a fim de produzir institui\u00e7\u00f5es mais eficazes, cr\u00edveis, respons\u00e1veis e leg\u00edtimas.<\/p><p class=\"\" data-start=\"1223\" data-end=\"1407\"><strong data-start=\"1223\" data-end=\"1231\">10.7<\/strong> Facilitar a migra\u00e7\u00e3o e a mobilidade ordenada, segura, regular e respons\u00e1vel das pessoas, inclusive por meio da implementa\u00e7\u00e3o de pol\u00edticas de migra\u00e7\u00e3o planejadas e bem geridas.<\/p><p class=\"\" data-start=\"1409\" data-end=\"1595\"><strong data-start=\"1409\" data-end=\"1417\">10.a<\/strong> Implementar o princ\u00edpio do tratamento especial e diferenciado para pa\u00edses em desenvolvimento, em particular os pa\u00edses menos desenvolvidos, em conformidade com os acordos da OMC.<\/p><p class=\"\" data-start=\"1597\" data-end=\"1972\"><strong data-start=\"1597\" data-end=\"1605\">10.b<\/strong> Incentivar a assist\u00eancia oficial ao desenvolvimento e fluxos financeiros, incluindo o investimento externo direto, para os Estados onde a necessidade \u00e9 maior, em particular os pa\u00edses menos desenvolvidos, os pa\u00edses africanos, os pequenos Estados insulares em desenvolvimento e os pa\u00edses em desenvolvimento sem litoral, de acordo com seus planos e programas nacionais.<\/p><p class=\"\" data-start=\"1974\" data-end=\"2131\"><strong data-start=\"1974\" data-end=\"1982\">10.c<\/strong> At\u00e9 2030, reduzir para menos de 3% os custos de transa\u00e7\u00e3o de remessas dos migrantes e eliminar os corredores de remessas com custos superiores a 5%.<\/p>\t\t\t\t\t\t<\/div>\n\t\t\t\t<\/div>\n\t\t\t\t\t<\/div>\n\t\t<\/div>\n\t\t\t\t\t<\/div>\n\t\t<\/section>\n\t\t\t\t<section class=\"elementor-section elementor-top-section elementor-element elementor-element-ab8aee0 elementor-section-boxed elementor-section-height-default elementor-section-height-default\" data-id=\"ab8aee0\" data-element_type=\"section\">\n\t\t\t\t\t\t<div class=\"elementor-container elementor-column-gap-default\">\n\t\t\t\t\t<div class=\"elementor-column elementor-col-100 elementor-top-column elementor-element elementor-element-91c1f00\" data-id=\"91c1f00\" data-element_type=\"column\">\n\t\t\t<div class=\"elementor-widget-wrap elementor-element-populated\">\n\t\t\t\t\t\t<div class=\"elementor-element elementor-element-bb42919 elementor-widget elementor-widget-heading\" data-id=\"bb42919\" data-element_type=\"widget\" data-widget_type=\"heading.default\">\n\t\t\t\t<div class=\"elementor-widget-container\">\n\t\t\t<h2 class=\"elementor-heading-title elementor-size-default\">Contribui\u00e7\u00e3o da Biotecnologia<\/h2>\t\t<\/div>\n\t\t\t\t<\/div>\n\t\t\t\t<div class=\"elementor-element elementor-element-f00ddf8 elementor-cta--skin-cover elementor-animated-content elementor-bg-transform elementor-bg-transform-zoom-in elementor-widget elementor-widget-call-to-action\" data-id=\"f00ddf8\" data-element_type=\"widget\" data-widget_type=\"call-to-action.default\">\n\t\t\t\t<div class=\"elementor-widget-container\">\n\t\t\t\t\t<div class=\"elementor-cta\">\n\t\t\t\t\t<div class=\"elementor-cta__bg-wrapper\">\n\t\t\t\t<div class=\"elementor-cta__bg elementor-bg\" style=\"background-image: url(https:\/\/sites.usp.br\/biotecomunidade\/wp-content\/uploads\/sites\/1649\/2026\/03\/person-doing-home-covid-test-1024x683.jpg);\" role=\"img\" aria-label=\"person-doing-home-covid-test\"><\/div>\n\t\t\t\t<div class=\"elementor-cta__bg-overlay\"><\/div>\n\t\t\t<\/div>\n\t\t\t\t\t\t\t<div class=\"elementor-cta__content\">\n\t\t\t\t\n\t\t\t\t\t\t\t\t\t<h2 class=\"elementor-cta__title elementor-cta__content-item elementor-content-item elementor-animated-item--grow\">\n\t\t\t\t\t\tTeste r\u00e1pido e redu\u00e7\u00e3o da desigualdade\t\t\t\t\t<\/h2>\n\t\t\t\t\n\t\t\t\t\t\t\t\t\t<div class=\"elementor-cta__description elementor-cta__content-item elementor-content-item elementor-animated-item--grow\">\n\t\t\t\t\t\tContribui\u00e7\u00e3o para acesso \u00e0 sa\u00fade e diagn\u00f3stico precoce\t\t\t\t\t<\/div>\n\t\t\t\t\n\t\t\t\t\t\t\t\t\t<div class=\"elementor-cta__button-wrapper elementor-cta__content-item elementor-content-item elementor-animated-item--grow\">\n\t\t\t\t\t<a class=\"elementor-cta__button elementor-button elementor-size-\" href=\"https:\/\/sites.usp.br\/biotecomunidade\/etamura-1-ods10-1-2026\/\">\n\t\t\t\t\t\tClique aqui\t\t\t\t\t<\/a>\n\t\t\t\t\t<\/div>\n\t\t\t\t\t\t\t<\/div>\n\t\t\t\t\t\t\t<div class=\"elementor-ribbon elementor-ribbon-left\">\n\t\t\t\t<div class=\"elementor-ribbon-inner\">1<\/div>\n\t\t\t<\/div>\n\t\t\t\t<\/div>\n\t\t\t\t<\/div>\n\t\t\t\t<\/div>\n\t\t\t\t<div class=\"elementor-element elementor-element-4a413f0 elementor-cta--skin-cover elementor-animated-content elementor-bg-transform elementor-bg-transform-zoom-in elementor-widget elementor-widget-call-to-action\" data-id=\"4a413f0\" data-element_type=\"widget\" data-widget_type=\"call-to-action.default\">\n\t\t\t\t<div class=\"elementor-widget-container\">\n\t\t\t\t\t<div class=\"elementor-cta\">\n\t\t\t\t\t<div class=\"elementor-cta__bg-wrapper\">\n\t\t\t\t<div class=\"elementor-cta__bg elementor-bg\" style=\"background-image: url(https:\/\/sites.usp.br\/biotecomunidade\/wp-content\/uploads\/sites\/1649\/2026\/04\/professional-chemists-analysing-vaccine-development-using-touchscreen-display-equipped-laboratory-overwork-1024x576.jpg);\" role=\"img\" aria-label=\"Professional chemists analysing vaccine development using touchscreen display in equipped laboratory overwork. Nurse examining virus evolution using high tech researching diagnosis against covid19 SSUCv3H4sIAAAAAAAACoxVyY7jNhC9B8g\/NHQOEe5LviCXOeUY5ECRtE2MJBpaJtNo9L+ntNCi3Jqe2IBhVT0Wq16VXr39+svLS1XbIbrqj5e3+QmeY9NMw9jbMaYOzPi3zd6Hzoe+tHzrmcSlIfg4pj7apjTWdnS3zrYBjN3UNLP5fXFWw2jHaQhDcfv9lsbkp25Gsxyija5Pw5jc1zvkBh6SPdanOiwesFKVzYSy\/nKwuNSkqa\/T9\/J0Ha9r1PnS8kLfB9sOY1yS3oO82tcllTJGC4kt5w95OdsdIu8x2jQTG5rQhm4cykuH2zSOof9YzT11XhwstrHt6xETv4\/2YPHhnoa450ZVwbyzY7hCqw7c50n4e31+yY6tohFc1V8uhs6FartlTXyqZ9eXOLjQNLYLCZqU\/euFP4j2Z7DNeHO2D79\/geFxMDn\/P\/D6558HJ1dIbCbl7b0otAem7TpiW1mV9FwoYjSizjLEMcVIG+WRZYpQX1NL\/CWnUYkLryXhHjlxEYiLWiOr4SdYj5l0xjjBH2DPsLI4KISDvyBeU4q0pgxR5XzQwmFJ5QNMsbaSWIkIoRJxLhXSWHGEa+aJ04JYI5di1wqrr\/\/CcLRLv7ba7ORjKvr3LQGBy0gVBNz76GJ3LY6l8ba8x\/mYS1M39jNz1SO5JqW7rZt5\/C8QM2T7zQ4DwH22lyMFqpHa4p4ujQvvW9TKw8zNj4RRoRiFCrHSWGK8cbLJwS1CnCWdnOB0b5L1Yb70MUMnmiAJMYYYkV\/CZ3lYARyLLE2FUJz5DpJx4n9WjzPMQUjOAKWkrG6iigKO6nICeBaaDUMNLYM8Sc4G4iRrz0f1WSGCMLlDsg6d+bIinZ7btOnM96xSK0YKTVdIlo9ZC9oIGR6noFwXRGKtiaFCfDoASmn9aYM04eZnXdZU4Z81wXAlfkQC0CA\/455i+Ch1yv3sI0Z9yiFgiJL88xkABRLwe\/o2UCIFKONpgykV2DC+Neiwz6GA6MudcmhAxeGcYcqQXTJL\/mdNhP5wsavkM\/0QQkjBoYcPyDP7lTaMGpCYByJzXyk6J6DNw\/PEfEUMFsxwwdR+eGO+IlxxjbnZ4z4TX3HYLFIItuf\/gfcKCITtw\/comXXgwl7T4OA+IIUSDF9K9jpzByqsnXeWOxSCgTWjLwrVHltUM1077PyyNbaWxPl9qTjltQn0gjy+ENhiWsOuYQQWE2ewphwjtYFT7\/8BAAD\/\/wMAphQChxIKAAA=\"><\/div>\n\t\t\t\t<div class=\"elementor-cta__bg-overlay\"><\/div>\n\t\t\t<\/div>\n\t\t\t\t\t\t\t<div class=\"elementor-cta__content\">\n\t\t\t\t\n\t\t\t\t\t\t\t\t\t<h2 class=\"elementor-cta__title elementor-cta__content-item elementor-content-item elementor-animated-item--grow\">\n\t\t\t\t\t\tDiversidade em bancos de dados gen\u00e9ticos\t\t\t\t\t<\/h2>\n\t\t\t\t\n\t\t\t\t\t\t\t\t\t<div class=\"elementor-cta__description elementor-cta__content-item elementor-content-item elementor-animated-item--grow\">\n\t\t\t\t\t\tRedu\u00e7\u00e3o das desigualdades por meio da inclus\u00e3o cient\u00edfica\t\t\t\t\t<\/div>\n\t\t\t\t\n\t\t\t\t\t\t\t\t\t<div class=\"elementor-cta__button-wrapper elementor-cta__content-item elementor-content-item elementor-animated-item--grow\">\n\t\t\t\t\t<a class=\"elementor-cta__button elementor-button elementor-size-\" href=\"https:\/\/sites.usp.br\/biotecomunidade\/lmizuyama-1-ods10-2-2026\/\">\n\t\t\t\t\t\tClique aqui\t\t\t\t\t<\/a>\n\t\t\t\t\t<\/div>\n\t\t\t\t\t\t\t<\/div>\n\t\t\t\t\t\t\t<div class=\"elementor-ribbon elementor-ribbon-right\">\n\t\t\t\t<div class=\"elementor-ribbon-inner\">2<\/div>\n\t\t\t<\/div>\n\t\t\t\t<\/div>\n\t\t\t\t<\/div>\n\t\t\t\t<\/div>\n\t\t\t\t\t<\/div>\n\t\t<\/div>\n\t\t\t\t\t<\/div>\n\t\t<\/section>\n\t\t\t\t<\/div>\n\t\t","protected":false},"excerpt":{"rendered":"<p>Redu\u00e7\u00e3o das desigualdades 10.1 At\u00e9 2030, progressivamente alcan\u00e7ar e sustentar o crescimento da renda dos 40% da popula\u00e7\u00e3o mais pobre a uma taxa maior que a m\u00e9dia nacional. 10.2 At\u00e9 2030, empoderar e promover a inclus\u00e3o social, econ\u00f4mica e pol\u00edtica de todos, independentemente da idade, g\u00eanero, defici\u00eancia, ra\u00e7a, etnia, origem, religi\u00e3o, condi\u00e7\u00e3o econ\u00f4mica ou outra. [&hellip;]<\/p>\n","protected":false},"author":24613,"featured_media":0,"parent":0,"menu_order":0,"comment_status":"closed","ping_status":"closed","template":"","meta":{"_monsterinsights_skip_tracking":false,"_monsterinsights_sitenote_active":false,"_monsterinsights_sitenote_note":"","_monsterinsights_sitenote_category":0,"footnotes":"","_links_to":"","_links_to_target":""},"class_list":["post-3102","page","type-page","status-publish","hentry","entry"],"_links":{"self":[{"href":"https:\/\/sites.usp.br\/biotecomunidade\/wp-json\/wp\/v2\/pages\/3102","targetHints":{"allow":["GET"]}}],"collection":[{"href":"https:\/\/sites.usp.br\/biotecomunidade\/wp-json\/wp\/v2\/pages"}],"about":[{"href":"https:\/\/sites.usp.br\/biotecomunidade\/wp-json\/wp\/v2\/types\/page"}],"author":[{"embeddable":true,"href":"https:\/\/sites.usp.br\/biotecomunidade\/wp-json\/wp\/v2\/users\/24613"}],"replies":[{"embeddable":true,"href":"https:\/\/sites.usp.br\/biotecomunidade\/wp-json\/wp\/v2\/comments?post=3102"}],"version-history":[{"count":4,"href":"https:\/\/sites.usp.br\/biotecomunidade\/wp-json\/wp\/v2\/pages\/3102\/revisions"}],"predecessor-version":[{"id":4089,"href":"https:\/\/sites.usp.br\/biotecomunidade\/wp-json\/wp\/v2\/pages\/3102\/revisions\/4089"}],"wp:attachment":[{"href":"https:\/\/sites.usp.br\/biotecomunidade\/wp-json\/wp\/v2\/media?parent=3102"}],"curies":[{"name":"wp","href":"https:\/\/api.w.org\/{rel}","templated":true}]}}