{"id":3104,"date":"2025-04-04T17:30:59","date_gmt":"2025-04-04T20:30:59","guid":{"rendered":"https:\/\/sites.usp.br\/biotecomunidade\/?page_id=3104"},"modified":"2026-03-23T14:53:36","modified_gmt":"2026-03-23T17:53:36","slug":"ods-11","status":"publish","type":"page","link":"https:\/\/sites.usp.br\/biotecomunidade\/ods-11\/","title":{"rendered":"ODS 11"},"content":{"rendered":"\t\t<div data-elementor-type=\"wp-page\" data-elementor-id=\"3104\" class=\"elementor elementor-3104\" data-elementor-post-type=\"page\">\n\t\t\t\t\t\t<section class=\"elementor-section elementor-top-section elementor-element elementor-element-4cefe9d elementor-section-boxed elementor-section-height-default elementor-section-height-default\" data-id=\"4cefe9d\" data-element_type=\"section\">\n\t\t\t\t\t\t<div class=\"elementor-container elementor-column-gap-default\">\n\t\t\t\t\t<div class=\"elementor-column elementor-col-100 elementor-top-column elementor-element elementor-element-632fec4\" data-id=\"632fec4\" data-element_type=\"column\">\n\t\t\t<div class=\"elementor-widget-wrap elementor-element-populated\">\n\t\t\t\t\t\t<div class=\"elementor-element elementor-element-8aea86a elementor-widget elementor-widget-image\" data-id=\"8aea86a\" data-element_type=\"widget\" data-widget_type=\"image.default\">\n\t\t\t\t<div class=\"elementor-widget-container\">\n\t\t\t\t\t\t\t\t\t\t\t\t\t<img fetchpriority=\"high\" decoding=\"async\" width=\"1024\" height=\"517\" src=\"https:\/\/sites.usp.br\/biotecomunidade\/wp-content\/uploads\/sites\/1649\/2025\/04\/11-1024x517.png\" class=\"attachment-large size-large wp-image-3154\" alt=\"\" srcset=\"https:\/\/sites.usp.br\/biotecomunidade\/wp-content\/uploads\/sites\/1649\/2025\/04\/11-1024x517.png 1024w, https:\/\/sites.usp.br\/biotecomunidade\/wp-content\/uploads\/sites\/1649\/2025\/04\/11-300x152.png 300w, https:\/\/sites.usp.br\/biotecomunidade\/wp-content\/uploads\/sites\/1649\/2025\/04\/11-768x388.png 768w, https:\/\/sites.usp.br\/biotecomunidade\/wp-content\/uploads\/sites\/1649\/2025\/04\/11-400x202.png 400w, https:\/\/sites.usp.br\/biotecomunidade\/wp-content\/uploads\/sites\/1649\/2025\/04\/11.png 1142w\" sizes=\"(max-width: 1024px) 100vw, 1024px\" \/>\t\t\t\t\t\t\t\t\t\t\t\t\t<\/div>\n\t\t\t\t<\/div>\n\t\t\t\t\t<\/div>\n\t\t<\/div>\n\t\t\t\t\t<\/div>\n\t\t<\/section>\n\t\t\t\t<section class=\"elementor-section elementor-top-section elementor-element elementor-element-ddddcbd elementor-section-boxed elementor-section-height-default elementor-section-height-default\" data-id=\"ddddcbd\" data-element_type=\"section\">\n\t\t\t\t\t\t<div class=\"elementor-container elementor-column-gap-default\">\n\t\t\t\t\t<div class=\"elementor-column elementor-col-100 elementor-top-column elementor-element elementor-element-1d3ef89\" data-id=\"1d3ef89\" data-element_type=\"column\">\n\t\t\t<div class=\"elementor-widget-wrap elementor-element-populated\">\n\t\t\t\t\t\t<div class=\"elementor-element elementor-element-68f7432 elementor-widget elementor-widget-heading\" data-id=\"68f7432\" data-element_type=\"widget\" data-widget_type=\"heading.default\">\n\t\t\t\t<div class=\"elementor-widget-container\">\n\t\t\t<h2 class=\"elementor-heading-title elementor-size-default\">Cidades e comunidades sustent\u00e1veis<\/h2>\t\t<\/div>\n\t\t\t\t<\/div>\n\t\t\t\t\t<\/div>\n\t\t<\/div>\n\t\t\t\t\t<\/div>\n\t\t<\/section>\n\t\t\t\t<section class=\"elementor-section elementor-top-section elementor-element elementor-element-d40eceb elementor-section-boxed elementor-section-height-default elementor-section-height-default\" data-id=\"d40eceb\" data-element_type=\"section\">\n\t\t\t\t\t\t<div class=\"elementor-container elementor-column-gap-default\">\n\t\t\t\t\t<div class=\"elementor-column elementor-col-100 elementor-top-column elementor-element elementor-element-baadb00\" data-id=\"baadb00\" data-element_type=\"column\">\n\t\t\t<div class=\"elementor-widget-wrap elementor-element-populated\">\n\t\t\t\t\t\t<div class=\"elementor-element elementor-element-6567705 elementor-widget elementor-widget-text-editor\" data-id=\"6567705\" data-element_type=\"widget\" data-widget_type=\"text-editor.default\">\n\t\t\t\t<div class=\"elementor-widget-container\">\n\t\t\t\t\t\t\t<p class=\"\" data-start=\"79\" data-end=\"221\"><strong data-start=\"79\" data-end=\"87\">11.1<\/strong> At\u00e9 2030, garantir o acesso de todos \u00e0 habita\u00e7\u00e3o segura, adequada e a pre\u00e7o acess\u00edvel, e aos servi\u00e7os b\u00e1sicos e urbanizar as favelas.<\/p><p class=\"\" data-start=\"223\" data-end=\"575\"><strong data-start=\"223\" data-end=\"231\">11.2<\/strong> At\u00e9 2030, proporcionar o acesso a sistemas de transporte seguros, acess\u00edveis, sustent\u00e1veis e a pre\u00e7o acess\u00edvel para todos, melhorando a seguran\u00e7a rodovi\u00e1ria por meio da expans\u00e3o dos transportes p\u00fablicos, com especial aten\u00e7\u00e3o para as necessidades das pessoas em situa\u00e7\u00e3o de vulnerabilidade, mulheres, crian\u00e7as, pessoas com defici\u00eancia e idosos.<\/p><p class=\"\" data-start=\"577\" data-end=\"777\"><strong data-start=\"577\" data-end=\"585\">11.3<\/strong> At\u00e9 2030, aumentar a urbaniza\u00e7\u00e3o inclusiva e sustent\u00e1vel, e as capacidades para o planejamento e gest\u00e3o de assentamentos humanos participativos, integrados e sustent\u00e1veis, em todos os pa\u00edses.<\/p><p class=\"\" data-start=\"779\" data-end=\"878\"><strong data-start=\"779\" data-end=\"787\">11.4<\/strong> Fortalecer esfor\u00e7os para proteger e salvaguardar o patrim\u00f4nio cultural e natural do mundo.<\/p><p class=\"\" data-start=\"880\" data-end=\"1232\"><strong data-start=\"880\" data-end=\"888\">11.5<\/strong> At\u00e9 2030, reduzir significativamente o n\u00famero de mortes e o n\u00famero de pessoas afetadas por cat\u00e1strofes e substancialmente diminuir as perdas econ\u00f4micas diretas causadas por elas em rela\u00e7\u00e3o ao produto interno bruto global, incluindo os desastres relacionados \u00e0 \u00e1gua, com o foco em proteger os pobres e as pessoas em situa\u00e7\u00e3o de vulnerabilidade.<\/p><p class=\"\" data-start=\"1234\" data-end=\"1409\"><strong data-start=\"1234\" data-end=\"1242\">11.6<\/strong> At\u00e9 2030, reduzir o impacto ambiental negativo per capita das cidades, inclusive prestando especial aten\u00e7\u00e3o \u00e0 qualidade do ar, gest\u00e3o de res\u00edduos municipais e outros.<\/p><p class=\"\" data-start=\"1411\" data-end=\"1609\"><strong data-start=\"1411\" data-end=\"1419\">11.7<\/strong> At\u00e9 2030, proporcionar o acesso universal a espa\u00e7os p\u00fablicos seguros, inclusivos, acess\u00edveis e verdes, particularmente para as mulheres e crian\u00e7as, pessoas idosas e pessoas com defici\u00eancia.<\/p><p class=\"\" data-start=\"1611\" data-end=\"1787\"><strong data-start=\"1611\" data-end=\"1619\">11.a<\/strong> Apoiar rela\u00e7\u00f5es econ\u00f4micas, sociais e ambientais positivas entre \u00e1reas urbanas, periurbanas e rurais, refor\u00e7ando o planejamento nacional e regional de desenvolvimento.<\/p><p class=\"\" data-start=\"1789\" data-end=\"2226\"><strong data-start=\"1789\" data-end=\"1797\">11.b<\/strong> At\u00e9 2020, aumentar substancialmente o n\u00famero de cidades e assentamentos humanos adotando e implementando pol\u00edticas e planos integrados para a inclus\u00e3o, a efici\u00eancia dos recursos, mitiga\u00e7\u00e3o e adapta\u00e7\u00e3o \u00e0s mudan\u00e7as clim\u00e1ticas, a resili\u00eancia a desastres; e desenvolver e implementar, de acordo com o Marco de Sendai para a Redu\u00e7\u00e3o do Risco de Desastres 2015-2030, o gerenciamento hol\u00edstico do risco de desastres em todos os n\u00edveis.<\/p><p class=\"\" data-start=\"2228\" data-end=\"2404\"><strong data-start=\"2228\" data-end=\"2236\">11.c<\/strong> Apoiar os pa\u00edses menos desenvolvidos, inclusive por meio de assist\u00eancia t\u00e9cnica e financeira, para constru\u00e7\u00f5es sustent\u00e1veis e resilientes, utilizando materiais locais.<\/p>\t\t\t\t\t\t<\/div>\n\t\t\t\t<\/div>\n\t\t\t\t\t<\/div>\n\t\t<\/div>\n\t\t\t\t\t<\/div>\n\t\t<\/section>\n\t\t\t\t<section class=\"elementor-section elementor-top-section elementor-element elementor-element-461530d elementor-section-boxed elementor-section-height-default elementor-section-height-default\" data-id=\"461530d\" data-element_type=\"section\">\n\t\t\t\t\t\t<div class=\"elementor-container elementor-column-gap-default\">\n\t\t\t\t\t<div class=\"elementor-column elementor-col-100 elementor-top-column elementor-element elementor-element-0bf4d47\" data-id=\"0bf4d47\" data-element_type=\"column\">\n\t\t\t<div class=\"elementor-widget-wrap elementor-element-populated\">\n\t\t\t\t\t\t<div class=\"elementor-element elementor-element-a7a9e35 elementor-widget elementor-widget-heading\" data-id=\"a7a9e35\" data-element_type=\"widget\" data-widget_type=\"heading.default\">\n\t\t\t\t<div class=\"elementor-widget-container\">\n\t\t\t<h2 class=\"elementor-heading-title elementor-size-default\">Contribui\u00e7\u00e3o da Biotecnologia<\/h2>\t\t<\/div>\n\t\t\t\t<\/div>\n\t\t\t\t\t<\/div>\n\t\t<\/div>\n\t\t\t\t\t<\/div>\n\t\t<\/section>\n\t\t\t\t<section class=\"elementor-section elementor-top-section elementor-element elementor-element-d51f860 elementor-section-boxed elementor-section-height-default elementor-section-height-default\" data-id=\"d51f860\" data-element_type=\"section\">\n\t\t\t\t\t\t<div class=\"elementor-container elementor-column-gap-default\">\n\t\t\t\t\t<div class=\"elementor-column elementor-col-100 elementor-top-column elementor-element elementor-element-387d9a1\" data-id=\"387d9a1\" data-element_type=\"column\">\n\t\t\t<div class=\"elementor-widget-wrap elementor-element-populated\">\n\t\t\t\t\t\t<div class=\"elementor-element elementor-element-82d8f06 elementor-cta--skin-cover elementor-animated-content elementor-bg-transform elementor-bg-transform-zoom-in elementor-widget elementor-widget-call-to-action\" data-id=\"82d8f06\" data-element_type=\"widget\" data-widget_type=\"call-to-action.default\">\n\t\t\t\t<div class=\"elementor-widget-container\">\n\t\t\t\t\t<div class=\"elementor-cta\">\n\t\t\t\t\t<div class=\"elementor-cta__bg-wrapper\">\n\t\t\t\t<div class=\"elementor-cta__bg elementor-bg\" style=\"background-image: url(https:\/\/sites.usp.br\/biotecomunidade\/wp-content\/uploads\/sites\/1649\/2026\/03\/beautiful-view-construction-site-city-sunset-1024x683.jpg);\" role=\"img\" aria-label=\"A beautiful view of a construction site in a city during sunset\"><\/div>\n\t\t\t\t<div class=\"elementor-cta__bg-overlay\"><\/div>\n\t\t\t<\/div>\n\t\t\t\t\t\t\t<div class=\"elementor-cta__content\">\n\t\t\t\t\n\t\t\t\t\t\t\t\t\t<h2 class=\"elementor-cta__title elementor-cta__content-item elementor-content-item elementor-animated-item--grow\">\n\t\t\t\t\t\tBiotecnologia na constru\u00e7\u00e3o civil\t\t\t\t\t<\/h2>\n\t\t\t\t\n\t\t\t\t\t\t\t\t\t<div class=\"elementor-cta__description elementor-cta__content-item elementor-content-item elementor-animated-item--grow\">\n\t\t\t\t\t\tCaminho para alcan\u00e7ar a ODS 11\t\t\t\t\t<\/div>\n\t\t\t\t\n\t\t\t\t\t\t\t\t\t<div class=\"elementor-cta__button-wrapper elementor-cta__content-item elementor-content-item elementor-animated-item--grow\">\n\t\t\t\t\t<a class=\"elementor-cta__button elementor-button elementor-size-\" href=\"https:\/\/sites.usp.br\/biotecomunidade\/lluna-1-ods11-1-2026\/\">\n\t\t\t\t\t\tClique aqui\t\t\t\t\t<\/a>\n\t\t\t\t\t<\/div>\n\t\t\t\t\t\t\t<\/div>\n\t\t\t\t\t\t\t<div class=\"elementor-ribbon elementor-ribbon-left\">\n\t\t\t\t<div class=\"elementor-ribbon-inner\">1<\/div>\n\t\t\t<\/div>\n\t\t\t\t<\/div>\n\t\t\t\t<\/div>\n\t\t\t\t<\/div>\n\t\t\t\t<div class=\"elementor-element elementor-element-513f947 elementor-cta--skin-cover elementor-animated-content elementor-bg-transform elementor-bg-transform-zoom-in elementor-widget elementor-widget-call-to-action\" data-id=\"513f947\" data-element_type=\"widget\" data-widget_type=\"call-to-action.default\">\n\t\t\t\t<div class=\"elementor-widget-container\">\n\t\t\t\t\t<div class=\"elementor-cta\">\n\t\t\t\t\t<div class=\"elementor-cta__bg-wrapper\">\n\t\t\t\t<div class=\"elementor-cta__bg elementor-bg\" style=\"background-image: url(https:\/\/sites.usp.br\/biotecomunidade\/wp-content\/uploads\/sites\/1649\/2026\/03\/grunge-wall-texture-1024x683.jpg);\" role=\"img\" aria-label=\"grunge wall texture\"><\/div>\n\t\t\t\t<div class=\"elementor-cta__bg-overlay\"><\/div>\n\t\t\t<\/div>\n\t\t\t\t\t\t\t<div class=\"elementor-cta__content\">\n\t\t\t\t\n\t\t\t\t\t\t\t\t\t<h2 class=\"elementor-cta__title elementor-cta__content-item elementor-content-item elementor-animated-item--grow\">\n\t\t\t\t\t\tFuturo mais limpo e concreto\t\t\t\t\t<\/h2>\n\t\t\t\t\n\t\t\t\t\t\t\t\t\t<div class=\"elementor-cta__description elementor-cta__content-item elementor-content-item elementor-animated-item--grow\">\n\t\t\t\t\t\tContribui\u00e7\u00e3o da biotecnologia\t\t\t\t\t<\/div>\n\t\t\t\t\n\t\t\t\t\t\t\t\t\t<div class=\"elementor-cta__button-wrapper elementor-cta__content-item elementor-content-item elementor-animated-item--grow\">\n\t\t\t\t\t<a class=\"elementor-cta__button elementor-button elementor-size-\" href=\"https:\/\/sites.usp.br\/biotecomunidade\/jdezanetti-1-ods11-2-2026\/\">\n\t\t\t\t\t\tClique aqui\t\t\t\t\t<\/a>\n\t\t\t\t\t<\/div>\n\t\t\t\t\t\t\t<\/div>\n\t\t\t\t\t\t\t<div class=\"elementor-ribbon elementor-ribbon-right\">\n\t\t\t\t<div class=\"elementor-ribbon-inner\">2<\/div>\n\t\t\t<\/div>\n\t\t\t\t<\/div>\n\t\t\t\t<\/div>\n\t\t\t\t<\/div>\n\t\t\t\t\t<\/div>\n\t\t<\/div>\n\t\t\t\t\t<\/div>\n\t\t<\/section>\n\t\t\t\t<section class=\"elementor-section elementor-top-section elementor-element elementor-element-52d6997 elementor-section-boxed elementor-section-height-default elementor-section-height-default\" data-id=\"52d6997\" data-element_type=\"section\">\n\t\t\t\t\t\t<div class=\"elementor-container elementor-column-gap-default\">\n\t\t\t\t\t<div class=\"elementor-column elementor-col-100 elementor-top-column elementor-element elementor-element-ed9de08\" data-id=\"ed9de08\" data-element_type=\"column\">\n\t\t\t<div class=\"elementor-widget-wrap\">\n\t\t\t\t\t\t\t<\/div>\n\t\t<\/div>\n\t\t\t\t\t<\/div>\n\t\t<\/section>\n\t\t\t\t<\/div>\n\t\t","protected":false},"excerpt":{"rendered":"<p>Cidades e comunidades sustent\u00e1veis 11.1 At\u00e9 2030, garantir o acesso de todos \u00e0 habita\u00e7\u00e3o segura, adequada e a pre\u00e7o acess\u00edvel, e aos servi\u00e7os b\u00e1sicos e urbanizar as favelas. 11.2 At\u00e9 2030, proporcionar o acesso a sistemas de transporte seguros, acess\u00edveis, sustent\u00e1veis e a pre\u00e7o acess\u00edvel para todos, melhorando a seguran\u00e7a rodovi\u00e1ria por meio da expans\u00e3o [&hellip;]<\/p>\n","protected":false},"author":24613,"featured_media":0,"parent":0,"menu_order":0,"comment_status":"closed","ping_status":"closed","template":"","meta":{"_monsterinsights_skip_tracking":false,"_monsterinsights_sitenote_active":false,"_monsterinsights_sitenote_note":"","_monsterinsights_sitenote_category":0,"footnotes":"","_links_to":"","_links_to_target":""},"class_list":["post-3104","page","type-page","status-publish","hentry","entry"],"_links":{"self":[{"href":"https:\/\/sites.usp.br\/biotecomunidade\/wp-json\/wp\/v2\/pages\/3104","targetHints":{"allow":["GET"]}}],"collection":[{"href":"https:\/\/sites.usp.br\/biotecomunidade\/wp-json\/wp\/v2\/pages"}],"about":[{"href":"https:\/\/sites.usp.br\/biotecomunidade\/wp-json\/wp\/v2\/types\/page"}],"author":[{"embeddable":true,"href":"https:\/\/sites.usp.br\/biotecomunidade\/wp-json\/wp\/v2\/users\/24613"}],"replies":[{"embeddable":true,"href":"https:\/\/sites.usp.br\/biotecomunidade\/wp-json\/wp\/v2\/comments?post=3104"}],"version-history":[{"count":4,"href":"https:\/\/sites.usp.br\/biotecomunidade\/wp-json\/wp\/v2\/pages\/3104\/revisions"}],"predecessor-version":[{"id":3754,"href":"https:\/\/sites.usp.br\/biotecomunidade\/wp-json\/wp\/v2\/pages\/3104\/revisions\/3754"}],"wp:attachment":[{"href":"https:\/\/sites.usp.br\/biotecomunidade\/wp-json\/wp\/v2\/media?parent=3104"}],"curies":[{"name":"wp","href":"https:\/\/api.w.org\/{rel}","templated":true}]}}