{"id":3106,"date":"2025-04-04T17:31:16","date_gmt":"2025-04-04T20:31:16","guid":{"rendered":"https:\/\/sites.usp.br\/biotecomunidade\/?page_id=3106"},"modified":"2026-04-04T20:10:41","modified_gmt":"2026-04-04T23:10:41","slug":"ods-12","status":"publish","type":"page","link":"https:\/\/sites.usp.br\/biotecomunidade\/ods-12\/","title":{"rendered":"ODS 12"},"content":{"rendered":"\t\t<div data-elementor-type=\"wp-page\" data-elementor-id=\"3106\" class=\"elementor elementor-3106\" data-elementor-post-type=\"page\">\n\t\t\t\t\t\t<section class=\"elementor-section elementor-top-section elementor-element elementor-element-0999f70 elementor-section-boxed elementor-section-height-default elementor-section-height-default\" data-id=\"0999f70\" data-element_type=\"section\">\n\t\t\t\t\t\t<div class=\"elementor-container elementor-column-gap-default\">\n\t\t\t\t\t<div class=\"elementor-column elementor-col-100 elementor-top-column elementor-element elementor-element-0df444a\" data-id=\"0df444a\" data-element_type=\"column\">\n\t\t\t<div class=\"elementor-widget-wrap elementor-element-populated\">\n\t\t\t\t\t\t<div class=\"elementor-element elementor-element-234a5f5 elementor-widget elementor-widget-image\" data-id=\"234a5f5\" data-element_type=\"widget\" data-widget_type=\"image.default\">\n\t\t\t\t<div class=\"elementor-widget-container\">\n\t\t\t\t\t\t\t\t\t\t\t\t\t<img fetchpriority=\"high\" decoding=\"async\" width=\"1024\" height=\"520\" src=\"https:\/\/sites.usp.br\/biotecomunidade\/wp-content\/uploads\/sites\/1649\/2025\/04\/12-1024x520.png\" class=\"attachment-large size-large wp-image-3158\" alt=\"\" srcset=\"https:\/\/sites.usp.br\/biotecomunidade\/wp-content\/uploads\/sites\/1649\/2025\/04\/12-1024x520.png 1024w, https:\/\/sites.usp.br\/biotecomunidade\/wp-content\/uploads\/sites\/1649\/2025\/04\/12-300x152.png 300w, https:\/\/sites.usp.br\/biotecomunidade\/wp-content\/uploads\/sites\/1649\/2025\/04\/12-768x390.png 768w, https:\/\/sites.usp.br\/biotecomunidade\/wp-content\/uploads\/sites\/1649\/2025\/04\/12-400x203.png 400w, https:\/\/sites.usp.br\/biotecomunidade\/wp-content\/uploads\/sites\/1649\/2025\/04\/12.png 1145w\" sizes=\"(max-width: 1024px) 100vw, 1024px\" \/>\t\t\t\t\t\t\t\t\t\t\t\t\t<\/div>\n\t\t\t\t<\/div>\n\t\t\t\t\t<\/div>\n\t\t<\/div>\n\t\t\t\t\t<\/div>\n\t\t<\/section>\n\t\t\t\t<section class=\"elementor-section elementor-top-section elementor-element elementor-element-3f36b93 elementor-section-boxed elementor-section-height-default elementor-section-height-default\" data-id=\"3f36b93\" data-element_type=\"section\">\n\t\t\t\t\t\t<div class=\"elementor-container elementor-column-gap-default\">\n\t\t\t\t\t<div class=\"elementor-column elementor-col-100 elementor-top-column elementor-element elementor-element-568e409\" data-id=\"568e409\" data-element_type=\"column\">\n\t\t\t<div class=\"elementor-widget-wrap elementor-element-populated\">\n\t\t\t\t\t\t<div class=\"elementor-element elementor-element-907cad1 elementor-widget elementor-widget-heading\" data-id=\"907cad1\" data-element_type=\"widget\" data-widget_type=\"heading.default\">\n\t\t\t\t<div class=\"elementor-widget-container\">\n\t\t\t<h2 class=\"elementor-heading-title elementor-size-default\">Consumo e produ\u00e7\u00e3o respons\u00e1veis<\/h2>\t\t<\/div>\n\t\t\t\t<\/div>\n\t\t\t\t\t<\/div>\n\t\t<\/div>\n\t\t\t\t\t<\/div>\n\t\t<\/section>\n\t\t\t\t<section class=\"elementor-section elementor-top-section elementor-element elementor-element-ed16b66 elementor-section-boxed elementor-section-height-default elementor-section-height-default\" data-id=\"ed16b66\" data-element_type=\"section\">\n\t\t\t\t\t\t<div class=\"elementor-container elementor-column-gap-default\">\n\t\t\t\t\t<div class=\"elementor-column elementor-col-100 elementor-top-column elementor-element elementor-element-128fd8d\" data-id=\"128fd8d\" data-element_type=\"column\">\n\t\t\t<div class=\"elementor-widget-wrap elementor-element-populated\">\n\t\t\t\t\t\t<div class=\"elementor-element elementor-element-e71bcd3 elementor-widget elementor-widget-text-editor\" data-id=\"e71bcd3\" data-element_type=\"widget\" data-widget_type=\"text-editor.default\">\n\t\t\t\t<div class=\"elementor-widget-container\">\n\t\t\t\t\t\t\t<p class=\"\" data-start=\"129\" data-end=\"384\"><strong data-start=\"129\" data-end=\"137\">12.1<\/strong> Implementar o Plano Decenal de Programas sobre Produ\u00e7\u00e3o e Consumo Sustent\u00e1veis, com todos os pa\u00edses tomando medidas, e os pa\u00edses desenvolvidos assumindo a lideran\u00e7a, tendo em conta o desenvolvimento e as capacidades dos pa\u00edses em desenvolvimento.<\/p><p class=\"\" data-start=\"386\" data-end=\"475\"><strong data-start=\"386\" data-end=\"394\">12.2<\/strong> At\u00e9 2030, alcan\u00e7ar a gest\u00e3o sustent\u00e1vel e o uso eficiente dos recursos naturais.<\/p><p class=\"\" data-start=\"477\" data-end=\"717\"><strong data-start=\"477\" data-end=\"485\">12.3<\/strong> At\u00e9 2030, reduzir pela metade o desperd\u00edcio de alimentos per capita mundial, nos n\u00edveis de varejo e do consumidor, e reduzir as perdas de alimentos ao longo das cadeias de produ\u00e7\u00e3o e abastecimento, incluindo as perdas p\u00f3s-colheita.<\/p><p class=\"\" data-start=\"719\" data-end=\"1064\"><strong data-start=\"719\" data-end=\"727\">12.4<\/strong> At\u00e9 2020, alcan\u00e7ar o manejo ambientalmente saud\u00e1vel dos produtos qu\u00edmicos e todos os res\u00edduos, ao longo de todo o ciclo de vida destes, de acordo com os marcos internacionais acordados, e reduzir significativamente a libera\u00e7\u00e3o destes para o ar, \u00e1gua e solo, para minimizar seus impactos negativos sobre a sa\u00fade humana e o meio ambiente.<\/p><p class=\"\" data-start=\"1066\" data-end=\"1183\"><strong data-start=\"1066\" data-end=\"1074\">12.5<\/strong> At\u00e9 2030, reduzir substancialmente a gera\u00e7\u00e3o de res\u00edduos por meio da preven\u00e7\u00e3o, redu\u00e7\u00e3o, reciclagem e reuso.<\/p><p class=\"\" data-start=\"1185\" data-end=\"1373\"><strong data-start=\"1185\" data-end=\"1193\">12.6<\/strong> Incentivar as empresas, especialmente as empresas grandes e transnacionais, a adotar pr\u00e1ticas sustent\u00e1veis e a integrar informa\u00e7\u00f5es de sustentabilidade em seu ciclo de relat\u00f3rios.<\/p><p class=\"\" data-start=\"1375\" data-end=\"1487\"><strong data-start=\"1375\" data-end=\"1383\">12.7<\/strong> Promover pr\u00e1ticas de compras p\u00fablicas sustent\u00e1veis, de acordo com as pol\u00edticas e prioridades nacionais.<\/p><p class=\"\" data-start=\"1489\" data-end=\"1680\"><strong data-start=\"1489\" data-end=\"1497\">12.8<\/strong> At\u00e9 2030, garantir que as pessoas, em todos os lugares, tenham informa\u00e7\u00e3o relevante e conscientiza\u00e7\u00e3o para o desenvolvimento sustent\u00e1vel e estilos de vida em harmonia com a natureza.<\/p><p class=\"\" data-start=\"1682\" data-end=\"1845\"><strong data-start=\"1682\" data-end=\"1690\">12.a<\/strong> Apoiar pa\u00edses em desenvolvimento a fortalecer suas capacidades cient\u00edficas e tecnol\u00f3gicas para mudar para padr\u00f5es mais sustent\u00e1veis de produ\u00e7\u00e3o e consumo.<\/p><p class=\"\" data-start=\"1847\" data-end=\"2038\"><strong data-start=\"1847\" data-end=\"1855\">12.b<\/strong> Desenvolver e implementar ferramentas para monitorar os impactos do desenvolvimento sustent\u00e1vel para o turismo sustent\u00e1vel, que gera empregos, promove a cultura e os produtos locais.<\/p><p class=\"\" data-start=\"2040\" data-end=\"2611\"><strong data-start=\"2040\" data-end=\"2048\">12.c<\/strong> Racionalizar subs\u00eddios ineficientes aos combust\u00edveis f\u00f3sseis, que encorajam o consumo exagerado, eliminando as distor\u00e7\u00f5es de mercado, de acordo com as circunst\u00e2ncias nacionais, inclusive por meio da reestrutura\u00e7\u00e3o fiscal e a elimina\u00e7\u00e3o gradual desses subs\u00eddios prejudiciais, caso existam, para refletir os seus impactos ambientais, tendo plenamente em conta as necessidades espec\u00edficas e condi\u00e7\u00f5es dos pa\u00edses em desenvolvimento e minimizando os poss\u00edveis impactos adversos sobre o seu desenvolvimento de uma forma que proteja os pobres e as comunidades afetadas.<\/p>\t\t\t\t\t\t<\/div>\n\t\t\t\t<\/div>\n\t\t\t\t\t<\/div>\n\t\t<\/div>\n\t\t\t\t\t<\/div>\n\t\t<\/section>\n\t\t\t\t<section class=\"elementor-section elementor-top-section elementor-element elementor-element-debed43 elementor-section-boxed elementor-section-height-default elementor-section-height-default\" data-id=\"debed43\" data-element_type=\"section\">\n\t\t\t\t\t\t<div class=\"elementor-container elementor-column-gap-default\">\n\t\t\t\t\t<div class=\"elementor-column elementor-col-100 elementor-top-column elementor-element elementor-element-025fceb\" data-id=\"025fceb\" data-element_type=\"column\">\n\t\t\t<div class=\"elementor-widget-wrap elementor-element-populated\">\n\t\t\t\t\t\t<div class=\"elementor-element elementor-element-0056efd elementor-widget elementor-widget-heading\" data-id=\"0056efd\" data-element_type=\"widget\" data-widget_type=\"heading.default\">\n\t\t\t\t<div class=\"elementor-widget-container\">\n\t\t\t<h2 class=\"elementor-heading-title elementor-size-default\">Contribui\u00e7\u00e3o da Biotecnologia<\/h2>\t\t<\/div>\n\t\t\t\t<\/div>\n\t\t\t\t\t<\/div>\n\t\t<\/div>\n\t\t\t\t\t<\/div>\n\t\t<\/section>\n\t\t\t\t<section class=\"elementor-section elementor-top-section elementor-element elementor-element-4b7d0bc elementor-section-boxed elementor-section-height-default elementor-section-height-default\" data-id=\"4b7d0bc\" data-element_type=\"section\">\n\t\t\t\t\t\t<div class=\"elementor-container elementor-column-gap-default\">\n\t\t\t\t\t<div class=\"elementor-column elementor-col-100 elementor-top-column elementor-element elementor-element-90d47f4\" data-id=\"90d47f4\" data-element_type=\"column\">\n\t\t\t<div class=\"elementor-widget-wrap elementor-element-populated\">\n\t\t\t\t\t\t<div class=\"elementor-element elementor-element-b134130 elementor-cta--skin-cover elementor-animated-content elementor-bg-transform elementor-bg-transform-zoom-in elementor-widget elementor-widget-call-to-action\" data-id=\"b134130\" data-element_type=\"widget\" data-widget_type=\"call-to-action.default\">\n\t\t\t\t<div class=\"elementor-widget-container\">\n\t\t\t\t\t<div class=\"elementor-cta\">\n\t\t\t\t\t<div class=\"elementor-cta__bg-wrapper\">\n\t\t\t\t<div class=\"elementor-cta__bg elementor-bg\" style=\"background-image: url(https:\/\/sites.usp.br\/biotecomunidade\/wp-content\/uploads\/sites\/1649\/2026\/03\/selective-silhouette-closeup-shot-plants-trees-orange-sky-sunset-1024x683.jpg);\" role=\"img\" aria-label=\"A selective silhouette closeup shot of plants and trees under an orange sky during sunset\"><\/div>\n\t\t\t\t<div class=\"elementor-cta__bg-overlay\"><\/div>\n\t\t\t<\/div>\n\t\t\t\t\t\t\t<div class=\"elementor-cta__content\">\n\t\t\t\t\n\t\t\t\t\t\t\t\t\t<h2 class=\"elementor-cta__title elementor-cta__content-item elementor-content-item elementor-animated-item--grow\">\n\t\t\t\t\t\tBrasil na lideran\u00e7a\t\t\t\t\t<\/h2>\n\t\t\t\t\n\t\t\t\t\t\t\t\t\t<div class=\"elementor-cta__description elementor-cta__content-item elementor-content-item elementor-animated-item--grow\">\n\t\t\t\t\t\tContribui\u00e7\u00e3o para a ODS 12\t\t\t\t\t<\/div>\n\t\t\t\t\n\t\t\t\t\t\t\t\t\t<div class=\"elementor-cta__button-wrapper elementor-cta__content-item elementor-content-item elementor-animated-item--grow\">\n\t\t\t\t\t<a class=\"elementor-cta__button elementor-button elementor-size-\" href=\"https:\/\/sites.usp.br\/biotecomunidade\/jdezanetti-2-ods12-1-2026\/\">\n\t\t\t\t\t\tClique aqui\t\t\t\t\t<\/a>\n\t\t\t\t\t<\/div>\n\t\t\t\t\t\t\t<\/div>\n\t\t\t\t\t\t\t<div class=\"elementor-ribbon elementor-ribbon-left\">\n\t\t\t\t<div class=\"elementor-ribbon-inner\">1<\/div>\n\t\t\t<\/div>\n\t\t\t\t<\/div>\n\t\t\t\t<\/div>\n\t\t\t\t<\/div>\n\t\t\t\t<div class=\"elementor-element elementor-element-a875bc0 elementor-cta--skin-cover elementor-animated-content elementor-bg-transform elementor-bg-transform-zoom-in elementor-widget elementor-widget-call-to-action\" data-id=\"a875bc0\" data-element_type=\"widget\" data-widget_type=\"call-to-action.default\">\n\t\t\t\t<div class=\"elementor-widget-container\">\n\t\t\t\t\t<div class=\"elementor-cta\">\n\t\t\t\t\t<div class=\"elementor-cta__bg-wrapper\">\n\t\t\t\t<div class=\"elementor-cta__bg elementor-bg\" style=\"background-image: url(https:\/\/sites.usp.br\/biotecomunidade\/wp-content\/uploads\/sites\/1649\/2026\/03\/plastic-garbage-conveyor-belt-waste-recycling-factory-workers-background-1024x576.jpg);\" role=\"img\" aria-label=\"Plastic garbage on a conveyor belt at waste recycling factory. Workers on the background\"><\/div>\n\t\t\t\t<div class=\"elementor-cta__bg-overlay\"><\/div>\n\t\t\t<\/div>\n\t\t\t\t\t\t\t<div class=\"elementor-cta__content\">\n\t\t\t\t\n\t\t\t\t\t\t\t\t\t<h2 class=\"elementor-cta__title elementor-cta__content-item elementor-content-item elementor-animated-item--grow\">\n\t\t\t\t\t\tGera\u00e7\u00e3o de res\u00edduos e polui\u00e7\u00e3o industrial\t\t\t\t\t<\/h2>\n\t\t\t\t\n\t\t\t\t\t\t\t\t\t<div class=\"elementor-cta__description elementor-cta__content-item elementor-content-item elementor-animated-item--grow\">\n\t\t\t\t\t\tImpacto ambiental de processos industriais\t\t\t\t\t<\/div>\n\t\t\t\t\n\t\t\t\t\t\t\t\t\t<div class=\"elementor-cta__button-wrapper elementor-cta__content-item elementor-content-item elementor-animated-item--grow\">\n\t\t\t\t\t<a class=\"elementor-cta__button elementor-button elementor-size-\" href=\"https:\/\/sites.usp.br\/biotecomunidade\/?p=3828&#038;preview=true\">\n\t\t\t\t\t\tClique aqui\t\t\t\t\t<\/a>\n\t\t\t\t\t<\/div>\n\t\t\t\t\t\t\t<\/div>\n\t\t\t\t\t\t\t<div class=\"elementor-ribbon elementor-ribbon-right\">\n\t\t\t\t<div class=\"elementor-ribbon-inner\">2<\/div>\n\t\t\t<\/div>\n\t\t\t\t<\/div>\n\t\t\t\t<\/div>\n\t\t\t\t<\/div>\n\t\t\t\t<div class=\"elementor-element elementor-element-1b22b17 elementor-cta--skin-cover elementor-animated-content elementor-bg-transform elementor-bg-transform-zoom-in elementor-widget elementor-widget-call-to-action\" data-id=\"1b22b17\" data-element_type=\"widget\" data-widget_type=\"call-to-action.default\">\n\t\t\t\t<div class=\"elementor-widget-container\">\n\t\t\t\t\t<div class=\"elementor-cta\">\n\t\t\t\t\t<div class=\"elementor-cta__bg-wrapper\">\n\t\t\t\t<div class=\"elementor-cta__bg elementor-bg\" style=\"background-image: url(https:\/\/sites.usp.br\/biotecomunidade\/wp-content\/uploads\/sites\/1649\/2026\/04\/rice-field-people-bridge-walking-thailand-1024x683.jpg);\" role=\"img\" aria-label=\"rice field and people on bridge walking in Thailand\"><\/div>\n\t\t\t\t<div class=\"elementor-cta__bg-overlay\"><\/div>\n\t\t\t<\/div>\n\t\t\t\t\t\t\t<div class=\"elementor-cta__content\">\n\t\t\t\t\n\t\t\t\t\t\t\t\t\t<h2 class=\"elementor-cta__title elementor-cta__content-item elementor-content-item elementor-animated-item--grow\">\n\t\t\t\t\t\tBiorremedia\u00e7\u00e3o como solu\u00e7\u00e3o para res\u00edduos\t\t\t\t\t<\/h2>\n\t\t\t\t\n\t\t\t\t\t\t\t\t\t<div class=\"elementor-cta__description elementor-cta__content-item elementor-content-item elementor-animated-item--grow\">\n\t\t\t\t\t\tEstrat\u00e9gia sustent\u00e1vel para reduzir impacto ambiental e promover recupera\u00e7\u00e3o ecol\u00f3gica\t\t\t\t\t<\/div>\n\t\t\t\t\n\t\t\t\t\t\t\t\t\t<div class=\"elementor-cta__button-wrapper elementor-cta__content-item elementor-content-item elementor-animated-item--grow\">\n\t\t\t\t\t<a class=\"elementor-cta__button elementor-button elementor-size-\" href=\"https:\/\/sites.usp.br\/biotecomunidade\/iquiqueto-1-ods12-3-2026\/\">\n\t\t\t\t\t\tClique aqui\t\t\t\t\t<\/a>\n\t\t\t\t\t<\/div>\n\t\t\t\t\t\t\t<\/div>\n\t\t\t\t\t\t\t<div class=\"elementor-ribbon elementor-ribbon-left\">\n\t\t\t\t<div class=\"elementor-ribbon-inner\">3<\/div>\n\t\t\t<\/div>\n\t\t\t\t<\/div>\n\t\t\t\t<\/div>\n\t\t\t\t<\/div>\n\t\t\t\t\t<\/div>\n\t\t<\/div>\n\t\t\t\t\t<\/div>\n\t\t<\/section>\n\t\t\t\t<\/div>\n\t\t","protected":false},"excerpt":{"rendered":"<p>Consumo e produ\u00e7\u00e3o respons\u00e1veis 12.1 Implementar o Plano Decenal de Programas sobre Produ\u00e7\u00e3o e Consumo Sustent\u00e1veis, com todos os pa\u00edses tomando medidas, e os pa\u00edses desenvolvidos assumindo a lideran\u00e7a, tendo em conta o desenvolvimento e as capacidades dos pa\u00edses em desenvolvimento. 12.2 At\u00e9 2030, alcan\u00e7ar a gest\u00e3o sustent\u00e1vel e o uso eficiente dos recursos naturais. [&hellip;]<\/p>\n","protected":false},"author":24613,"featured_media":0,"parent":0,"menu_order":0,"comment_status":"closed","ping_status":"closed","template":"","meta":{"_monsterinsights_skip_tracking":false,"_monsterinsights_sitenote_active":false,"_monsterinsights_sitenote_note":"","_monsterinsights_sitenote_category":0,"footnotes":"","_links_to":"","_links_to_target":""},"class_list":["post-3106","page","type-page","status-publish","hentry","entry"],"_links":{"self":[{"href":"https:\/\/sites.usp.br\/biotecomunidade\/wp-json\/wp\/v2\/pages\/3106","targetHints":{"allow":["GET"]}}],"collection":[{"href":"https:\/\/sites.usp.br\/biotecomunidade\/wp-json\/wp\/v2\/pages"}],"about":[{"href":"https:\/\/sites.usp.br\/biotecomunidade\/wp-json\/wp\/v2\/types\/page"}],"author":[{"embeddable":true,"href":"https:\/\/sites.usp.br\/biotecomunidade\/wp-json\/wp\/v2\/users\/24613"}],"replies":[{"embeddable":true,"href":"https:\/\/sites.usp.br\/biotecomunidade\/wp-json\/wp\/v2\/comments?post=3106"}],"version-history":[{"count":4,"href":"https:\/\/sites.usp.br\/biotecomunidade\/wp-json\/wp\/v2\/pages\/3106\/revisions"}],"predecessor-version":[{"id":3986,"href":"https:\/\/sites.usp.br\/biotecomunidade\/wp-json\/wp\/v2\/pages\/3106\/revisions\/3986"}],"wp:attachment":[{"href":"https:\/\/sites.usp.br\/biotecomunidade\/wp-json\/wp\/v2\/media?parent=3106"}],"curies":[{"name":"wp","href":"https:\/\/api.w.org\/{rel}","templated":true}]}}