{"id":3110,"date":"2025-04-04T17:31:46","date_gmt":"2025-04-04T20:31:46","guid":{"rendered":"https:\/\/sites.usp.br\/biotecomunidade\/?page_id=3110"},"modified":"2026-04-07T19:13:38","modified_gmt":"2026-04-07T22:13:38","slug":"ods-14","status":"publish","type":"page","link":"https:\/\/sites.usp.br\/biotecomunidade\/ods-14\/","title":{"rendered":"ODS 14"},"content":{"rendered":"\t\t<div data-elementor-type=\"wp-page\" data-elementor-id=\"3110\" class=\"elementor elementor-3110\" data-elementor-post-type=\"page\">\n\t\t\t\t\t\t<section class=\"elementor-section elementor-top-section elementor-element elementor-element-87e2744 elementor-section-boxed elementor-section-height-default elementor-section-height-default\" data-id=\"87e2744\" data-element_type=\"section\">\n\t\t\t\t\t\t<div class=\"elementor-container elementor-column-gap-default\">\n\t\t\t\t\t<div class=\"elementor-column elementor-col-100 elementor-top-column elementor-element elementor-element-41be30d\" data-id=\"41be30d\" data-element_type=\"column\">\n\t\t\t<div class=\"elementor-widget-wrap elementor-element-populated\">\n\t\t\t\t\t\t<div class=\"elementor-element elementor-element-325bf5b elementor-widget elementor-widget-image\" data-id=\"325bf5b\" data-element_type=\"widget\" data-widget_type=\"image.default\">\n\t\t\t\t<div class=\"elementor-widget-container\">\n\t\t\t\t\t\t\t\t\t\t\t\t\t<img fetchpriority=\"high\" decoding=\"async\" width=\"1024\" height=\"502\" src=\"https:\/\/sites.usp.br\/biotecomunidade\/wp-content\/uploads\/sites\/1649\/2025\/04\/14-1024x502.png\" class=\"attachment-large size-large wp-image-3184\" alt=\"\" srcset=\"https:\/\/sites.usp.br\/biotecomunidade\/wp-content\/uploads\/sites\/1649\/2025\/04\/14-1024x502.png 1024w, https:\/\/sites.usp.br\/biotecomunidade\/wp-content\/uploads\/sites\/1649\/2025\/04\/14-300x147.png 300w, https:\/\/sites.usp.br\/biotecomunidade\/wp-content\/uploads\/sites\/1649\/2025\/04\/14-768x376.png 768w, https:\/\/sites.usp.br\/biotecomunidade\/wp-content\/uploads\/sites\/1649\/2025\/04\/14-400x196.png 400w, https:\/\/sites.usp.br\/biotecomunidade\/wp-content\/uploads\/sites\/1649\/2025\/04\/14.png 1147w\" sizes=\"(max-width: 1024px) 100vw, 1024px\" \/>\t\t\t\t\t\t\t\t\t\t\t\t\t<\/div>\n\t\t\t\t<\/div>\n\t\t\t\t\t<\/div>\n\t\t<\/div>\n\t\t\t\t\t<\/div>\n\t\t<\/section>\n\t\t\t\t<section class=\"elementor-section elementor-top-section elementor-element elementor-element-b445bc5 elementor-section-boxed elementor-section-height-default elementor-section-height-default\" data-id=\"b445bc5\" data-element_type=\"section\">\n\t\t\t\t\t\t<div class=\"elementor-container elementor-column-gap-default\">\n\t\t\t\t\t<div class=\"elementor-column elementor-col-100 elementor-top-column elementor-element elementor-element-b5dfba6\" data-id=\"b5dfba6\" data-element_type=\"column\">\n\t\t\t<div class=\"elementor-widget-wrap elementor-element-populated\">\n\t\t\t\t\t\t<div class=\"elementor-element elementor-element-57e71c1 elementor-widget elementor-widget-heading\" data-id=\"57e71c1\" data-element_type=\"widget\" data-widget_type=\"heading.default\">\n\t\t\t\t<div class=\"elementor-widget-container\">\n\t\t\t<h2 class=\"elementor-heading-title elementor-size-default\">Vida na \u00e1gua<span style=\"color: var( --e-global-color-primary );font-family: var( --e-global-typography-primary-font-family ), Sans-serif;font-size: 20px;font-weight: var( --e-global-typography-primary-font-weight )\"><\/span><\/h2>\t\t<\/div>\n\t\t\t\t<\/div>\n\t\t\t\t\t<\/div>\n\t\t<\/div>\n\t\t\t\t\t<\/div>\n\t\t<\/section>\n\t\t\t\t<section class=\"elementor-section elementor-top-section elementor-element elementor-element-f524309 elementor-section-boxed elementor-section-height-default elementor-section-height-default\" data-id=\"f524309\" data-element_type=\"section\">\n\t\t\t\t\t\t<div class=\"elementor-container elementor-column-gap-default\">\n\t\t\t\t\t<div class=\"elementor-column elementor-col-100 elementor-top-column elementor-element elementor-element-029a374\" data-id=\"029a374\" data-element_type=\"column\">\n\t\t\t<div class=\"elementor-widget-wrap elementor-element-populated\">\n\t\t\t\t\t\t<div class=\"elementor-element elementor-element-91b80ea elementor-widget elementor-widget-text-editor\" data-id=\"91b80ea\" data-element_type=\"widget\" data-widget_type=\"text-editor.default\">\n\t\t\t\t<div class=\"elementor-widget-container\">\n\t\t\t\t\t\t\t<p class=\"\" data-start=\"92\" data-end=\"293\"><strong data-start=\"92\" data-end=\"100\">14.1<\/strong> At\u00e9 2025, prevenir e reduzir significativamente a polui\u00e7\u00e3o marinha de todos os tipos, especialmente a advinda de atividades terrestres, incluindo detritos marinhos e a polui\u00e7\u00e3o por nutrientes.<\/p><p class=\"\" data-start=\"295\" data-end=\"589\"><strong data-start=\"295\" data-end=\"303\">14.2<\/strong> At\u00e9 2020, gerir de forma sustent\u00e1vel e proteger os ecossistemas marinhos e costeiros para evitar impactos adversos significativos, inclusive por meio do refor\u00e7o da sua capacidade de resili\u00eancia, e tomar medidas para a sua restaura\u00e7\u00e3o, a fim de assegurar oceanos saud\u00e1veis e produtivos.<\/p><p class=\"\" data-start=\"591\" data-end=\"737\"><strong data-start=\"591\" data-end=\"599\">14.3<\/strong> Minimizar e enfrentar os impactos da acidifica\u00e7\u00e3o dos oceanos, inclusive por meio do refor\u00e7o da coopera\u00e7\u00e3o cient\u00edfica em todos os n\u00edveis.<\/p><p class=\"\" data-start=\"739\" data-end=\"1131\"><strong data-start=\"739\" data-end=\"747\">14.4<\/strong> At\u00e9 2020, efetivamente regular a coleta, e acabar com a sobrepesca, ilegal, n\u00e3o reportada e n\u00e3o regulamentada e as pr\u00e1ticas de pesca destrutivas, e implementar planos de gest\u00e3o com base cient\u00edfica, para restaurar popula\u00e7\u00f5es de peixes no menor tempo poss\u00edvel, pelo menos a n\u00edveis que possam produzir rendimento m\u00e1ximo sustent\u00e1vel, como determinado por suas caracter\u00edsticas biol\u00f3gicas.<\/p><p class=\"\" data-start=\"1133\" data-end=\"1316\"><strong data-start=\"1133\" data-end=\"1141\">14.5<\/strong> At\u00e9 2020, conservar pelo menos 10% das zonas costeiras e marinhas, de acordo com a legisla\u00e7\u00e3o nacional e internacional, e com base na melhor informa\u00e7\u00e3o cient\u00edfica dispon\u00edvel.<\/p><p class=\"\" data-start=\"1318\" data-end=\"1821\"><strong data-start=\"1318\" data-end=\"1326\">14.6<\/strong> At\u00e9 2020, proibir certas formas de subs\u00eddios \u00e0 pesca, que contribuem para a sobrecapacidade e a sobrepesca, e eliminar os subs\u00eddios que contribuam para a pesca ilegal, n\u00e3o reportada e n\u00e3o regulamentada, e abster-se de introduzir novos subs\u00eddios como estes, reconhecendo que o tratamento especial e diferenciado adequado e eficaz para os pa\u00edses em desenvolvimento e os pa\u00edses menos desenvolvidos deve ser parte integrante da negocia\u00e7\u00e3o sobre subs\u00eddios \u00e0 pesca da Organiza\u00e7\u00e3o Mundial do Com\u00e9rcio.<\/p><p class=\"\" data-start=\"1823\" data-end=\"2091\"><strong data-start=\"1823\" data-end=\"1831\">14.7<\/strong> At\u00e9 2030, aumentar os benef\u00edcios econ\u00f4micos para os pequenos Estados insulares em desenvolvimento e os pa\u00edses menos desenvolvidos, a partir do uso sustent\u00e1vel dos recursos marinhos, inclusive por meio de uma gest\u00e3o sustent\u00e1vel da pesca, aquicultura e turismo.<\/p><p class=\"\" data-start=\"2093\" data-end=\"2578\"><strong data-start=\"2093\" data-end=\"2101\">14.a<\/strong> Aumentar o conhecimento cient\u00edfico, desenvolver capacidades de pesquisa e transferir tecnologia marinha, tendo em conta os crit\u00e9rios e orienta\u00e7\u00f5es sobre a Transfer\u00eancia de Tecnologia Marinha da Comiss\u00e3o Oceanogr\u00e1fica Intergovernamental, a fim de melhorar a sa\u00fade dos oceanos e aumentar a contribui\u00e7\u00e3o da biodiversidade marinha para o desenvolvimento dos pa\u00edses em desenvolvimento, em particular os pequenos Estados insulares em desenvolvimento e os pa\u00edses menos desenvolvidos.<\/p><p class=\"\" data-start=\"2580\" data-end=\"2688\"><strong data-start=\"2580\" data-end=\"2588\">14.b<\/strong> Proporcionar o acesso dos pescadores artesanais de pequena escala aos recursos marinhos e mercados.<\/p><p class=\"\" data-start=\"2690\" data-end=\"3062\"><strong data-start=\"2690\" data-end=\"2698\">14.c<\/strong> Assegurar a conserva\u00e7\u00e3o e o uso sustent\u00e1vel dos oceanos e seus recursos pela implementa\u00e7\u00e3o do direito internacional, como refletido na UNCLOS [Conven\u00e7\u00e3o das Na\u00e7\u00f5es Unidas sobre o Direito do Mar], que prov\u00ea o arcabou\u00e7o legal para a conserva\u00e7\u00e3o e utiliza\u00e7\u00e3o sustent\u00e1vel dos oceanos e dos seus recursos, conforme registrado no par\u00e1grafo 158 do \u201cFuturo Que Queremos\u201d.<\/p>\t\t\t\t\t\t<\/div>\n\t\t\t\t<\/div>\n\t\t\t\t\t<\/div>\n\t\t<\/div>\n\t\t\t\t\t<\/div>\n\t\t<\/section>\n\t\t\t\t<section class=\"elementor-section elementor-top-section elementor-element elementor-element-7803c7d elementor-section-boxed elementor-section-height-default elementor-section-height-default\" data-id=\"7803c7d\" data-element_type=\"section\">\n\t\t\t\t\t\t<div class=\"elementor-container elementor-column-gap-default\">\n\t\t\t\t\t<div class=\"elementor-column elementor-col-100 elementor-top-column elementor-element elementor-element-5a8536c\" data-id=\"5a8536c\" data-element_type=\"column\">\n\t\t\t<div class=\"elementor-widget-wrap elementor-element-populated\">\n\t\t\t\t\t\t<div class=\"elementor-element elementor-element-15704ac elementor-widget elementor-widget-heading\" data-id=\"15704ac\" data-element_type=\"widget\" data-widget_type=\"heading.default\">\n\t\t\t\t<div class=\"elementor-widget-container\">\n\t\t\t<h2 class=\"elementor-heading-title elementor-size-default\">Contribui\u00e7\u00e3o da Biotecnologia<\/h2>\t\t<\/div>\n\t\t\t\t<\/div>\n\t\t\t\t\t<\/div>\n\t\t<\/div>\n\t\t\t\t\t<\/div>\n\t\t<\/section>\n\t\t\t\t<section class=\"elementor-section elementor-top-section elementor-element elementor-element-a49bda2 elementor-section-boxed elementor-section-height-default elementor-section-height-default\" data-id=\"a49bda2\" data-element_type=\"section\">\n\t\t\t\t\t\t<div class=\"elementor-container elementor-column-gap-default\">\n\t\t\t\t\t<div class=\"elementor-column elementor-col-100 elementor-top-column elementor-element elementor-element-1b6a44f\" data-id=\"1b6a44f\" data-element_type=\"column\">\n\t\t\t<div class=\"elementor-widget-wrap elementor-element-populated\">\n\t\t\t\t\t\t<div class=\"elementor-element elementor-element-be7a0c0 elementor-cta--skin-cover elementor-animated-content elementor-bg-transform elementor-bg-transform-zoom-in elementor-widget elementor-widget-call-to-action\" data-id=\"be7a0c0\" data-element_type=\"widget\" data-widget_type=\"call-to-action.default\">\n\t\t\t\t<div class=\"elementor-widget-container\">\n\t\t\t\t\t<div class=\"elementor-cta\">\n\t\t\t\t\t<div class=\"elementor-cta__bg-wrapper\">\n\t\t\t\t<div class=\"elementor-cta__bg elementor-bg\" style=\"background-image: url(https:\/\/sites.usp.br\/biotecomunidade\/wp-content\/uploads\/sites\/1649\/2026\/04\/colorful-fish-swimming-underwater-1024x683.jpg);\" role=\"img\" aria-label=\"colorful-fish-swimming-underwater\"><\/div>\n\t\t\t\t<div class=\"elementor-cta__bg-overlay\"><\/div>\n\t\t\t<\/div>\n\t\t\t\t\t\t\t<div class=\"elementor-cta__content\">\n\t\t\t\t\n\t\t\t\t\t\t\t\t\t<h2 class=\"elementor-cta__title elementor-cta__content-item elementor-content-item elementor-animated-item--grow\">\n\t\t\t\t\t\tBiotecnologia na preserva\u00e7\u00e3o da vida na \u00e1gua\t\t\t\t\t<\/h2>\n\t\t\t\t\n\t\t\t\t\t\t\t\t\t<div class=\"elementor-cta__description elementor-cta__content-item elementor-content-item elementor-animated-item--grow\">\n\t\t\t\t\t\tSolu\u00e7\u00e3o para conserva\u00e7\u00e3o de ecossistema aqu\u00e1tico\t\t\t\t\t<\/div>\n\t\t\t\t\n\t\t\t\t\t\t\t\t\t<div class=\"elementor-cta__button-wrapper elementor-cta__content-item elementor-content-item elementor-animated-item--grow\">\n\t\t\t\t\t<a class=\"elementor-cta__button elementor-button elementor-size-\" href=\"https:\/\/sites.usp.br\/biotecomunidade\/lluna-2-ods14-1-2026\/\">\n\t\t\t\t\t\tClique aqui\t\t\t\t\t<\/a>\n\t\t\t\t\t<\/div>\n\t\t\t\t\t\t\t<\/div>\n\t\t\t\t\t\t\t<div class=\"elementor-ribbon elementor-ribbon-left\">\n\t\t\t\t<div class=\"elementor-ribbon-inner\">1<\/div>\n\t\t\t<\/div>\n\t\t\t\t<\/div>\n\t\t\t\t<\/div>\n\t\t\t\t<\/div>\n\t\t\t\t\t<\/div>\n\t\t<\/div>\n\t\t\t\t\t<\/div>\n\t\t<\/section>\n\t\t\t\t<\/div>\n\t\t","protected":false},"excerpt":{"rendered":"<p>Vida na \u00e1gua 14.1 At\u00e9 2025, prevenir e reduzir significativamente a polui\u00e7\u00e3o marinha de todos os tipos, especialmente a advinda de atividades terrestres, incluindo detritos marinhos e a polui\u00e7\u00e3o por nutrientes. 14.2 At\u00e9 2020, gerir de forma sustent\u00e1vel e proteger os ecossistemas marinhos e costeiros para evitar impactos adversos significativos, inclusive por meio do refor\u00e7o [&hellip;]<\/p>\n","protected":false},"author":24613,"featured_media":0,"parent":0,"menu_order":0,"comment_status":"closed","ping_status":"closed","template":"","meta":{"_monsterinsights_skip_tracking":false,"_monsterinsights_sitenote_active":false,"_monsterinsights_sitenote_note":"","_monsterinsights_sitenote_category":0,"footnotes":"","_links_to":"","_links_to_target":""},"class_list":["post-3110","page","type-page","status-publish","hentry","entry"],"_links":{"self":[{"href":"https:\/\/sites.usp.br\/biotecomunidade\/wp-json\/wp\/v2\/pages\/3110","targetHints":{"allow":["GET"]}}],"collection":[{"href":"https:\/\/sites.usp.br\/biotecomunidade\/wp-json\/wp\/v2\/pages"}],"about":[{"href":"https:\/\/sites.usp.br\/biotecomunidade\/wp-json\/wp\/v2\/types\/page"}],"author":[{"embeddable":true,"href":"https:\/\/sites.usp.br\/biotecomunidade\/wp-json\/wp\/v2\/users\/24613"}],"replies":[{"embeddable":true,"href":"https:\/\/sites.usp.br\/biotecomunidade\/wp-json\/wp\/v2\/comments?post=3110"}],"version-history":[{"count":4,"href":"https:\/\/sites.usp.br\/biotecomunidade\/wp-json\/wp\/v2\/pages\/3110\/revisions"}],"predecessor-version":[{"id":4079,"href":"https:\/\/sites.usp.br\/biotecomunidade\/wp-json\/wp\/v2\/pages\/3110\/revisions\/4079"}],"wp:attachment":[{"href":"https:\/\/sites.usp.br\/biotecomunidade\/wp-json\/wp\/v2\/media?parent=3110"}],"curies":[{"name":"wp","href":"https:\/\/api.w.org\/{rel}","templated":true}]}}