{"id":3114,"date":"2025-04-04T17:32:20","date_gmt":"2025-04-04T20:32:20","guid":{"rendered":"https:\/\/sites.usp.br\/biotecomunidade\/?page_id=3114"},"modified":"2025-04-05T09:52:13","modified_gmt":"2025-04-05T12:52:13","slug":"ods-16","status":"publish","type":"page","link":"https:\/\/sites.usp.br\/biotecomunidade\/ods-16\/","title":{"rendered":"ODS 16"},"content":{"rendered":"\t\t<div data-elementor-type=\"wp-page\" data-elementor-id=\"3114\" class=\"elementor elementor-3114\" data-elementor-post-type=\"page\">\n\t\t\t\t\t\t<section class=\"elementor-section elementor-top-section elementor-element elementor-element-1b8d350 elementor-section-boxed elementor-section-height-default elementor-section-height-default\" data-id=\"1b8d350\" data-element_type=\"section\">\n\t\t\t\t\t\t<div class=\"elementor-container elementor-column-gap-default\">\n\t\t\t\t\t<div class=\"elementor-column elementor-col-100 elementor-top-column elementor-element elementor-element-943a5c3\" data-id=\"943a5c3\" data-element_type=\"column\">\n\t\t\t<div class=\"elementor-widget-wrap elementor-element-populated\">\n\t\t\t\t\t\t<div class=\"elementor-element elementor-element-a3619f3 elementor-widget elementor-widget-image\" data-id=\"a3619f3\" data-element_type=\"widget\" data-widget_type=\"image.default\">\n\t\t\t\t<div class=\"elementor-widget-container\">\n\t\t\t\t\t\t\t\t\t\t\t\t\t<img fetchpriority=\"high\" decoding=\"async\" width=\"1024\" height=\"572\" src=\"https:\/\/sites.usp.br\/biotecomunidade\/wp-content\/uploads\/sites\/1649\/2025\/04\/16-1024x572.png\" class=\"attachment-large size-large wp-image-3200\" alt=\"\" srcset=\"https:\/\/sites.usp.br\/biotecomunidade\/wp-content\/uploads\/sites\/1649\/2025\/04\/16-1024x572.png 1024w, https:\/\/sites.usp.br\/biotecomunidade\/wp-content\/uploads\/sites\/1649\/2025\/04\/16-300x167.png 300w, https:\/\/sites.usp.br\/biotecomunidade\/wp-content\/uploads\/sites\/1649\/2025\/04\/16-768x429.png 768w, https:\/\/sites.usp.br\/biotecomunidade\/wp-content\/uploads\/sites\/1649\/2025\/04\/16-310x174.png 310w, https:\/\/sites.usp.br\/biotecomunidade\/wp-content\/uploads\/sites\/1649\/2025\/04\/16-400x223.png 400w, https:\/\/sites.usp.br\/biotecomunidade\/wp-content\/uploads\/sites\/1649\/2025\/04\/16.png 1143w\" sizes=\"(max-width: 1024px) 100vw, 1024px\" \/>\t\t\t\t\t\t\t\t\t\t\t\t\t<\/div>\n\t\t\t\t<\/div>\n\t\t\t\t\t<\/div>\n\t\t<\/div>\n\t\t\t\t\t<\/div>\n\t\t<\/section>\n\t\t\t\t<section class=\"elementor-section elementor-top-section elementor-element elementor-element-57b52cb elementor-section-boxed elementor-section-height-default elementor-section-height-default\" data-id=\"57b52cb\" data-element_type=\"section\">\n\t\t\t\t\t\t<div class=\"elementor-container elementor-column-gap-default\">\n\t\t\t\t\t<div class=\"elementor-column elementor-col-100 elementor-top-column elementor-element elementor-element-4776f96\" data-id=\"4776f96\" data-element_type=\"column\">\n\t\t\t<div class=\"elementor-widget-wrap elementor-element-populated\">\n\t\t\t\t\t\t<div class=\"elementor-element elementor-element-3c070d2 elementor-widget elementor-widget-heading\" data-id=\"3c070d2\" data-element_type=\"widget\" data-widget_type=\"heading.default\">\n\t\t\t\t<div class=\"elementor-widget-container\">\n\t\t\t<h2 class=\"elementor-heading-title elementor-size-default\">Paz, Justi\u00e7a e Institui\u00e7\u00f5es Eficazes<\/h2>\t\t<\/div>\n\t\t\t\t<\/div>\n\t\t\t\t\t<\/div>\n\t\t<\/div>\n\t\t\t\t\t<\/div>\n\t\t<\/section>\n\t\t\t\t<section class=\"elementor-section elementor-top-section elementor-element elementor-element-d880221 elementor-section-boxed elementor-section-height-default elementor-section-height-default\" data-id=\"d880221\" data-element_type=\"section\">\n\t\t\t\t\t\t<div class=\"elementor-container elementor-column-gap-default\">\n\t\t\t\t\t<div class=\"elementor-column elementor-col-100 elementor-top-column elementor-element elementor-element-50526d6\" data-id=\"50526d6\" data-element_type=\"column\">\n\t\t\t<div class=\"elementor-widget-wrap elementor-element-populated\">\n\t\t\t\t\t\t<div class=\"elementor-element elementor-element-b742abf elementor-widget elementor-widget-text-editor\" data-id=\"b742abf\" data-element_type=\"widget\" data-widget_type=\"text-editor.default\">\n\t\t\t\t<div class=\"elementor-widget-container\">\n\t\t\t\t\t\t\t<p class=\"\" data-start=\"106\" data-end=\"229\"><strong data-start=\"106\" data-end=\"114\">16.1<\/strong> Reduzir significativamente todas as formas de viol\u00eancia e as taxas de mortalidade relacionada em todos os lugares.<\/p><p class=\"\" data-start=\"231\" data-end=\"335\"><strong data-start=\"231\" data-end=\"239\">16.2<\/strong> Acabar com abuso, explora\u00e7\u00e3o, tr\u00e1fico e todas as formas de viol\u00eancia e tortura contra crian\u00e7as.<\/p><p class=\"\" data-start=\"337\" data-end=\"465\"><strong data-start=\"337\" data-end=\"345\">16.3<\/strong> Promover o Estado de Direito, em n\u00edvel nacional e internacional, e garantir a igualdade de acesso \u00e0 justi\u00e7a para todos.<\/p><p class=\"\" data-start=\"467\" data-end=\"658\"><strong data-start=\"467\" data-end=\"475\">16.4<\/strong> At\u00e9 2030, reduzir significativamente os fluxos financeiros e de armas ilegais, refor\u00e7ar a recupera\u00e7\u00e3o e devolu\u00e7\u00e3o de recursos roubados e combater todas as formas de crime organizado.<\/p><p class=\"\" data-start=\"660\" data-end=\"742\"><strong data-start=\"660\" data-end=\"668\">16.5<\/strong> Reduzir substancialmente a corrup\u00e7\u00e3o e o suborno em todas as suas formas.<\/p><p class=\"\" data-start=\"744\" data-end=\"836\"><strong data-start=\"744\" data-end=\"752\">16.6<\/strong> Desenvolver institui\u00e7\u00f5es eficazes, respons\u00e1veis e transparentes em todos os n\u00edveis.<\/p><p class=\"\" data-start=\"838\" data-end=\"949\"><strong data-start=\"838\" data-end=\"846\">16.7<\/strong> Garantir a tomada de decis\u00e3o responsiva, inclusiva, participativa e representativa em todos os n\u00edveis.<\/p><p class=\"\" data-start=\"951\" data-end=\"1064\"><strong data-start=\"951\" data-end=\"959\">16.8<\/strong> Ampliar e fortalecer a participa\u00e7\u00e3o dos pa\u00edses em desenvolvimento nas institui\u00e7\u00f5es de governan\u00e7a global.<\/p><p class=\"\" data-start=\"1066\" data-end=\"1158\"><strong data-start=\"1066\" data-end=\"1074\">16.9<\/strong> At\u00e9 2030, fornecer identidade legal para todos, incluindo o registro de nascimento.<\/p><p class=\"\" data-start=\"1160\" data-end=\"1319\"><strong data-start=\"1160\" data-end=\"1169\">16.10<\/strong> Assegurar o acesso p\u00fablico \u00e0 informa\u00e7\u00e3o e proteger as liberdades fundamentais, em conformidade com a legisla\u00e7\u00e3o nacional e os acordos internacionais.<\/p><p class=\"\" data-start=\"1321\" data-end=\"1592\"><strong data-start=\"1321\" data-end=\"1329\">16.a<\/strong> Fortalecer as institui\u00e7\u00f5es nacionais relevantes, inclusive por meio da coopera\u00e7\u00e3o internacional, para a constru\u00e7\u00e3o de capacidades em todos os n\u00edveis, em particular nos pa\u00edses em desenvolvimento, para a preven\u00e7\u00e3o da viol\u00eancia e o combate ao terrorismo e ao crime.<\/p><p class=\"\" data-start=\"1594\" data-end=\"1701\"><strong data-start=\"1594\" data-end=\"1602\">16.b<\/strong> Promover e fazer cumprir leis e pol\u00edticas n\u00e3o discriminat\u00f3rias para o desenvolvimento sustent\u00e1vel.<\/p>\t\t\t\t\t\t<\/div>\n\t\t\t\t<\/div>\n\t\t\t\t\t<\/div>\n\t\t<\/div>\n\t\t\t\t\t<\/div>\n\t\t<\/section>\n\t\t\t\t<\/div>\n\t\t","protected":false},"excerpt":{"rendered":"<p>Paz, Justi\u00e7a e Institui\u00e7\u00f5es Eficazes 16.1 Reduzir significativamente todas as formas de viol\u00eancia e as taxas de mortalidade relacionada em todos os lugares. 16.2 Acabar com abuso, explora\u00e7\u00e3o, tr\u00e1fico e todas as formas de viol\u00eancia e tortura contra crian\u00e7as. 16.3 Promover o Estado de Direito, em n\u00edvel nacional e internacional, e garantir a igualdade de [&hellip;]<\/p>\n","protected":false},"author":24613,"featured_media":0,"parent":0,"menu_order":0,"comment_status":"closed","ping_status":"closed","template":"","meta":{"_monsterinsights_skip_tracking":false,"_monsterinsights_sitenote_active":false,"_monsterinsights_sitenote_note":"","_monsterinsights_sitenote_category":0,"footnotes":"","_links_to":"","_links_to_target":""},"class_list":["post-3114","page","type-page","status-publish","hentry","entry"],"_links":{"self":[{"href":"https:\/\/sites.usp.br\/biotecomunidade\/wp-json\/wp\/v2\/pages\/3114","targetHints":{"allow":["GET"]}}],"collection":[{"href":"https:\/\/sites.usp.br\/biotecomunidade\/wp-json\/wp\/v2\/pages"}],"about":[{"href":"https:\/\/sites.usp.br\/biotecomunidade\/wp-json\/wp\/v2\/types\/page"}],"author":[{"embeddable":true,"href":"https:\/\/sites.usp.br\/biotecomunidade\/wp-json\/wp\/v2\/users\/24613"}],"replies":[{"embeddable":true,"href":"https:\/\/sites.usp.br\/biotecomunidade\/wp-json\/wp\/v2\/comments?post=3114"}],"version-history":[{"count":4,"href":"https:\/\/sites.usp.br\/biotecomunidade\/wp-json\/wp\/v2\/pages\/3114\/revisions"}],"predecessor-version":[{"id":3203,"href":"https:\/\/sites.usp.br\/biotecomunidade\/wp-json\/wp\/v2\/pages\/3114\/revisions\/3203"}],"wp:attachment":[{"href":"https:\/\/sites.usp.br\/biotecomunidade\/wp-json\/wp\/v2\/media?parent=3114"}],"curies":[{"name":"wp","href":"https:\/\/api.w.org\/{rel}","templated":true}]}}