{"id":3116,"date":"2025-04-04T17:32:36","date_gmt":"2025-04-04T20:32:36","guid":{"rendered":"https:\/\/sites.usp.br\/biotecomunidade\/?page_id=3116"},"modified":"2026-04-04T19:17:30","modified_gmt":"2026-04-04T22:17:30","slug":"ods-17","status":"publish","type":"page","link":"https:\/\/sites.usp.br\/biotecomunidade\/ods-17\/","title":{"rendered":"ODS 17"},"content":{"rendered":"\t\t<div data-elementor-type=\"wp-page\" data-elementor-id=\"3116\" class=\"elementor elementor-3116\" data-elementor-post-type=\"page\">\n\t\t\t\t\t\t<section class=\"elementor-section elementor-top-section elementor-element elementor-element-6434f60 elementor-section-boxed elementor-section-height-default elementor-section-height-default\" data-id=\"6434f60\" data-element_type=\"section\">\n\t\t\t\t\t\t<div class=\"elementor-container elementor-column-gap-default\">\n\t\t\t\t\t<div class=\"elementor-column elementor-col-100 elementor-top-column elementor-element elementor-element-3a17528\" data-id=\"3a17528\" data-element_type=\"column\">\n\t\t\t<div class=\"elementor-widget-wrap elementor-element-populated\">\n\t\t\t\t\t\t<div class=\"elementor-element elementor-element-e705ad2 elementor-widget elementor-widget-heading\" data-id=\"e705ad2\" data-element_type=\"widget\" data-widget_type=\"heading.default\">\n\t\t\t\t<div class=\"elementor-widget-container\">\n\t\t\t<h2 class=\"elementor-heading-title elementor-size-default\">Parcerias e meios de implementa\u00e7\u00e3o<\/h2>\t\t<\/div>\n\t\t\t\t<\/div>\n\t\t\t\t<div class=\"elementor-element elementor-element-84d4dc9 elementor-widget elementor-widget-image\" data-id=\"84d4dc9\" data-element_type=\"widget\" data-widget_type=\"image.default\">\n\t\t\t\t<div class=\"elementor-widget-container\">\n\t\t\t\t\t\t\t\t\t\t\t\t\t<img fetchpriority=\"high\" decoding=\"async\" width=\"1024\" height=\"526\" src=\"https:\/\/sites.usp.br\/biotecomunidade\/wp-content\/uploads\/sites\/1649\/2025\/04\/17-1024x526.png\" class=\"attachment-large size-large wp-image-3207\" alt=\"\" srcset=\"https:\/\/sites.usp.br\/biotecomunidade\/wp-content\/uploads\/sites\/1649\/2025\/04\/17-1024x526.png 1024w, https:\/\/sites.usp.br\/biotecomunidade\/wp-content\/uploads\/sites\/1649\/2025\/04\/17-300x154.png 300w, https:\/\/sites.usp.br\/biotecomunidade\/wp-content\/uploads\/sites\/1649\/2025\/04\/17-768x395.png 768w, https:\/\/sites.usp.br\/biotecomunidade\/wp-content\/uploads\/sites\/1649\/2025\/04\/17-400x206.png 400w, https:\/\/sites.usp.br\/biotecomunidade\/wp-content\/uploads\/sites\/1649\/2025\/04\/17.png 1150w\" sizes=\"(max-width: 1024px) 100vw, 1024px\" \/>\t\t\t\t\t\t\t\t\t\t\t\t\t<\/div>\n\t\t\t\t<\/div>\n\t\t\t\t<div class=\"elementor-element elementor-element-84b38fc elementor-widget elementor-widget-text-editor\" data-id=\"84b38fc\" data-element_type=\"widget\" data-widget_type=\"text-editor.default\">\n\t\t\t\t<div class=\"elementor-widget-container\">\n\t\t\t\t\t\t\t<p class=\"\" data-start=\"124\" data-end=\"336\"><strong data-start=\"124\" data-end=\"132\">17.1<\/strong> Fortalecer a mobiliza\u00e7\u00e3o de recursos internos, inclusive por meio do apoio internacional aos pa\u00edses em desenvolvimento, para melhorar a capacidade nacional para arrecada\u00e7\u00e3o de impostos e outras receitas.<\/p><p class=\"\" data-start=\"338\" data-end=\"789\"><strong data-start=\"338\" data-end=\"346\">17.2<\/strong> Pa\u00edses desenvolvidos implementarem plenamente os seus compromissos em mat\u00e9ria de assist\u00eancia oficial ao desenvolvimento [AOD], inclusive fornecer 0,7% da renda nacional bruta [RNB] em AOD aos pa\u00edses em desenvolvimento, dos quais 0,15% a 0,20% para os pa\u00edses menos desenvolvidos; provedores de AOD s\u00e3o encorajados a considerar a definir uma meta para fornecer pelo menos 0,20% da renda nacional bruta em AOD para os pa\u00edses menos desenvolvidos.<\/p><p class=\"\" data-start=\"791\" data-end=\"905\"><strong data-start=\"791\" data-end=\"799\">17.3<\/strong> Mobilizar recursos financeiros adicionais para os pa\u00edses em desenvolvimento a partir de m\u00faltiplas fontes.<\/p><p class=\"\" data-start=\"907\" data-end=\"1242\"><strong data-start=\"907\" data-end=\"915\">17.4<\/strong> Ajudar os pa\u00edses em desenvolvimento a alcan\u00e7ar a sustentabilidade da d\u00edvida de longo prazo por meio de pol\u00edticas coordenadas destinadas a promover o financiamento, a redu\u00e7\u00e3o e a reestrutura\u00e7\u00e3o da d\u00edvida, conforme apropriado, e tratar da d\u00edvida externa dos pa\u00edses pobres altamente endividados para reduzir o superendividamento.<\/p><p class=\"\" data-start=\"1244\" data-end=\"1346\"><strong data-start=\"1244\" data-end=\"1252\">17.5<\/strong> Adotar e implementar regimes de promo\u00e7\u00e3o de investimentos para os pa\u00edses menos desenvolvidos.<\/p><p class=\"\" data-start=\"1348\" data-end=\"1362\"><strong data-start=\"1348\" data-end=\"1362\">Tecnologia<\/strong><\/p><p class=\"\" data-start=\"1364\" data-end=\"1760\"><strong data-start=\"1364\" data-end=\"1372\">17.6<\/strong> Melhorar a coopera\u00e7\u00e3o Norte-Sul, Sul-Sul e triangular regional e internacional e o acesso \u00e0 ci\u00eancia, tecnologia e inova\u00e7\u00e3o, e aumentar o compartilhamento de conhecimentos em termos mutuamente acordados, inclusive por meio de uma melhor coordena\u00e7\u00e3o entre os mecanismos existentes, particularmente no n\u00edvel das Na\u00e7\u00f5es Unidas, e por meio de um mecanismo de facilita\u00e7\u00e3o de tecnologia global.<\/p><p class=\"\" data-start=\"1762\" data-end=\"2025\"><strong data-start=\"1762\" data-end=\"1770\">17.7<\/strong> Promover o desenvolvimento, a transfer\u00eancia, a dissemina\u00e7\u00e3o e a difus\u00e3o de tecnologias ambientalmente corretas para os pa\u00edses em desenvolvimento, em condi\u00e7\u00f5es favor\u00e1veis, inclusive em condi\u00e7\u00f5es concessionais e preferenciais, conforme mutuamente acordado.<\/p><p class=\"\" data-start=\"2027\" data-end=\"2299\"><strong data-start=\"2027\" data-end=\"2035\">17.8<\/strong> Operacionalizar plenamente o Banco de Tecnologia e o mecanismo de capacita\u00e7\u00e3o em ci\u00eancia, tecnologia e inova\u00e7\u00e3o para os pa\u00edses menos desenvolvidos at\u00e9 2017, e aumentar o uso de tecnologias de capacita\u00e7\u00e3o, em particular das tecnologias de informa\u00e7\u00e3o e comunica\u00e7\u00e3o.<\/p><p class=\"\" data-start=\"2301\" data-end=\"2316\"><strong data-start=\"2301\" data-end=\"2316\">Capacita\u00e7\u00e3o<\/strong><\/p><p class=\"\" data-start=\"2318\" data-end=\"2612\"><strong data-start=\"2318\" data-end=\"2326\">17.9<\/strong> Refor\u00e7ar o apoio internacional para a implementa\u00e7\u00e3o eficaz e orientada da capacita\u00e7\u00e3o em pa\u00edses em desenvolvimento, a fim de apoiar os planos nacionais para implementar todos os objetivos de desenvolvimento sustent\u00e1vel, inclusive por meio da coopera\u00e7\u00e3o Norte-Sul, Sul-Sul e triangular.<\/p><p class=\"\" data-start=\"2614\" data-end=\"2626\"><strong data-start=\"2614\" data-end=\"2626\">Com\u00e9rcio<\/strong><\/p><p class=\"\" data-start=\"2628\" data-end=\"2899\"><strong data-start=\"2628\" data-end=\"2637\">17.10<\/strong> Promover um sistema multilateral de com\u00e9rcio universal, baseado em regras, aberto, n\u00e3o discriminat\u00f3rio e equitativo no \u00e2mbito da Organiza\u00e7\u00e3o Mundial do Com\u00e9rcio, inclusive por meio da conclus\u00e3o das negocia\u00e7\u00f5es no \u00e2mbito de sua Agenda de Desenvolvimento de Doha.<\/p><p class=\"\" data-start=\"2901\" data-end=\"3105\"><strong data-start=\"2901\" data-end=\"2910\">17.11<\/strong> Aumentar significativamente as exporta\u00e7\u00f5es dos pa\u00edses em desenvolvimento, em particular com o objetivo de duplicar a participa\u00e7\u00e3o dos pa\u00edses menos desenvolvidos nas exporta\u00e7\u00f5es globais at\u00e9 2020.<\/p><p class=\"\" data-start=\"3107\" data-end=\"3517\"><strong data-start=\"3107\" data-end=\"3116\">17.12<\/strong> Concretizar a implementa\u00e7\u00e3o oportuna de acesso a mercados livres de cotas e taxas, de forma duradoura, para todos os pa\u00edses menos desenvolvidos, de acordo com as decis\u00f5es da OMC, inclusive por meio de garantias de que as regras de origem preferenciais aplic\u00e1veis \u00e0s importa\u00e7\u00f5es provenientes de pa\u00edses menos desenvolvidos sejam transparentes e simples, e contribuam para facilitar o acesso ao mercado.<\/p><p class=\"\" data-start=\"3519\" data-end=\"3587\"><strong data-start=\"3519\" data-end=\"3542\">Quest\u00f5es sist\u00eamicas<\/strong><br data-start=\"3542\" data-end=\"3545\" \/><strong data-start=\"3545\" data-end=\"3587\">Coer\u00eancia de pol\u00edticas e institucional<\/strong><\/p><p class=\"\" data-start=\"3589\" data-end=\"3708\"><strong data-start=\"3589\" data-end=\"3598\">17.13<\/strong> Aumentar a estabilidade macroecon\u00f4mica global, inclusive por meio da coordena\u00e7\u00e3o e da coer\u00eancia de pol\u00edticas.<\/p><p class=\"\" data-start=\"3710\" data-end=\"3790\"><strong data-start=\"3710\" data-end=\"3719\">17.14<\/strong> Aumentar a coer\u00eancia das pol\u00edticas para o desenvolvimento sustent\u00e1vel.<\/p><p class=\"\" data-start=\"3792\" data-end=\"3960\"><strong data-start=\"3792\" data-end=\"3801\">17.15<\/strong> Respeitar o espa\u00e7o pol\u00edtico e a lideran\u00e7a de cada pa\u00eds para estabelecer e implementar pol\u00edticas para a erradica\u00e7\u00e3o da pobreza e o desenvolvimento sustent\u00e1vel.<\/p><p class=\"\" data-start=\"3962\" data-end=\"3991\"><strong data-start=\"3962\" data-end=\"3991\">Parcerias multissetoriais<\/strong><\/p><p class=\"\" data-start=\"3993\" data-end=\"4335\"><strong data-start=\"3993\" data-end=\"4002\">17.16<\/strong> Refor\u00e7ar a parceria global para o desenvolvimento sustent\u00e1vel, complementada por parcerias multissetoriais que mobilizem e compartilhem conhecimento, expertise, tecnologia e recursos financeiros, para apoiar a realiza\u00e7\u00e3o dos objetivos do desenvolvimento sustent\u00e1vel em todos os pa\u00edses, particularmente nos pa\u00edses em desenvolvimento.<\/p><p class=\"\" data-start=\"4337\" data-end=\"4524\"><strong data-start=\"4337\" data-end=\"4346\">17.17<\/strong> Incentivar e promover parcerias p\u00fablicas, p\u00fablico-privadas e com a sociedade civil eficazes, a partir da experi\u00eancia das estrat\u00e9gias de mobiliza\u00e7\u00e3o de recursos dessas parcerias.<\/p><p class=\"\" data-start=\"4526\" data-end=\"4572\"><strong data-start=\"4526\" data-end=\"4572\">Dados, monitoramento e presta\u00e7\u00e3o de contas<\/strong><\/p><p class=\"\" data-start=\"4574\" data-end=\"5020\"><strong data-start=\"4574\" data-end=\"4583\">17.18<\/strong> At\u00e9 2020, refor\u00e7ar o apoio \u00e0 capacita\u00e7\u00e3o para os pa\u00edses em desenvolvimento, inclusive para os pa\u00edses menos desenvolvidos e pequenos Estados insulares em desenvolvimento, para aumentar significativamente a disponibilidade de dados de alta qualidade, atuais e confi\u00e1veis, desagregados por renda, g\u00eanero, idade, ra\u00e7a, etnia, status migrat\u00f3rio, defici\u00eancia, localiza\u00e7\u00e3o geogr\u00e1fica e outras caracter\u00edsticas relevantes em contextos nacionais.<\/p><p class=\"\" data-start=\"5022\" data-end=\"5258\"><strong data-start=\"5022\" data-end=\"5031\">17.19<\/strong> At\u00e9 2030, valer-se de iniciativas existentes para desenvolver medidas do progresso do desenvolvimento sustent\u00e1vel que complementem o produto interno bruto [PIB] e apoiem a capacita\u00e7\u00e3o estat\u00edstica nos pa\u00edses em desenvolvimento.<\/p>\t\t\t\t\t\t<\/div>\n\t\t\t\t<\/div>\n\t\t\t\t\t<\/div>\n\t\t<\/div>\n\t\t\t\t\t<\/div>\n\t\t<\/section>\n\t\t\t\t<section class=\"elementor-section elementor-top-section elementor-element elementor-element-e702dfe elementor-section-boxed elementor-section-height-default elementor-section-height-default\" data-id=\"e702dfe\" data-element_type=\"section\">\n\t\t\t\t\t\t<div class=\"elementor-container elementor-column-gap-default\">\n\t\t\t\t\t<div class=\"elementor-column elementor-col-100 elementor-top-column elementor-element elementor-element-1a8c287\" data-id=\"1a8c287\" data-element_type=\"column\">\n\t\t\t<div class=\"elementor-widget-wrap elementor-element-populated\">\n\t\t\t\t\t\t<div class=\"elementor-element elementor-element-e0be5aa elementor-widget elementor-widget-heading\" data-id=\"e0be5aa\" data-element_type=\"widget\" data-widget_type=\"heading.default\">\n\t\t\t\t<div class=\"elementor-widget-container\">\n\t\t\t<h2 class=\"elementor-heading-title elementor-size-default\">Contribui\u00e7\u00e3o da Biotecnologia<\/h2>\t\t<\/div>\n\t\t\t\t<\/div>\n\t\t\t\t\t<\/div>\n\t\t<\/div>\n\t\t\t\t\t<\/div>\n\t\t<\/section>\n\t\t\t\t<section class=\"elementor-section elementor-top-section elementor-element elementor-element-a5ec10b elementor-section-boxed elementor-section-height-default elementor-section-height-default\" data-id=\"a5ec10b\" data-element_type=\"section\">\n\t\t\t\t\t\t<div class=\"elementor-container elementor-column-gap-default\">\n\t\t\t\t\t<div class=\"elementor-column elementor-col-100 elementor-top-column elementor-element elementor-element-4e8bf09\" data-id=\"4e8bf09\" data-element_type=\"column\">\n\t\t\t<div class=\"elementor-widget-wrap elementor-element-populated\">\n\t\t\t\t\t\t<div class=\"elementor-element elementor-element-20c8d16 elementor-cta--skin-cover elementor-animated-content elementor-bg-transform elementor-bg-transform-zoom-in elementor-widget elementor-widget-call-to-action\" data-id=\"20c8d16\" data-element_type=\"widget\" data-widget_type=\"call-to-action.default\">\n\t\t\t\t<div class=\"elementor-widget-container\">\n\t\t\t\t\t<div class=\"elementor-cta\">\n\t\t\t\t\t<div class=\"elementor-cta__bg-wrapper\">\n\t\t\t\t<div class=\"elementor-cta__bg elementor-bg\" style=\"background-image: url(https:\/\/sites.usp.br\/biotecomunidade\/wp-content\/uploads\/sites\/1649\/2026\/03\/coronavirus-infection-background-with-copy-space-1024x683.jpg);\" role=\"img\" aria-label=\"coronavirus-infection-background-with-copy-space\"><\/div>\n\t\t\t\t<div class=\"elementor-cta__bg-overlay\"><\/div>\n\t\t\t<\/div>\n\t\t\t\t\t\t\t<div class=\"elementor-cta__content\">\n\t\t\t\t\n\t\t\t\t\t\t\t\t\t<h2 class=\"elementor-cta__title elementor-cta__content-item elementor-content-item elementor-animated-item--grow\">\n\t\t\t\t\t\tA pandemia de COVID-19\t\t\t\t\t<\/h2>\n\t\t\t\t\n\t\t\t\t\t\t\t\t\t<h4 class=\"elementor-cta__description elementor-cta__content-item elementor-content-item elementor-animated-item--grow\">\n\t\t\t\t\t\tUm retrato de como a coopera\u00e7\u00e3o salva vida\t\t\t\t\t<\/h4>\n\t\t\t\t\n\t\t\t\t\t\t\t\t\t<div class=\"elementor-cta__button-wrapper elementor-cta__content-item elementor-content-item elementor-animated-item--grow\">\n\t\t\t\t\t<a class=\"elementor-cta__button elementor-button elementor-size-\" href=\"https:\/\/sites.usp.br\/biotecomunidade\/ods17-1-2026\/\">\n\t\t\t\t\t\tClique aqui\t\t\t\t\t<\/a>\n\t\t\t\t\t<\/div>\n\t\t\t\t\t\t\t<\/div>\n\t\t\t\t\t\t\t<div class=\"elementor-ribbon elementor-ribbon-left\">\n\t\t\t\t<div class=\"elementor-ribbon-inner\">1<\/div>\n\t\t\t<\/div>\n\t\t\t\t<\/div>\n\t\t\t\t<\/div>\n\t\t\t\t<\/div>\n\t\t\t\t\t<\/div>\n\t\t<\/div>\n\t\t\t\t\t<\/div>\n\t\t<\/section>\n\t\t\t\t<section class=\"elementor-section elementor-top-section elementor-element elementor-element-eff9974 elementor-section-boxed elementor-section-height-default elementor-section-height-default\" data-id=\"eff9974\" data-element_type=\"section\">\n\t\t\t\t\t\t<div class=\"elementor-container elementor-column-gap-default\">\n\t\t\t\t\t<div class=\"elementor-column elementor-col-100 elementor-top-column elementor-element elementor-element-2fec89c\" data-id=\"2fec89c\" data-element_type=\"column\">\n\t\t\t<div class=\"elementor-widget-wrap elementor-element-populated\">\n\t\t\t\t\t\t<div class=\"elementor-element elementor-element-3b0f348 elementor-cta--skin-cover elementor-animated-content elementor-bg-transform elementor-bg-transform-zoom-in elementor-widget elementor-widget-call-to-action\" data-id=\"3b0f348\" data-element_type=\"widget\" data-widget_type=\"call-to-action.default\">\n\t\t\t\t<div class=\"elementor-widget-container\">\n\t\t\t\t\t<div class=\"elementor-cta\">\n\t\t\t\t\t<div class=\"elementor-cta__bg-wrapper\">\n\t\t\t\t<div class=\"elementor-cta__bg elementor-bg\" style=\"background-image: url(https:\/\/sites.usp.br\/biotecomunidade\/wp-content\/uploads\/sites\/1649\/2026\/03\/close-up-chemist-woman-doctor-working-scientific-equipped-laboratory-using-microscope-1024x576.jpg);\" role=\"img\" aria-label=\"Close up of chemist woman doctor working in scientific equipped laboratory using microscope. Scientist analysing various bacteria, tissue blood samples doing pharmaceutical research for antibiotics\"><\/div>\n\t\t\t\t<div class=\"elementor-cta__bg-overlay\"><\/div>\n\t\t\t<\/div>\n\t\t\t\t\t\t\t<div class=\"elementor-cta__content\">\n\t\t\t\t\n\t\t\t\t\t\t\t\t\t<h2 class=\"elementor-cta__title elementor-cta__content-item elementor-content-item elementor-animated-item--grow\">\n\t\t\t\t\t\tNova fronteira da biotecnologia\t\t\t\t\t<\/h2>\n\t\t\t\t\n\t\t\t\t\t\t\t\t\t<div class=\"elementor-cta__description elementor-cta__content-item elementor-content-item elementor-animated-item--grow\">\n\t\t\t\t\t\tConstruindo ci\u00eancia e inova\u00e7\u00e3o\t\t\t\t\t<\/div>\n\t\t\t\t\n\t\t\t\t\t\t\t\t\t<div class=\"elementor-cta__button-wrapper elementor-cta__content-item elementor-content-item elementor-animated-item--grow\">\n\t\t\t\t\t<a class=\"elementor-cta__button elementor-button elementor-size-\" href=\"https:\/\/sites.usp.br\/biotecomunidade\/lmarques-1-ods17-1-2026\/\">\n\t\t\t\t\t\tClique aqui\t\t\t\t\t<\/a>\n\t\t\t\t\t<\/div>\n\t\t\t\t\t\t\t<\/div>\n\t\t\t\t\t\t\t<div class=\"elementor-ribbon elementor-ribbon-right\">\n\t\t\t\t<div class=\"elementor-ribbon-inner\">2<\/div>\n\t\t\t<\/div>\n\t\t\t\t<\/div>\n\t\t\t\t<\/div>\n\t\t\t\t<\/div>\n\t\t\t\t\t<\/div>\n\t\t<\/div>\n\t\t\t\t\t<\/div>\n\t\t<\/section>\n\t\t\t\t<section class=\"elementor-section elementor-top-section elementor-element elementor-element-a8c67e6 elementor-section-boxed elementor-section-height-default elementor-section-height-default\" data-id=\"a8c67e6\" data-element_type=\"section\">\n\t\t\t\t\t\t<div class=\"elementor-container elementor-column-gap-default\">\n\t\t\t\t\t<div class=\"elementor-column elementor-col-100 elementor-top-column elementor-element elementor-element-92ecf66\" data-id=\"92ecf66\" data-element_type=\"column\">\n\t\t\t<div class=\"elementor-widget-wrap elementor-element-populated\">\n\t\t\t\t\t\t<div class=\"elementor-element elementor-element-91cdf5a elementor-cta--skin-cover elementor-animated-content elementor-bg-transform elementor-bg-transform-zoom-in elementor-widget elementor-widget-call-to-action\" data-id=\"91cdf5a\" data-element_type=\"widget\" data-widget_type=\"call-to-action.default\">\n\t\t\t\t<div class=\"elementor-widget-container\">\n\t\t\t\t\t<div class=\"elementor-cta\">\n\t\t\t\t\t<div class=\"elementor-cta__bg-wrapper\">\n\t\t\t\t<div class=\"elementor-cta__bg elementor-bg\" style=\"background-image: url(https:\/\/sites.usp.br\/biotecomunidade\/wp-content\/uploads\/sites\/1649\/2026\/03\/european-parliament-building-strasbourg-france-with-clear-blue-sky-background-1024x683.jpg);\" role=\"img\" aria-label=\"The European Parliament building in Strasbourg, France with a clear blue sky in the background\"><\/div>\n\t\t\t\t<div class=\"elementor-cta__bg-overlay\"><\/div>\n\t\t\t<\/div>\n\t\t\t\t\t\t\t<div class=\"elementor-cta__content\">\n\t\t\t\t\n\t\t\t\t\t\t\t\t\t<h2 class=\"elementor-cta__title elementor-cta__content-item elementor-content-item elementor-animated-item--grow\">\n\t\t\t\t\t\tBrasil e diplomacia cient\u00edfica\t\t\t\t\t<\/h2>\n\t\t\t\t\n\t\t\t\t\t\t\t\t\t<div class=\"elementor-cta__description elementor-cta__content-item elementor-content-item elementor-animated-item--grow\">\n\t\t\t\t\t\tParceria global impulsionando inova\u00e7\u00e3o\t\t\t\t\t<\/div>\n\t\t\t\t\n\t\t\t\t\t\t\t\t\t<div class=\"elementor-cta__button-wrapper elementor-cta__content-item elementor-content-item elementor-animated-item--grow\">\n\t\t\t\t\t<a class=\"elementor-cta__button elementor-button elementor-size-\" href=\"https:\/\/sites.usp.br\/biotecomunidade\/ctavares-1-ods17-3-2026\/\">\n\t\t\t\t\t\tClique aqui\t\t\t\t\t<\/a>\n\t\t\t\t\t<\/div>\n\t\t\t\t\t\t\t<\/div>\n\t\t\t\t\t\t\t<div class=\"elementor-ribbon elementor-ribbon-left\">\n\t\t\t\t<div class=\"elementor-ribbon-inner\">3<\/div>\n\t\t\t<\/div>\n\t\t\t\t<\/div>\n\t\t\t\t<\/div>\n\t\t\t\t<\/div>\n\t\t\t\t<div class=\"elementor-element elementor-element-230add3 elementor-cta--skin-cover elementor-animated-content elementor-bg-transform elementor-bg-transform-zoom-in elementor-widget elementor-widget-call-to-action\" data-id=\"230add3\" data-element_type=\"widget\" data-widget_type=\"call-to-action.default\">\n\t\t\t\t<div class=\"elementor-widget-container\">\n\t\t\t\t\t<div class=\"elementor-cta\">\n\t\t\t\t\t<div class=\"elementor-cta__bg-wrapper\">\n\t\t\t\t<div class=\"elementor-cta__bg elementor-bg\" style=\"background-image: url(https:\/\/sites.usp.br\/biotecomunidade\/wp-content\/uploads\/sites\/1649\/2026\/04\/3651465-1024x683.jpg);\" role=\"img\" aria-label=\"3651465\"><\/div>\n\t\t\t\t<div class=\"elementor-cta__bg-overlay\"><\/div>\n\t\t\t<\/div>\n\t\t\t\t\t\t\t<div class=\"elementor-cta__content\">\n\t\t\t\t\n\t\t\t\t\t\t\t\t\t<h2 class=\"elementor-cta__title elementor-cta__content-item elementor-content-item elementor-animated-item--grow\">\n\t\t\t\t\t\tBiotecnologia e compartilhamento de dados biol\u00f3gicos\t\t\t\t\t<\/h2>\n\t\t\t\t\n\t\t\t\t\t\t\t\t\t<div class=\"elementor-cta__description elementor-cta__content-item elementor-content-item elementor-animated-item--grow\">\n\t\t\t\t\t\tParceria global para acelerar o desenvolvimento sustent\u00e1vel\t\t\t\t\t<\/div>\n\t\t\t\t\n\t\t\t\t\t\t\t\t\t<div class=\"elementor-cta__button-wrapper elementor-cta__content-item elementor-content-item elementor-animated-item--grow\">\n\t\t\t\t\t<a class=\"elementor-cta__button elementor-button elementor-size-\" href=\"https:\/\/sites.usp.br\/biotecomunidade\/lbarros-1-ods17-4-2026\/\">\n\t\t\t\t\t\tClique aqui\t\t\t\t\t<\/a>\n\t\t\t\t\t<\/div>\n\t\t\t\t\t\t\t<\/div>\n\t\t\t\t\t\t\t<div class=\"elementor-ribbon elementor-ribbon-right\">\n\t\t\t\t<div class=\"elementor-ribbon-inner\">4<\/div>\n\t\t\t<\/div>\n\t\t\t\t<\/div>\n\t\t\t\t<\/div>\n\t\t\t\t<\/div>\n\t\t\t\t<div class=\"elementor-element elementor-element-beb2771 elementor-cta--skin-cover elementor-animated-content elementor-bg-transform elementor-bg-transform-zoom-in elementor-widget elementor-widget-call-to-action\" data-id=\"beb2771\" data-element_type=\"widget\" data-widget_type=\"call-to-action.default\">\n\t\t\t\t<div class=\"elementor-widget-container\">\n\t\t\t\t\t<div class=\"elementor-cta\">\n\t\t\t\t\t<div class=\"elementor-cta__bg-wrapper\">\n\t\t\t\t<div class=\"elementor-cta__bg elementor-bg\" style=\"background-image: url(https:\/\/sites.usp.br\/biotecomunidade\/wp-content\/uploads\/sites\/1649\/2026\/04\/group-diverse-kids-hands-holding-cupping-globe-balls-together-1024x704.jpg);\" role=\"img\" aria-label=\"Kids holding the world in their hands\"><\/div>\n\t\t\t\t<div class=\"elementor-cta__bg-overlay\"><\/div>\n\t\t\t<\/div>\n\t\t\t\t\t\t\t<div class=\"elementor-cta__content\">\n\t\t\t\t\n\t\t\t\t\t\t\t\t\t<h2 class=\"elementor-cta__title elementor-cta__content-item elementor-content-item elementor-animated-item--grow\">\n\t\t\t\t\t\tBiotecnologia sem fronteira\t\t\t\t\t<\/h2>\n\t\t\t\t\n\t\t\t\t\t\t\t\t\t<div class=\"elementor-cta__description elementor-cta__content-item elementor-content-item elementor-animated-item--grow\">\n\t\t\t\t\t\tCaminho para a ODS 17\t\t\t\t\t<\/div>\n\t\t\t\t\n\t\t\t\t\t\t\t\t\t<div class=\"elementor-cta__button-wrapper elementor-cta__content-item elementor-content-item elementor-animated-item--grow\">\n\t\t\t\t\t<a class=\"elementor-cta__button elementor-button elementor-size-\" href=\"https:\/\/sites.usp.br\/biotecomunidade\/gjeronimo-1-ods17-5-2026\/\">\n\t\t\t\t\t\tClique aqui\t\t\t\t\t<\/a>\n\t\t\t\t\t<\/div>\n\t\t\t\t\t\t\t<\/div>\n\t\t\t\t\t\t\t<div class=\"elementor-ribbon elementor-ribbon-left\">\n\t\t\t\t<div class=\"elementor-ribbon-inner\">5<\/div>\n\t\t\t<\/div>\n\t\t\t\t<\/div>\n\t\t\t\t<\/div>\n\t\t\t\t<\/div>\n\t\t\t\t\t<\/div>\n\t\t<\/div>\n\t\t\t\t\t<\/div>\n\t\t<\/section>\n\t\t\t\t<\/div>\n\t\t","protected":false},"excerpt":{"rendered":"<p>Parcerias e meios de implementa\u00e7\u00e3o 17.1 Fortalecer a mobiliza\u00e7\u00e3o de recursos internos, inclusive por meio do apoio internacional aos pa\u00edses em desenvolvimento, para melhorar a capacidade nacional para arrecada\u00e7\u00e3o de impostos e outras receitas. 17.2 Pa\u00edses desenvolvidos implementarem plenamente os seus compromissos em mat\u00e9ria de assist\u00eancia oficial ao desenvolvimento [AOD], inclusive fornecer 0,7% da renda [&hellip;]<\/p>\n","protected":false},"author":24613,"featured_media":0,"parent":0,"menu_order":0,"comment_status":"closed","ping_status":"closed","template":"","meta":{"_monsterinsights_skip_tracking":false,"_monsterinsights_sitenote_active":false,"_monsterinsights_sitenote_note":"","_monsterinsights_sitenote_category":0,"footnotes":"","_links_to":"","_links_to_target":""},"class_list":["post-3116","page","type-page","status-publish","hentry","entry"],"_links":{"self":[{"href":"https:\/\/sites.usp.br\/biotecomunidade\/wp-json\/wp\/v2\/pages\/3116","targetHints":{"allow":["GET"]}}],"collection":[{"href":"https:\/\/sites.usp.br\/biotecomunidade\/wp-json\/wp\/v2\/pages"}],"about":[{"href":"https:\/\/sites.usp.br\/biotecomunidade\/wp-json\/wp\/v2\/types\/page"}],"author":[{"embeddable":true,"href":"https:\/\/sites.usp.br\/biotecomunidade\/wp-json\/wp\/v2\/users\/24613"}],"replies":[{"embeddable":true,"href":"https:\/\/sites.usp.br\/biotecomunidade\/wp-json\/wp\/v2\/comments?post=3116"}],"version-history":[{"count":4,"href":"https:\/\/sites.usp.br\/biotecomunidade\/wp-json\/wp\/v2\/pages\/3116\/revisions"}],"predecessor-version":[{"id":3958,"href":"https:\/\/sites.usp.br\/biotecomunidade\/wp-json\/wp\/v2\/pages\/3116\/revisions\/3958"}],"wp:attachment":[{"href":"https:\/\/sites.usp.br\/biotecomunidade\/wp-json\/wp\/v2\/media?parent=3116"}],"curies":[{"name":"wp","href":"https:\/\/api.w.org\/{rel}","templated":true}]}}