{"id":774,"date":"2025-03-26T09:09:20","date_gmt":"2025-03-26T12:09:20","guid":{"rendered":"https:\/\/sites.usp.br\/padrao8\/?page_id=774"},"modified":"2025-04-27T12:02:51","modified_gmt":"2025-04-27T15:02:51","slug":"sobre-pagina","status":"publish","type":"page","link":"https:\/\/sites.usp.br\/biotecomunidade\/sobre-pagina\/","title":{"rendered":"Sobre-p\u00e1gina"},"content":{"rendered":"\t\t<div data-elementor-type=\"wp-page\" data-elementor-id=\"774\" class=\"elementor elementor-774\" data-elementor-post-type=\"page\">\n\t\t\t\t\t\t<section class=\"elementor-section elementor-top-section elementor-element elementor-element-11cb049 elementor-section-boxed elementor-section-height-default elementor-section-height-default\" data-id=\"11cb049\" data-element_type=\"section\" data-settings=\"{&quot;background_background&quot;:&quot;classic&quot;}\">\n\t\t\t\t\t\t<div class=\"elementor-container elementor-column-gap-default\">\n\t\t\t\t\t<div class=\"elementor-column elementor-col-100 elementor-top-column elementor-element elementor-element-1f368b6\" data-id=\"1f368b6\" data-element_type=\"column\">\n\t\t\t<div class=\"elementor-widget-wrap elementor-element-populated\">\n\t\t\t\t\t\t<div class=\"elementor-element elementor-element-0150fe1 elementor-widget elementor-widget-heading\" data-id=\"0150fe1\" data-element_type=\"widget\" data-widget_type=\"heading.default\">\n\t\t\t\t<div class=\"elementor-widget-container\">\n\t\t\t<h2 class=\"elementor-heading-title elementor-size-default\">SOBRE N\u00d3S<\/h2>\t\t<\/div>\n\t\t\t\t<\/div>\n\t\t\t\t<section class=\"elementor-section elementor-inner-section elementor-element elementor-element-170cc21 elementor-section-boxed elementor-section-height-default elementor-section-height-default\" data-id=\"170cc21\" data-element_type=\"section\">\n\t\t\t\t\t\t<div class=\"elementor-container elementor-column-gap-default\">\n\t\t\t\t\t<div class=\"elementor-column elementor-col-100 elementor-inner-column elementor-element elementor-element-9a45e30\" data-id=\"9a45e30\" data-element_type=\"column\">\n\t\t\t<div class=\"elementor-widget-wrap elementor-element-populated\">\n\t\t\t\t\t\t<div class=\"elementor-element elementor-element-b87e341 elementor-widget elementor-widget-image\" data-id=\"b87e341\" data-element_type=\"widget\" data-widget_type=\"image.default\">\n\t\t\t\t<div class=\"elementor-widget-container\">\n\t\t\t\t\t\t\t\t\t\t<figure class=\"wp-caption\">\n\t\t\t\t\t\t\t\t\t\t<img fetchpriority=\"high\" decoding=\"async\" width=\"1024\" height=\"576\" src=\"https:\/\/sites.usp.br\/biotecomunidade\/wp-content\/uploads\/sites\/1649\/2025\/04\/setores-do-laboratorio-de-analises-clinicas-capa-1024x576.jpg\" class=\"attachment-large size-large wp-image-3308\" alt=\"\" srcset=\"https:\/\/sites.usp.br\/biotecomunidade\/wp-content\/uploads\/sites\/1649\/2025\/04\/setores-do-laboratorio-de-analises-clinicas-capa-1024x576.jpg 1024w, https:\/\/sites.usp.br\/biotecomunidade\/wp-content\/uploads\/sites\/1649\/2025\/04\/setores-do-laboratorio-de-analises-clinicas-capa-300x169.jpg 300w, https:\/\/sites.usp.br\/biotecomunidade\/wp-content\/uploads\/sites\/1649\/2025\/04\/setores-do-laboratorio-de-analises-clinicas-capa-768x432.jpg 768w, https:\/\/sites.usp.br\/biotecomunidade\/wp-content\/uploads\/sites\/1649\/2025\/04\/setores-do-laboratorio-de-analises-clinicas-capa-1536x864.jpg 1536w, https:\/\/sites.usp.br\/biotecomunidade\/wp-content\/uploads\/sites\/1649\/2025\/04\/setores-do-laboratorio-de-analises-clinicas-capa-800x450.jpg 800w, https:\/\/sites.usp.br\/biotecomunidade\/wp-content\/uploads\/sites\/1649\/2025\/04\/setores-do-laboratorio-de-analises-clinicas-capa-310x174.jpg 310w, https:\/\/sites.usp.br\/biotecomunidade\/wp-content\/uploads\/sites\/1649\/2025\/04\/setores-do-laboratorio-de-analises-clinicas-capa-400x225.jpg 400w, https:\/\/sites.usp.br\/biotecomunidade\/wp-content\/uploads\/sites\/1649\/2025\/04\/setores-do-laboratorio-de-analises-clinicas-capa.jpg 1920w\" sizes=\"(max-width: 1024px) 100vw, 1024px\" \/>\t\t\t\t\t\t\t\t\t\t\t<figcaption class=\"widget-image-caption wp-caption-text\">Foto meramente ilustrativa <\/figcaption>\n\t\t\t\t\t\t\t\t\t\t<\/figure>\n\t\t\t\t\t\t\t<\/div>\n\t\t\t\t<\/div>\n\t\t\t\t<div class=\"elementor-element elementor-element-449abeb elementor-widget elementor-widget-text-editor\" data-id=\"449abeb\" data-element_type=\"widget\" data-widget_type=\"text-editor.default\">\n\t\t\t\t<div class=\"elementor-widget-container\">\n\t\t\t\t\t\t\t<p class=\"\" data-start=\"239\" data-end=\"602\">A disciplina ACH3977 &#8211; Biotecnologia na Comunidade, do curso de Biotecnologia da Escola de Artes, Ci\u00eancias e Humanidades (EACH) da Universidade de S\u00e3o Paulo (USP), tem como objetivo dialogar com a sociedade e apresentar os cen\u00e1rios atuais e futuros da Biotecnologia no contexto nacional e global, alinhando-se aos Objetivos de Desenvolvimento Sustent\u00e1vel (ODS).<\/p><p class=\"\" data-start=\"604\" data-end=\"1090\">Sendo uma ci\u00eancia interdisciplinar, a Biotecnologia integra conhecimentos de biologia, qu\u00edmica, f\u00edsica, engenharia, ci\u00eancias da computa\u00e7\u00e3o e outras \u00e1reas. Seu avan\u00e7o desempenha um papel essencial na resolu\u00e7\u00e3o de desafios globais, como a erradica\u00e7\u00e3o da pobreza, a prote\u00e7\u00e3o ambiental e o desenvolvimento sustent\u00e1vel. Assim, \u00e9 fundamental promover o acesso \u00e0 informa\u00e7\u00e3o de qualidade para estimular o pensamento cr\u00edtico sobre as tecnologias cient\u00edficas modernas e suas aplica\u00e7\u00f5es nos ODS.<\/p><p class=\"\" data-start=\"1092\" data-end=\"1542\">Desenvolvida por estudantes, a disciplina permite que seus participantes compartilhem conhecimento por meio da cria\u00e7\u00e3o, desenvolvimento e divulga\u00e7\u00e3o de conte\u00fados cient\u00edficos e tecnol\u00f3gicos em formatos acess\u00edveis \u00e0 comunidade. Essa experi\u00eancia amplia sua vis\u00e3o sobre a Biotecnologia, suas \u00e1reas de atua\u00e7\u00e3o e impactos sociais, al\u00e9m de contribuir para os objetivos da USP, a curriculariza\u00e7\u00e3o da extens\u00e3o, a forma\u00e7\u00e3o cidad\u00e3 e o desenvolvimento do pa\u00eds.<\/p>\t\t\t\t\t\t<\/div>\n\t\t\t\t<\/div>\n\t\t\t\t<div class=\"elementor-element elementor-element-a26af66 elementor-skin-slideshow elementor-arrows-yes elementor-widget elementor-widget-media-carousel\" data-id=\"a26af66\" data-element_type=\"widget\" data-settings=\"{&quot;skin&quot;:&quot;slideshow&quot;,&quot;speed&quot;:1300,&quot;effect&quot;:&quot;slide&quot;,&quot;show_arrows&quot;:&quot;yes&quot;,&quot;autoplay&quot;:&quot;yes&quot;,&quot;autoplay_speed&quot;:5000,&quot;loop&quot;:&quot;yes&quot;,&quot;pause_on_hover&quot;:&quot;yes&quot;,&quot;pause_on_interaction&quot;:&quot;yes&quot;,&quot;space_between&quot;:{&quot;unit&quot;:&quot;px&quot;,&quot;size&quot;:10,&quot;sizes&quot;:[]},&quot;space_between_tablet&quot;:{&quot;unit&quot;:&quot;px&quot;,&quot;size&quot;:10,&quot;sizes&quot;:[]},&quot;space_between_mobile&quot;:{&quot;unit&quot;:&quot;px&quot;,&quot;size&quot;:10,&quot;sizes&quot;:[]}}\" data-widget_type=\"media-carousel.default\">\n\t\t\t\t<div class=\"elementor-widget-container\">\n\t\t\t\t\t<div class=\"elementor-swiper\">\n\t\t\t<div class=\"elementor-main-swiper swiper\">\n\t\t\t\t<div class=\"swiper-wrapper\">\n\t\t\t\t\t\t\t\t\t\t\t<div class=\"swiper-slide\">\n\t\t\t\t\t\t\t\t\t<div class=\"elementor-carousel-image\" role=\"img\" aria-label=\"Cr\u00e9dito: Cec\u00edlia Bastos \/ Jornal da USP\" style=\"background-image: url(&#039;https:\/\/sites.usp.br\/biotecomunidade\/wp-content\/uploads\/sites\/1649\/2014\/04\/Pra\u00e7a-do-Rel\u00f3gio_122-14_foto-Cec\u00edlia-Bastos-40.jpg&#039;)\">\n\n\t\t\t\n\t\t\t\t\t<\/div>\n\t\t\t\t\t\t\t\t<\/div>\n\t\t\t\t\t\t\t\t\t\t\t<div class=\"swiper-slide\">\n\t\t\t\t\t\t\t\t\t<div class=\"elementor-carousel-image\" role=\"img\" aria-label=\"enciclopedia-dental\" style=\"background-image: url(&#039;https:\/\/sites.usp.br\/biotecomunidade\/wp-content\/uploads\/sites\/1649\/2014\/11\/enciclopedia-dental.jpg&#039;)\">\n\n\t\t\t\n\t\t\t\t\t<\/div>\n\t\t\t\t\t\t\t\t<\/div>\n\t\t\t\t\t\t\t\t\t\t\t<div class=\"swiper-slide\">\n\t\t\t\t\t\t\t\t\t<div class=\"elementor-carousel-image\" role=\"img\" aria-label=\"coruja\" style=\"background-image: url(&#039;https:\/\/sites.usp.br\/biotecomunidade\/wp-content\/uploads\/sites\/1649\/2014\/05\/coruja.jpg&#039;)\">\n\n\t\t\t\n\t\t\t\t\t<\/div>\n\t\t\t\t\t\t\t\t<\/div>\n\t\t\t\t\t\t\t\t\t\t\t<div class=\"swiper-slide\">\n\t\t\t\t\t\t\t\t\t<div class=\"elementor-carousel-image\" role=\"img\" aria-label=\"prp-header\" style=\"background-image: url(&#039;https:\/\/sites.usp.br\/biotecomunidade\/wp-content\/uploads\/sites\/1649\/2014\/05\/prp-header.jpg&#039;)\">\n\n\t\t\t\n\t\t\t\t\t<\/div>\n\t\t\t\t\t\t\t\t<\/div>\n\t\t\t\t\t\t\t\t\t\t\t<div class=\"swiper-slide\">\n\t\t\t\t\t\t\t\t\t<div class=\"elementor-carousel-image\" role=\"img\" aria-label=\"pracarelogio02\" style=\"background-image: url(&#039;https:\/\/sites.usp.br\/biotecomunidade\/wp-content\/uploads\/sites\/1649\/2014\/04\/pracarelogio02.jpg&#039;)\">\n\n\t\t\t\n\t\t\t\t\t<\/div>\n\t\t\t\t\t\t\t\t<\/div>\n\t\t\t\t\t\t\t\t\t<\/div>\n\t\t\t\t\t\t\t\t\t\t\t\t\t\t\t\t\t\t\t\t<div class=\"elementor-swiper-button elementor-swiper-button-prev\" role=\"button\" tabindex=\"0\">\n\t\t\t\t\t\t\t<i aria-hidden=\"true\" class=\"eicon-chevron-left\"><\/i>\t\t\t\t\t\t\t<span class=\"elementor-screen-only\">Anterior<\/span>\n\t\t\t\t\t\t<\/div>\n\t\t\t\t\t\t<div class=\"elementor-swiper-button elementor-swiper-button-next\" role=\"button\" tabindex=\"0\">\n\t\t\t\t\t\t\t<i aria-hidden=\"true\" class=\"eicon-chevron-right\"><\/i>\t\t\t\t\t\t\t<span class=\"elementor-screen-only\">Pr\u00f3ximo<\/span>\n\t\t\t\t\t\t<\/div>\n\t\t\t\t\t\t\t\t\t\t\t\t<\/div>\n\t\t<\/div>\n\t\t\t\t<div class=\"elementor-swiper\">\n\t\t\t<div class=\"elementor-thumbnails-swiper swiper\">\n\t\t\t\t<div class=\"swiper-wrapper\">\n\t\t\t\t\t\t\t\t\t\t\t<div class=\"swiper-slide\">\n\t\t\t\t\t\t\t\t\t<div class=\"elementor-carousel-image\" role=\"img\" aria-label=\"Cr\u00e9dito: Cec\u00edlia Bastos \/ Jornal da USP\" style=\"background-image: url(&#039;https:\/\/sites.usp.br\/biotecomunidade\/wp-content\/uploads\/sites\/1649\/2014\/04\/Pra\u00e7a-do-Rel\u00f3gio_122-14_foto-Cec\u00edlia-Bastos-40.jpg&#039;)\">\n\n\t\t\t\n\t\t\t\t\t<\/div>\n\t\t\t\t\t\t\t\t<\/div>\n\t\t\t\t\t\t\t\t\t\t\t<div class=\"swiper-slide\">\n\t\t\t\t\t\t\t\t\t<div class=\"elementor-carousel-image\" role=\"img\" aria-label=\"enciclopedia-dental\" style=\"background-image: url(&#039;https:\/\/sites.usp.br\/biotecomunidade\/wp-content\/uploads\/sites\/1649\/2014\/11\/enciclopedia-dental.jpg&#039;)\">\n\n\t\t\t\n\t\t\t\t\t<\/div>\n\t\t\t\t\t\t\t\t<\/div>\n\t\t\t\t\t\t\t\t\t\t\t<div class=\"swiper-slide\">\n\t\t\t\t\t\t\t\t\t<div class=\"elementor-carousel-image\" role=\"img\" aria-label=\"coruja\" style=\"background-image: url(&#039;https:\/\/sites.usp.br\/biotecomunidade\/wp-content\/uploads\/sites\/1649\/2014\/05\/coruja.jpg&#039;)\">\n\n\t\t\t\n\t\t\t\t\t<\/div>\n\t\t\t\t\t\t\t\t<\/div>\n\t\t\t\t\t\t\t\t\t\t\t<div class=\"swiper-slide\">\n\t\t\t\t\t\t\t\t\t<div class=\"elementor-carousel-image\" role=\"img\" aria-label=\"prp-header\" style=\"background-image: url(&#039;https:\/\/sites.usp.br\/biotecomunidade\/wp-content\/uploads\/sites\/1649\/2014\/05\/prp-header.jpg&#039;)\">\n\n\t\t\t\n\t\t\t\t\t<\/div>\n\t\t\t\t\t\t\t\t<\/div>\n\t\t\t\t\t\t\t\t\t\t\t<div class=\"swiper-slide\">\n\t\t\t\t\t\t\t\t\t<div class=\"elementor-carousel-image\" role=\"img\" aria-label=\"pracarelogio02\" style=\"background-image: url(&#039;https:\/\/sites.usp.br\/biotecomunidade\/wp-content\/uploads\/sites\/1649\/2014\/04\/pracarelogio02.jpg&#039;)\">\n\n\t\t\t\n\t\t\t\t\t<\/div>\n\t\t\t\t\t\t\t\t<\/div>\n\t\t\t\t\t\t\t\t\t<\/div>\n\t\t\t\t\t\t\t\t\t\t\t\t\t\t\t\t\t\t\t\t\t<\/div>\n\t\t<\/div>\n\t\t\t\t<\/div>\n\t\t\t\t<\/div>\n\t\t\t\t\t<\/div>\n\t\t<\/div>\n\t\t\t\t\t<\/div>\n\t\t<\/section>\n\t\t\t\t\t<\/div>\n\t\t<\/div>\n\t\t\t\t\t<\/div>\n\t\t<\/section>\n\t\t\t\t<\/div>\n\t\t","protected":false},"excerpt":{"rendered":"<p>SOBRE N\u00d3S Foto meramente ilustrativa A disciplina ACH3977 &#8211; Biotecnologia na Comunidade, do curso de Biotecnologia da Escola de Artes, Ci\u00eancias e Humanidades (EACH) da Universidade de S\u00e3o Paulo (USP), tem como objetivo dialogar com a sociedade e apresentar os cen\u00e1rios atuais e futuros da Biotecnologia no contexto nacional e global, alinhando-se aos Objetivos de [&hellip;]<\/p>\n","protected":false},"author":22641,"featured_media":0,"parent":0,"menu_order":0,"comment_status":"closed","ping_status":"closed","template":"","meta":{"_monsterinsights_skip_tracking":false,"_monsterinsights_sitenote_active":false,"_monsterinsights_sitenote_note":"","_monsterinsights_sitenote_category":0,"footnotes":"","_links_to":"","_links_to_target":""},"class_list":["post-774","page","type-page","status-publish","hentry","entry"],"_links":{"self":[{"href":"https:\/\/sites.usp.br\/biotecomunidade\/wp-json\/wp\/v2\/pages\/774","targetHints":{"allow":["GET"]}}],"collection":[{"href":"https:\/\/sites.usp.br\/biotecomunidade\/wp-json\/wp\/v2\/pages"}],"about":[{"href":"https:\/\/sites.usp.br\/biotecomunidade\/wp-json\/wp\/v2\/types\/page"}],"author":[{"embeddable":true,"href":"https:\/\/sites.usp.br\/biotecomunidade\/wp-json\/wp\/v2\/users\/22641"}],"replies":[{"embeddable":true,"href":"https:\/\/sites.usp.br\/biotecomunidade\/wp-json\/wp\/v2\/comments?post=774"}],"version-history":[{"count":4,"href":"https:\/\/sites.usp.br\/biotecomunidade\/wp-json\/wp\/v2\/pages\/774\/revisions"}],"predecessor-version":[{"id":3311,"href":"https:\/\/sites.usp.br\/biotecomunidade\/wp-json\/wp\/v2\/pages\/774\/revisions\/3311"}],"wp:attachment":[{"href":"https:\/\/sites.usp.br\/biotecomunidade\/wp-json\/wp\/v2\/media?parent=774"}],"curies":[{"name":"wp","href":"https:\/\/api.w.org\/{rel}","templated":true}]}}