{"id":64,"date":"2014-02-12T11:28:54","date_gmt":"2014-02-12T13:28:54","guid":{"rendered":"http:\/\/sites.usp.br\/blogbibliotecaeach\/?page_id=64"},"modified":"2025-02-26T16:31:06","modified_gmt":"2025-02-26T18:31:06","slug":"pagina-2","status":"publish","type":"page","link":"https:\/\/sites.usp.br\/blogbibliotecaeach\/pagina-2\/","title":{"rendered":"A BIBLIOTECA"},"content":{"rendered":"<p>A Biblioteca da EACH &#8211; USP tem como Miss\u00e3o promover o acesso, incentivar o uso e a gera\u00e7\u00e3o da informa\u00e7\u00e3o, com objetivo de contribuir para a qualidade do ensino, da pesquisa e da extens\u00e3o nas \u00e1reas de Artes, Ci\u00eancias e Humanidades.<\/p>\n<p>Como Vis\u00e3o tem por meta ser um modelo de gest\u00e3o e de dissemina\u00e7\u00e3o de conhecimento.<\/p>\n<p>Seus Valores s\u00e3o: manter o compromisso com a democratiza\u00e7\u00e3o do acesso \u00e0 informa\u00e7\u00e3o de forma equitativa, de respeito \u00e0 \u00e9tica e aos valores humanos.<\/p>\n<p>&nbsp;<\/p>\n<p>Fonte: http:\/\/www5.each.usp.br\/biblioteca-informacoes\/<\/p>\n<p>&nbsp;<\/p>\n<p>Por isso, a preserva\u00e7\u00e3o do acervo \u00e9 t\u00e3o importante para a Biblioteca da EACH &#8211; USP:<\/p>\n<p>&nbsp;<\/p>\n<div class=\"video-container\"><iframe loading=\"lazy\" title=\"Preserva\u00e7\u00e3o do Acervo\" width=\"720\" height=\"405\" src=\"https:\/\/www.youtube.com\/embed\/LbGV7DkWWR4?feature=oembed&#038;wmode=opaque\" frameborder=\"0\" allow=\"accelerometer; autoplay; clipboard-write; encrypted-media; gyroscope; picture-in-picture; web-share\" referrerpolicy=\"strict-origin-when-cross-origin\" allowfullscreen><\/iframe><\/div>\n","protected":false},"excerpt":{"rendered":"<p>A Biblioteca da EACH &#8211; USP tem como Miss\u00e3o promover o acesso, incentivar o uso e a gera\u00e7\u00e3o da informa\u00e7\u00e3o,&#46;&#46;&#46;<\/p>\n","protected":false},"author":1,"featured_media":0,"parent":0,"menu_order":0,"comment_status":"closed","ping_status":"closed","template":"","meta":{"footnotes":"","_links_to":"","_links_to_target":""},"class_list":["post-64","page","type-page","status-publish","hentry"],"_links":{"self":[{"href":"https:\/\/sites.usp.br\/blogbibliotecaeach\/wp-json\/wp\/v2\/pages\/64","targetHints":{"allow":["GET"]}}],"collection":[{"href":"https:\/\/sites.usp.br\/blogbibliotecaeach\/wp-json\/wp\/v2\/pages"}],"about":[{"href":"https:\/\/sites.usp.br\/blogbibliotecaeach\/wp-json\/wp\/v2\/types\/page"}],"author":[{"embeddable":true,"href":"https:\/\/sites.usp.br\/blogbibliotecaeach\/wp-json\/wp\/v2\/users\/1"}],"replies":[{"embeddable":true,"href":"https:\/\/sites.usp.br\/blogbibliotecaeach\/wp-json\/wp\/v2\/comments?post=64"}],"version-history":[{"count":4,"href":"https:\/\/sites.usp.br\/blogbibliotecaeach\/wp-json\/wp\/v2\/pages\/64\/revisions"}],"predecessor-version":[{"id":147,"href":"https:\/\/sites.usp.br\/blogbibliotecaeach\/wp-json\/wp\/v2\/pages\/64\/revisions\/147"}],"wp:attachment":[{"href":"https:\/\/sites.usp.br\/blogbibliotecaeach\/wp-json\/wp\/v2\/media?parent=64"}],"curies":[{"name":"wp","href":"https:\/\/api.w.org\/{rel}","templated":true}]}}