{"id":1595,"date":"2021-08-21T15:30:45","date_gmt":"2021-08-21T17:30:45","guid":{"rendered":"https:\/\/sites.usp.br\/bmp\/?page_id=1595"},"modified":"2026-01-30T16:44:21","modified_gmt":"2026-01-30T19:44:21","slug":"pesquisa-programa-pos-doutorado","status":"publish","type":"page","link":"https:\/\/sites.usp.br\/bmp\/en\/pesquisa-programa-pos-doutorado\/","title":{"rendered":"[Pesquisa] &#8211; Programa P\u00f3s-Doutorado"},"content":{"rendered":"\t\t<div data-elementor-type=\"wp-page\" data-elementor-id=\"1595\" class=\"elementor elementor-1595\" data-elementor-post-type=\"page\">\n\t\t\t\t\t\t<section class=\"elementor-section elementor-top-section elementor-element elementor-element-975fff7 elementor-section-boxed elementor-section-height-default elementor-section-height-default\" data-id=\"975fff7\" data-element_type=\"section\" data-settings=\"{&quot;background_background&quot;:&quot;classic&quot;}\">\n\t\t\t\t\t\t\t<div class=\"elementor-background-overlay\"><\/div>\n\t\t\t\t\t\t\t<div class=\"elementor-container elementor-column-gap-default\">\n\t\t\t\t\t<div class=\"elementor-column elementor-col-100 elementor-top-column elementor-element elementor-element-477286d\" data-id=\"477286d\" data-element_type=\"column\">\n\t\t\t<div class=\"elementor-widget-wrap elementor-element-populated\">\n\t\t\t\t\t\t<div class=\"elementor-element elementor-element-8842771 elementor-widget elementor-widget-spacer\" data-id=\"8842771\" data-element_type=\"widget\" data-widget_type=\"spacer.default\">\n\t\t\t\t<div class=\"elementor-widget-container\">\n\t\t\t\t\t<div class=\"elementor-spacer\">\n\t\t\t<div class=\"elementor-spacer-inner\"><\/div>\n\t\t<\/div>\n\t\t\t\t<\/div>\n\t\t\t\t<\/div>\n\t\t\t\t<div class=\"elementor-element elementor-element-9ced7c9 elementor-widget elementor-widget-heading\" data-id=\"9ced7c9\" data-element_type=\"widget\" data-widget_type=\"heading.default\">\n\t\t\t\t<div class=\"elementor-widget-container\">\n\t\t\t<h2 class=\"elementor-heading-title elementor-size-default\">POSTDOCTORAL PROGRAM<\/h2>\t\t<\/div>\n\t\t\t\t<\/div>\n\t\t\t\t<div class=\"elementor-element elementor-element-fd75424 elementor-widget elementor-widget-spacer\" data-id=\"fd75424\" data-element_type=\"widget\" data-widget_type=\"spacer.default\">\n\t\t\t\t<div class=\"elementor-widget-container\">\n\t\t\t\t\t<div class=\"elementor-spacer\">\n\t\t\t<div class=\"elementor-spacer-inner\"><\/div>\n\t\t<\/div>\n\t\t\t\t<\/div>\n\t\t\t\t<\/div>\n\t\t\t\t<div class=\"elementor-element elementor-element-d889577 elementor-widget elementor-widget-text-editor\" data-id=\"d889577\" data-element_type=\"widget\" data-widget_type=\"text-editor.default\">\n\t\t\t\t<div class=\"elementor-widget-container\">\n\t\t\t\t\t\t\t<p><span lang=\"EN-US\">The Department of Parasitology of ICB (Instituto de Ci\u00eancias Biom\u00e9dicas \/ Institute of Biomedical Sciences) of USP offers a Postdoctoral Program pursuant to Resolution\u00a0<\/span><span lang=\"EN-US\">5166, of November 22, 2004, which established a\u00a0<\/span><span lang=\"EN-US\">Postdoctoral Program at\u00a0<\/span><span lang=\"EN-US\">USP. There are approximately 15 active postdoctoral students. This training is an advantage for new researchers and it must be carried out on a full time basis. Students can request a scholarship.\u00a0\u00a0For admission in this program, interested applicants should contact researchers at ICB, according to their field of interest.<\/span><\/p><p>More information about this postdoctoral program at ICB can be found in the website below: <a href=\"https:\/\/ww3.icb.usp.br\/pes\/programa-de-pos-doutorado-2\/\" target=\"_blank\" rel=\"noopener\">Programa de P\u00f3s-Doutorado do Instituto de Ci\u00eancias Biom\u00e9dicas<\/a><\/p>\t\t\t\t\t\t<\/div>\n\t\t\t\t<\/div>\n\t\t\t\t<div class=\"elementor-element elementor-element-0d389c5 elementor-widget elementor-widget-spacer\" data-id=\"0d389c5\" data-element_type=\"widget\" data-widget_type=\"spacer.default\">\n\t\t\t\t<div class=\"elementor-widget-container\">\n\t\t\t\t\t<div class=\"elementor-spacer\">\n\t\t\t<div class=\"elementor-spacer-inner\"><\/div>\n\t\t<\/div>\n\t\t\t\t<\/div>\n\t\t\t\t<\/div>\n\t\t\t\t\t<\/div>\n\t\t<\/div>\n\t\t\t\t\t<\/div>\n\t\t<\/section>\n\t\t\t\t<section class=\"elementor-section elementor-top-section elementor-element elementor-element-4e8ec44 elementor-section-boxed elementor-section-height-default elementor-section-height-default\" data-id=\"4e8ec44\" data-element_type=\"section\" data-settings=\"{&quot;background_background&quot;:&quot;classic&quot;}\">\n\t\t\t\t\t\t<div class=\"elementor-container elementor-column-gap-default\">\n\t\t\t\t\t<div class=\"elementor-column elementor-col-100 elementor-top-column elementor-element elementor-element-e09f302\" data-id=\"e09f302\" data-element_type=\"column\">\n\t\t\t<div class=\"elementor-widget-wrap elementor-element-populated\">\n\t\t\t\t\t\t<div class=\"elementor-element elementor-element-ceb1392 elementor-widget-divider--view-line elementor-widget elementor-widget-divider\" data-id=\"ceb1392\" data-element_type=\"widget\" data-widget_type=\"divider.default\">\n\t\t\t\t<div class=\"elementor-widget-container\">\n\t\t\t\t\t<div class=\"elementor-divider\">\n\t\t\t<span class=\"elementor-divider-separator\">\n\t\t\t\t\t\t<\/span>\n\t\t<\/div>\n\t\t\t\t<\/div>\n\t\t\t\t<\/div>\n\t\t\t\t<div class=\"elementor-element elementor-element-783c834 elementor-widget elementor-widget-spacer\" data-id=\"783c834\" data-element_type=\"widget\" data-widget_type=\"spacer.default\">\n\t\t\t\t<div class=\"elementor-widget-container\">\n\t\t\t\t\t<div class=\"elementor-spacer\">\n\t\t\t<div class=\"elementor-spacer-inner\"><\/div>\n\t\t<\/div>\n\t\t\t\t<\/div>\n\t\t\t\t<\/div>\n\t\t\t\t<div class=\"elementor-element elementor-element-d44fc15 elementor-widget elementor-widget-heading\" data-id=\"d44fc15\" data-element_type=\"widget\" data-widget_type=\"heading.default\">\n\t\t\t\t<div class=\"elementor-widget-container\">\n\t\t\t<h2 class=\"elementor-heading-title elementor-size-default\">POSTDOCTORATE<\/h2>\t\t<\/div>\n\t\t\t\t<\/div>\n\t\t\t\t<div class=\"elementor-element elementor-element-b5f93bc elementor-widget elementor-widget-spacer\" data-id=\"b5f93bc\" data-element_type=\"widget\" data-widget_type=\"spacer.default\">\n\t\t\t\t<div class=\"elementor-widget-container\">\n\t\t\t\t\t<div class=\"elementor-spacer\">\n\t\t\t<div class=\"elementor-spacer-inner\"><\/div>\n\t\t<\/div>\n\t\t\t\t<\/div>\n\t\t\t\t<\/div>\n\t\t\t\t<div class=\"elementor-element elementor-element-807da9d elementor-widget elementor-widget-heading\" data-id=\"807da9d\" data-element_type=\"widget\" data-widget_type=\"heading.default\">\n\t\t\t\t<div class=\"elementor-widget-container\">\n\t\t\t<h2 class=\"elementor-heading-title elementor-size-default\">STUDENT BODY<\/h2>\t\t<\/div>\n\t\t\t\t<\/div>\n\t\t\t\t<div class=\"elementor-element elementor-element-fe41303 elementor-widget elementor-widget-spacer\" data-id=\"fe41303\" data-element_type=\"widget\" data-widget_type=\"spacer.default\">\n\t\t\t\t<div class=\"elementor-widget-container\">\n\t\t\t\t\t<div class=\"elementor-spacer\">\n\t\t\t<div class=\"elementor-spacer-inner\"><\/div>\n\t\t<\/div>\n\t\t\t\t<\/div>\n\t\t\t\t<\/div>\n\t\t\t\t<div class=\"elementor-element elementor-element-ddbb2b5 elementor-widget elementor-widget-Table\" data-id=\"ddbb2b5\" data-element_type=\"widget\" data-widget_type=\"Table.default\">\n\t\t\t\t<div class=\"elementor-widget-container\">\n\t\t\t\t\t<table class=\"tafe-table \">\n\t\t\t<thead  class=\"tafe-table-header\">\n\t\t\t\t<tr>\n\t\t\t\t\t<th class=\"elementor-inline-editing elementor-repeater-item-2b0df0f\"   >name<\/th><th class=\"elementor-inline-editing elementor-repeater-item-ec06923\"   >advisor<\/th><th class=\"elementor-inline-editing elementor-repeater-item-cdf473f\"   >scholarship<\/th><th class=\"elementor-inline-editing elementor-repeater-item-7245926\"   >e-mail<\/th>\t\t\t\t<\/tr>\n\t\t\t<\/thead>\n\t\t\t\t\t\t<tbody class=\"tafe-table-body\">\n\t\t\t\t<tr>\n\t\t\t\t\t<td data-label=\"name\"   class=\"elementor-repeater-item-158649a td-content-type-default\" >Ana Carolina Araujo Mengarda<\/td><td data-label=\"advisor\"   class=\"elementor-repeater-item-6b78c12 td-content-type-default\" >Ariel Mariano Silber<\/td><td data-label=\"scholarship\"   class=\"elementor-repeater-item-4001e45 td-content-type-default\" >FAPESP<\/td><td data-label=\"e-mail\"   class=\"elementor-repeater-item-eae44c4 td-content-type-default\" >anacmengarda@icb.usp.br <\/td><\/tr><tr><td data-label=\"name\"   class=\"elementor-repeater-item-06f94fd td-content-type-default\" >Andr\u00e9 Filipe Rivais Martins Barateiro<\/td><td data-label=\"advisor\"   class=\"elementor-repeater-item-c32d1d9 td-content-type-default\" >Carsten Wrenger<\/td><td data-label=\"scholarship\"   class=\"elementor-repeater-item-5781eea td-content-type-default\" >FAPESP<\/td><td data-label=\"e-mail\"   class=\"elementor-repeater-item-94048d9 td-content-type-default\" >afrmbarateiro@gmail.com<\/td><\/tr><tr><td data-label=\"name\"   class=\"elementor-repeater-item-373df08 td-content-type-default\" >Bianca da Silva Almeida<\/td><td data-label=\"advisor\"   class=\"elementor-repeater-item-be1e783 td-content-type-default\" >Silvia Beatriz Boscardin<\/td><td data-label=\"scholarship\"   class=\"elementor-repeater-item-ca96126 td-content-type-default\" >Sem bolsa<\/td><td data-label=\"e-mail\"   class=\"elementor-repeater-item-7ea40ed td-content-type-default\" >biancaalmeida@usp.br<\/td><\/tr><tr><td data-label=\"name\"   class=\"elementor-repeater-item-57fe120 td-content-type-default\" >Bruno Ribeiro Pinto<\/td><td data-label=\"advisor\"   class=\"elementor-repeater-item-26618b4 td-content-type-default\" >Ariel Mariano Silber<\/td><td data-label=\"scholarship\"   class=\"elementor-repeater-item-a8fc8bb td-content-type-default\" >FAPESP<\/td><td data-label=\"e-mail\"   class=\"elementor-repeater-item-6cdaddc td-content-type-default\" >brunorbqi@gmail.com<\/td><\/tr><tr><td data-label=\"name\"   class=\"elementor-repeater-item-13c822a td-content-type-default\" >Deivid Martins Santos<\/td><td data-label=\"advisor\"   class=\"elementor-repeater-item-2f57a65 td-content-type-default\" >Carsten Wrenger<\/td><td data-label=\"scholarship\"   class=\"elementor-repeater-item-69d5883 td-content-type-default\" >FAPESP<\/td><td data-label=\"e-mail\"   class=\"elementor-repeater-item-6c7969c td-content-type-default\" >deivid.martinss98@gmail.com <\/td><\/tr><tr><td data-label=\"name\"   class=\"elementor-repeater-item-ce77350 td-content-type-default\" >Giovane de Jesus Gomes Ribeiro<\/td><td data-label=\"advisor\"   class=\"elementor-repeater-item-e9c67ff td-content-type-default\" >Carsten Wrenger<\/td><td data-label=\"scholarship\"   class=\"elementor-repeater-item-a4b1f80 td-content-type-default\" >FAPESP<\/td><td data-label=\"e-mail\"   class=\"elementor-repeater-item-b51e191 td-content-type-default\" >giovanni_gomes@icb.usp.br <\/td><\/tr><tr><td data-label=\"name\"   class=\"elementor-repeater-item-36676ce td-content-type-default\" >Hellen Paula Valerio<\/td><td data-label=\"advisor\"   class=\"elementor-repeater-item-ec5e211 td-content-type-default\" >Giuseppe Palmisano<\/td><td data-label=\"scholarship\"   class=\"elementor-repeater-item-1fe87eb td-content-type-default\" >FAPESP<\/td><td data-label=\"e-mail\"   class=\"elementor-repeater-item-7075faa td-content-type-default\" >hellenpvalerio@gmail.com <\/td><\/tr><tr><td data-label=\"name\"   class=\"elementor-repeater-item-2c2cbde td-content-type-default\" >Ignasi Bofill Verdaguer<\/td><td data-label=\"advisor\"   class=\"elementor-repeater-item-4fa9bdd td-content-type-default\" >Alejandro Miguel Katzin<\/td><td data-label=\"scholarship\"   class=\"elementor-repeater-item-35d6f51 td-content-type-default\" >FAPESP<\/td><td data-label=\"e-mail\"   class=\"elementor-repeater-item-24fcfb5 td-content-type-default\" >ignasibofill@usp.br <\/td><\/tr><tr><td data-label=\"name\"   class=\"elementor-repeater-item-4b9b76e td-content-type-default\" >Jessica Jenireth Rodriguez Duran<\/td><td data-label=\"advisor\"   class=\"elementor-repeater-item-1751978 td-content-type-default\" >Ariel Mariano Silber<\/td><td data-label=\"scholarship\"   class=\"elementor-repeater-item-7780ff3 td-content-type-default\" >FAPESP<\/td><td data-label=\"e-mail\"   class=\"elementor-repeater-item-a1e3bde td-content-type-default\" >jess.rodridu@gmail.com<\/td><\/tr><tr><td data-label=\"name\"   class=\"elementor-repeater-item-235a42b td-content-type-default\" >Joice de Melo Agripino<\/td><td data-label=\"advisor\"   class=\"elementor-repeater-item-a3830a7 td-content-type-default\" >Ariel Mariano Silber<\/td><td data-label=\"scholarship\"   class=\"elementor-repeater-item-42ab204 td-content-type-default\" >FAPESP<\/td><td data-label=\"e-mail\"   class=\"elementor-repeater-item-341afb6 td-content-type-default\" >joicebqi@gmail.com<\/td><\/tr><tr><td data-label=\"name\"   class=\"elementor-repeater-item-f9b4073 td-content-type-default\" >Jos\u00e9 Eduardo Ulloa Rojas<\/td><td data-label=\"advisor\"   class=\"elementor-repeater-item-3c3e128 td-content-type-default\" >Silvia Beatriz Boscadin<\/td><td data-label=\"scholarship\"   class=\"elementor-repeater-item-c99183b td-content-type-default\" >FAPESP<\/td><td data-label=\"e-mail\"   class=\"elementor-repeater-item-d46b570 td-content-type-default\" >joeullo901@gmail.com <\/td><\/tr><tr><td data-label=\"name\"   class=\"elementor-repeater-item-46cadbc td-content-type-default\" >Let\u00edcia Pereira Ungari<\/td><td data-label=\"advisor\"   class=\"elementor-repeater-item-52cf63a td-content-type-default\" >Marta Maria Geraldes Teixeira<\/td><td data-label=\"scholarship\"   class=\"elementor-repeater-item-f2bdf04 td-content-type-default\" >\tFAPESP<\/td><td data-label=\"e-mail\"   class=\"elementor-repeater-item-745c0ce td-content-type-default\" >letspungari@hotmail.com<\/td><\/tr><tr><td data-label=\"name\"   class=\"elementor-repeater-item-ff37d18 td-content-type-default\" >Lucas Cardoso Lazari<\/td><td data-label=\"advisor\"   class=\"elementor-repeater-item-e3774f8 td-content-type-default\" >Giuseppe Palmisano<\/td><td data-label=\"scholarship\"   class=\"elementor-repeater-item-9bbd21e td-content-type-default\" >FAPESP<\/td><td data-label=\"e-mail\"   class=\"elementor-repeater-item-dc95e2b td-content-type-default\" >lucaslazari02@gmail.com <\/td><\/tr><tr><td data-label=\"name\"   class=\"elementor-repeater-item-1320933 td-content-type-default\" >Maria Sol Ballari<\/td><td data-label=\"advisor\"   class=\"elementor-repeater-item-30690e8 td-content-type-default\" >Ariel Mariano Silber<\/td><td data-label=\"scholarship\"   class=\"elementor-repeater-item-e831ecc td-content-type-default\" >FAPESP<\/td><td data-label=\"e-mail\"   class=\"elementor-repeater-item-cc51962 td-content-type-default\" >solballari@usp.br <\/td><\/tr><tr><td data-label=\"name\"   class=\"elementor-repeater-item-a4e06d5 td-content-type-default\" >Mari\u00e2ngela de Oliveira Silva<\/td><td data-label=\"advisor\"   class=\"elementor-repeater-item-22d07f1 td-content-type-default\" >Silvia Beatriz Boscardin<\/td><td data-label=\"scholarship\"   class=\"elementor-repeater-item-050674f td-content-type-default\" >FAPESP<\/td><td data-label=\"e-mail\"   class=\"elementor-repeater-item-61079ef td-content-type-default\" >mariangelasilva@usp.br <\/td><\/tr><tr><td data-label=\"name\"   class=\"elementor-repeater-item-1f59c28 td-content-type-default\" >Mayke Bezerra Alencar<\/td><td data-label=\"advisor\"   class=\"elementor-repeater-item-6c766c9 td-content-type-default\" >Ariel Mariano Silber<\/td><td data-label=\"scholarship\"   class=\"elementor-repeater-item-e5398f1 td-content-type-default\" >FAPESP<\/td><td data-label=\"e-mail\"   class=\"elementor-repeater-item-2de76b4 td-content-type-default\" >mayke@usp.br<\/td><\/tr><tr><td data-label=\"name\"   class=\"elementor-repeater-item-727d87e td-content-type-default\" >Myrela Concei\u00e7\u00e3o Santos de Jesus<\/td><td data-label=\"advisor\"   class=\"elementor-repeater-item-5a5d519 td-content-type-default\" >Claudio Romero Farias Marinho<\/td><td data-label=\"scholarship\"   class=\"elementor-repeater-item-d5a68be td-content-type-default\" >FAPESP<\/td><td data-label=\"e-mail\"   class=\"elementor-repeater-item-2451b64 td-content-type-default\" >myrelaj.07@gmail.com<\/td><\/tr><tr><td data-label=\"name\"   class=\"elementor-repeater-item-cb35f86 td-content-type-default\" >Natalia Soares Ferreira<\/td><td data-label=\"advisor\"   class=\"elementor-repeater-item-70f89a7 td-content-type-default\" >Marcelo Urbano Ferreira<\/td><td data-label=\"scholarship\"   class=\"elementor-repeater-item-dd35ce4 td-content-type-default\" >FAPESP<\/td><td data-label=\"e-mail\"   class=\"elementor-repeater-item-0ff56fc td-content-type-default\" >nataliasofe@gmail.com<\/td><\/tr><tr><td data-label=\"name\"   class=\"elementor-repeater-item-8e0549d td-content-type-default\" >Nathalia Ramme Medeiros de Albuquerque<\/td><td data-label=\"advisor\"   class=\"elementor-repeater-item-7370e81 td-content-type-default\" >Marcelo Urbano Ferreira<\/td><td data-label=\"scholarship\"   class=\"elementor-repeater-item-7748cb2 td-content-type-default\" >FAPESP<\/td><td data-label=\"e-mail\"   class=\"elementor-repeater-item-3a32688 td-content-type-default\" >nathalia.ramme@gmail.com <\/td><\/tr><tr><td data-label=\"name\"   class=\"elementor-repeater-item-ff509ee td-content-type-default\" >Rafaella Sayuri Ioshino Takara<\/td><td data-label=\"advisor\"   class=\"elementor-repeater-item-daecc0b td-content-type-default\" >Carsten Wrenger<\/td><td data-label=\"scholarship\"   class=\"elementor-repeater-item-a720b90 td-content-type-default\" >FAPESP<\/td><td data-label=\"e-mail\"   class=\"elementor-repeater-item-a84b3e9 td-content-type-default\" >myxelia@gmail.com<\/td><\/tr><tr><td data-label=\"name\"   class=\"elementor-repeater-item-c3fcf5a td-content-type-default\" >Rodolfo Ferreira Marques<\/td><td data-label=\"advisor\"   class=\"elementor-repeater-item-387a1ef td-content-type-default\" >Daniel Youssef Bargieri<\/td><td data-label=\"scholarship\"   class=\"elementor-repeater-item-2c4d745 td-content-type-default\" >FAPESP<\/td><td data-label=\"e-mail\"   class=\"elementor-repeater-item-8d043ee td-content-type-default\" >rodolfofmarques@hotmail.com<\/td><\/tr><tr><td data-label=\"name\"   class=\"elementor-repeater-item-40fe92f td-content-type-default\" >Sabrina Del Carmen Marsiccobetre Castaneda<\/td><td data-label=\"advisor\"   class=\"elementor-repeater-item-cee7be8 td-content-type-default\" >Ariel Mariano Silber<\/td><td data-label=\"scholarship\"   class=\"elementor-repeater-item-1919456 td-content-type-default\" >FAPESP<\/td><td data-label=\"e-mail\"   class=\"elementor-repeater-item-2869021 td-content-type-default\" >marsiccobetre@gmail.com <\/td><\/tr><tr><td data-label=\"name\"   class=\"elementor-repeater-item-e9d1be7 td-content-type-default\" >Xiomara Alexandra Gaitan<\/td><td data-label=\"advisor\"   class=\"elementor-repeater-item-5eb3c9a td-content-type-default\" >Daniel Youssef Bargieri<\/td><td data-label=\"scholarship\"   class=\"elementor-repeater-item-a23faec td-content-type-default\" >FAPESP<\/td><td data-label=\"e-mail\"   class=\"elementor-repeater-item-15367dd td-content-type-default\" >alexag2004@hotmail.com <\/td>\t\t\t\t<\/tr>\n\t\t\t<\/tbody>\n\t\t<\/table>\n\t\t\n\t\t\t\t<\/div>\n\t\t\t\t<\/div>\n\t\t\t\t<div class=\"elementor-element elementor-element-e179cf0 elementor-widget elementor-widget-spacer\" data-id=\"e179cf0\" data-element_type=\"widget\" data-widget_type=\"spacer.default\">\n\t\t\t\t<div class=\"elementor-widget-container\">\n\t\t\t\t\t<div class=\"elementor-spacer\">\n\t\t\t<div class=\"elementor-spacer-inner\"><\/div>\n\t\t<\/div>\n\t\t\t\t<\/div>\n\t\t\t\t<\/div>\n\t\t\t\t\t<\/div>\n\t\t<\/div>\n\t\t\t\t\t<\/div>\n\t\t<\/section>\n\t\t\t\t<\/div>\n\t\t","protected":false},"excerpt":{"rendered":"<p>POSTDOCTORAL PROGRAM The Department of Parasitology of ICB (Instituto de Ci\u00eancias Biom\u00e9dicas \/ Institute of Biomedical Sciences) of USP offers a Postdoctoral Program pursuant to Resolution\u00a05166, of November 22, 2004, which established a\u00a0Postdoctoral Program at\u00a0USP. There are approximately 15 active postdoctoral students. This training is an advantage for new researchers and it must be carried<a href=\"https:\/\/sites.usp.br\/bmp\/en\/pesquisa-programa-pos-doutorado\/\">[&#8230;]<\/a><\/p>\n","protected":false},"author":1200,"featured_media":0,"parent":0,"menu_order":0,"comment_status":"closed","ping_status":"closed","template":"elementor_header_footer","meta":{"footnotes":"","_links_to":"","_links_to_target":""},"class_list":["post-1595","page","type-page","status-publish","hentry"],"_links":{"self":[{"href":"https:\/\/sites.usp.br\/bmp\/en\/wp-json\/wp\/v2\/pages\/1595","targetHints":{"allow":["GET"]}}],"collection":[{"href":"https:\/\/sites.usp.br\/bmp\/en\/wp-json\/wp\/v2\/pages"}],"about":[{"href":"https:\/\/sites.usp.br\/bmp\/en\/wp-json\/wp\/v2\/types\/page"}],"author":[{"embeddable":true,"href":"https:\/\/sites.usp.br\/bmp\/en\/wp-json\/wp\/v2\/users\/1200"}],"replies":[{"embeddable":true,"href":"https:\/\/sites.usp.br\/bmp\/en\/wp-json\/wp\/v2\/comments?post=1595"}],"version-history":[{"count":4,"href":"https:\/\/sites.usp.br\/bmp\/en\/wp-json\/wp\/v2\/pages\/1595\/revisions"}],"predecessor-version":[{"id":10041,"href":"https:\/\/sites.usp.br\/bmp\/en\/wp-json\/wp\/v2\/pages\/1595\/revisions\/10041"}],"wp:attachment":[{"href":"https:\/\/sites.usp.br\/bmp\/en\/wp-json\/wp\/v2\/media?parent=1595"}],"curies":[{"name":"wp","href":"https:\/\/api.w.org\/{rel}","templated":true}]}}