{"id":1377,"date":"2021-08-21T00:10:09","date_gmt":"2021-08-21T02:10:09","guid":{"rendered":"https:\/\/sites.usp.br\/bmp\/?page_id=1377"},"modified":"2022-03-11T11:33:41","modified_gmt":"2022-03-11T14:33:41","slug":"pos-graduacao-pae","status":"publish","type":"page","link":"https:\/\/sites.usp.br\/bmp\/pos-graduacao-pae\/","title":{"rendered":"[P\u00f3s-gradua\u00e7\u00e3o] &#8211; PAE"},"content":{"rendered":"\t\t<div data-elementor-type=\"wp-page\" data-elementor-id=\"1377\" class=\"elementor elementor-1377\" data-elementor-post-type=\"page\">\n\t\t\t\t\t\t<section class=\"elementor-section elementor-top-section elementor-element elementor-element-d6f32e7 elementor-section-boxed elementor-section-height-default elementor-section-height-default\" data-id=\"d6f32e7\" data-element_type=\"section\">\n\t\t\t\t\t\t<div class=\"elementor-container elementor-column-gap-default\">\n\t\t\t\t\t<div class=\"elementor-column elementor-col-100 elementor-top-column elementor-element elementor-element-c224543\" data-id=\"c224543\" data-element_type=\"column\">\n\t\t\t<div class=\"elementor-widget-wrap elementor-element-populated\">\n\t\t\t\t\t\t<div class=\"elementor-element elementor-element-4509a41 elementor-widget elementor-widget-heading\" data-id=\"4509a41\" data-element_type=\"widget\" data-widget_type=\"heading.default\">\n\t\t\t\t<div class=\"elementor-widget-container\">\n\t\t\t<h2 class=\"elementor-heading-title elementor-size-default\">PAE<\/h2>\t\t<\/div>\n\t\t\t\t<\/div>\n\t\t\t\t<div class=\"elementor-element elementor-element-d3e65c3 elementor-widget elementor-widget-spacer\" data-id=\"d3e65c3\" data-element_type=\"widget\" data-widget_type=\"spacer.default\">\n\t\t\t\t<div class=\"elementor-widget-container\">\n\t\t\t\t\t<div class=\"elementor-spacer\">\n\t\t\t<div class=\"elementor-spacer-inner\"><\/div>\n\t\t<\/div>\n\t\t\t\t<\/div>\n\t\t\t\t<\/div>\n\t\t\t\t<div class=\"elementor-element elementor-element-5bbec64 elementor-widget elementor-widget-text-editor\" data-id=\"5bbec64\" data-element_type=\"widget\" data-widget_type=\"text-editor.default\">\n\t\t\t\t<div class=\"elementor-widget-container\">\n\t\t\t\t\t\t\t<div style=\"text-align: left;\"><p style=\"text-align: left;\">Est\u00e1gio PAE &#8211; 2\u00ba Semestre 2022 &#8211;<a href=\"https:\/\/sites.usp.br\/bmp\/edital-pae-texto\">\u00a0EDITAL<\/a><\/p><\/div><div style=\"text-align: left;\">Inscri\u00e7\u00f5es no per\u00edodo de <strong>06 a 25 de abril de 2022<\/strong><\/div>\t\t\t\t\t\t<\/div>\n\t\t\t\t<\/div>\n\t\t\t\t\t<\/div>\n\t\t<\/div>\n\t\t\t\t\t<\/div>\n\t\t<\/section>\n\t\t\t\t<section class=\"elementor-section elementor-top-section elementor-element elementor-element-a928752 elementor-section-boxed elementor-section-height-default elementor-section-height-default\" data-id=\"a928752\" data-element_type=\"section\" data-settings=\"{&quot;background_background&quot;:&quot;classic&quot;,&quot;shape_divider_top&quot;:&quot;curve&quot;,&quot;shape_divider_top_negative&quot;:&quot;yes&quot;}\">\n\t\t\t\t\t<div class=\"elementor-shape elementor-shape-top\" data-negative=\"true\">\n\t\t\t<svg xmlns=\"http:\/\/www.w3.org\/2000\/svg\" viewBox=\"0 0 1000 100\" preserveAspectRatio=\"none\">\n\t<path class=\"elementor-shape-fill\" d=\"M500,97C126.7,96.3,0.8,19.8,0,0v100l1000,0V1C1000,19.4,873.3,97.8,500,97z\"\/>\n<\/svg>\t\t<\/div>\n\t\t\t\t\t<div class=\"elementor-container elementor-column-gap-default\">\n\t\t\t\t\t<div class=\"elementor-column elementor-col-100 elementor-top-column elementor-element elementor-element-c2abe01\" data-id=\"c2abe01\" data-element_type=\"column\">\n\t\t\t<div class=\"elementor-widget-wrap elementor-element-populated\">\n\t\t\t\t\t\t<div class=\"elementor-element elementor-element-4aba6d7 elementor-widget elementor-widget-spacer\" data-id=\"4aba6d7\" data-element_type=\"widget\" data-widget_type=\"spacer.default\">\n\t\t\t\t<div class=\"elementor-widget-container\">\n\t\t\t\t\t<div class=\"elementor-spacer\">\n\t\t\t<div class=\"elementor-spacer-inner\"><\/div>\n\t\t<\/div>\n\t\t\t\t<\/div>\n\t\t\t\t<\/div>\n\t\t\t\t<div class=\"elementor-element elementor-element-ac5ebed elementor-widget elementor-widget-spacer\" data-id=\"ac5ebed\" data-element_type=\"widget\" data-widget_type=\"spacer.default\">\n\t\t\t\t<div class=\"elementor-widget-container\">\n\t\t\t\t\t<div class=\"elementor-spacer\">\n\t\t\t<div class=\"elementor-spacer-inner\"><\/div>\n\t\t<\/div>\n\t\t\t\t<\/div>\n\t\t\t\t<\/div>\n\t\t\t\t<div class=\"elementor-element elementor-element-00f44ac elementor-widget elementor-widget-heading\" data-id=\"00f44ac\" data-element_type=\"widget\" data-widget_type=\"heading.default\">\n\t\t\t\t<div class=\"elementor-widget-container\">\n\t\t\t<h2 class=\"elementor-heading-title elementor-size-default\">EST\u00c1GIO CONCLU\u00cdDO:<\/h2>\t\t<\/div>\n\t\t\t\t<\/div>\n\t\t\t\t<div class=\"elementor-element elementor-element-c105456 elementor-widget elementor-widget-spacer\" data-id=\"c105456\" data-element_type=\"widget\" data-widget_type=\"spacer.default\">\n\t\t\t\t<div class=\"elementor-widget-container\">\n\t\t\t\t\t<div class=\"elementor-spacer\">\n\t\t\t<div class=\"elementor-spacer-inner\"><\/div>\n\t\t<\/div>\n\t\t\t\t<\/div>\n\t\t\t\t<\/div>\n\t\t\t\t<div class=\"elementor-element elementor-element-bcd2e43 elementor-list-item-link-inline elementor-align-left elementor-icon-list--layout-traditional elementor-widget elementor-widget-icon-list\" data-id=\"bcd2e43\" data-element_type=\"widget\" data-widget_type=\"icon-list.default\">\n\t\t\t\t<div class=\"elementor-widget-container\">\n\t\t\t\t\t<ul class=\"elementor-icon-list-items\">\n\t\t\t\t\t\t\t<li class=\"elementor-icon-list-item\">\n\t\t\t\t\t\t\t\t\t\t\t<a href=\"https:\/\/sites.usp.br\/bmp\/wp-content\/uploads\/sites\/777\/2021\/08\/RELATORIO-DO-ESTAGIARIO.doc\">\n\n\t\t\t\t\t\t\t\t\t\t\t\t<span class=\"elementor-icon-list-icon\">\n\t\t\t\t\t\t\t<i aria-hidden=\"true\" class=\"far fa-file-word\"><\/i>\t\t\t\t\t\t<\/span>\n\t\t\t\t\t\t\t\t\t\t<span class=\"elementor-icon-list-text\">Relat\u00f3rio do Estagi\u00e1rio<\/span>\n\t\t\t\t\t\t\t\t\t\t\t<\/a>\n\t\t\t\t\t\t\t\t\t<\/li>\n\t\t\t\t\t\t\t\t<li class=\"elementor-icon-list-item\">\n\t\t\t\t\t\t\t\t\t\t\t<a href=\"https:\/\/sites.usp.br\/bmp\/wp-content\/uploads\/sites\/777\/2021\/08\/RELATORIO-DO-SUPERVISOR.doc\">\n\n\t\t\t\t\t\t\t\t\t\t\t\t<span class=\"elementor-icon-list-icon\">\n\t\t\t\t\t\t\t<i aria-hidden=\"true\" class=\"far fa-file-word\"><\/i>\t\t\t\t\t\t<\/span>\n\t\t\t\t\t\t\t\t\t\t<span class=\"elementor-icon-list-text\">Relat\u00f3rio do Supervisor<\/span>\n\t\t\t\t\t\t\t\t\t\t\t<\/a>\n\t\t\t\t\t\t\t\t\t<\/li>\n\t\t\t\t\t\t\t\t<li class=\"elementor-icon-list-item\">\n\t\t\t\t\t\t\t\t\t\t\t<a href=\"https:\/\/sites.usp.br\/bmp\/wp-content\/uploads\/sites\/777\/2021\/08\/Formulario-para-Atribuicao-de-Creditos-PAE-1.doc\">\n\n\t\t\t\t\t\t\t\t\t\t\t\t<span class=\"elementor-icon-list-icon\">\n\t\t\t\t\t\t\t<i aria-hidden=\"true\" class=\"far fa-file-word\"><\/i>\t\t\t\t\t\t<\/span>\n\t\t\t\t\t\t\t\t\t\t<span class=\"elementor-icon-list-text\">Formul\u00e1rio para solicita\u00e7\u00e3o de cr\u00e9ditos - PAE<\/span>\n\t\t\t\t\t\t\t\t\t\t\t<\/a>\n\t\t\t\t\t\t\t\t\t<\/li>\n\t\t\t\t\t\t<\/ul>\n\t\t\t\t<\/div>\n\t\t\t\t<\/div>\n\t\t\t\t<div class=\"elementor-element elementor-element-ffe13ed elementor-widget elementor-widget-spacer\" data-id=\"ffe13ed\" data-element_type=\"widget\" data-widget_type=\"spacer.default\">\n\t\t\t\t<div class=\"elementor-widget-container\">\n\t\t\t\t\t<div class=\"elementor-spacer\">\n\t\t\t<div class=\"elementor-spacer-inner\"><\/div>\n\t\t<\/div>\n\t\t\t\t<\/div>\n\t\t\t\t<\/div>\n\t\t\t\t\t<\/div>\n\t\t<\/div>\n\t\t\t\t\t<\/div>\n\t\t<\/section>\n\t\t\t\t<\/div>\n\t\t","protected":false},"excerpt":{"rendered":"<p>PAE Est\u00e1gio PAE &#8211; 2\u00ba Semestre 2022 &#8211;\u00a0EDITAL Inscri\u00e7\u00f5es no per\u00edodo de 06 a 25 de abril de 2022 EST\u00c1GIO CONCLU\u00cdDO: Relat\u00f3rio do Estagi\u00e1rio Relat\u00f3rio do Supervisor Formul\u00e1rio para solicita\u00e7\u00e3o de cr\u00e9ditos &#8211; PAE<\/p>\n","protected":false},"author":1200,"featured_media":0,"parent":0,"menu_order":0,"comment_status":"closed","ping_status":"closed","template":"elementor_header_footer","meta":{"footnotes":"","_links_to":"","_links_to_target":""},"class_list":["post-1377","page","type-page","status-publish","hentry"],"_links":{"self":[{"href":"https:\/\/sites.usp.br\/bmp\/wp-json\/wp\/v2\/pages\/1377","targetHints":{"allow":["GET"]}}],"collection":[{"href":"https:\/\/sites.usp.br\/bmp\/wp-json\/wp\/v2\/pages"}],"about":[{"href":"https:\/\/sites.usp.br\/bmp\/wp-json\/wp\/v2\/types\/page"}],"author":[{"embeddable":true,"href":"https:\/\/sites.usp.br\/bmp\/wp-json\/wp\/v2\/users\/1200"}],"replies":[{"embeddable":true,"href":"https:\/\/sites.usp.br\/bmp\/wp-json\/wp\/v2\/comments?post=1377"}],"version-history":[{"count":4,"href":"https:\/\/sites.usp.br\/bmp\/wp-json\/wp\/v2\/pages\/1377\/revisions"}],"predecessor-version":[{"id":5881,"href":"https:\/\/sites.usp.br\/bmp\/wp-json\/wp\/v2\/pages\/1377\/revisions\/5881"}],"wp:attachment":[{"href":"https:\/\/sites.usp.br\/bmp\/wp-json\/wp\/v2\/media?parent=1377"}],"curies":[{"name":"wp","href":"https:\/\/api.w.org\/{rel}","templated":true}]}}