{"id":1441,"date":"2021-08-21T01:12:18","date_gmt":"2021-08-21T03:12:18","guid":{"rendered":"https:\/\/sites.usp.br\/bmp\/?page_id=1441"},"modified":"2023-02-02T16:04:07","modified_gmt":"2023-02-02T19:04:07","slug":"o-departamento-laboratorios","status":"publish","type":"page","link":"https:\/\/sites.usp.br\/bmp\/o-departamento-laboratorios\/","title":{"rendered":"[O Departamento] &#8211; Laborat\u00f3rios"},"content":{"rendered":"\t\t<div data-elementor-type=\"wp-page\" data-elementor-id=\"1441\" class=\"elementor elementor-1441\" data-elementor-post-type=\"page\">\n\t\t\t\t\t\t<section class=\"elementor-section elementor-top-section elementor-element elementor-element-3200b89 elementor-section-boxed elementor-section-height-default elementor-section-height-default\" data-id=\"3200b89\" data-element_type=\"section\">\n\t\t\t\t\t\t<div class=\"elementor-container elementor-column-gap-default\">\n\t\t\t\t\t<div class=\"elementor-column elementor-col-100 elementor-top-column elementor-element elementor-element-be56290\" data-id=\"be56290\" data-element_type=\"column\">\n\t\t\t<div class=\"elementor-widget-wrap elementor-element-populated\">\n\t\t\t\t\t\t<div class=\"elementor-element elementor-element-c07ec29 elementor-widget elementor-widget-heading\" data-id=\"c07ec29\" data-element_type=\"widget\" data-widget_type=\"heading.default\">\n\t\t\t\t<div class=\"elementor-widget-container\">\n\t\t\t<h2 class=\"elementor-heading-title elementor-size-default\">LABORAT\u00d3RIOS<\/h2>\t\t<\/div>\n\t\t\t\t<\/div>\n\t\t\t\t<div class=\"elementor-element elementor-element-896a71e elementor-widget elementor-widget-spacer\" data-id=\"896a71e\" data-element_type=\"widget\" data-widget_type=\"spacer.default\">\n\t\t\t\t<div class=\"elementor-widget-container\">\n\t\t\t\t\t<div class=\"elementor-spacer\">\n\t\t\t<div class=\"elementor-spacer-inner\"><\/div>\n\t\t<\/div>\n\t\t\t\t<\/div>\n\t\t\t\t<\/div>\n\t\t\t\t\t<\/div>\n\t\t<\/div>\n\t\t\t\t\t<\/div>\n\t\t<\/section>\n\t\t\t\t<section class=\"elementor-section elementor-top-section elementor-element elementor-element-ee3aabf elementor-section-boxed elementor-section-height-default elementor-section-height-default\" data-id=\"ee3aabf\" data-element_type=\"section\">\n\t\t\t\t\t\t<div class=\"elementor-container elementor-column-gap-default\">\n\t\t\t\t\t<div class=\"elementor-column elementor-col-100 elementor-top-column elementor-element elementor-element-fa81589\" data-id=\"fa81589\" data-element_type=\"column\">\n\t\t\t<div class=\"elementor-widget-wrap elementor-element-populated\">\n\t\t\t\t\t\t<div class=\"elementor-element elementor-element-cbea081 elementor-widget elementor-widget-text-editor\" data-id=\"cbea081\" data-element_type=\"widget\" data-widget_type=\"text-editor.default\">\n\t\t\t\t<div class=\"elementor-widget-container\">\n\t\t\t\t\t\t\t<p>O Departamento de Parasitologia proporciona oportunidades de forma\u00e7\u00e3o transdisciplinar, combinando experi\u00eancia laboratorial e de campo. Todos os docentes contam com <em>laborat\u00f3rios individuais<\/em> adequados para o desenvolvimento de suas pesquisas e a orienta\u00e7\u00e3o de seus alunos de inicia\u00e7\u00e3o cient\u00edfica e de p\u00f3s-gradua\u00e7\u00e3o.<\/p>\t\t\t\t\t\t<\/div>\n\t\t\t\t<\/div>\n\t\t\t\t\t<\/div>\n\t\t<\/div>\n\t\t\t\t\t<\/div>\n\t\t<\/section>\n\t\t\t\t<section class=\"elementor-section elementor-top-section elementor-element elementor-element-8dd7032 elementor-section-boxed elementor-section-height-default elementor-section-height-default\" data-id=\"8dd7032\" data-element_type=\"section\">\n\t\t\t\t\t\t<div class=\"elementor-container elementor-column-gap-default\">\n\t\t\t\t\t<div class=\"elementor-column elementor-col-50 elementor-top-column elementor-element elementor-element-dd65eee\" data-id=\"dd65eee\" data-element_type=\"column\">\n\t\t\t<div class=\"elementor-widget-wrap elementor-element-populated\">\n\t\t\t\t\t\t<div class=\"elementor-element elementor-element-cb0e399 elementor-widget elementor-widget-text-editor\" data-id=\"cb0e399\" data-element_type=\"widget\" data-widget_type=\"text-editor.default\">\n\t\t\t\t<div class=\"elementor-widget-container\">\n\t\t\t\t\t\t\t<p>Os laborat\u00f3rios multiusu\u00e1rios abrigam equipamentos de maior porte e uso coletivo, como microsc\u00f3pios de fluoresc\u00eancia e fotomicrosc\u00f3pios com m\u00f3dulo de processamento de imagens e ultracentr\u00edfugas refrigeradas. O Departamento tamb\u00e9m conta com duas salas de cultura de pat\u00f3genos com n\u00edvel de biosseguran\u00e7a 2 (NB-2) e um laborat\u00f3rio com n\u00edvel de biosseguran\u00e7a 3 (NB-3), todos aprovados pela CTNBio.<\/p><p>Utilizamos tamb\u00e9m o novo\u00a0<a href=\"http:\/\/www3.icb.usp.br\/corpoeditorial\/index.php?option=com_content&amp;view=article&amp;id=180&amp;Itemid=93\">CENTRO DE FACILIDADES PARA PESQUISA &#8211; CEFAP<\/a> instalado pelo ICB-USP em 2011. O CEFAP conta com laborat\u00f3rios de Cultura Celular e Microscopia Confocal Multifot\u00f4nica, de Citometria de Fluxo e Separa\u00e7\u00e3o Celular, de Gen\u00f4mica e Sequenciamento de DNA em Larga Escala e de Prote\u00f4mica e Espectrometria de Massas.<\/p>\t\t\t\t\t\t<\/div>\n\t\t\t\t<\/div>\n\t\t\t\t\t<\/div>\n\t\t<\/div>\n\t\t\t\t<div class=\"elementor-column elementor-col-50 elementor-top-column elementor-element elementor-element-c9ef8d3\" data-id=\"c9ef8d3\" data-element_type=\"column\">\n\t\t\t<div class=\"elementor-widget-wrap elementor-element-populated\">\n\t\t\t\t\t\t<div class=\"elementor-element elementor-element-a5ae6f8 elementor-widget elementor-widget-video\" data-id=\"a5ae6f8\" data-element_type=\"widget\" data-settings=\"{&quot;youtube_url&quot;:&quot;https:\\\/\\\/youtu.be\\\/FV730EgQrH4&quot;,&quot;autoplay&quot;:&quot;yes&quot;,&quot;video_type&quot;:&quot;youtube&quot;,&quot;controls&quot;:&quot;yes&quot;}\" data-widget_type=\"video.default\">\n\t\t\t\t<div class=\"elementor-widget-container\">\n\t\t\t\t\t<div class=\"elementor-wrapper elementor-open-inline\">\n\t\t\t<div class=\"elementor-video\"><\/div>\t\t<\/div>\n\t\t\t\t<\/div>\n\t\t\t\t<\/div>\n\t\t\t\t\t<\/div>\n\t\t<\/div>\n\t\t\t\t\t<\/div>\n\t\t<\/section>\n\t\t\t\t<section class=\"elementor-section elementor-top-section elementor-element elementor-element-e9c6007 elementor-section-boxed elementor-section-height-default elementor-section-height-default\" data-id=\"e9c6007\" data-element_type=\"section\">\n\t\t\t\t\t\t<div class=\"elementor-container elementor-column-gap-default\">\n\t\t\t\t\t<div class=\"elementor-column elementor-col-100 elementor-top-column elementor-element elementor-element-1c8edc2\" data-id=\"1c8edc2\" data-element_type=\"column\">\n\t\t\t<div class=\"elementor-widget-wrap elementor-element-populated\">\n\t\t\t\t\t\t<div class=\"elementor-element elementor-element-11eca67 elementor-widget elementor-widget-text-editor\" data-id=\"11eca67\" data-element_type=\"widget\" data-widget_type=\"text-editor.default\">\n\t\t\t\t<div class=\"elementor-widget-container\">\n\t\t\t\t\t\t\t<p>O Departamento de Parasitologia mant\u00e9m a <a href=\"https:\/\/ww3.icb.usp.br\/instalacao-animal\/\">instala\u00e7\u00e3o de animal<\/a> para a cria\u00e7\u00e3o e manuten\u00e7\u00e3o de camundongos isog\u00eanicos e nocautes, laborat\u00f3rio de controle sanit\u00e1rio e gen\u00e9tico (<a href=\"https:\/\/lcsgeneticoicb.com.br\/\">LCS<\/a>), al\u00e9m de inset\u00e1rio para cria\u00e7\u00e3o e experimenta\u00e7\u00e3o com d\u00edpteros, triatom\u00edneos e carrapatos. Sedia tamb\u00e9m a maior cole\u00e7\u00e3o biol\u00f3gica de tripanossomat\u00eddeos atualmente existente em todo o mundo, que re\u00fane mais de 200 organismos caracterizados segundo crit\u00e9rios biol\u00f3gicos, morfol\u00f3gicos e moleculares.<\/p>\t\t\t\t\t\t<\/div>\n\t\t\t\t<\/div>\n\t\t\t\t<div class=\"elementor-element elementor-element-a31248a elementor-widget elementor-widget-spacer\" data-id=\"a31248a\" data-element_type=\"widget\" data-widget_type=\"spacer.default\">\n\t\t\t\t<div class=\"elementor-widget-container\">\n\t\t\t\t\t<div class=\"elementor-spacer\">\n\t\t\t<div class=\"elementor-spacer-inner\"><\/div>\n\t\t<\/div>\n\t\t\t\t<\/div>\n\t\t\t\t<\/div>\n\t\t\t\t\t<\/div>\n\t\t<\/div>\n\t\t\t\t\t<\/div>\n\t\t<\/section>\n\t\t\t\t<\/div>\n\t\t","protected":false},"excerpt":{"rendered":"<p>LABORAT\u00d3RIOS O Departamento de Parasitologia proporciona oportunidades de forma\u00e7\u00e3o transdisciplinar, combinando experi\u00eancia laboratorial e de campo. Todos os docentes contam com laborat\u00f3rios individuais adequados para o desenvolvimento de suas pesquisas e a orienta\u00e7\u00e3o de seus alunos de inicia\u00e7\u00e3o cient\u00edfica e de p\u00f3s-gradua\u00e7\u00e3o. Os laborat\u00f3rios multiusu\u00e1rios abrigam equipamentos de maior porte e uso coletivo, como microsc\u00f3pios<a href=\"https:\/\/sites.usp.br\/bmp\/o-departamento-laboratorios\/\">[&#8230;]<\/a><\/p>\n","protected":false},"author":1200,"featured_media":0,"parent":0,"menu_order":0,"comment_status":"closed","ping_status":"closed","template":"elementor_header_footer","meta":{"footnotes":"","_links_to":"","_links_to_target":""},"class_list":["post-1441","page","type-page","status-publish","hentry"],"_links":{"self":[{"href":"https:\/\/sites.usp.br\/bmp\/wp-json\/wp\/v2\/pages\/1441","targetHints":{"allow":["GET"]}}],"collection":[{"href":"https:\/\/sites.usp.br\/bmp\/wp-json\/wp\/v2\/pages"}],"about":[{"href":"https:\/\/sites.usp.br\/bmp\/wp-json\/wp\/v2\/types\/page"}],"author":[{"embeddable":true,"href":"https:\/\/sites.usp.br\/bmp\/wp-json\/wp\/v2\/users\/1200"}],"replies":[{"embeddable":true,"href":"https:\/\/sites.usp.br\/bmp\/wp-json\/wp\/v2\/comments?post=1441"}],"version-history":[{"count":4,"href":"https:\/\/sites.usp.br\/bmp\/wp-json\/wp\/v2\/pages\/1441\/revisions"}],"predecessor-version":[{"id":6666,"href":"https:\/\/sites.usp.br\/bmp\/wp-json\/wp\/v2\/pages\/1441\/revisions\/6666"}],"wp:attachment":[{"href":"https:\/\/sites.usp.br\/bmp\/wp-json\/wp\/v2\/media?parent=1441"}],"curies":[{"name":"wp","href":"https:\/\/api.w.org\/{rel}","templated":true}]}}