{"id":1635,"date":"2021-08-22T20:02:02","date_gmt":"2021-08-22T22:02:02","guid":{"rendered":"https:\/\/sites.usp.br\/bmp\/?page_id=1635"},"modified":"2021-10-19T10:36:00","modified_gmt":"2021-10-19T13:36:00","slug":"extensao-apresentacao","status":"publish","type":"page","link":"https:\/\/sites.usp.br\/bmp\/extensao-apresentacao\/","title":{"rendered":"[Extens\u00e3o] &#8211; Apresenta\u00e7\u00e3o"},"content":{"rendered":"\t\t<div data-elementor-type=\"wp-page\" data-elementor-id=\"1635\" class=\"elementor elementor-1635\" data-elementor-post-type=\"page\">\n\t\t\t\t\t\t<section class=\"elementor-section elementor-top-section elementor-element elementor-element-061fffe elementor-section-boxed elementor-section-height-default elementor-section-height-default\" data-id=\"061fffe\" data-element_type=\"section\" data-settings=\"{&quot;background_background&quot;:&quot;classic&quot;}\">\n\t\t\t\t\t\t<div class=\"elementor-container elementor-column-gap-default\">\n\t\t\t\t\t<div class=\"elementor-column elementor-col-100 elementor-top-column elementor-element elementor-element-45ccf04\" data-id=\"45ccf04\" data-element_type=\"column\">\n\t\t\t<div class=\"elementor-widget-wrap elementor-element-populated\">\n\t\t\t\t\t\t<div class=\"elementor-element elementor-element-693617e elementor-widget elementor-widget-heading\" data-id=\"693617e\" data-element_type=\"widget\" data-widget_type=\"heading.default\">\n\t\t\t\t<div class=\"elementor-widget-container\">\n\t\t\t<h2 class=\"elementor-heading-title elementor-size-default\">APRESENTA\u00c7\u00c3O<\/h2>\t\t<\/div>\n\t\t\t\t<\/div>\n\t\t\t\t\t<\/div>\n\t\t<\/div>\n\t\t\t\t\t<\/div>\n\t\t<\/section>\n\t\t\t\t<section class=\"elementor-section elementor-top-section elementor-element elementor-element-5ac830c elementor-section-boxed elementor-section-height-default elementor-section-height-default\" data-id=\"5ac830c\" data-element_type=\"section\" data-settings=\"{&quot;background_background&quot;:&quot;classic&quot;,&quot;shape_divider_top&quot;:&quot;curve&quot;,&quot;shape_divider_top_negative&quot;:&quot;yes&quot;}\">\n\t\t\t\t\t<div class=\"elementor-shape elementor-shape-top\" data-negative=\"true\">\n\t\t\t<svg xmlns=\"http:\/\/www.w3.org\/2000\/svg\" viewBox=\"0 0 1000 100\" preserveAspectRatio=\"none\">\n\t<path class=\"elementor-shape-fill\" d=\"M500,97C126.7,96.3,0.8,19.8,0,0v100l1000,0V1C1000,19.4,873.3,97.8,500,97z\"\/>\n<\/svg>\t\t<\/div>\n\t\t\t\t\t<div class=\"elementor-container elementor-column-gap-default\">\n\t\t\t\t\t<div class=\"elementor-column elementor-col-100 elementor-top-column elementor-element elementor-element-061b8ee\" data-id=\"061b8ee\" data-element_type=\"column\">\n\t\t\t<div class=\"elementor-widget-wrap elementor-element-populated\">\n\t\t\t\t\t\t<div class=\"elementor-element elementor-element-2d06b29 elementor-widget elementor-widget-spacer\" data-id=\"2d06b29\" data-element_type=\"widget\" data-widget_type=\"spacer.default\">\n\t\t\t\t<div class=\"elementor-widget-container\">\n\t\t\t\t\t<div class=\"elementor-spacer\">\n\t\t\t<div class=\"elementor-spacer-inner\"><\/div>\n\t\t<\/div>\n\t\t\t\t<\/div>\n\t\t\t\t<\/div>\n\t\t\t\t\t<\/div>\n\t\t<\/div>\n\t\t\t\t\t<\/div>\n\t\t<\/section>\n\t\t\t\t<section class=\"elementor-section elementor-top-section elementor-element elementor-element-0cd2250 elementor-section-boxed elementor-section-height-default elementor-section-height-default\" data-id=\"0cd2250\" data-element_type=\"section\" data-settings=\"{&quot;background_background&quot;:&quot;classic&quot;}\">\n\t\t\t\t\t\t<div class=\"elementor-container elementor-column-gap-default\">\n\t\t\t\t\t<div class=\"elementor-column elementor-col-100 elementor-top-column elementor-element elementor-element-4ea007a\" data-id=\"4ea007a\" data-element_type=\"column\">\n\t\t\t<div class=\"elementor-widget-wrap elementor-element-populated\">\n\t\t\t\t\t\t<div class=\"elementor-element elementor-element-105d9c2 elementor-widget elementor-widget-text-editor\" data-id=\"105d9c2\" data-element_type=\"widget\" data-widget_type=\"text-editor.default\">\n\t\t\t\t<div class=\"elementor-widget-container\">\n\t\t\t\t\t\t\t<p>O Departamento de Parasitologia desenvolve intensa atividade de assessoria cient\u00edfica, como a avalia\u00e7\u00e3o de artigos e de projetos de pesquisa, organiza congressos, cursos, simp\u00f3sios e semin\u00e1rios em S\u00e3o Paulo, outros estados do Brasil bem como em outros pa\u00edses. Seus docentes participam de numerosas bancas examinadoras de doutorado, mestrado e de concursos p\u00fablicos em outras institui\u00e7\u00f5es brasileiras e do exterior.<\/p><p>O Centro Avan\u00e7ado de Pesquisa em Monte Negro, Rond\u00f4nia, estabelecido em fevereiro de 1997, proporciona assist\u00eancia m\u00e9dica e odontol\u00f3gica gratuita \u00e0 popula\u00e7\u00e3o do munic\u00edpio. O Departamento mant\u00e9m um docente vinculado a esse centro, que coordena as atividades assistenciais e de pesquisa. A\u00e7\u00f5es de promo\u00e7\u00e3o e educa\u00e7\u00e3o em sa\u00fade e de assist\u00eancia m\u00e9dica s\u00e3o tamb\u00e9m realizadas, desde 2004, no laborat\u00f3rio de campo mantido pelo Departamento no munic\u00edpio de Acrel\u00e2ndia, Acre, em colabora\u00e7\u00e3o com a Universidade Federal do Acre.<\/p><p>O Departamento de Parasitologia participa dos eventos anuais \u201cICB aberto \u00e0 escola\u201d e \u201cUniversidade e as Profiss\u00f5es\u201d, que permitem que alunos do ensino m\u00e9dio acompanhem atividades desenvolvidas em seus diferentes laborat\u00f3rios e interajam com docentes, t\u00e9cnicos e alunos de p\u00f3s-gradua\u00e7\u00e3o e de inicia\u00e7\u00e3o cient\u00edfica da USP. O Departamento tamb\u00e9m participa da feira \u201cUSP e as Profiss\u00f5es\u201d, centrado em alunos em fase de vestibular. Nessa feira, encontram-se exposi\u00e7\u00f5es e apresenta\u00e7\u00f5es pr\u00e1ticas e te\u00f3ricas acerca das diversas \u00e1reas profissionais.<\/span><\/p>\t\t\t\t\t\t<\/div>\n\t\t\t\t<\/div>\n\t\t\t\t\t<\/div>\n\t\t<\/div>\n\t\t\t\t\t<\/div>\n\t\t<\/section>\n\t\t\t\t<section class=\"elementor-section elementor-top-section elementor-element elementor-element-de3aee2 elementor-section-boxed elementor-section-height-default elementor-section-height-default\" data-id=\"de3aee2\" data-element_type=\"section\" data-settings=\"{&quot;background_background&quot;:&quot;classic&quot;}\">\n\t\t\t\t\t\t<div class=\"elementor-container elementor-column-gap-default\">\n\t\t\t\t\t<div class=\"elementor-column elementor-col-33 elementor-top-column elementor-element elementor-element-b7cb36f\" data-id=\"b7cb36f\" data-element_type=\"column\">\n\t\t\t<div class=\"elementor-widget-wrap elementor-element-populated\">\n\t\t\t\t\t\t<div class=\"elementor-element elementor-element-369d8cc elementor-widget elementor-widget-spacer\" data-id=\"369d8cc\" data-element_type=\"widget\" data-widget_type=\"spacer.default\">\n\t\t\t\t<div class=\"elementor-widget-container\">\n\t\t\t\t\t<div class=\"elementor-spacer\">\n\t\t\t<div class=\"elementor-spacer-inner\"><\/div>\n\t\t<\/div>\n\t\t\t\t<\/div>\n\t\t\t\t<\/div>\n\t\t\t\t<div class=\"elementor-element elementor-element-979c522 elementor-widget elementor-widget-image\" data-id=\"979c522\" data-element_type=\"widget\" data-widget_type=\"image.default\">\n\t\t\t\t<div class=\"elementor-widget-container\">\n\t\t\t\t\t\t\t\t\t\t<figure class=\"wp-caption\">\n\t\t\t\t\t\t\t\t\t\t<img fetchpriority=\"high\" decoding=\"async\" width=\"640\" height=\"475\" src=\"https:\/\/sites.usp.br\/bmp\/wp-content\/uploads\/sites\/777\/2021\/08\/extensao2-1024x760.jpg\" class=\"attachment-large size-large wp-image-1749\" alt=\"\" srcset=\"https:\/\/sites.usp.br\/bmp\/wp-content\/uploads\/sites\/777\/2021\/08\/extensao2-1024x760.jpg 1024w, https:\/\/sites.usp.br\/bmp\/wp-content\/uploads\/sites\/777\/2021\/08\/extensao2-300x223.jpg 300w, https:\/\/sites.usp.br\/bmp\/wp-content\/uploads\/sites\/777\/2021\/08\/extensao2-768x570.jpg 768w, https:\/\/sites.usp.br\/bmp\/wp-content\/uploads\/sites\/777\/2021\/08\/extensao2-1536x1141.jpg 1536w, https:\/\/sites.usp.br\/bmp\/wp-content\/uploads\/sites\/777\/2021\/08\/extensao2-2048x1521.jpg 2048w, https:\/\/sites.usp.br\/bmp\/wp-content\/uploads\/sites\/777\/2021\/08\/extensao2-80x60.jpg 80w, https:\/\/sites.usp.br\/bmp\/wp-content\/uploads\/sites\/777\/2021\/08\/extensao2-400x297.jpg 400w\" sizes=\"(max-width: 640px) 100vw, 640px\" \/>\t\t\t\t\t\t\t\t\t\t\t<figcaption class=\"widget-image-caption wp-caption-text\">F\u00eamea de Aedes aegypti durante oviposi\u00e7\u00e3o.<\/figcaption>\n\t\t\t\t\t\t\t\t\t\t<\/figure>\n\t\t\t\t\t\t\t<\/div>\n\t\t\t\t<\/div>\n\t\t\t\t<div class=\"elementor-element elementor-element-b425b94 elementor-widget elementor-widget-spacer\" data-id=\"b425b94\" data-element_type=\"widget\" data-widget_type=\"spacer.default\">\n\t\t\t\t<div class=\"elementor-widget-container\">\n\t\t\t\t\t<div class=\"elementor-spacer\">\n\t\t\t<div class=\"elementor-spacer-inner\"><\/div>\n\t\t<\/div>\n\t\t\t\t<\/div>\n\t\t\t\t<\/div>\n\t\t\t\t\t<\/div>\n\t\t<\/div>\n\t\t\t\t<div class=\"elementor-column elementor-col-33 elementor-top-column elementor-element elementor-element-41f1105\" data-id=\"41f1105\" data-element_type=\"column\">\n\t\t\t<div class=\"elementor-widget-wrap\">\n\t\t\t\t\t\t\t<\/div>\n\t\t<\/div>\n\t\t\t\t<div class=\"elementor-column elementor-col-33 elementor-top-column elementor-element elementor-element-8cd8add\" data-id=\"8cd8add\" data-element_type=\"column\">\n\t\t\t<div class=\"elementor-widget-wrap elementor-element-populated\">\n\t\t\t\t\t\t<div class=\"elementor-element elementor-element-d9c95f7 elementor-widget elementor-widget-spacer\" data-id=\"d9c95f7\" data-element_type=\"widget\" data-widget_type=\"spacer.default\">\n\t\t\t\t<div class=\"elementor-widget-container\">\n\t\t\t\t\t<div class=\"elementor-spacer\">\n\t\t\t<div class=\"elementor-spacer-inner\"><\/div>\n\t\t<\/div>\n\t\t\t\t<\/div>\n\t\t\t\t<\/div>\n\t\t\t\t<div class=\"elementor-element elementor-element-deddd30 elementor-widget elementor-widget-image\" data-id=\"deddd30\" data-element_type=\"widget\" data-widget_type=\"image.default\">\n\t\t\t\t<div class=\"elementor-widget-container\">\n\t\t\t\t\t\t\t\t\t\t<figure class=\"wp-caption\">\n\t\t\t\t\t\t\t\t\t\t<img decoding=\"async\" width=\"640\" height=\"482\" src=\"https:\/\/sites.usp.br\/bmp\/wp-content\/uploads\/sites\/777\/2021\/08\/extensao.jpg\" class=\"attachment-large size-large wp-image-1748\" alt=\"\" srcset=\"https:\/\/sites.usp.br\/bmp\/wp-content\/uploads\/sites\/777\/2021\/08\/extensao.jpg 641w, https:\/\/sites.usp.br\/bmp\/wp-content\/uploads\/sites\/777\/2021\/08\/extensao-300x226.jpg 300w, https:\/\/sites.usp.br\/bmp\/wp-content\/uploads\/sites\/777\/2021\/08\/extensao-285x214.jpg 285w, https:\/\/sites.usp.br\/bmp\/wp-content\/uploads\/sites\/777\/2021\/08\/extensao-80x60.jpg 80w, https:\/\/sites.usp.br\/bmp\/wp-content\/uploads\/sites\/777\/2021\/08\/extensao-400x301.jpg 400w\" sizes=\"(max-width: 640px) 100vw, 640px\" \/>\t\t\t\t\t\t\t\t\t\t\t<figcaption class=\"widget-image-caption wp-caption-text\">Atividade assistencial no Ramal do Granada, Acre.<\/figcaption>\n\t\t\t\t\t\t\t\t\t\t<\/figure>\n\t\t\t\t\t\t\t<\/div>\n\t\t\t\t<\/div>\n\t\t\t\t\t<\/div>\n\t\t<\/div>\n\t\t\t\t\t<\/div>\n\t\t<\/section>\n\t\t\t\t<section class=\"elementor-section elementor-top-section elementor-element elementor-element-c1ca79e elementor-section-boxed elementor-section-height-default elementor-section-height-default\" data-id=\"c1ca79e\" data-element_type=\"section\">\n\t\t\t\t\t\t<div class=\"elementor-container elementor-column-gap-default\">\n\t\t\t\t\t<div class=\"elementor-column elementor-col-100 elementor-top-column elementor-element elementor-element-ec7188b\" data-id=\"ec7188b\" data-element_type=\"column\">\n\t\t\t<div class=\"elementor-widget-wrap\">\n\t\t\t\t\t\t\t<\/div>\n\t\t<\/div>\n\t\t\t\t\t<\/div>\n\t\t<\/section>\n\t\t\t\t<\/div>\n\t\t","protected":false},"excerpt":{"rendered":"<p>APRESENTA\u00c7\u00c3O O Departamento de Parasitologia desenvolve intensa atividade de assessoria cient\u00edfica, como a avalia\u00e7\u00e3o de artigos e de projetos de pesquisa, organiza congressos, cursos, simp\u00f3sios e semin\u00e1rios em S\u00e3o Paulo, outros estados do Brasil bem como em outros pa\u00edses. Seus docentes participam de numerosas bancas examinadoras de doutorado, mestrado e de concursos p\u00fablicos em outras<a href=\"https:\/\/sites.usp.br\/bmp\/extensao-apresentacao\/\">[&#8230;]<\/a><\/p>\n","protected":false},"author":1200,"featured_media":0,"parent":0,"menu_order":0,"comment_status":"closed","ping_status":"closed","template":"elementor_header_footer","meta":{"footnotes":"","_links_to":"","_links_to_target":""},"class_list":["post-1635","page","type-page","status-publish","hentry"],"_links":{"self":[{"href":"https:\/\/sites.usp.br\/bmp\/wp-json\/wp\/v2\/pages\/1635","targetHints":{"allow":["GET"]}}],"collection":[{"href":"https:\/\/sites.usp.br\/bmp\/wp-json\/wp\/v2\/pages"}],"about":[{"href":"https:\/\/sites.usp.br\/bmp\/wp-json\/wp\/v2\/types\/page"}],"author":[{"embeddable":true,"href":"https:\/\/sites.usp.br\/bmp\/wp-json\/wp\/v2\/users\/1200"}],"replies":[{"embeddable":true,"href":"https:\/\/sites.usp.br\/bmp\/wp-json\/wp\/v2\/comments?post=1635"}],"version-history":[{"count":4,"href":"https:\/\/sites.usp.br\/bmp\/wp-json\/wp\/v2\/pages\/1635\/revisions"}],"predecessor-version":[{"id":4720,"href":"https:\/\/sites.usp.br\/bmp\/wp-json\/wp\/v2\/pages\/1635\/revisions\/4720"}],"wp:attachment":[{"href":"https:\/\/sites.usp.br\/bmp\/wp-json\/wp\/v2\/media?parent=1635"}],"curies":[{"name":"wp","href":"https:\/\/api.w.org\/{rel}","templated":true}]}}