{"id":1933,"date":"2021-08-23T22:00:42","date_gmt":"2021-08-24T00:00:42","guid":{"rendered":"https:\/\/sites.usp.br\/bmp\/?page_id=1933"},"modified":"2022-04-20T16:03:33","modified_gmt":"2022-04-20T19:03:33","slug":"pesquisa-iniciacao-cientifica","status":"publish","type":"page","link":"https:\/\/sites.usp.br\/bmp\/pesquisa-iniciacao-cientifica\/","title":{"rendered":"[Pesquisa] &#8211; Inicia\u00e7\u00e3o cient\u00edfica"},"content":{"rendered":"\t\t<div data-elementor-type=\"wp-page\" data-elementor-id=\"1933\" class=\"elementor elementor-1933\" data-elementor-post-type=\"page\">\n\t\t\t\t\t\t<section class=\"elementor-section elementor-top-section elementor-element elementor-element-afe1615 elementor-section-boxed elementor-section-height-default elementor-section-height-default\" data-id=\"afe1615\" data-element_type=\"section\" data-settings=\"{&quot;background_background&quot;:&quot;classic&quot;,&quot;shape_divider_top&quot;:&quot;curve&quot;,&quot;shape_divider_top_negative&quot;:&quot;yes&quot;}\">\n\t\t\t\t\t<div class=\"elementor-shape elementor-shape-top\" data-negative=\"true\">\n\t\t\t<svg xmlns=\"http:\/\/www.w3.org\/2000\/svg\" viewBox=\"0 0 1000 100\" preserveAspectRatio=\"none\">\n\t<path class=\"elementor-shape-fill\" d=\"M500,97C126.7,96.3,0.8,19.8,0,0v100l1000,0V1C1000,19.4,873.3,97.8,500,97z\"\/>\n<\/svg>\t\t<\/div>\n\t\t\t\t\t<div class=\"elementor-container elementor-column-gap-default\">\n\t\t\t\t\t<div class=\"elementor-column elementor-col-100 elementor-top-column elementor-element elementor-element-61e781c\" data-id=\"61e781c\" data-element_type=\"column\">\n\t\t\t<div class=\"elementor-widget-wrap elementor-element-populated\">\n\t\t\t\t\t\t<div class=\"elementor-element elementor-element-361d4df elementor-widget elementor-widget-spacer\" data-id=\"361d4df\" data-element_type=\"widget\" data-widget_type=\"spacer.default\">\n\t\t\t\t<div class=\"elementor-widget-container\">\n\t\t\t\t\t<div class=\"elementor-spacer\">\n\t\t\t<div class=\"elementor-spacer-inner\"><\/div>\n\t\t<\/div>\n\t\t\t\t<\/div>\n\t\t\t\t<\/div>\n\t\t\t\t<div class=\"elementor-element elementor-element-a4c17de elementor-widget elementor-widget-heading\" data-id=\"a4c17de\" data-element_type=\"widget\" data-widget_type=\"heading.default\">\n\t\t\t\t<div class=\"elementor-widget-container\">\n\t\t\t<h2 class=\"elementor-heading-title elementor-size-default\">INICIA\u00c7\u00c3O CIENT\u00cdFICA<\/h2>\t\t<\/div>\n\t\t\t\t<\/div>\n\t\t\t\t<div class=\"elementor-element elementor-element-e03fd2e elementor-widget elementor-widget-spacer\" data-id=\"e03fd2e\" data-element_type=\"widget\" data-widget_type=\"spacer.default\">\n\t\t\t\t<div class=\"elementor-widget-container\">\n\t\t\t\t\t<div class=\"elementor-spacer\">\n\t\t\t<div class=\"elementor-spacer-inner\"><\/div>\n\t\t<\/div>\n\t\t\t\t<\/div>\n\t\t\t\t<\/div>\n\t\t\t\t<div class=\"elementor-element elementor-element-1c2ecba elementor-widget elementor-widget-text-editor\" data-id=\"1c2ecba\" data-element_type=\"widget\" data-widget_type=\"text-editor.default\">\n\t\t\t\t<div class=\"elementor-widget-container\">\n\t\t\t\t\t\t\t<p>Para estudantes de gradua\u00e7\u00e3o \u00e9 uma excelente oportunidade para iniciar-se em pesquisa atrav\u00e9s dos Est\u00e1gios e Inicia\u00e7\u00e3o Cient\u00edfica. Durante estes est\u00e1gios os estudantes podem participar de pesquisas que estejam em andamento nos laborat\u00f3rios, aprendem os princ\u00edpios da investiga\u00e7\u00e3o cient\u00edfica, reda\u00e7\u00e3o de textos cient\u00edficos e v\u00e1rias outras atividades que ser\u00e3o \u00fateis futuramente na vida profissional, mesmo que estes estudantes n\u00e3o venham a ser pesquisadores.<\/p><p><span style=\"font-size: 1.6rem;\">Veja aqui os <\/span><span style=\"font-size: 1.6rem;\"><a href=\"https:\/\/sites.usp.br\/bmp\/wp-content\/uploads\/sites\/777\/2022\/02\/Atualizacao-dos-Procedimentos-para-Graduandos-nos-Laboratorios.pdf\" target=\"_blank\" rel=\"noopener\">procedimentos para Est\u00e1gio e Inicia\u00e7\u00e3o Cient\u00edfica<\/a><br \/><\/span><\/p><div>\u00a0<\/div>\t\t\t\t\t\t<\/div>\n\t\t\t\t<\/div>\n\t\t\t\t<div class=\"elementor-element elementor-element-817068d elementor-widget elementor-widget-spacer\" data-id=\"817068d\" data-element_type=\"widget\" data-widget_type=\"spacer.default\">\n\t\t\t\t<div class=\"elementor-widget-container\">\n\t\t\t\t\t<div class=\"elementor-spacer\">\n\t\t\t<div class=\"elementor-spacer-inner\"><\/div>\n\t\t<\/div>\n\t\t\t\t<\/div>\n\t\t\t\t<\/div>\n\t\t\t\t\t<\/div>\n\t\t<\/div>\n\t\t\t\t\t<\/div>\n\t\t<\/section>\n\t\t\t\t<\/div>\n\t\t","protected":false},"excerpt":{"rendered":"<p>INICIA\u00c7\u00c3O CIENT\u00cdFICA Para estudantes de gradua\u00e7\u00e3o \u00e9 uma excelente oportunidade para iniciar-se em pesquisa atrav\u00e9s dos Est\u00e1gios e Inicia\u00e7\u00e3o Cient\u00edfica. Durante estes est\u00e1gios os estudantes podem participar de pesquisas que estejam em andamento nos laborat\u00f3rios, aprendem os princ\u00edpios da investiga\u00e7\u00e3o cient\u00edfica, reda\u00e7\u00e3o de textos cient\u00edficos e v\u00e1rias outras atividades que ser\u00e3o \u00fateis futuramente na vida<a href=\"https:\/\/sites.usp.br\/bmp\/pesquisa-iniciacao-cientifica\/\">[&#8230;]<\/a><\/p>\n","protected":false},"author":1200,"featured_media":0,"parent":0,"menu_order":0,"comment_status":"closed","ping_status":"closed","template":"elementor_header_footer","meta":{"footnotes":"","_links_to":"","_links_to_target":""},"class_list":["post-1933","page","type-page","status-publish","hentry"],"_links":{"self":[{"href":"https:\/\/sites.usp.br\/bmp\/wp-json\/wp\/v2\/pages\/1933","targetHints":{"allow":["GET"]}}],"collection":[{"href":"https:\/\/sites.usp.br\/bmp\/wp-json\/wp\/v2\/pages"}],"about":[{"href":"https:\/\/sites.usp.br\/bmp\/wp-json\/wp\/v2\/types\/page"}],"author":[{"embeddable":true,"href":"https:\/\/sites.usp.br\/bmp\/wp-json\/wp\/v2\/users\/1200"}],"replies":[{"embeddable":true,"href":"https:\/\/sites.usp.br\/bmp\/wp-json\/wp\/v2\/comments?post=1933"}],"version-history":[{"count":4,"href":"https:\/\/sites.usp.br\/bmp\/wp-json\/wp\/v2\/pages\/1933\/revisions"}],"predecessor-version":[{"id":6032,"href":"https:\/\/sites.usp.br\/bmp\/wp-json\/wp\/v2\/pages\/1933\/revisions\/6032"}],"wp:attachment":[{"href":"https:\/\/sites.usp.br\/bmp\/wp-json\/wp\/v2\/media?parent=1933"}],"curies":[{"name":"wp","href":"https:\/\/api.w.org\/{rel}","templated":true}]}}