{"id":2527,"date":"2021-09-07T01:02:38","date_gmt":"2021-09-07T03:02:38","guid":{"rendered":"https:\/\/sites.usp.br\/bmp\/?page_id=2527"},"modified":"2023-11-10T16:28:39","modified_gmt":"2023-11-10T19:28:39","slug":"o-departamento-equipe-tecnica","status":"publish","type":"page","link":"https:\/\/sites.usp.br\/bmp\/o-departamento-equipe-tecnica\/","title":{"rendered":"[O departamento] &#8211; Equipe T\u00e9cnica"},"content":{"rendered":"\t\t<div data-elementor-type=\"wp-page\" data-elementor-id=\"2527\" class=\"elementor elementor-2527\" data-elementor-post-type=\"page\">\n\t\t\t\t\t\t<section class=\"elementor-section elementor-top-section elementor-element elementor-element-dec7b85 elementor-section-boxed elementor-section-height-default elementor-section-height-default\" data-id=\"dec7b85\" data-element_type=\"section\">\n\t\t\t\t\t\t<div class=\"elementor-container elementor-column-gap-default\">\n\t\t\t\t\t<div class=\"elementor-column elementor-col-100 elementor-top-column elementor-element elementor-element-b6e27b2\" data-id=\"b6e27b2\" data-element_type=\"column\">\n\t\t\t<div class=\"elementor-widget-wrap elementor-element-populated\">\n\t\t\t\t\t\t<div class=\"elementor-element elementor-element-5e44ce6 elementor-widget elementor-widget-heading\" data-id=\"5e44ce6\" data-element_type=\"widget\" data-widget_type=\"heading.default\">\n\t\t\t\t<div class=\"elementor-widget-container\">\n\t\t\t<h2 class=\"elementor-heading-title elementor-size-default\">EQUIPE T\u00c9CNICA<\/h2>\t\t<\/div>\n\t\t\t\t<\/div>\n\t\t\t\t<div class=\"elementor-element elementor-element-bb3232a elementor-widget elementor-widget-spacer\" data-id=\"bb3232a\" data-element_type=\"widget\" data-widget_type=\"spacer.default\">\n\t\t\t\t<div class=\"elementor-widget-container\">\n\t\t\t\t\t<div class=\"elementor-spacer\">\n\t\t\t<div class=\"elementor-spacer-inner\"><\/div>\n\t\t<\/div>\n\t\t\t\t<\/div>\n\t\t\t\t<\/div>\n\t\t\t\t\t<\/div>\n\t\t<\/div>\n\t\t\t\t\t<\/div>\n\t\t<\/section>\n\t\t\t\t<section class=\"elementor-section elementor-top-section elementor-element elementor-element-190ace8 elementor-section-boxed elementor-section-height-default elementor-section-height-default\" data-id=\"190ace8\" data-element_type=\"section\">\n\t\t\t\t\t\t<div class=\"elementor-container elementor-column-gap-default\">\n\t\t\t\t\t<div class=\"elementor-column elementor-col-100 elementor-top-column elementor-element elementor-element-e8e1f27\" data-id=\"e8e1f27\" data-element_type=\"column\">\n\t\t\t<div class=\"elementor-widget-wrap elementor-element-populated\">\n\t\t\t\t\t\t<div class=\"elementor-element elementor-element-fd19941 elementor-widget elementor-widget-Table\" data-id=\"fd19941\" data-element_type=\"widget\" data-widget_type=\"Table.default\">\n\t\t\t\t<div class=\"elementor-widget-container\">\n\t\t\t\t\t<table class=\"tafe-table \">\n\t\t\t<thead  class=\"tafe-table-header\">\n\t\t\t\t<tr>\n\t\t\t\t\t<th class=\"elementor-inline-editing elementor-repeater-item-e8e7e7f\"   >Nome<\/th><th class=\"elementor-inline-editing elementor-repeater-item-9855171\"   >Ocupa\u00e7\u00e3o<\/th><th class=\"elementor-inline-editing elementor-repeater-item-22c08ae\"   >Telefone<\/th><th class=\"elementor-inline-editing elementor-repeater-item-20e4396\"   >Email<\/th>\t\t\t\t<\/tr>\n\t\t\t<\/thead>\n\t\t\t\t\t\t<tbody class=\"tafe-table-body\">\n\t\t\t\t<tr>\n\t\t\t\t\t<\/tr><tr><td data-label=\"Nome\"   class=\"elementor-repeater-item-ec04403 td-content-type-default\" >Claudia Blanes Angeli<\/td><td data-label=\"Ocupa\u00e7\u00e3o\"   class=\"elementor-repeater-item-5eab136 td-content-type-default\" >Especialista de Laborat\u00f3rio<\/td><td data-label=\"Telefone\"   class=\"elementor-repeater-item-3dba686 td-content-type-default\" >(11) 3091-3899<\/td><td data-label=\"Email\"   class=\"elementor-repeater-item-a7d621b td-content-type-default\" >claudia.angeli@usp.br<\/td><\/tr><tr><td data-label=\"Nome\"   class=\"elementor-repeater-item-774205d td-content-type-default\" >Claudio Roberto Magro<\/td><td data-label=\"Ocupa\u00e7\u00e3o\"   class=\"elementor-repeater-item-9f67b33 td-content-type-default\" >Auxiliar de Laborat\u00f3rio<\/td><td data-label=\"Telefone\"   class=\"elementor-repeater-item-102050c td-content-type-default\" >(11) 3091-8035<\/td><td data-label=\"Email\"   class=\"elementor-repeater-item-adc4305 td-content-type-default\" >apoiodidaticoicb2@icb.usp.br<\/td><\/tr><tr><td data-label=\"Nome\"   class=\"elementor-repeater-item-9467189 td-content-type-default\" >Dalva Maria Stanischesk Molnar<\/td><td data-label=\"Ocupa\u00e7\u00e3o\"   class=\"elementor-repeater-item-d5509c0 td-content-type-default\" >Secret\u00e1ria<\/td><td data-label=\"Telefone\"   class=\"elementor-repeater-item-3d2cf13 td-content-type-default\" >(11) 3091-7208<\/td><td data-label=\"Email\"   class=\"elementor-repeater-item-1d476fe td-content-type-default\" >dmolnar@usp.br<\/td><\/tr><tr><td data-label=\"Nome\"   class=\"elementor-repeater-item-e0aa958 td-content-type-default\" >Danielle Cristina Gomes Chagas<\/td><td data-label=\"Ocupa\u00e7\u00e3o\"   class=\"elementor-repeater-item-901352d td-content-type-default\" >T\u00e9cnica de Laborat\u00f3rio<\/td><td data-label=\"Telefone\"   class=\"elementor-repeater-item-d6dcd83 td-content-type-default\" >(11) 3091-7632<\/td><td data-label=\"Email\"   class=\"elementor-repeater-item-c1925a9 td-content-type-default\" >danielle_gchagas@yahoo.com.br<\/td><\/tr><tr><td data-label=\"Nome\"   class=\"elementor-repeater-item-306eb51 td-content-type-default\" >Ediane Saraiva Fernandes<\/td><td data-label=\"Ocupa\u00e7\u00e3o\"   class=\"elementor-repeater-item-b27cc25 td-content-type-default\" >T\u00e9cnica de Laborat\u00f3rio<\/td><td data-label=\"Telefone\"   class=\"elementor-repeater-item-ff9174f td-content-type-default\" >(11) 3091-7336<\/td><td data-label=\"Email\"   class=\"elementor-repeater-item-2a482ec td-content-type-default\" >edi.sfernandes@usp.br<\/td><\/tr><tr><td data-label=\"Nome\"   class=\"elementor-repeater-item-cb99bc6 td-content-type-default\" >Erika Paula Machado<\/td><td data-label=\"Ocupa\u00e7\u00e3o\"   class=\"elementor-repeater-item-4d149c9 td-content-type-default\" >T\u00e9cnica de Laborat\u00f3rio<\/td><td data-label=\"Telefone\"   class=\"elementor-repeater-item-d631e0a td-content-type-default\" >(11) 3091-7989<\/td><td data-label=\"Email\"   class=\"elementor-repeater-item-2c6e936 td-content-type-default\" >e.machado@usp.br<\/td><\/tr><tr><td data-label=\"Nome\"   class=\"elementor-repeater-item-29da47a td-content-type-default\" >Eunice Ribeiro da Silva<\/td><td data-label=\"Ocupa\u00e7\u00e3o\"   class=\"elementor-repeater-item-5869092 td-content-type-default\" >Auxiliar de Laborat\u00f3rio<\/td><td data-label=\"Telefone\"   class=\"elementor-repeater-item-a2adf41 td-content-type-default\" >(11) 3091-7272<\/td><td data-label=\"Email\"   class=\"elementor-repeater-item-34518f0 td-content-type-default\" >eunicejribeiro@yahoo.com.br<\/td><\/tr><tr><td data-label=\"Nome\"   class=\"elementor-repeater-item-d594ae4 td-content-type-default\" >Jenicer Kazumi Umada Yokoyama Yasunaka<\/td><td data-label=\"Ocupa\u00e7\u00e3o\"   class=\"elementor-repeater-item-51ec238 td-content-type-default\" >T\u00e9cnico de Laborat\u00f3rio<\/td><td data-label=\"Telefone\"   class=\"elementor-repeater-item-c296262 td-content-type-default\" >(11) 3091-7334<\/td><td data-label=\"Email\"   class=\"elementor-repeater-item-01cdbb0 td-content-type-default\" >jenicerk@usp.br<\/td><\/tr><tr><td data-label=\"Nome\"   class=\"elementor-repeater-item-8255383 td-content-type-default\" >Juliane Pereira Afonso<\/td><td data-label=\"Ocupa\u00e7\u00e3o\"   class=\"elementor-repeater-item-a4cc997 td-content-type-default\" >T\u00e9cnica de Laborat\u00f3rio<\/td><td data-label=\"Telefone\"   class=\"elementor-repeater-item-62eddde td-content-type-default\" >(11) 3091-7632<\/td><td data-label=\"Email\"   class=\"elementor-repeater-item-1478966 td-content-type-default\" >juafonso@icb.usp.br<\/td><\/tr><tr><td data-label=\"Nome\"   class=\"elementor-repeater-item-fc507dc td-content-type-default\" >Luiz Pereira da Silva<\/td><td data-label=\"Ocupa\u00e7\u00e3o\"   class=\"elementor-repeater-item-7a30201 td-content-type-default\" >T\u00e9cnico de Laborat\u00f3rio<\/td><td data-label=\"Telefone\"   class=\"elementor-repeater-item-a2db5f8 td-content-type-default\" >(11) 3091-7632<\/td><td data-label=\"Email\"   class=\"elementor-repeater-item-9b5aba3 td-content-type-default\" >lupersil2003@yahoo.com.br<\/td><\/tr><tr><td data-label=\"Nome\"   class=\"elementor-repeater-item-3a37d6b td-content-type-default\" >Manoel Aparecido Peres<\/td><td data-label=\"Ocupa\u00e7\u00e3o\"   class=\"elementor-repeater-item-c1564bf td-content-type-default\" >T\u00e9cnico de Laborat\u00f3rio<\/td><td data-label=\"Telefone\"   class=\"elementor-repeater-item-89007c0 td-content-type-default\" >(11) 3091-7269<\/td><td data-label=\"Email\"   class=\"elementor-repeater-item-b122e49 td-content-type-default\" >maperes@usp.br<\/td><\/tr><tr><td data-label=\"Nome\"   class=\"elementor-repeater-item-e3994a8 td-content-type-default\" >Marcio Massao Yamamoto<\/td><td data-label=\"Ocupa\u00e7\u00e3o\"   class=\"elementor-repeater-item-2af8ec2 td-content-type-default\" >Especialista de Laborat\u00f3rio<\/td><td data-label=\"Telefone\"   class=\"elementor-repeater-item-3ab587d td-content-type-default\" >(11) 3091-7263<\/td><td data-label=\"Email\"   class=\"elementor-repeater-item-310903f td-content-type-default\" >masayama@usp.br<\/td><\/tr><tr><td data-label=\"Nome\"   class=\"elementor-repeater-item-d047c8e td-content-type-default\" >Maria de Lourdes Ferreira dos Santos<\/td><td data-label=\"Ocupa\u00e7\u00e3o\"   class=\"elementor-repeater-item-9cbc6b2 td-content-type-default\" >Auxiliar de Laborat\u00f3rio<\/td><td data-label=\"Telefone\"   class=\"elementor-repeater-item-8ac4298 td-content-type-default\" >(11) 3091-7262<\/td><td data-label=\"Email\"   class=\"elementor-repeater-item-99fcc3a td-content-type-default\" >mlourdess@usp.br<\/td><\/tr><tr><td data-label=\"Nome\"   class=\"elementor-repeater-item-0b7b976 td-content-type-default\" >Sabrina Morais de Freitas<\/td><td data-label=\"Ocupa\u00e7\u00e3o\"   class=\"elementor-repeater-item-14bfaa6 td-content-type-default\" >Secret\u00e1ria<\/td><td data-label=\"Telefone\"   class=\"elementor-repeater-item-ae7fc9f td-content-type-default\" >(11) 3091-7262<\/td><td data-label=\"Email\"   class=\"elementor-repeater-item-5d816a8 td-content-type-default\" >sabrimf@usp.br<\/td><\/tr><tr><td data-label=\"Nome\"   class=\"elementor-repeater-item-9501ef4 td-content-type-default\" >Silvana Sirlei Eug\u00eanio<\/td><td data-label=\"Ocupa\u00e7\u00e3o\"   class=\"elementor-repeater-item-9f328cd td-content-type-default\" >T\u00e9cnica de Laborat\u00f3rio<\/td><td data-label=\"Telefone\"   class=\"elementor-repeater-item-f43aca7 td-content-type-default\" >(69) 3530-2349<\/td><td data-label=\"Email\"   class=\"elementor-repeater-item-5ade94a td-content-type-default\" >silvanasirleyeugenio@gmail.com<\/td><\/tr><tr><td data-label=\"Nome\"   class=\"elementor-repeater-item-5042eee td-content-type-default\" >Silvia Ferreira Camargo<\/td><td data-label=\"Ocupa\u00e7\u00e3o\"   class=\"elementor-repeater-item-d39f92f td-content-type-default\" >T\u00e9cnica para Assuntos Administrativos<\/td><td data-label=\"Telefone\"   class=\"elementor-repeater-item-b98d4be td-content-type-default\" >(11) 3091-7331<\/td><td data-label=\"Email\"   class=\"elementor-repeater-item-1f92a53 td-content-type-default\" >silviafc@usp.br<\/td><\/tr><tr><td data-label=\"Nome\"   class=\"elementor-repeater-item-f559e23 td-content-type-default\" >Wolfgang Fischer<\/td><td data-label=\"Ocupa\u00e7\u00e3o\"   class=\"elementor-repeater-item-34fd425 td-content-type-default\" >Especialista de Laborat\u00f3rio<\/td><td data-label=\"Telefone\"   class=\"elementor-repeater-item-32b92fe td-content-type-default\" >(11) 3091-7265<\/td><td data-label=\"Email\"   class=\"elementor-repeater-item-9fde3d3 td-content-type-default\" >wfischer@icb.usp.br<\/td>\t\t\t\t<\/tr>\n\t\t\t<\/tbody>\n\t\t<\/table>\n\t\t\n\t\t\t\t<\/div>\n\t\t\t\t<\/div>\n\t\t\t\t<div class=\"elementor-element elementor-element-683a951 elementor-widget elementor-widget-spacer\" data-id=\"683a951\" data-element_type=\"widget\" data-widget_type=\"spacer.default\">\n\t\t\t\t<div class=\"elementor-widget-container\">\n\t\t\t\t\t<div class=\"elementor-spacer\">\n\t\t\t<div class=\"elementor-spacer-inner\"><\/div>\n\t\t<\/div>\n\t\t\t\t<\/div>\n\t\t\t\t<\/div>\n\t\t\t\t\t<\/div>\n\t\t<\/div>\n\t\t\t\t\t<\/div>\n\t\t<\/section>\n\t\t\t\t<\/div>\n\t\t","protected":false},"excerpt":{"rendered":"<p>EQUIPE T\u00c9CNICA Nome Ocupa\u00e7\u00e3o Telefone Email Claudia Blanes Angeli Especialista de Laborat\u00f3rio (11) 3091-3899 claudia.angeli@usp.br Claudio Roberto Magro Auxiliar de Laborat\u00f3rio (11) 3091-8035 apoiodidaticoicb2@icb.usp.br Dalva Maria Stanischesk Molnar Secret\u00e1ria (11) 3091-7208 dmolnar@usp.br Danielle Cristina Gomes Chagas T\u00e9cnica de Laborat\u00f3rio (11) 3091-7632 danielle_gchagas@yahoo.com.br Ediane Saraiva Fernandes T\u00e9cnica de Laborat\u00f3rio (11) 3091-7336 edi.sfernandes@usp.br Erika Paula Machado T\u00e9cnica<a href=\"https:\/\/sites.usp.br\/bmp\/o-departamento-equipe-tecnica\/\">[&#8230;]<\/a><\/p>\n","protected":false},"author":1200,"featured_media":0,"parent":0,"menu_order":0,"comment_status":"closed","ping_status":"closed","template":"elementor_header_footer","meta":{"footnotes":"","_links_to":"","_links_to_target":""},"class_list":["post-2527","page","type-page","status-publish","hentry"],"_links":{"self":[{"href":"https:\/\/sites.usp.br\/bmp\/wp-json\/wp\/v2\/pages\/2527","targetHints":{"allow":["GET"]}}],"collection":[{"href":"https:\/\/sites.usp.br\/bmp\/wp-json\/wp\/v2\/pages"}],"about":[{"href":"https:\/\/sites.usp.br\/bmp\/wp-json\/wp\/v2\/types\/page"}],"author":[{"embeddable":true,"href":"https:\/\/sites.usp.br\/bmp\/wp-json\/wp\/v2\/users\/1200"}],"replies":[{"embeddable":true,"href":"https:\/\/sites.usp.br\/bmp\/wp-json\/wp\/v2\/comments?post=2527"}],"version-history":[{"count":4,"href":"https:\/\/sites.usp.br\/bmp\/wp-json\/wp\/v2\/pages\/2527\/revisions"}],"predecessor-version":[{"id":7349,"href":"https:\/\/sites.usp.br\/bmp\/wp-json\/wp\/v2\/pages\/2527\/revisions\/7349"}],"wp:attachment":[{"href":"https:\/\/sites.usp.br\/bmp\/wp-json\/wp\/v2\/media?parent=2527"}],"curies":[{"name":"wp","href":"https:\/\/api.w.org\/{rel}","templated":true}]}}