{"id":400,"date":"2021-08-15T18:37:11","date_gmt":"2021-08-15T20:37:11","guid":{"rendered":"https:\/\/sites.usp.br\/bmp\/?page_id=400"},"modified":"2022-05-12T23:02:42","modified_gmt":"2022-05-13T02:02:42","slug":"regras-de-uso-quantstudio-6-flex-departamento","status":"publish","type":"page","link":"https:\/\/sites.usp.br\/bmp\/regras-de-uso-quantstudio-6-flex-departamento\/","title":{"rendered":"[O Departamento] &#8211; Regras de uso QuantStudio 6 Flex"},"content":{"rendered":"\t\t<div data-elementor-type=\"wp-page\" data-elementor-id=\"400\" class=\"elementor elementor-400\" data-elementor-post-type=\"page\">\n\t\t\t\t\t\t<section class=\"elementor-section elementor-top-section elementor-element elementor-element-cc5b451 elementor-section-boxed elementor-section-height-default elementor-section-height-default\" data-id=\"cc5b451\" data-element_type=\"section\">\n\t\t\t\t\t\t<div class=\"elementor-container elementor-column-gap-default\">\n\t\t\t\t\t<div class=\"elementor-column elementor-col-100 elementor-top-column elementor-element elementor-element-c7e4f42\" data-id=\"c7e4f42\" data-element_type=\"column\">\n\t\t\t<div class=\"elementor-widget-wrap elementor-element-populated\">\n\t\t\t\t\t\t<div class=\"elementor-element elementor-element-31d369c elementor-widget elementor-widget-heading\" data-id=\"31d369c\" data-element_type=\"widget\" data-widget_type=\"heading.default\">\n\t\t\t\t<div class=\"elementor-widget-container\">\n\t\t\t<h2 class=\"elementor-heading-title elementor-size-default\">REGRAS DE USO DE EQUIPAMENTO<\/h2>\t\t<\/div>\n\t\t\t\t<\/div>\n\t\t\t\t<div class=\"elementor-element elementor-element-8158b5d elementor-widget elementor-widget-heading\" data-id=\"8158b5d\" data-element_type=\"widget\" data-widget_type=\"heading.default\">\n\t\t\t\t<div class=\"elementor-widget-container\">\n\t\t\t<h2 class=\"elementor-heading-title elementor-size-default\">QuantStudio 6 Flex (Applied Biosystems)<\/h2>\t\t<\/div>\n\t\t\t\t<\/div>\n\t\t\t\t<div class=\"elementor-element elementor-element-fab0731 elementor-widget elementor-widget-spacer\" data-id=\"fab0731\" data-element_type=\"widget\" data-widget_type=\"spacer.default\">\n\t\t\t\t<div class=\"elementor-widget-container\">\n\t\t\t\t\t<div class=\"elementor-spacer\">\n\t\t\t<div class=\"elementor-spacer-inner\"><\/div>\n\t\t<\/div>\n\t\t\t\t<\/div>\n\t\t\t\t<\/div>\n\t\t\t\t<div class=\"elementor-element elementor-element-ace29dd elementor-widget elementor-widget-text-editor\" data-id=\"ace29dd\" data-element_type=\"widget\" data-widget_type=\"text-editor.default\">\n\t\t\t\t<div class=\"elementor-widget-container\">\n\t\t\t\t\t\t\t<div><span style=\"color: #000000;\">O sistema de PCR em tempo real QuantStudio 6 Flex utiliza um m\u00e9todo de detec\u00e7\u00e3o de fluoresc\u00eancia para an\u00e1lise quantitativa e qualitativa de sequ\u00eancias de \u00e1cido nucl\u00e9ico, incluindo a detec\u00e7\u00e3o de pat\u00f3genos, express\u00e3o g\u00eanica, genotipagem de SNP, entre outros. O equipamento tem formato para placa com 384 po\u00e7os e \u00e9 compat\u00edvel com os ensaios SYBR e TaqMan, al\u00e9m de apresentar o software de High Resolution Melt (HRM). O QuantStudio 6 Flex \u00e9 ideal para rea\u00e7\u00f5es de multiplex, pois cont\u00e9m 5 filtros e utiliza o\u00a0<i>dye\u00a0<\/i>ROX como refer\u00eancia passiva.<\/span><\/div>\t\t\t\t\t\t<\/div>\n\t\t\t\t<\/div>\n\t\t\t\t<div class=\"elementor-element elementor-element-8169a63 elementor-widget elementor-widget-spacer\" data-id=\"8169a63\" data-element_type=\"widget\" data-widget_type=\"spacer.default\">\n\t\t\t\t<div class=\"elementor-widget-container\">\n\t\t\t\t\t<div class=\"elementor-spacer\">\n\t\t\t<div class=\"elementor-spacer-inner\"><\/div>\n\t\t<\/div>\n\t\t\t\t<\/div>\n\t\t\t\t<\/div>\n\t\t\t\t<div class=\"elementor-element elementor-element-193a817 elementor-widget elementor-widget-text-editor\" data-id=\"193a817\" data-element_type=\"widget\" data-widget_type=\"text-editor.default\">\n\t\t\t\t<div class=\"elementor-widget-container\">\n\t\t\t\t\t\t\t<h3 style=\"text-align: left;\"><span style=\"color: #00766c;\"><strong>NORMAS DE UTILIZA\u00c7\u00c3O<\/strong><\/span><\/h3>\t\t\t\t\t\t<\/div>\n\t\t\t\t<\/div>\n\t\t\t\t<div class=\"elementor-element elementor-element-cd05a16 elementor-widget elementor-widget-spacer\" data-id=\"cd05a16\" data-element_type=\"widget\" data-widget_type=\"spacer.default\">\n\t\t\t\t<div class=\"elementor-widget-container\">\n\t\t\t\t\t<div class=\"elementor-spacer\">\n\t\t\t<div class=\"elementor-spacer-inner\"><\/div>\n\t\t<\/div>\n\t\t\t\t<\/div>\n\t\t\t\t<\/div>\n\t\t\t\t<div class=\"elementor-element elementor-element-45d04c0 elementor-widget elementor-widget-text-editor\" data-id=\"45d04c0\" data-element_type=\"widget\" data-widget_type=\"text-editor.default\">\n\t\t\t\t<div class=\"elementor-widget-container\">\n\t\t\t\t\t\t\t<div><div>O equipamento est\u00e1 alocado no Laborat\u00f3rio de Epidemiologia Molecular da Mal\u00e1ria (Laborat\u00f3rio 33, andar T\u00e9rreo), Departamento de Parasitologia, do Instituto de Ci\u00eancias Biom\u00e9dica II (ICB II) \u2013 USP, que disp\u00f5e de ambiente climatizado e de bancadas especialmente adaptadas para a sua instala\u00e7\u00e3o.<\/div><div>\u00a0<\/div><div>Para credenciar-se a uso do equipamento, o respons\u00e1vel pelo laborat\u00f3rio interessado dever\u00e1 preencher o formul\u00e1rio abaixo (ver Informa\u00e7\u00f5es do Usu\u00e1rio), enviado ao coordenador do Comit\u00ea Gestor (<a href=\"mailto:asilber@usp.br?subject=Credenciamento%20para%20uso%20de%20equipamento%20multiusu%C3%A1rio%20(QuantStudio%206%20Flex)&amp;body=%0ANome%20dos%20usu%C3%A1rios%20a%20serem%20credenciados%3A%0ANome%20do%20pesquisador%20respons%C3%A1vel%3A%0AInstituto%20do%20usu%C3%A1rio%2Frespons%C3%A1vel%3A%0ATelefone%3A%20(___)%0AE-mail%20do%20usu%C3%A1rio%3A%0AE-mail%20do%20respons%C3%A1vel%3A%0AFonte%20de%20financiamento%20vigente%3A%20Ag%C3%AAncia%3A%20___________%20Processo%3A%20___________%0APrecisa%20de%20treinamento%20pr%C3%A9vio%20para%20utilizar%20o%20equipamento%3F%20(%20)%20sim%20(%20)%20n%C3%A3o%0APrecisa%20de%20acompanhamento%20de%20um%20t%C3%A9cnico%20durante%20sua%20opera%C3%A7%C3%A3o%3F%20(%20)%20sim%20(%20)%20n%C3%A3o\">asilber@usp.br<\/a>) com c\u00f3pia para a equipe respons\u00e1vel pelo equipamento (<a href=\"mailto:mjmeneze@usp.br?subject=Credenciamento%20para%20uso%20de%20equipamento%20multiusu%C3%A1rio%20(QuantStudio%206%20Flex)&amp;body=%0ANome%20dos%20usu%C3%A1rios%20a%20serem%20credenciados%3A%0ANome%20do%20pesquisador%20respons%C3%A1vel%3A%0AInstituto%20do%20usu%C3%A1rio%2Frespons%C3%A1vel%3A%0ATelefone%3A%20(___)%0AE-mail%20do%20usu%C3%A1rio%3A%0AE-mail%20do%20respons%C3%A1vel%3A%0AFonte%20de%20financiamento%20vigente%3A%20Ag%C3%AAncia%3A%20___________%20Processo%3A%20___________%0APrecisa%20de%20treinamento%20pr%C3%A9vio%20para%20utilizar%20o%20equipamento%3F%20(%20)%20sim%20(%20)%20n%C3%A3o%0APrecisa%20de%20acompanhamento%20de%20um%20t%C3%A9cnico%20durante%20sua%20opera%C3%A7%C3%A3o%3F%20(%20)%20sim%20(%20)%20n%C3%A3o\">mjmeneze@usp.br<\/a>,\u00a0<a href=\"mailto:priscilathihara@usp.br?subject=Credenciamento%20para%20uso%20de%20equipamento%20multiusu%C3%A1rio%20(QuantStudio%206%20Flex)&amp;body=%0ANome%20dos%20usu%C3%A1rios%20a%20serem%20credenciados%3A%0ANome%20do%20pesquisador%20respons%C3%A1vel%3A%0AInstituto%20do%20usu%C3%A1rio%2Frespons%C3%A1vel%3A%0ATelefone%3A%20(___)%0AE-mail%20do%20usu%C3%A1rio%3A%0AE-mail%20do%20respons%C3%A1vel%3A%0AFonte%20de%20financiamento%20vigente%3A%20Ag%C3%AAncia%3A%20___________%20Processo%3A%20___________%0APrecisa%20de%20treinamento%20pr%C3%A9vio%20para%20utilizar%20o%20equipamento%3F%20(%20)%20sim%20(%20)%20n%C3%A3o%0APrecisa%20de%20acompanhamento%20de%20um%20t%C3%A9cnico%20durante%20sua%20opera%C3%A7%C3%A3o%3F%20(%20)%20sim%20(%20)%20n%C3%A3o\">priscilathihara@usp.br<\/a>). O solicitante dever\u00e1 ser o docente respons\u00e1vel pelo laborat\u00f3rio, que se responsabiliza por todo e qualquer dano que venha a ocorrer durante o uso do equipamento pelos usu\u00e1rios credenciados por seu laborat\u00f3rio. A partir desses cadastros os usu\u00e1rios far\u00e3o o agendamento do uso, sendo todo o material de consumo necess\u00e1rio para os experimentos providenciados pelo pr\u00f3prio usu\u00e1rio. O manuseio do QuantStudio6 Flex dever\u00e1 ser feito apenas por pessoal habilitado e treinado para sua opera\u00e7\u00e3o.\u00a0<\/div><div>\u00a0<\/div><div>O uso do equipamento est\u00e1 dispon\u00edvel para sextas-ferias das 12h00 \u00e0s 18h00, mediante agendamento realizado com anteced\u00eancia de pelo menos tr\u00eas dias \u00fateis. O agendamento deve ser feito atrav\u00e9s de mensagem eletr\u00f4nica\u00a0a equipe respons\u00e1vel pelo equipamento (<a href=\"mailto:mjmeneze@usp.br?subject=Utiliza%C3%A7%C3%A3o%20de%20equipamento%20Multiusu%C3%A1rio%20(QuantStudio%206%20Flex)&amp;body=%0ANome%20dos%20usu%C3%A1rios%20a%20serem%20credenciados%3A%0ANome%20do%20pesquisador%20respons%C3%A1vel%3A%0AInstituto%20do%20usu%C3%A1rio%2Frespons%C3%A1vel%3A%0ATelefone%3A%20(___)%0AE-mail%20do%20usu%C3%A1rio%3A%0AE-mail%20do%20respons%C3%A1vel%3A%0AFonte%20de%20financiamento%20vigente%3A%20Ag%C3%AAncia%3A%20___________%20Processo%3A%20___________%0APrecisa%20de%20treinamento%20pr%C3%A9vio%20para%20utilizar%20o%20equipamento%3F%20(%20)%20sim%20(%20)%20n%C3%A3o%0APrecisa%20de%20acompanhamento%20de%20um%20t%C3%A9cnico%20durante%20sua%20opera%C3%A7%C3%A3o%3F%20(%20)%20sim%20(%20)%20n%C3%A3o\">mjmeneze@usp.br<\/a>,\u00a0<a href=\"mailto:priscilathihara@usp.br?subject=Utiliza%C3%A7%C3%A3o%20de%20equipamento%20Multiusu%C3%A1rio%20(QuantStudio%206%20Flex)&amp;body=%0ANome%20dos%20usu%C3%A1rios%20a%20serem%20credenciados%3A%0ANome%20do%20pesquisador%20respons%C3%A1vel%3A%0AInstituto%20do%20usu%C3%A1rio%2Frespons%C3%A1vel%3A%0ATelefone%3A%20(___)%0AE-mail%20do%20usu%C3%A1rio%3A%0AE-mail%20do%20respons%C3%A1vel%3A%0AFonte%20de%20financiamento%20vigente%3A%20Ag%C3%AAncia%3A%20___________%20Processo%3A%20___________%0APrecisa%20de%20treinamento%20pr%C3%A9vio%20para%20utilizar%20o%20equipamento%3F%20(%20)%20sim%20(%20)%20n%C3%A3o%0APrecisa%20de%20acompanhamento%20de%20um%20t%C3%A9cnico%20durante%20sua%20opera%C3%A7%C3%A3o%3F%20(%20)%20sim%20(%20)%20n%C3%A3o\">priscilathihara@usp.br<\/a>). \u00a0Em caso de n\u00e3o uso do equipamento em per\u00edodo devidamente agendado, o usu\u00e1rio dever\u00e1 cancelar o agendamento com anteced\u00eancia m\u00ednima de 24 horas. Caso contr\u00e1rio, pr\u00f3ximos agendamentos do mesmo laborat\u00f3rio poder\u00e3o ser restringidos, a crit\u00e9rio do Comit\u00ea Gestor.<\/div><\/div>\t\t\t\t\t\t<\/div>\n\t\t\t\t<\/div>\n\t\t\t\t<div class=\"elementor-element elementor-element-259479c elementor-widget elementor-widget-spacer\" data-id=\"259479c\" data-element_type=\"widget\" data-widget_type=\"spacer.default\">\n\t\t\t\t<div class=\"elementor-widget-container\">\n\t\t\t\t\t<div class=\"elementor-spacer\">\n\t\t\t<div class=\"elementor-spacer-inner\"><\/div>\n\t\t<\/div>\n\t\t\t\t<\/div>\n\t\t\t\t<\/div>\n\t\t\t\t<div class=\"elementor-element elementor-element-d8b4715 elementor-widget elementor-widget-text-editor\" data-id=\"d8b4715\" data-element_type=\"widget\" data-widget_type=\"text-editor.default\">\n\t\t\t\t<div class=\"elementor-widget-container\">\n\t\t\t\t\t\t\t<h3 style=\"text-align: left;\"><span style=\"color: #00766c;\"><strong>RECURSOS PARA MANUTEN\u00c7\u00c3O DO EQUIPAMENTO<\/strong><\/span><\/h3>\t\t\t\t\t\t<\/div>\n\t\t\t\t<\/div>\n\t\t\t\t<div class=\"elementor-element elementor-element-33ee79a elementor-widget elementor-widget-spacer\" data-id=\"33ee79a\" data-element_type=\"widget\" data-widget_type=\"spacer.default\">\n\t\t\t\t<div class=\"elementor-widget-container\">\n\t\t\t\t\t<div class=\"elementor-spacer\">\n\t\t\t<div class=\"elementor-spacer-inner\"><\/div>\n\t\t<\/div>\n\t\t\t\t<\/div>\n\t\t\t\t<\/div>\n\t\t\t\t<div class=\"elementor-element elementor-element-1a01521 elementor-widget elementor-widget-text-editor\" data-id=\"1a01521\" data-element_type=\"widget\" data-widget_type=\"text-editor.default\">\n\t\t\t\t<div class=\"elementor-widget-container\">\n\t\t\t\t\t\t\t<div><span style=\"color: #000000;\">A manuten\u00e7\u00e3o do equipamento ser\u00e1 de responsabilidade dos laborat\u00f3rios usu\u00e1rios, por meio de rateio dos custos relativos ao conserto e manuten\u00e7\u00e3o. Poder\u00e1 ser implementada cobran\u00e7a de taxa de uso, de acordo com o n\u00famero de horas utilizadas, para assegurar a distribui\u00e7\u00e3o proporcional desses custos. Al\u00e9m disso, os usu\u00e1rios ser\u00e3o respons\u00e1veis pela aquisi\u00e7\u00e3o de todos os materiais necess\u00e1rios para a realiza\u00e7\u00e3o de seus pr\u00f3prios experimentos.<\/span><\/div>\t\t\t\t\t\t<\/div>\n\t\t\t\t<\/div>\n\t\t\t\t<div class=\"elementor-element elementor-element-3c94d8b elementor-widget elementor-widget-spacer\" data-id=\"3c94d8b\" data-element_type=\"widget\" data-widget_type=\"spacer.default\">\n\t\t\t\t<div class=\"elementor-widget-container\">\n\t\t\t\t\t<div class=\"elementor-spacer\">\n\t\t\t<div class=\"elementor-spacer-inner\"><\/div>\n\t\t<\/div>\n\t\t\t\t<\/div>\n\t\t\t\t<\/div>\n\t\t\t\t\t<\/div>\n\t\t<\/div>\n\t\t\t\t\t<\/div>\n\t\t<\/section>\n\t\t\t\t<section class=\"elementor-section elementor-top-section elementor-element elementor-element-4a1da70 elementor-section-boxed elementor-section-height-default elementor-section-height-default\" data-id=\"4a1da70\" data-element_type=\"section\" data-settings=\"{&quot;background_background&quot;:&quot;classic&quot;,&quot;shape_divider_top&quot;:&quot;curve&quot;,&quot;shape_divider_top_negative&quot;:&quot;yes&quot;}\">\n\t\t\t\t\t<div class=\"elementor-shape elementor-shape-top\" data-negative=\"true\">\n\t\t\t<svg xmlns=\"http:\/\/www.w3.org\/2000\/svg\" viewBox=\"0 0 1000 100\" preserveAspectRatio=\"none\">\n\t<path class=\"elementor-shape-fill\" d=\"M500,97C126.7,96.3,0.8,19.8,0,0v100l1000,0V1C1000,19.4,873.3,97.8,500,97z\"\/>\n<\/svg>\t\t<\/div>\n\t\t\t\t\t<div class=\"elementor-container elementor-column-gap-default\">\n\t\t\t\t\t<div class=\"elementor-column elementor-col-100 elementor-top-column elementor-element elementor-element-5bc90e9\" data-id=\"5bc90e9\" data-element_type=\"column\">\n\t\t\t<div class=\"elementor-widget-wrap elementor-element-populated\">\n\t\t\t\t\t\t<div class=\"elementor-element elementor-element-50f5149 elementor-widget elementor-widget-spacer\" data-id=\"50f5149\" data-element_type=\"widget\" data-widget_type=\"spacer.default\">\n\t\t\t\t<div class=\"elementor-widget-container\">\n\t\t\t\t\t<div class=\"elementor-spacer\">\n\t\t\t<div class=\"elementor-spacer-inner\"><\/div>\n\t\t<\/div>\n\t\t\t\t<\/div>\n\t\t\t\t<\/div>\n\t\t\t\t<div class=\"elementor-element elementor-element-d545a0e elementor-widget elementor-widget-text-editor\" data-id=\"d545a0e\" data-element_type=\"widget\" data-widget_type=\"text-editor.default\">\n\t\t\t\t<div class=\"elementor-widget-container\">\n\t\t\t\t\t\t\t<h3 style=\"text-align: left;\"><span style=\"color: #00766c;\"><strong>INFORMA\u00c7\u00d5ES DO USU\u00c1RIO<\/strong><\/span><\/h3>\t\t\t\t\t\t<\/div>\n\t\t\t\t<\/div>\n\t\t\t\t<div class=\"elementor-element elementor-element-cff07ea elementor-widget elementor-widget-spacer\" data-id=\"cff07ea\" data-element_type=\"widget\" data-widget_type=\"spacer.default\">\n\t\t\t\t<div class=\"elementor-widget-container\">\n\t\t\t\t\t<div class=\"elementor-spacer\">\n\t\t\t<div class=\"elementor-spacer-inner\"><\/div>\n\t\t<\/div>\n\t\t\t\t<\/div>\n\t\t\t\t<\/div>\n\t\t\t\t<div class=\"elementor-element elementor-element-8d1cc21 elementor-button-align-stretch elementor-widget elementor-widget-form\" data-id=\"8d1cc21\" data-element_type=\"widget\" data-settings=\"{&quot;step_next_label&quot;:&quot;Next&quot;,&quot;step_previous_label&quot;:&quot;Previous&quot;,&quot;button_width&quot;:&quot;100&quot;,&quot;step_type&quot;:&quot;number_text&quot;,&quot;step_icon_shape&quot;:&quot;circle&quot;}\" data-widget_type=\"form.default\">\n\t\t\t\t<div class=\"elementor-widget-container\">\n\t\t\t\t\t<form class=\"elementor-form\" method=\"post\" name=\"New Form\">\n\t\t\t<input type=\"hidden\" name=\"post_id\" value=\"400\"\/>\n\t\t\t<input type=\"hidden\" name=\"form_id\" value=\"8d1cc21\"\/>\n\t\t\t<input type=\"hidden\" name=\"referer_title\" value=\"\" \/>\n\n\t\t\t\n\t\t\t<div class=\"elementor-form-fields-wrapper elementor-labels-above\">\n\t\t\t\t\t\t\t\t<div class=\"elementor-field-type-text elementor-field-group elementor-column elementor-field-group-name elementor-col-100 elementor-field-required\">\n\t\t\t\t\t\t\t\t\t\t\t\t<label for=\"form-field-name\" class=\"elementor-field-label\">\n\t\t\t\t\t\t\t\tNome dos usu\u00e1rios a serem credenciados\t\t\t\t\t\t\t<\/label>\n\t\t\t\t\t\t\t\t\t\t\t\t\t\t<input size=\"1\" type=\"text\" name=\"form_fields[name]\" id=\"form-field-name\" class=\"elementor-field elementor-size-sm  elementor-field-textual\" placeholder=\"Nome\" required=\"required\" aria-required=\"true\">\n\t\t\t\t\t\t\t\t\t\t\t<\/div>\n\t\t\t\t\t\t\t\t<div class=\"elementor-field-type-text elementor-field-group elementor-column elementor-field-group-email elementor-col-100 elementor-field-required\">\n\t\t\t\t\t\t\t\t\t\t\t\t<label for=\"form-field-email\" class=\"elementor-field-label\">\n\t\t\t\t\t\t\t\tNome do pesquisador respons\u00e1vel\t\t\t\t\t\t\t<\/label>\n\t\t\t\t\t\t\t\t\t\t\t\t\t\t<input size=\"1\" type=\"text\" name=\"form_fields[email]\" id=\"form-field-email\" class=\"elementor-field elementor-size-sm  elementor-field-textual\" placeholder=\"Nome\" required=\"required\" aria-required=\"true\">\n\t\t\t\t\t\t\t\t\t\t\t<\/div>\n\t\t\t\t\t\t\t\t<div class=\"elementor-field-type-text elementor-field-group elementor-column elementor-field-group-field_9f607f4 elementor-col-100 elementor-field-required\">\n\t\t\t\t\t\t\t\t\t\t\t\t<label for=\"form-field-field_9f607f4\" class=\"elementor-field-label\">\n\t\t\t\t\t\t\t\tInstituto do usu\u00e1rio\/respons\u00e1vel\t\t\t\t\t\t\t<\/label>\n\t\t\t\t\t\t\t\t\t\t\t\t\t\t<input size=\"1\" type=\"text\" name=\"form_fields[field_9f607f4]\" id=\"form-field-field_9f607f4\" class=\"elementor-field elementor-size-sm  elementor-field-textual\" placeholder=\"Instituto\" required=\"required\" aria-required=\"true\">\n\t\t\t\t\t\t\t\t\t\t\t<\/div>\n\t\t\t\t\t\t\t\t<div class=\"elementor-field-type-tel elementor-field-group elementor-column elementor-field-group-field_264cb58 elementor-col-100 elementor-field-required\">\n\t\t\t\t\t\t\t\t\t\t\t\t<label for=\"form-field-field_264cb58\" class=\"elementor-field-label\">\n\t\t\t\t\t\t\t\tTelefone\t\t\t\t\t\t\t<\/label>\n\t\t\t\t\t\t\t\t<input size=\"1\" type=\"tel\" name=\"form_fields[field_264cb58]\" id=\"form-field-field_264cb58\" class=\"elementor-field elementor-size-sm  elementor-field-textual\" placeholder=\"(___)\" required=\"required\" aria-required=\"true\" pattern=\"[0-9()#&amp;+*-=.]+\" title=\"Apenas n\u00fameros e caracteres de telefone (#, -, *, etc.) s\u00e3o aceitos.\">\n\n\t\t\t\t\t\t<\/div>\n\t\t\t\t\t\t\t\t<div class=\"elementor-field-type-email elementor-field-group elementor-column elementor-field-group-field_1b794f0 elementor-col-100 elementor-field-required\">\n\t\t\t\t\t\t\t\t\t\t\t\t<label for=\"form-field-field_1b794f0\" class=\"elementor-field-label\">\n\t\t\t\t\t\t\t\tE-mail do usu\u00e1rio\t\t\t\t\t\t\t<\/label>\n\t\t\t\t\t\t\t\t\t\t\t\t\t\t<input size=\"1\" type=\"email\" name=\"form_fields[field_1b794f0]\" id=\"form-field-field_1b794f0\" class=\"elementor-field elementor-size-sm  elementor-field-textual\" placeholder=\"E-mail\" required=\"required\" aria-required=\"true\">\n\t\t\t\t\t\t\t\t\t\t\t<\/div>\n\t\t\t\t\t\t\t\t<div class=\"elementor-field-type-email elementor-field-group elementor-column elementor-field-group-field_d1dc76d elementor-col-100 elementor-field-required\">\n\t\t\t\t\t\t\t\t\t\t\t\t<label for=\"form-field-field_d1dc76d\" class=\"elementor-field-label\">\n\t\t\t\t\t\t\t\tE-mail do respons\u00e1vel\t\t\t\t\t\t\t<\/label>\n\t\t\t\t\t\t\t\t\t\t\t\t\t\t<input size=\"1\" type=\"email\" name=\"form_fields[field_d1dc76d]\" id=\"form-field-field_d1dc76d\" class=\"elementor-field elementor-size-sm  elementor-field-textual\" placeholder=\"E-mail\" required=\"required\" aria-required=\"true\">\n\t\t\t\t\t\t\t\t\t\t\t<\/div>\n\t\t\t\t\t\t\t\t<div class=\"elementor-field-type-text elementor-field-group elementor-column elementor-field-group-field_4430641 elementor-col-100 elementor-field-required\">\n\t\t\t\t\t\t\t\t\t\t\t\t<label for=\"form-field-field_4430641\" class=\"elementor-field-label\">\n\t\t\t\t\t\t\t\tFonte de financiamento vigente\t\t\t\t\t\t\t<\/label>\n\t\t\t\t\t\t\t\t\t\t\t\t\t\t<input size=\"1\" type=\"text\" name=\"form_fields[field_4430641]\" id=\"form-field-field_4430641\" class=\"elementor-field elementor-size-sm  elementor-field-textual\" placeholder=\"Ag\u00eancia: ___________; Processo: ___________\" required=\"required\" aria-required=\"true\">\n\t\t\t\t\t\t\t\t\t\t\t<\/div>\n\t\t\t\t\t\t\t\t<div class=\"elementor-field-type-select elementor-field-group elementor-column elementor-field-group-field_dbab43b elementor-col-100 elementor-field-required\">\n\t\t\t\t\t\t\t\t\t\t\t\t<label for=\"form-field-field_dbab43b\" class=\"elementor-field-label\">\n\t\t\t\t\t\t\t\tPrecisa de treinamento pr\u00e9vio para utilizar o equipamento? \t\t\t\t\t\t\t<\/label>\n\t\t\t\t\t\t\t\t<div class=\"elementor-field elementor-select-wrapper remove-before \">\n\t\t\t<div class=\"select-caret-down-wrapper\">\n\t\t\t\t<i aria-hidden=\"true\" class=\"eicon-caret-down\"><\/i>\t\t\t<\/div>\n\t\t\t<select name=\"form_fields[field_dbab43b]\" id=\"form-field-field_dbab43b\" class=\"elementor-field-textual elementor-size-sm\" required=\"required\" aria-required=\"true\">\n\t\t\t\t\t\t\t\t\t<option value=\"Sim\">Sim<\/option>\n\t\t\t\t\t\t\t\t\t<option value=\"N\u00e3o\">N\u00e3o<\/option>\n\t\t\t\t\t\t\t<\/select>\n\t\t<\/div>\n\t\t\t\t\t\t<\/div>\n\t\t\t\t\t\t\t\t<div class=\"elementor-field-type-select elementor-field-group elementor-column elementor-field-group-field_30d97cf elementor-col-100 elementor-field-required\">\n\t\t\t\t\t\t\t\t\t\t\t\t<label for=\"form-field-field_30d97cf\" class=\"elementor-field-label\">\n\t\t\t\t\t\t\t\tPrecisa de acompanhamento t\u00e9cnico durante sua opera\u00e7\u00e3o?\t\t\t\t\t\t\t<\/label>\n\t\t\t\t\t\t\t\t<div class=\"elementor-field elementor-select-wrapper remove-before \">\n\t\t\t<div class=\"select-caret-down-wrapper\">\n\t\t\t\t<i aria-hidden=\"true\" class=\"eicon-caret-down\"><\/i>\t\t\t<\/div>\n\t\t\t<select name=\"form_fields[field_30d97cf]\" id=\"form-field-field_30d97cf\" class=\"elementor-field-textual elementor-size-sm\" required=\"required\" aria-required=\"true\">\n\t\t\t\t\t\t\t\t\t<option value=\"Sim\">Sim<\/option>\n\t\t\t\t\t\t\t\t\t<option value=\"N\u00e3o\">N\u00e3o<\/option>\n\t\t\t\t\t\t\t<\/select>\n\t\t<\/div>\n\t\t\t\t\t\t<\/div>\n\t\t\t\t\t\t\t\t<div class=\"elementor-field-group elementor-column elementor-field-type-submit elementor-col-100 e-form__buttons\">\n\t\t\t\t\t<button class=\"elementor-button elementor-size-sm\" type=\"submit\">\n\t\t\t\t\t\t<span class=\"elementor-button-content-wrapper\">\n\t\t\t\t\t\t\t\t\t\t\t\t\t\t\t\t\t\t\t\t\t\t<span class=\"elementor-button-text\">Send<\/span>\n\t\t\t\t\t\t\t\t\t\t\t\t\t<\/span>\n\t\t\t\t\t<\/button>\n\t\t\t\t<\/div>\n\t\t\t<\/div>\n\t\t<\/form>\n\t\t\t\t<\/div>\n\t\t\t\t<\/div>\n\t\t\t\t<div class=\"elementor-element elementor-element-f71de31 elementor-widget elementor-widget-spacer\" data-id=\"f71de31\" data-element_type=\"widget\" data-widget_type=\"spacer.default\">\n\t\t\t\t<div class=\"elementor-widget-container\">\n\t\t\t\t\t<div class=\"elementor-spacer\">\n\t\t\t<div class=\"elementor-spacer-inner\"><\/div>\n\t\t<\/div>\n\t\t\t\t<\/div>\n\t\t\t\t<\/div>\n\t\t\t\t\t<\/div>\n\t\t<\/div>\n\t\t\t\t\t<\/div>\n\t\t<\/section>\n\t\t\t\t<\/div>\n\t\t","protected":false},"excerpt":{"rendered":"<p>REGRAS DE USO DE EQUIPAMENTO QuantStudio 6 Flex (Applied Biosystems) O sistema de PCR em tempo real QuantStudio 6 Flex utiliza um m\u00e9todo de detec\u00e7\u00e3o de fluoresc\u00eancia para an\u00e1lise quantitativa e qualitativa de sequ\u00eancias de \u00e1cido nucl\u00e9ico, incluindo a detec\u00e7\u00e3o de pat\u00f3genos, express\u00e3o g\u00eanica, genotipagem de SNP, entre outros. O equipamento tem formato para placa<a href=\"https:\/\/sites.usp.br\/bmp\/regras-de-uso-quantstudio-6-flex-departamento\/\">[&#8230;]<\/a><\/p>\n","protected":false},"author":1200,"featured_media":0,"parent":0,"menu_order":0,"comment_status":"closed","ping_status":"closed","template":"elementor_header_footer","meta":{"footnotes":"","_links_to":"","_links_to_target":""},"class_list":["post-400","page","type-page","status-publish","hentry"],"_links":{"self":[{"href":"https:\/\/sites.usp.br\/bmp\/wp-json\/wp\/v2\/pages\/400","targetHints":{"allow":["GET"]}}],"collection":[{"href":"https:\/\/sites.usp.br\/bmp\/wp-json\/wp\/v2\/pages"}],"about":[{"href":"https:\/\/sites.usp.br\/bmp\/wp-json\/wp\/v2\/types\/page"}],"author":[{"embeddable":true,"href":"https:\/\/sites.usp.br\/bmp\/wp-json\/wp\/v2\/users\/1200"}],"replies":[{"embeddable":true,"href":"https:\/\/sites.usp.br\/bmp\/wp-json\/wp\/v2\/comments?post=400"}],"version-history":[{"count":4,"href":"https:\/\/sites.usp.br\/bmp\/wp-json\/wp\/v2\/pages\/400\/revisions"}],"predecessor-version":[{"id":6113,"href":"https:\/\/sites.usp.br\/bmp\/wp-json\/wp\/v2\/pages\/400\/revisions\/6113"}],"wp:attachment":[{"href":"https:\/\/sites.usp.br\/bmp\/wp-json\/wp\/v2\/media?parent=400"}],"curies":[{"name":"wp","href":"https:\/\/api.w.org\/{rel}","templated":true}]}}