{"id":428,"date":"2021-08-15T20:15:12","date_gmt":"2021-08-15T22:15:12","guid":{"rendered":"https:\/\/sites.usp.br\/bmp\/?page_id=428"},"modified":"2021-11-11T09:24:48","modified_gmt":"2021-11-11T12:24:48","slug":"apresentacao-pos-graduacao","status":"publish","type":"page","link":"https:\/\/sites.usp.br\/bmp\/apresentacao-pos-graduacao\/","title":{"rendered":"[P\u00f3s-gradua\u00e7\u00e3o] &#8211; Apresenta\u00e7\u00e3o"},"content":{"rendered":"<div data-elementor-type=\"wp-page\" data-elementor-id=\"428\" class=\"elementor elementor-428\" data-elementor-post-type=\"page\">\n\t\t\t\t\t\t<section class=\"elementor-section elementor-top-section elementor-element elementor-element-3d82acc elementor-section-boxed elementor-section-height-default elementor-section-height-default\" data-id=\"3d82acc\" data-element_type=\"section\">\n\t\t\t\t\t\t<div class=\"elementor-container elementor-column-gap-default\">\n\t\t\t\t\t<div class=\"elementor-column elementor-col-100 elementor-top-column elementor-element elementor-element-27c6cb4\" data-id=\"27c6cb4\" data-element_type=\"column\">\n\t\t\t<div class=\"elementor-widget-wrap elementor-element-populated\">\n\t\t\t\t\t\t<div class=\"elementor-element elementor-element-f86ac5c elementor-widget elementor-widget-heading\" data-id=\"f86ac5c\" data-element_type=\"widget\" data-widget_type=\"heading.default\">\n\t\t\t\t<div class=\"elementor-widget-container\">\n\t\t\t<h2 class=\"elementor-heading-title elementor-size-default\">APRESENTA\u00c7\u00c3O<\/h2>\t\t<\/div>\n\t\t\t\t<\/div>\n\t\t\t\t<div class=\"elementor-element elementor-element-32e8fbb elementor-widget elementor-widget-spacer\" data-id=\"32e8fbb\" data-element_type=\"widget\" data-widget_type=\"spacer.default\">\n\t\t\t\t<div class=\"elementor-widget-container\">\n\t\t\t\t\t<div class=\"elementor-spacer\">\n\t\t\t<div class=\"elementor-spacer-inner\"><\/div>\n\t\t<\/div>\n\t\t\t\t<\/div>\n\t\t\t\t<\/div>\n\t\t\t\t<div class=\"elementor-element elementor-element-2527cbf elementor-widget elementor-widget-text-editor\" data-id=\"2527cbf\" data-element_type=\"widget\" data-widget_type=\"text-editor.default\">\n\t\t\t\t<div class=\"elementor-widget-container\">\n\t\t\t\t\t\t\t<p>O Programa de P\u00f3s-Gradua\u00e7\u00e3o em Biologia da Rela\u00e7\u00e3o Pat\u00f3geno-Hospedeiro, sediado no Departamento de Parasitologia do Instituto de Ci\u00eancias Biom\u00e9dicas da Universidade de S\u00e3o Paulo (ICB-USP), \u00e9 considerado de excel\u00eancia pela CAPES desde 2001. Tem como objetivo oferecer uma forma\u00e7\u00e3o abrangente em tr\u00eas grandes linhas de pesquisa (LPs): LP1: Biologia Molecular, Bioqu\u00edmica e Biologia Celular de parasitos e vetores; LP2: Epidemiologia de doen\u00e7as infecciosas e parasit\u00e1rias; LP3: Imunologia de doen\u00e7as infecciosas e parasit\u00e1rias.<\/p><p><span style=\"font-family: Nunito, sans-serif; font-style: normal; font-weight: 400; color: var( --e-global-color-43d1f8a9 ); font-size: 1.6rem;\">O programa enfatiza o estudo de aspectos contempor\u00e2neos da intera\u00e7\u00e3o entre parasitos e seus hospedeiros vertebrados e vetores, para a forma\u00e7\u00e3o de mestres e doutores capacitados para o exerc\u00edcio de atividades de doc\u00eancia e pesquisa no pa\u00eds e no exterior, ultrapassando as fronteiras tradicionais entre disciplinas cl\u00e1ssicas como a Parasitologia, a Microbiologia, a Imunologia e a Sa\u00fade P\u00fablica. Oferece uma grade curricular flex\u00edvel, que permite ao aluno cursar disciplinas nos diversos programas de excel\u00eancia sediados no campus principal da USP, em S\u00e3o Paulo, bem como em outros campi da USP e de outras universidades brasileiras. Al\u00e9m disso, todos os orientadores permanentes do programa oferecem regularmente disciplinas em suas \u00e1reas de atua\u00e7\u00e3o. Consequentemente, nossos cerca de 100 estudantes (divididos em igual n\u00famero de mestrandos e doutorandos) t\u00eam acesso a um amplo leque de disciplinas te\u00f3ricas e pr\u00e1ticas da maior universidade de pesquisa do pa\u00eds.<\/span><\/p><p><span style=\"font-family: Nunito, sans-serif; font-style: normal; font-weight: 400;\">Os estudantes t\u00eam pleno acesso \u00e0 infraestrutura laboratorial do ICB-USP, que compreende laborat\u00f3rios especializados e equipamentos de grande porte de uso comum, al\u00e9m de biot\u00e9rios de cria\u00e7\u00e3o e de experimenta\u00e7\u00e3o em animais e inset\u00e1rios. Conta tamb\u00e9m com uma importante cole\u00e7\u00e3o biol\u00f3gica, de tripanossomat\u00eddeos humanos e de animais dom\u00e9sticos e silvestres, a maior do g\u00eanero em todo o mundo. O programa atrai grande n\u00famero de estudantes de todo o Brasil e de diversos pa\u00edses latino-americanos; praticamente todos s\u00e3o bolsistas e se dedicam a suas atividades discentes em tempo integral.<br \/><\/span><br \/><span style=\"font-family: Nunito, sans-serif; font-style: normal; font-weight: 400;\">Outra caracter\u00edstica diferencial de nosso programa refere-se \u00e0s m\u00faltiplas oportunidades de realiza\u00e7\u00e3o de trabalhos de campo. O Departamento de Parasitologia mant\u00e9m\u00a0<\/span><a style=\"background-color: #ffffff; font-family: Nunito, sans-serif; font-style: normal; font-weight: 400;\" href=\"https:\/\/sites.usp.br\/bmp\/apresentacao-laboratorios-de-campo\/\">laborat\u00f3rios avan\u00e7ados nos estados de Rond\u00f4nia e Acre<\/a><span style=\"font-family: Nunito, sans-serif; font-style: normal; font-weight: 400;\">, dedicados ao estudo da mal\u00e1ria, das leishmanioses e de diversas outras endemias parasit\u00e1rias de interesse m\u00e9dico e veterin\u00e1rio. Orientadores e alunos do programa desenvolvem tamb\u00e9m estudos sobre tripanossom\u00edases de animais dom\u00e9sticos e silvestres e de mal\u00e1ria gestacional no Brasil e em pa\u00edses africanos, proporcionando aos estudantes um amplo treinamento em Parasitologia, Microbiologia e Sa\u00fade P\u00fablica.<\/p>\t\t\t\t\t\t<\/div>\n\t\t\t\t<\/div>\n\t\t\t\t<div class=\"elementor-element elementor-element-54efe97 elementor-widget elementor-widget-spacer\" data-id=\"54efe97\" data-element_type=\"widget\" data-widget_type=\"spacer.default\">\n\t\t\t\t<div class=\"elementor-widget-container\">\n\t\t\t\t\t<div class=\"elementor-spacer\">\n\t\t\t<div class=\"elementor-spacer-inner\"><\/div>\n\t\t<\/div>\n\t\t\t\t<\/div>\n\t\t\t\t<\/div>\n\t\t\t\t\t<\/div>\n\t\t<\/div>\n\t\t\t\t\t<\/div>\n\t\t<\/section>\n\t\t\t\t<section class=\"elementor-section elementor-top-section elementor-element elementor-element-df2452b elementor-section-boxed elementor-section-height-default elementor-section-height-default\" data-id=\"df2452b\" data-element_type=\"section\" data-settings=\"{&quot;background_background&quot;:&quot;classic&quot;,&quot;shape_divider_top&quot;:&quot;curve&quot;,&quot;shape_divider_top_negative&quot;:&quot;yes&quot;}\">\n\t\t\t\t\t<div class=\"elementor-shape elementor-shape-top\" data-negative=\"true\">\n\t\t\t<svg xmlns=\"http:\/\/www.w3.org\/2000\/svg\" viewBox=\"0 0 1000 100\" preserveAspectRatio=\"none\">\n\t<path class=\"elementor-shape-fill\" d=\"M500,97C126.7,96.3,0.8,19.8,0,0v100l1000,0V1C1000,19.4,873.3,97.8,500,97z\"\/>\n<\/svg>\t\t<\/div>\n\t\t\t\t\t<div class=\"elementor-container elementor-column-gap-default\">\n\t\t\t\t\t<div class=\"elementor-column elementor-col-100 elementor-top-column elementor-element elementor-element-eadd9fd\" data-id=\"eadd9fd\" data-element_type=\"column\">\n\t\t\t<div class=\"elementor-widget-wrap elementor-element-populated\">\n\t\t\t\t\t\t<div class=\"elementor-element elementor-element-559705c elementor-widget elementor-widget-spacer\" data-id=\"559705c\" data-element_type=\"widget\" data-widget_type=\"spacer.default\">\n\t\t\t\t<div class=\"elementor-widget-container\">\n\t\t\t\t\t<div class=\"elementor-spacer\">\n\t\t\t<div class=\"elementor-spacer-inner\"><\/div>\n\t\t<\/div>\n\t\t\t\t<\/div>\n\t\t\t\t<\/div>\n\t\t\t\t<div class=\"elementor-element elementor-element-cf05806 elementor-skin-coverflow elementor-arrows-yes elementor-pagination-type-bullets elementor-pagination-position-outside elementor-widget elementor-widget-media-carousel\" data-id=\"cf05806\" data-element_type=\"widget\" data-settings=\"{&quot;skin&quot;:&quot;coverflow&quot;,&quot;slides_per_view&quot;:&quot;1&quot;,&quot;speed&quot;:522,&quot;show_arrows&quot;:&quot;yes&quot;,&quot;pagination&quot;:&quot;bullets&quot;,&quot;autoplay&quot;:&quot;yes&quot;,&quot;autoplay_speed&quot;:5000,&quot;loop&quot;:&quot;yes&quot;,&quot;pause_on_hover&quot;:&quot;yes&quot;,&quot;pause_on_interaction&quot;:&quot;yes&quot;,&quot;space_between&quot;:{&quot;unit&quot;:&quot;px&quot;,&quot;size&quot;:10,&quot;sizes&quot;:[]},&quot;space_between_tablet&quot;:{&quot;unit&quot;:&quot;px&quot;,&quot;size&quot;:10,&quot;sizes&quot;:[]},&quot;space_between_mobile&quot;:{&quot;unit&quot;:&quot;px&quot;,&quot;size&quot;:10,&quot;sizes&quot;:[]}}\" data-widget_type=\"media-carousel.default\">\n\t\t\t\t<div class=\"elementor-widget-container\">\n\t\t\t\t\t<div class=\"elementor-swiper\">\n\t\t\t<div class=\"elementor-main-swiper swiper\">\n\t\t\t\t<div class=\"swiper-wrapper\">\n\t\t\t\t\t\t\t\t\t\t\t<div class=\"swiper-slide\">\n\t\t\t\t\t\t\t\t\t<div class=\"elementor-carousel-image\" role=\"img\" aria-label=\"Microscopia de varredura de ovo de Culex\" style=\"background-image: url(&#039;https:\/\/sites.usp.br\/bmp\/wp-content\/uploads\/sites\/777\/2021\/08\/ovo-de-Culex-Apresentacao-Pos-graduacao-Parasito-1024x822.jpg&#039;)\">\n\n\t\t\t\n\t\t\t\t\t<\/div>\n\t\t\t\t\t<div class=\"elementor-carousel-image-overlay e-overlay-animation-slide-down\">\n\t\t\t\t\t\t\t<\/div>\n\t\t\t\t\t\t\t\t\t<\/div>\n\t\t\t\t\t\t\t\t\t\t\t<div class=\"swiper-slide\">\n\t\t\t\t\t\t\t\t\t<div class=\"elementor-carousel-image\" role=\"img\" aria-label=\"Trabalho de campo no Rio Purus, Amazonas\" style=\"background-image: url(&#039;https:\/\/sites.usp.br\/bmp\/wp-content\/uploads\/sites\/777\/2021\/08\/trabalho-de-campo-Apresentacao-Pos-graduacao-Parasito.jpg&#039;)\">\n\n\t\t\t\n\t\t\t\t\t<\/div>\n\t\t\t\t\t<div class=\"elementor-carousel-image-overlay e-overlay-animation-slide-down\">\n\t\t\t\t\t\t\t<\/div>\n\t\t\t\t\t\t\t\t\t<\/div>\n\t\t\t\t\t\t\t\t\t<\/div>\n\t\t\t\t\t\t\t\t\t\t\t\t\t\t\t<div class=\"swiper-pagination\"><\/div>\n\t\t\t\t\t\t\t\t\t\t\t\t\t\t\t\t<div class=\"elementor-swiper-button elementor-swiper-button-prev\" role=\"button\" tabindex=\"0\">\n\t\t\t\t\t\t\t<i aria-hidden=\"true\" class=\"eicon-chevron-left\"><\/i>\t\t\t\t\t\t\t<span class=\"elementor-screen-only\">Anterior<\/span>\n\t\t\t\t\t\t<\/div>\n\t\t\t\t\t\t<div class=\"elementor-swiper-button elementor-swiper-button-next\" role=\"button\" tabindex=\"0\">\n\t\t\t\t\t\t\t<i aria-hidden=\"true\" class=\"eicon-chevron-right\"><\/i>\t\t\t\t\t\t\t<span class=\"elementor-screen-only\">Pr\u00f3ximo<\/span>\n\t\t\t\t\t\t<\/div>\n\t\t\t\t\t\t\t\t\t\t\t\t<\/div>\n\t\t<\/div>\n\t\t\t\t<\/div>\n\t\t\t\t<\/div>\n\t\t\t\t<div class=\"elementor-element elementor-element-7cda233 elementor-widget elementor-widget-spacer\" data-id=\"7cda233\" data-element_type=\"widget\" data-widget_type=\"spacer.default\">\n\t\t\t\t<div class=\"elementor-widget-container\">\n\t\t\t\t\t<div class=\"elementor-spacer\">\n\t\t\t<div class=\"elementor-spacer-inner\"><\/div>\n\t\t<\/div>\n\t\t\t\t<\/div>\n\t\t\t\t<\/div>\n\t\t\t\t\t<\/div>\n\t\t<\/div>\n\t\t\t\t\t<\/div>\n\t\t<\/section>\n\t\t\t\t<\/div>","protected":false},"excerpt":{"rendered":"<p>APRESENTA\u00c7\u00c3O O Programa de P\u00f3s-Gradua\u00e7\u00e3o em Biologia da Rela\u00e7\u00e3o Pat\u00f3geno-Hospedeiro, sediado no Departamento de Parasitologia do Instituto de Ci\u00eancias Biom\u00e9dicas da Universidade de S\u00e3o Paulo (ICB-USP), \u00e9 considerado de excel\u00eancia pela CAPES desde 2001. Tem como objetivo oferecer uma forma\u00e7\u00e3o abrangente em tr\u00eas grandes linhas de pesquisa (LPs): LP1: Biologia Molecular, Bioqu\u00edmica e Biologia Celular<a href=\"https:\/\/sites.usp.br\/bmp\/apresentacao-pos-graduacao\/\">[&#8230;]<\/a><\/p>\n","protected":false},"author":1200,"featured_media":0,"parent":0,"menu_order":0,"comment_status":"closed","ping_status":"closed","template":"elementor_header_footer","meta":{"footnotes":"","_links_to":"","_links_to_target":""},"class_list":["post-428","page","type-page","status-publish","hentry"],"_links":{"self":[{"href":"https:\/\/sites.usp.br\/bmp\/wp-json\/wp\/v2\/pages\/428","targetHints":{"allow":["GET"]}}],"collection":[{"href":"https:\/\/sites.usp.br\/bmp\/wp-json\/wp\/v2\/pages"}],"about":[{"href":"https:\/\/sites.usp.br\/bmp\/wp-json\/wp\/v2\/types\/page"}],"author":[{"embeddable":true,"href":"https:\/\/sites.usp.br\/bmp\/wp-json\/wp\/v2\/users\/1200"}],"replies":[{"embeddable":true,"href":"https:\/\/sites.usp.br\/bmp\/wp-json\/wp\/v2\/comments?post=428"}],"version-history":[{"count":4,"href":"https:\/\/sites.usp.br\/bmp\/wp-json\/wp\/v2\/pages\/428\/revisions"}],"predecessor-version":[{"id":5317,"href":"https:\/\/sites.usp.br\/bmp\/wp-json\/wp\/v2\/pages\/428\/revisions\/5317"}],"wp:attachment":[{"href":"https:\/\/sites.usp.br\/bmp\/wp-json\/wp\/v2\/media?parent=428"}],"curies":[{"name":"wp","href":"https:\/\/api.w.org\/{rel}","templated":true}]}}