{"id":510,"date":"2021-08-16T12:43:37","date_gmt":"2021-08-16T14:43:37","guid":{"rendered":"https:\/\/sites.usp.br\/bmp\/?page_id=510"},"modified":"2021-11-04T23:29:14","modified_gmt":"2021-11-05T02:29:14","slug":"historico-o-departamento","status":"publish","type":"page","link":"https:\/\/sites.usp.br\/bmp\/historico-o-departamento\/","title":{"rendered":"[O Departamento] &#8211; Hist\u00f3rico"},"content":{"rendered":"\t\t<div data-elementor-type=\"wp-page\" data-elementor-id=\"510\" class=\"elementor elementor-510\" data-elementor-post-type=\"page\">\n\t\t\t\t\t\t<section class=\"elementor-section elementor-top-section elementor-element elementor-element-3dedd97 elementor-section-boxed elementor-section-height-default elementor-section-height-default\" data-id=\"3dedd97\" data-element_type=\"section\">\n\t\t\t\t\t\t<div class=\"elementor-container elementor-column-gap-default\">\n\t\t\t\t\t<div class=\"elementor-column elementor-col-100 elementor-top-column elementor-element elementor-element-0236e26\" data-id=\"0236e26\" data-element_type=\"column\">\n\t\t\t<div class=\"elementor-widget-wrap elementor-element-populated\">\n\t\t\t\t\t\t<div class=\"elementor-element elementor-element-bd4e150 elementor-widget elementor-widget-heading\" data-id=\"bd4e150\" data-element_type=\"widget\" data-widget_type=\"heading.default\">\n\t\t\t\t<div class=\"elementor-widget-container\">\n\t\t\t<h2 class=\"elementor-heading-title elementor-size-default\">HIST\u00d3RICO<\/h2>\t\t<\/div>\n\t\t\t\t<\/div>\n\t\t\t\t<div class=\"elementor-element elementor-element-166d4b5 elementor-widget elementor-widget-spacer\" data-id=\"166d4b5\" data-element_type=\"widget\" data-widget_type=\"spacer.default\">\n\t\t\t\t<div class=\"elementor-widget-container\">\n\t\t\t\t\t<div class=\"elementor-spacer\">\n\t\t\t<div class=\"elementor-spacer-inner\"><\/div>\n\t\t<\/div>\n\t\t\t\t<\/div>\n\t\t\t\t<\/div>\n\t\t\t\t\t<\/div>\n\t\t<\/div>\n\t\t\t\t\t<\/div>\n\t\t<\/section>\n\t\t\t\t<section class=\"elementor-section elementor-top-section elementor-element elementor-element-dfc259c elementor-section-boxed elementor-section-height-default elementor-section-height-default\" data-id=\"dfc259c\" data-element_type=\"section\">\n\t\t\t\t\t\t<div class=\"elementor-container elementor-column-gap-default\">\n\t\t\t\t\t<div class=\"elementor-column elementor-col-100 elementor-top-column elementor-element elementor-element-6b22289\" data-id=\"6b22289\" data-element_type=\"column\">\n\t\t\t<div class=\"elementor-widget-wrap elementor-element-populated\">\n\t\t\t\t\t\t<div class=\"elementor-element elementor-element-dad0dff elementor-widget elementor-widget-text-editor\" data-id=\"dad0dff\" data-element_type=\"widget\" data-widget_type=\"text-editor.default\">\n\t\t\t\t<div class=\"elementor-widget-container\">\n\t\t\t\t\t\t\t<p>O Departamento de Parasitologia resultou da fus\u00e3o, em 1970, de quatro departamentos pertencentes \u00e0s Faculdades de Medicina, Odontologia, Ci\u00eancias Farmac\u00eauticas e Medicina Veterin\u00e1ria e Zootecnia. Todos esses departamentos, especialmente o Departamento de Parasitologia da Faculdade de Medicina, desfrutaram de grande prest\u00edgio na \u00e9poca, em n\u00edvel nacional e internacional. Suas origens remontam a 1913, quando a Faculdade de Medicina contratou Emile Brumpt, conhecido parasitologista franc\u00eas e autor do livro de refer\u00eancia mais importante \u00e0 \u00e9poca, Pr\u00e9cis de Parasitologie. Brumpt foi sucedido por Lauro Travassos e, na d\u00e9cada de 30, por Samuel Barnsley Pessoa. Com seu enorme carisma e prest\u00edgio, Samuel Pessoa recrutou e formou pesquisadores como Pedreira de Freitas, Mauro Pereira Barreto, Ant\u00f4nio D\u00e1cio Franco do Amaral, Maria e Le\u00f4nidas Deane, Luiz Rey, Ruth e Victor Nussenzweig, Luiz Hildebrando Pereira da Silva e Erney Plessmann Camargo.<\/p><p>Com o golpe militar de 1964, diversos pesquisadores foram cassados; muitos, al\u00e9m de cassados, foram presos. Todos deixaram a Faculdade de Medicina e, a maioria, o pa\u00eds. Somente a partir do final da d\u00e9cada de 1980, o Departamento de Parasitologia, agora instalado no ICB-USP e sob a lideran\u00e7a de Erney Camargo, retoma sua posi\u00e7\u00e3o de lideran\u00e7a nacional. Com o recrutamento de bioqu\u00edmicos, bi\u00f3logos moleculares, imunologistas e epidemiologistas para seu corpo docente, o Departamento ampliou e diversificou sua produ\u00e7\u00e3o cient\u00edfica. Todos os atuais docentes mant\u00eam laborat\u00f3rios de pesquisa com amplo financiamento externo. Mais da metade recebe bolsa de produtividade cient\u00edfica do CNPq.<\/p><p>O Departamento tem papel fundamental em redes nacionais e internacionais de pesquisa em Parasitologia e Medicina Tropical. Participa de quatro Institutos Nacionais de Ci\u00eancia e Tecnologia (INCTs) do CNPq (Entomologia Molecular, Vacinas, Biotecnologia Estrutural e Qu\u00edmica Medicinal em Doen\u00e7as Infecciosas e Gen\u00e9tica M\u00e9dica Populacional), al\u00e9m de grandes redes de pesquisa financiadas pelo CNPq, CAPES e FINEP, com foco em mal\u00e1ria, leishmanioses e dengue. No \u00e2mbito internacional, o Departamento coordena estudos sobre tripanossomat\u00eddeos e a mal\u00e1ria na \u00c1frica, financiados pelo programa Pr\u00f3-\u00c1frica do CNPq, al\u00e9m de participar de projetos financiados pela Comunidade Europeia, Organiza\u00e7\u00e3o Mundial da Sa\u00fade, Instituto Nacional de Alergia e Doen\u00e7as Infecciosas dos Estados Unidos e Funda\u00e7\u00e3o Bill e Melinda Gates.<\/p><p>\u00a0<\/p>\t\t\t\t\t\t<\/div>\n\t\t\t\t<\/div>\n\t\t\t\t<div class=\"elementor-element elementor-element-1bdce36 elementor-widget elementor-widget-spacer\" data-id=\"1bdce36\" data-element_type=\"widget\" data-widget_type=\"spacer.default\">\n\t\t\t\t<div class=\"elementor-widget-container\">\n\t\t\t\t\t<div class=\"elementor-spacer\">\n\t\t\t<div class=\"elementor-spacer-inner\"><\/div>\n\t\t<\/div>\n\t\t\t\t<\/div>\n\t\t\t\t<\/div>\n\t\t\t\t\t<\/div>\n\t\t<\/div>\n\t\t\t\t\t<\/div>\n\t\t<\/section>\n\t\t\t\t<\/div>\n\t\t","protected":false},"excerpt":{"rendered":"<p>HIST\u00d3RICO O Departamento de Parasitologia resultou da fus\u00e3o, em 1970, de quatro departamentos pertencentes \u00e0s Faculdades de Medicina, Odontologia, Ci\u00eancias Farmac\u00eauticas e Medicina Veterin\u00e1ria e Zootecnia. Todos esses departamentos, especialmente o Departamento de Parasitologia da Faculdade de Medicina, desfrutaram de grande prest\u00edgio na \u00e9poca, em n\u00edvel nacional e internacional. Suas origens remontam a 1913, quando<a href=\"https:\/\/sites.usp.br\/bmp\/historico-o-departamento\/\">[&#8230;]<\/a><\/p>\n","protected":false},"author":1200,"featured_media":0,"parent":0,"menu_order":0,"comment_status":"closed","ping_status":"closed","template":"elementor_header_footer","meta":{"footnotes":"","_links_to":"","_links_to_target":""},"class_list":["post-510","page","type-page","status-publish","hentry"],"_links":{"self":[{"href":"https:\/\/sites.usp.br\/bmp\/wp-json\/wp\/v2\/pages\/510","targetHints":{"allow":["GET"]}}],"collection":[{"href":"https:\/\/sites.usp.br\/bmp\/wp-json\/wp\/v2\/pages"}],"about":[{"href":"https:\/\/sites.usp.br\/bmp\/wp-json\/wp\/v2\/types\/page"}],"author":[{"embeddable":true,"href":"https:\/\/sites.usp.br\/bmp\/wp-json\/wp\/v2\/users\/1200"}],"replies":[{"embeddable":true,"href":"https:\/\/sites.usp.br\/bmp\/wp-json\/wp\/v2\/comments?post=510"}],"version-history":[{"count":4,"href":"https:\/\/sites.usp.br\/bmp\/wp-json\/wp\/v2\/pages\/510\/revisions"}],"predecessor-version":[{"id":5248,"href":"https:\/\/sites.usp.br\/bmp\/wp-json\/wp\/v2\/pages\/510\/revisions\/5248"}],"wp:attachment":[{"href":"https:\/\/sites.usp.br\/bmp\/wp-json\/wp\/v2\/media?parent=510"}],"curies":[{"name":"wp","href":"https:\/\/api.w.org\/{rel}","templated":true}]}}