{"id":6497,"date":"2023-01-05T20:22:16","date_gmt":"2023-01-05T23:22:16","guid":{"rendered":"https:\/\/sites.usp.br\/bmp\/?page_id=6497"},"modified":"2023-01-05T20:22:57","modified_gmt":"2023-01-05T23:22:57","slug":"normas-para-acesso-aos-edificios-do-icb-usp","status":"publish","type":"page","link":"https:\/\/sites.usp.br\/bmp\/normas-para-acesso-aos-edificios-do-icb-usp\/","title":{"rendered":"Normas para acesso aos edif\u00edcios do ICB-USP"},"content":{"rendered":"<p><\/p>\n<p style=\"text-align: center;\"><strong>\u00a0(Aprovado na Sess\u00e3o 295\u00aa do CTA \u2013 Conselho T\u00e9cnico Administrativo do ICB em 10\/08\/2022)<\/strong><\/p>\n<p style=\"text-align: center;\"><strong>*Docentes -*Funcion\u00e1rios \u2013 *Alunos \u2013 Estagi\u00e1rios \u2013 *Estudantes em inicia\u00e7\u00e3o cient\u00edfica e em programa de atualiza\u00e7\u00e3o, e Pesquisadores Colaboradores \u2013 *Prestadores de Servi\u00e7o \u2013 *Visitantes<\/strong><\/p>\n<p>Para que os profissionais em nossa administra\u00e7\u00e3o e portarias possam cumprir suas tarefas, solicitamos que as orienta\u00e7\u00f5es abaixo sejam lidas e atendidas.<\/p>\n<p>1)\u00a0 Para ter acesso ao ICB e \u00e0s outras unidades da USP toda pessoa deve estar com a\u00a0<strong>vacina\u00e7\u00e3o\u00a0<\/strong>contra a COVID 19 em dia e de acordo com as orienta\u00e7\u00f5es da Reitoria. Se for visitante deve apresentar seu comprovante digital e\/ou f\u00edsico, e se for servidor, estudante ou pesquisador associado \u00e0 USP deve ter seus comprovantes cadastrados no sistema USP correspondente. Enquanto estiver vigente a orienta\u00e7\u00e3o para uso de m\u00e1scara, ela deve ser atendida. O uso do aplicativo E-Card da USP cont\u00e9m as informa\u00e7\u00f5es inseridas nos sistemas de identifica\u00e7\u00e3o.<\/p>\n<p>2) Todos os servidores, estudantes e pesquisadores associados devem sempre\u00a0<strong>portar cart\u00e3o (crach\u00e1)\u00a0<\/strong>USP em local vis\u00edvel, que permita a r\u00e1pida identifica\u00e7\u00e3o.<\/p>\n<p>2a) O cart\u00e3o (crach\u00e1) \u00e9 destinado ao uso pessoal e intransfer\u00edvel da pessoa nele identificada\/cadastrada.<\/p>\n<p>3) Todos os\u00a0<strong>visitantes\u00a0<\/strong>ou aqueles que n\u00e3o possu\u00edrem o cart\u00e3o (crach\u00e1) USP por alguma raz\u00e3o (docentes, servidores t\u00e9cnico-administrativos, estudantes e pesquisadores), inclusive por esquecimento, devem se identificar e solicitar na portaria o respectivo\u00a0<strong>cart\u00e3o (crach\u00e1) provis\u00f3rio<\/strong>.<\/p>\n<p>3a) Todos os cart\u00f5es provis\u00f3rios devem ser devolvidos ap\u00f3s o per\u00edodo cadastrado, e se n\u00e3o forem devolvidos ter\u00e3o seus custos registrados e cobrados junto \u00e0 tesouraria do ICB.<\/p>\n<p>4) Todos os<a href=\"https:\/\/sites.usp.br\/bmp\/wp-content\/uploads\/sites\/777\/2023\/01\/Orientacoes-as-secretarias-de-Depto-do-ICB.pdf\"><strong>\u00a0indiv\u00edduos sem v\u00ednculo\u00a0<\/strong><\/a>com a USP e que estejam atendendo a algum programa do ICB devem estar registrados em secretaria de departamento, e esta far\u00e1 a comunica\u00e7\u00e3o \u00e0 zeladoria para libera\u00e7\u00e3o de acesso.<\/p>\n<p>5) Todos os indiv\u00edduos que precisarem\u00a0<strong>permanecer\u00a0<\/strong>no ambiente de trabalho (laborat\u00f3rios e setores) entre 21h00 e 6h00, em dias \u00fateis, feriados e finais de semana dever\u00e3o ter a ci\u00eancia dos orientadores\/supervisores\/chefes, e esses devem comunicar por escrito (email) \u00e0 assist\u00eancia administrativa do Instituto. Essa comunica\u00e7\u00e3o ser\u00e1 direcionada aos zeladores dos respectivos edif\u00edcios.<\/p>\n<p>5a) Os itens 1, 3 e 5 s\u00e3o v\u00e1lidos inclusive para as pessoas que se apresentarem como\u00a0<strong>\u201cacompanhantes\u201d\u00a0<\/strong>e que pretendam permanecer nos edif\u00edcios.<\/p>\n<p>6) \u00c9 terminantemente\u00a0<strong>proibida\u00a0<\/strong>a entrada de pessoas estranhas e\/ou n\u00e3o autorizadas nas depend\u00eancias dos\u00a0<strong>biot\u00e9rios<\/strong>. Em caso de visitas, o respons\u00e1vel pelo biot\u00e9rio deve orientar a portaria para libera\u00e7\u00e3o e acesso.<\/p>\n<p>7) \u00c9 proibida a\u00a0<strong>perman\u00eancia\u00a0<\/strong>de\u00a0<strong>crian\u00e7as\u00a0<\/strong>nas depend\u00eancias do ICB.<\/p>\n<p>8) Entregas de alimentos e bebidas dever\u00e3o ser recebidas nas portarias.<\/p>\n<p>9) Em\u00a0<strong>eventos\u00a0<\/strong>com grande n\u00famero de participantes, o respons\u00e1vel dever\u00e1 providenciar lista de inscritos e entregar com anteced\u00eancia ao zelador do pr\u00e9dio para que o mesmo realize o cadastro pr\u00e9vio de todos. No dia do evento, cada participante dever\u00e1 portar uma identifica\u00e7\u00e3o vis\u00edvel (pode ser etiqueta ou crach\u00e1) e assim, ter\u00e1 acesso ao pr\u00e9dio, respeitando as condi\u00e7\u00f5es do item 1 (vacina\u00e7\u00e3o).<\/p>\n<p>10) A sa\u00edda de animais para pesquisa e de bens de patrim\u00f4nio ser\u00e1 autorizada mediante apresenta\u00e7\u00e3o de \u201cformul\u00e1rio de sa\u00edda\u201d na portaria do edif\u00edcio (consulte a secretaria de seu departamento\/setor).<\/p>\n<p style=\"text-align: center;\">S\u00e3o Paulo, agosto 2022<\/p>\n<p style=\"text-align: center;\"><strong>Assist\u00eancia Administrativa do ICB-USP<\/strong><\/p>\n<p><\/p>","protected":false},"excerpt":{"rendered":"<p>\u00a0(Aprovado na Sess\u00e3o 295\u00aa do CTA \u2013 Conselho T\u00e9cnico Administrativo do ICB em 10\/08\/2022) *Docentes -*Funcion\u00e1rios \u2013 *Alunos \u2013 Estagi\u00e1rios \u2013 *Estudantes em inicia\u00e7\u00e3o cient\u00edfica e em programa de atualiza\u00e7\u00e3o, e Pesquisadores Colaboradores \u2013 *Prestadores de Servi\u00e7o \u2013 *Visitantes Para que os profissionais em nossa administra\u00e7\u00e3o e portarias possam cumprir suas tarefas, solicitamos que as<a href=\"https:\/\/sites.usp.br\/bmp\/normas-para-acesso-aos-edificios-do-icb-usp\/\">[&#8230;]<\/a><\/p>\n","protected":false},"author":22679,"featured_media":0,"parent":0,"menu_order":0,"comment_status":"closed","ping_status":"closed","template":"","meta":{"footnotes":"","_links_to":"","_links_to_target":""},"class_list":["post-6497","page","type-page","status-publish","hentry"],"_links":{"self":[{"href":"https:\/\/sites.usp.br\/bmp\/wp-json\/wp\/v2\/pages\/6497","targetHints":{"allow":["GET"]}}],"collection":[{"href":"https:\/\/sites.usp.br\/bmp\/wp-json\/wp\/v2\/pages"}],"about":[{"href":"https:\/\/sites.usp.br\/bmp\/wp-json\/wp\/v2\/types\/page"}],"author":[{"embeddable":true,"href":"https:\/\/sites.usp.br\/bmp\/wp-json\/wp\/v2\/users\/22679"}],"replies":[{"embeddable":true,"href":"https:\/\/sites.usp.br\/bmp\/wp-json\/wp\/v2\/comments?post=6497"}],"version-history":[{"count":2,"href":"https:\/\/sites.usp.br\/bmp\/wp-json\/wp\/v2\/pages\/6497\/revisions"}],"predecessor-version":[{"id":6499,"href":"https:\/\/sites.usp.br\/bmp\/wp-json\/wp\/v2\/pages\/6497\/revisions\/6499"}],"wp:attachment":[{"href":"https:\/\/sites.usp.br\/bmp\/wp-json\/wp\/v2\/media?parent=6497"}],"curies":[{"name":"wp","href":"https:\/\/api.w.org\/{rel}","templated":true}]}}