{"id":696,"date":"2021-08-16T22:41:13","date_gmt":"2021-08-17T00:41:13","guid":{"rendered":"https:\/\/sites.usp.br\/bmp\/?page_id=696"},"modified":"2021-11-11T09:26:50","modified_gmt":"2021-11-11T12:26:50","slug":"bolsas-pos-graduacao","status":"publish","type":"page","link":"https:\/\/sites.usp.br\/bmp\/bolsas-pos-graduacao\/","title":{"rendered":"[P\u00f3s-gradua\u00e7\u00e3o] &#8211; Bolsas"},"content":{"rendered":"\t\t<div data-elementor-type=\"wp-page\" data-elementor-id=\"696\" class=\"elementor elementor-696\" data-elementor-post-type=\"page\">\n\t\t\t\t\t\t<section class=\"elementor-section elementor-top-section elementor-element elementor-element-0e3f70f elementor-section-boxed elementor-section-height-default elementor-section-height-default\" data-id=\"0e3f70f\" data-element_type=\"section\">\n\t\t\t\t\t\t<div class=\"elementor-container elementor-column-gap-default\">\n\t\t\t\t\t<div class=\"elementor-column elementor-col-100 elementor-top-column elementor-element elementor-element-ec4085d\" data-id=\"ec4085d\" data-element_type=\"column\">\n\t\t\t<div class=\"elementor-widget-wrap elementor-element-populated\">\n\t\t\t\t\t\t<div class=\"elementor-element elementor-element-c3b0384 elementor-widget elementor-widget-heading\" data-id=\"c3b0384\" data-element_type=\"widget\" data-widget_type=\"heading.default\">\n\t\t\t\t<div class=\"elementor-widget-container\">\n\t\t\t<h2 class=\"elementor-heading-title elementor-size-default\">BOLSAS DE MESTRADO E DOUTORADO DO PROGRAMA<\/h2>\t\t<\/div>\n\t\t\t\t<\/div>\n\t\t\t\t<div class=\"elementor-element elementor-element-ea8c112 elementor-widget elementor-widget-spacer\" data-id=\"ea8c112\" data-element_type=\"widget\" data-widget_type=\"spacer.default\">\n\t\t\t\t<div class=\"elementor-widget-container\">\n\t\t\t\t\t<div class=\"elementor-spacer\">\n\t\t\t<div class=\"elementor-spacer-inner\"><\/div>\n\t\t<\/div>\n\t\t\t\t<\/div>\n\t\t\t\t<\/div>\n\t\t\t\t\t<\/div>\n\t\t<\/div>\n\t\t\t\t\t<\/div>\n\t\t<\/section>\n\t\t\t\t<section class=\"elementor-section elementor-top-section elementor-element elementor-element-77d9409 elementor-section-boxed elementor-section-height-default elementor-section-height-default\" data-id=\"77d9409\" data-element_type=\"section\">\n\t\t\t\t\t\t<div class=\"elementor-container elementor-column-gap-default\">\n\t\t\t\t\t<div class=\"elementor-column elementor-col-20 elementor-top-column elementor-element elementor-element-b45eec2\" data-id=\"b45eec2\" data-element_type=\"column\">\n\t\t\t<div class=\"elementor-widget-wrap\">\n\t\t\t\t\t\t\t<\/div>\n\t\t<\/div>\n\t\t\t\t<div class=\"elementor-column elementor-col-20 elementor-top-column elementor-element elementor-element-bc5dd53\" data-id=\"bc5dd53\" data-element_type=\"column\">\n\t\t\t<div class=\"elementor-widget-wrap elementor-element-populated\">\n\t\t\t\t\t\t<div class=\"elementor-element elementor-element-75e0872 elementor-flip-box--effect-fade elementor-widget elementor-widget-flip-box\" data-id=\"75e0872\" data-element_type=\"widget\" data-widget_type=\"flip-box.default\">\n\t\t\t\t<div class=\"elementor-widget-container\">\n\t\t\t\t\t<div class=\"elementor-flip-box\" tabindex=\"0\">\n\t\t\t<div class=\"elementor-flip-box__layer elementor-flip-box__front\">\n\t\t\t\t<div class=\"elementor-flip-box__layer__overlay\">\n\t\t\t\t\t<div class=\"elementor-flip-box__layer__inner\">\n\t\t\t\t\t\t\n\t\t\t\t\t\t\t\t\t\t\t\t\t<h3 class=\"elementor-flip-box__layer__title\">\n\t\t\t\t\t\t\t\tCotas do CNPq\t\t\t\t\t\t\t<\/h3>\n\t\t\t\t\t\t\n\t\t\t\t\t\t\t\t\t\t\t<\/div>\n\t\t\t\t<\/div>\n\t\t\t<\/div>\n\t\t\t<div class=\"elementor-flip-box__layer elementor-flip-box__back\">\n\t\t\t<div class=\"elementor-flip-box__layer__overlay\">\n\t\t\t\t<div class=\"elementor-flip-box__layer__inner\">\n\t\t\t\t\t\t\t\t\t\t\t<h3 class=\"elementor-flip-box__layer__title\">\n\t\t\t\t\t\t\tMestrado: 8\t\t\t\t\t\t<\/h3>\n\t\t\t\t\t\n\t\t\t\t\t\t\t\t\t\t\t<div class=\"elementor-flip-box__layer__description\">\n\t\t\t\t\t\t\tDoutorado: 19\t\t\t\t\t\t<\/div>\n\t\t\t\t\t\n\t\t\t\t\t\t\t\t<\/div>\n\t\t<\/div>\n\t\t<\/div>\n\t\t<\/div>\n\t\t\t\t<\/div>\n\t\t\t\t<\/div>\n\t\t\t\t\t<\/div>\n\t\t<\/div>\n\t\t\t\t<div class=\"elementor-column elementor-col-20 elementor-top-column elementor-element elementor-element-1d79d34\" data-id=\"1d79d34\" data-element_type=\"column\">\n\t\t\t<div class=\"elementor-widget-wrap\">\n\t\t\t\t\t\t\t<\/div>\n\t\t<\/div>\n\t\t\t\t<div class=\"elementor-column elementor-col-20 elementor-top-column elementor-element elementor-element-900c67c\" data-id=\"900c67c\" data-element_type=\"column\">\n\t\t\t<div class=\"elementor-widget-wrap elementor-element-populated\">\n\t\t\t\t\t\t<div class=\"elementor-element elementor-element-c8dd1cb elementor-flip-box--effect-fade elementor-widget elementor-widget-flip-box\" data-id=\"c8dd1cb\" data-element_type=\"widget\" data-widget_type=\"flip-box.default\">\n\t\t\t\t<div class=\"elementor-widget-container\">\n\t\t\t\t\t<div class=\"elementor-flip-box\" tabindex=\"0\">\n\t\t\t<div class=\"elementor-flip-box__layer elementor-flip-box__front\">\n\t\t\t\t<div class=\"elementor-flip-box__layer__overlay\">\n\t\t\t\t\t<div class=\"elementor-flip-box__layer__inner\">\n\t\t\t\t\t\t\n\t\t\t\t\t\t\t\t\t\t\t\t\t<h3 class=\"elementor-flip-box__layer__title\">\n\t\t\t\t\t\t\t\tCotas da CAPES*\t\t\t\t\t\t\t<\/h3>\n\t\t\t\t\t\t\n\t\t\t\t\t\t\t\t\t\t\t<\/div>\n\t\t\t\t<\/div>\n\t\t\t<\/div>\n\t\t\t<div class=\"elementor-flip-box__layer elementor-flip-box__back\">\n\t\t\t<div class=\"elementor-flip-box__layer__overlay\">\n\t\t\t\t<div class=\"elementor-flip-box__layer__inner\">\n\t\t\t\t\t\n\t\t\t\t\t\t\t\t\t\t\t<div class=\"elementor-flip-box__layer__description\">\n\t\t\t\t\t\t\tComo nossas bolsas s\u00e3o fornecidas pelo programa PROEX, n\u00e3o existe uma cota fixa; as bolsas s\u00e3o pagas com recursos do PROEX, distribu\u00eddas entre mestrado e doutorado de acordo com nossas necessidades.\t\t\t\t\t\t<\/div>\n\t\t\t\t\t\n\t\t\t\t\t\t\t\t<\/div>\n\t\t<\/div>\n\t\t<\/div>\n\t\t<\/div>\n\t\t\t\t<\/div>\n\t\t\t\t<\/div>\n\t\t\t\t\t<\/div>\n\t\t<\/div>\n\t\t\t\t<div class=\"elementor-column elementor-col-20 elementor-top-column elementor-element elementor-element-fa56e24\" data-id=\"fa56e24\" data-element_type=\"column\">\n\t\t\t<div class=\"elementor-widget-wrap\">\n\t\t\t\t\t\t\t<\/div>\n\t\t<\/div>\n\t\t\t\t\t<\/div>\n\t\t<\/section>\n\t\t\t\t<section class=\"elementor-section elementor-top-section elementor-element elementor-element-691066c elementor-section-boxed elementor-section-height-default elementor-section-height-default\" data-id=\"691066c\" data-element_type=\"section\">\n\t\t\t\t\t\t<div class=\"elementor-container elementor-column-gap-default\">\n\t\t\t\t\t<div class=\"elementor-column elementor-col-100 elementor-top-column elementor-element elementor-element-f597112\" data-id=\"f597112\" data-element_type=\"column\">\n\t\t\t<div class=\"elementor-widget-wrap elementor-element-populated\">\n\t\t\t\t\t\t<div class=\"elementor-element elementor-element-f8182c2 elementor-widget elementor-widget-spacer\" data-id=\"f8182c2\" data-element_type=\"widget\" data-widget_type=\"spacer.default\">\n\t\t\t\t<div class=\"elementor-widget-container\">\n\t\t\t\t\t<div class=\"elementor-spacer\">\n\t\t\t<div class=\"elementor-spacer-inner\"><\/div>\n\t\t<\/div>\n\t\t\t\t<\/div>\n\t\t\t\t<\/div>\n\t\t\t\t<div class=\"elementor-element elementor-element-2c1805f elementor-widget elementor-widget-heading\" data-id=\"2c1805f\" data-element_type=\"widget\" data-widget_type=\"heading.default\">\n\t\t\t\t<div class=\"elementor-widget-container\">\n\t\t\t<h2 class=\"elementor-heading-title elementor-size-default\">CRIT\u00c9RIOS PARA DISTRIBUI\u00c7\u00c3O DE BOLSAS DO PROGRAMA<\/h2>\t\t<\/div>\n\t\t\t\t<\/div>\n\t\t\t\t<div class=\"elementor-element elementor-element-86fd559 elementor-widget elementor-widget-spacer\" data-id=\"86fd559\" data-element_type=\"widget\" data-widget_type=\"spacer.default\">\n\t\t\t\t<div class=\"elementor-widget-container\">\n\t\t\t\t\t<div class=\"elementor-spacer\">\n\t\t\t<div class=\"elementor-spacer-inner\"><\/div>\n\t\t<\/div>\n\t\t\t\t<\/div>\n\t\t\t\t<\/div>\n\t\t\t\t\t<\/div>\n\t\t<\/div>\n\t\t\t\t\t<\/div>\n\t\t<\/section>\n\t\t\t\t<section class=\"elementor-section elementor-top-section elementor-element elementor-element-24eab0e elementor-section-boxed elementor-section-height-default elementor-section-height-default\" data-id=\"24eab0e\" data-element_type=\"section\">\n\t\t\t\t\t\t<div class=\"elementor-container elementor-column-gap-default\">\n\t\t\t\t\t<div class=\"elementor-column elementor-col-100 elementor-top-column elementor-element elementor-element-311f690\" data-id=\"311f690\" data-element_type=\"column\">\n\t\t\t<div class=\"elementor-widget-wrap elementor-element-populated\">\n\t\t\t\t\t\t<div class=\"elementor-element elementor-element-074c982 elementor-widget elementor-widget-text-editor\" data-id=\"074c982\" data-element_type=\"widget\" data-widget_type=\"text-editor.default\">\n\t\t\t\t<div class=\"elementor-widget-container\">\n\t\t\t\t\t\t\t<p><strong>1.<\/strong> Todos os alunos interessados em concorrer a bolsas do programa dever\u00e3o apresentar comprovante de submiss\u00e3o de seus projetos \u00e0 FAPESP.<\/p><p><strong>2.<\/strong> Quando dispon\u00edveis, as Bolsas ser\u00e3o concedidas aos alunos aprovados no processo seletivo, por ordem de classifica\u00e7\u00e3o. Para o ingresso no mestrado, ser\u00e1 considerada a nota obtida na 1<sup>a<\/sup>\u00a0etapa desde que o projeto tenha recebido parecer favor\u00e1vel pelo assessor. Para doutorado p\u00f3s-mestrado (DO) e doutorado direto (DD) ser\u00e1 considerada a m\u00e9dia aritm\u00e9tica das notas obtidas na 1<sup>a<\/sup>\u00a0e 2<sup>a<\/sup>\u00a0etapas.<\/p><p><strong>3.<\/strong> Alunos de todos os orientadores podem solicitar Bolsas do Programa. De modo geral, a concess\u00e3o obedecer\u00e1 a propor\u00e7\u00e3o de bolsas apresentada na tabela abaixo<\/p>\t\t\t\t\t\t<\/div>\n\t\t\t\t<\/div>\n\t\t\t\t\t<\/div>\n\t\t<\/div>\n\t\t\t\t\t<\/div>\n\t\t<\/section>\n\t\t\t\t<section class=\"elementor-section elementor-top-section elementor-element elementor-element-b1f9a12 elementor-section-boxed elementor-section-height-default elementor-section-height-default\" data-id=\"b1f9a12\" data-element_type=\"section\">\n\t\t\t\t\t\t<div class=\"elementor-container elementor-column-gap-default\">\n\t\t\t\t\t<div class=\"elementor-column elementor-col-100 elementor-top-column elementor-element elementor-element-97fb521\" data-id=\"97fb521\" data-element_type=\"column\">\n\t\t\t<div class=\"elementor-widget-wrap elementor-element-populated\">\n\t\t\t\t\t\t<div class=\"elementor-element elementor-element-c64a8dd elementor-widget elementor-widget-Table\" data-id=\"c64a8dd\" data-element_type=\"widget\" data-widget_type=\"Table.default\">\n\t\t\t\t<div class=\"elementor-widget-container\">\n\t\t\t\t\t<table class=\"tafe-table \">\n\t\t\t<thead  class=\"tafe-table-header\">\n\t\t\t\t<tr>\n\t\t\t\t\t<th class=\"elementor-inline-editing elementor-repeater-item-89eaaaa\"   >N\u00famero DE BOLSAS VIGENTES DE OUTRAS FONTES<\/th><th class=\"elementor-inline-editing elementor-repeater-item-d3ae413\"   >N\u00daMERO DE BOLSAS CONCEDIDAS PELO PROGRAMA*<\/th>\t\t\t\t<\/tr>\n\t\t\t<\/thead>\n\t\t\t\t\t\t<tbody class=\"tafe-table-body\">\n\t\t\t\t<tr>\n\t\t\t\t\t<td data-label=\"N\u00famero DE BOLSAS VIGENTES DE OUTRAS FONTES\"   class=\"elementor-repeater-item-ad41c5e td-content-type-default\" >0 - 1<\/td><td data-label=\"N\u00daMERO DE BOLSAS CONCEDIDAS PELO PROGRAMA*\"   class=\"elementor-repeater-item-dd86634 td-content-type-default\" >At\u00e9 2<\/td><\/tr><tr><td data-label=\"N\u00famero DE BOLSAS VIGENTES DE OUTRAS FONTES\"   class=\"elementor-repeater-item-614c762 td-content-type-default\" >2<\/td><td data-label=\"N\u00daMERO DE BOLSAS CONCEDIDAS PELO PROGRAMA*\"   class=\"elementor-repeater-item-4d6873e td-content-type-default\" >At\u00e9 4<\/td><\/tr><tr><td data-label=\"N\u00famero DE BOLSAS VIGENTES DE OUTRAS FONTES\"   class=\"elementor-repeater-item-c0d0fdd td-content-type-default\" >3 - 4<\/td><td data-label=\"N\u00daMERO DE BOLSAS CONCEDIDAS PELO PROGRAMA*\"   class=\"elementor-repeater-item-9568343 td-content-type-default\" >At\u00e9 6<\/td>\t\t\t\t<\/tr>\n\t\t\t<\/tbody>\n\t\t<\/table>\n\t\t\n\t\t\t\t<\/div>\n\t\t\t\t<\/div>\n\t\t\t\t\t<\/div>\n\t\t<\/div>\n\t\t\t\t\t<\/div>\n\t\t<\/section>\n\t\t\t\t<section class=\"elementor-section elementor-top-section elementor-element elementor-element-07d52d3 elementor-section-boxed elementor-section-height-default elementor-section-height-default\" data-id=\"07d52d3\" data-element_type=\"section\">\n\t\t\t\t\t\t<div class=\"elementor-container elementor-column-gap-default\">\n\t\t\t\t\t<div class=\"elementor-column elementor-col-100 elementor-top-column elementor-element elementor-element-648137a\" data-id=\"648137a\" data-element_type=\"column\">\n\t\t\t<div class=\"elementor-widget-wrap elementor-element-populated\">\n\t\t\t\t\t\t<div class=\"elementor-element elementor-element-d29b905 elementor-widget elementor-widget-text-editor\" data-id=\"d29b905\" data-element_type=\"widget\" data-widget_type=\"text-editor.default\">\n\t\t\t\t<div class=\"elementor-widget-container\">\n\t\t\t\t\t\t\t<p><strong>* a concess\u00e3o de bolsas pelo programa est\u00e1 sujeita \u00e0 disponibilidade da cota no momento da solicita\u00e7\u00e3o.<\/strong><\/p>\t\t\t\t\t\t<\/div>\n\t\t\t\t<\/div>\n\t\t\t\t<div class=\"elementor-element elementor-element-6c868c1 elementor-widget elementor-widget-text-editor\" data-id=\"6c868c1\" data-element_type=\"widget\" data-widget_type=\"text-editor.default\">\n\t\t\t\t<div class=\"elementor-widget-container\">\n\t\t\t\t\t\t\t<p><strong>4.<\/strong> Ap\u00f3s a aprova\u00e7\u00e3o no processo seletivo, a secretaria do programa entrar\u00e1 em contato com alunos e orientadores solicitando manifesta\u00e7\u00e3o de interesse\u00a0 \u00a0 \u00a0 \u00a0 na bolsa do programa, quando dispon\u00edvel.<\/p><p><strong>5.<\/strong> Uma vez aprovado no processo seletivo e havendo disponibilidade de bolsa, o aluno dever\u00e1 realizar sua matr\u00edcula no programa <span style=\"color: #c40000;\"><strong>ANTES DO IN\u00cdCIO\u00a0 \u00a0 \u00a0 \u00a0 \u00a0 \u00a0 \u00a0 <\/strong><\/span><span style=\"color: #c40000;\"><strong>DAS INSCRI\u00c7\u00d5ES<\/strong><\/span>\u00a0para a primeira etapa do processo seletivo seguinte. O descumprimento deste prazo impedir\u00e1 o usufruto da bolsa do programa.<\/p>\t\t\t\t\t\t<\/div>\n\t\t\t\t<\/div>\n\t\t\t\t<div class=\"elementor-element elementor-element-53d6742 elementor-widget elementor-widget-spacer\" data-id=\"53d6742\" data-element_type=\"widget\" data-widget_type=\"spacer.default\">\n\t\t\t\t<div class=\"elementor-widget-container\">\n\t\t\t\t\t<div class=\"elementor-spacer\">\n\t\t\t<div class=\"elementor-spacer-inner\"><\/div>\n\t\t<\/div>\n\t\t\t\t<\/div>\n\t\t\t\t<\/div>\n\t\t\t\t\t<\/div>\n\t\t<\/div>\n\t\t\t\t\t<\/div>\n\t\t<\/section>\n\t\t\t\t<\/div>\n\t\t","protected":false},"excerpt":{"rendered":"<p>BOLSAS DE MESTRADO E DOUTORADO DO PROGRAMA Cotas do CNPq Mestrado: 8 Doutorado: 19 Cotas da CAPES* Como nossas bolsas s\u00e3o fornecidas pelo programa PROEX, n\u00e3o existe uma cota fixa; as bolsas s\u00e3o pagas com recursos do PROEX, distribu\u00eddas entre mestrado e doutorado de acordo com nossas necessidades. CRIT\u00c9RIOS PARA DISTRIBUI\u00c7\u00c3O DE BOLSAS DO PROGRAMA<a href=\"https:\/\/sites.usp.br\/bmp\/bolsas-pos-graduacao\/\">[&#8230;]<\/a><\/p>\n","protected":false},"author":1200,"featured_media":0,"parent":0,"menu_order":0,"comment_status":"closed","ping_status":"closed","template":"elementor_header_footer","meta":{"footnotes":"","_links_to":"","_links_to_target":""},"class_list":["post-696","page","type-page","status-publish","hentry"],"_links":{"self":[{"href":"https:\/\/sites.usp.br\/bmp\/wp-json\/wp\/v2\/pages\/696","targetHints":{"allow":["GET"]}}],"collection":[{"href":"https:\/\/sites.usp.br\/bmp\/wp-json\/wp\/v2\/pages"}],"about":[{"href":"https:\/\/sites.usp.br\/bmp\/wp-json\/wp\/v2\/types\/page"}],"author":[{"embeddable":true,"href":"https:\/\/sites.usp.br\/bmp\/wp-json\/wp\/v2\/users\/1200"}],"replies":[{"embeddable":true,"href":"https:\/\/sites.usp.br\/bmp\/wp-json\/wp\/v2\/comments?post=696"}],"version-history":[{"count":4,"href":"https:\/\/sites.usp.br\/bmp\/wp-json\/wp\/v2\/pages\/696\/revisions"}],"predecessor-version":[{"id":5318,"href":"https:\/\/sites.usp.br\/bmp\/wp-json\/wp\/v2\/pages\/696\/revisions\/5318"}],"wp:attachment":[{"href":"https:\/\/sites.usp.br\/bmp\/wp-json\/wp\/v2\/media?parent=696"}],"curies":[{"name":"wp","href":"https:\/\/api.w.org\/{rel}","templated":true}]}}