{"id":791,"date":"2021-08-17T22:13:57","date_gmt":"2021-08-18T00:13:57","guid":{"rendered":"https:\/\/sites.usp.br\/bmp\/?page_id=791"},"modified":"2021-10-10T21:07:04","modified_gmt":"2021-10-11T00:07:04","slug":"laboratorio-de-campo-acre","status":"publish","type":"page","link":"https:\/\/sites.usp.br\/bmp\/laboratorio-de-campo-acre\/","title":{"rendered":"[Laborat\u00f3rio de Campo] &#8211; Acre"},"content":{"rendered":"\t\t<div data-elementor-type=\"wp-page\" data-elementor-id=\"791\" class=\"elementor elementor-791\" data-elementor-post-type=\"page\">\n\t\t\t\t\t\t<section class=\"elementor-section elementor-top-section elementor-element elementor-element-b485452 elementor-section-boxed elementor-section-height-default elementor-section-height-default\" data-id=\"b485452\" data-element_type=\"section\" data-settings=\"{&quot;background_background&quot;:&quot;classic&quot;}\">\n\t\t\t\t\t\t\t<div class=\"elementor-background-overlay\"><\/div>\n\t\t\t\t\t\t\t<div class=\"elementor-container elementor-column-gap-default\">\n\t\t\t\t\t<div class=\"elementor-column elementor-col-100 elementor-top-column elementor-element elementor-element-9938b24\" data-id=\"9938b24\" data-element_type=\"column\">\n\t\t\t<div class=\"elementor-widget-wrap elementor-element-populated\">\n\t\t\t\t\t\t<div class=\"elementor-element elementor-element-a87a07a elementor-widget elementor-widget-heading\" data-id=\"a87a07a\" data-element_type=\"widget\" data-widget_type=\"heading.default\">\n\t\t\t\t<div class=\"elementor-widget-container\">\n\t\t\t<h2 class=\"elementor-heading-title elementor-size-default\">LABORAT\u00d3RIO DE CAMPO EM CRUZEIRO DO SUL, ACRE<\/h2>\t\t<\/div>\n\t\t\t\t<\/div>\n\t\t\t\t<div class=\"elementor-element elementor-element-ee4cd2f elementor-widget elementor-widget-spacer\" data-id=\"ee4cd2f\" data-element_type=\"widget\" data-widget_type=\"spacer.default\">\n\t\t\t\t<div class=\"elementor-widget-container\">\n\t\t\t\t\t<div class=\"elementor-spacer\">\n\t\t\t<div class=\"elementor-spacer-inner\"><\/div>\n\t\t<\/div>\n\t\t\t\t<\/div>\n\t\t\t\t<\/div>\n\t\t\t\t<div class=\"elementor-element elementor-element-e070bd9 elementor-widget elementor-widget-text-editor\" data-id=\"e070bd9\" data-element_type=\"widget\" data-widget_type=\"text-editor.default\">\n\t\t\t\t<div class=\"elementor-widget-container\">\n\t\t\t\t\t\t\t<p>O Departamento de Parasitologia do ICB-USP mant\u00e9m desde 2004, em conjunto com a Universidade Federal do Acre (UFAC), atividades de pesquisa de campo no estado do Acre. Com esta finalidade, o ICB-USP e a UFAC celebraram conv\u00eanio formal de coopera\u00e7\u00e3o cient\u00edfica. Atualmente, o laborat\u00f3rio que d\u00e1 suporte a essas atividades situa-se no campus da Floresta da UFAC no munic\u00edpio de Cruzeiro do Sul, extremo ocidental do estado do Acre, pr\u00f3ximo \u00e0 fronteira com o Peru. Esse laborat\u00f3rio, coordenado pelo Prof. Rodrigo Medeiros de Souza (UFAC), proporciona est\u00e1gios de pesquisa a dezenas de pesquisadores e de estudantes de gradua\u00e7\u00e3o e de p\u00f3s-gradua\u00e7\u00e3o n\u00e3o somente da USP, mas tamb\u00e9m de diversas outras institui\u00e7\u00f5es do Brasil e do exterior. Os principais temas de trabalho s\u00e3o a epidemiologia e controle da mal\u00e1ria em comunidades urbanas e rurais e a sa\u00fade materno-infantil no Vale do Juru\u00e1, incluindo uma ampla linha de pesquisa em imunopatologia da mal\u00e1ria gestacional. As imagens abaixo, de autoria da fot\u00f3grafa Alessandra Fratus (<a href=\"http:\/\/www.alessandrafratus.com\/\">http:\/\/www.alessandrafratus.com\/<\/a>), ilustram um desses projetos de campo, realizado em comunidades ribeirinhas do Rio Azul.<br \/><br \/><\/p><p>Al\u00e9m disso, o laborat\u00f3rio lidera a participa\u00e7\u00e3o brasileira no Amazonian International Center of Excellence in Malaria Research (<a href=\"https:\/\/www.niaid.nih.gov\/research\/amazonian-icemr\">https:\/\/www.niaid.nih.gov\/research\/amazonian-icemr<\/a>), um cons\u00f3rcio entre pesquisadores norte-americanos, brasileiros e peruanos que recebe aporte financeiro do National Institute of Allergy and Infectious Diseases (NIAID), National Institutes of Health, Estados Unidos.<\/p>\t\t\t\t\t\t<\/div>\n\t\t\t\t<\/div>\n\t\t\t\t\t<\/div>\n\t\t<\/div>\n\t\t\t\t\t<\/div>\n\t\t<\/section>\n\t\t\t\t<section class=\"elementor-section elementor-top-section elementor-element elementor-element-38a2132 elementor-section-boxed elementor-section-height-default elementor-section-height-default\" data-id=\"38a2132\" data-element_type=\"section\" data-settings=\"{&quot;background_background&quot;:&quot;classic&quot;,&quot;shape_divider_top&quot;:&quot;curve&quot;,&quot;shape_divider_top_negative&quot;:&quot;yes&quot;}\">\n\t\t\t\t\t<div class=\"elementor-shape elementor-shape-top\" data-negative=\"true\">\n\t\t\t<svg xmlns=\"http:\/\/www.w3.org\/2000\/svg\" viewBox=\"0 0 1000 100\" preserveAspectRatio=\"none\">\n\t<path class=\"elementor-shape-fill\" d=\"M500,97C126.7,96.3,0.8,19.8,0,0v100l1000,0V1C1000,19.4,873.3,97.8,500,97z\"\/>\n<\/svg>\t\t<\/div>\n\t\t\t\t\t<div class=\"elementor-container elementor-column-gap-default\">\n\t\t\t\t\t<div class=\"elementor-column elementor-col-100 elementor-top-column elementor-element elementor-element-0877903\" data-id=\"0877903\" data-element_type=\"column\">\n\t\t\t<div class=\"elementor-widget-wrap elementor-element-populated\">\n\t\t\t\t\t\t<div class=\"elementor-element elementor-element-a727d3a elementor-widget elementor-widget-spacer\" data-id=\"a727d3a\" data-element_type=\"widget\" data-widget_type=\"spacer.default\">\n\t\t\t\t<div class=\"elementor-widget-container\">\n\t\t\t\t\t<div class=\"elementor-spacer\">\n\t\t\t<div class=\"elementor-spacer-inner\"><\/div>\n\t\t<\/div>\n\t\t\t\t<\/div>\n\t\t\t\t<\/div>\n\t\t\t\t<div class=\"elementor-element elementor-element-9789854 elementor-widget elementor-widget-spacer\" data-id=\"9789854\" data-element_type=\"widget\" data-widget_type=\"spacer.default\">\n\t\t\t\t<div class=\"elementor-widget-container\">\n\t\t\t\t\t<div class=\"elementor-spacer\">\n\t\t\t<div class=\"elementor-spacer-inner\"><\/div>\n\t\t<\/div>\n\t\t\t\t<\/div>\n\t\t\t\t<\/div>\n\t\t\t\t\t<\/div>\n\t\t<\/div>\n\t\t\t\t\t<\/div>\n\t\t<\/section>\n\t\t\t\t<section class=\"elementor-section elementor-top-section elementor-element elementor-element-9321edb elementor-section-boxed elementor-section-height-default elementor-section-height-default\" data-id=\"9321edb\" data-element_type=\"section\" data-settings=\"{&quot;background_background&quot;:&quot;classic&quot;}\">\n\t\t\t\t\t\t<div class=\"elementor-container elementor-column-gap-default\">\n\t\t\t\t\t<div class=\"elementor-column elementor-col-100 elementor-top-column elementor-element elementor-element-45fd6d4\" data-id=\"45fd6d4\" data-element_type=\"column\">\n\t\t\t<div class=\"elementor-widget-wrap elementor-element-populated\">\n\t\t\t\t\t\t<div class=\"elementor-element elementor-element-97c7775 elementor-skin-coverflow elementor-arrows-yes elementor-pagination-type-bullets elementor-pagination-position-outside elementor-widget elementor-widget-media-carousel\" data-id=\"97c7775\" data-element_type=\"widget\" data-settings=\"{&quot;skin&quot;:&quot;coverflow&quot;,&quot;slides_per_view&quot;:&quot;1&quot;,&quot;show_arrows&quot;:&quot;yes&quot;,&quot;pagination&quot;:&quot;bullets&quot;,&quot;speed&quot;:500,&quot;autoplay&quot;:&quot;yes&quot;,&quot;autoplay_speed&quot;:5000,&quot;loop&quot;:&quot;yes&quot;,&quot;pause_on_hover&quot;:&quot;yes&quot;,&quot;pause_on_interaction&quot;:&quot;yes&quot;,&quot;space_between&quot;:{&quot;unit&quot;:&quot;px&quot;,&quot;size&quot;:10,&quot;sizes&quot;:[]},&quot;space_between_tablet&quot;:{&quot;unit&quot;:&quot;px&quot;,&quot;size&quot;:10,&quot;sizes&quot;:[]},&quot;space_between_mobile&quot;:{&quot;unit&quot;:&quot;px&quot;,&quot;size&quot;:10,&quot;sizes&quot;:[]}}\" data-widget_type=\"media-carousel.default\">\n\t\t\t\t<div class=\"elementor-widget-container\">\n\t\t\t\t\t<div class=\"elementor-swiper\">\n\t\t\t<div class=\"elementor-main-swiper swiper\">\n\t\t\t\t<div class=\"swiper-wrapper\">\n\t\t\t\t\t\t\t\t\t\t\t<div class=\"swiper-slide\">\n\t\t\t\t\t\t\t\t\t<div class=\"elementor-carousel-image\" role=\"img\" aria-label=\"Foto 6\" style=\"background-image: url(&#039;https:\/\/sites.usp.br\/bmp\/wp-content\/uploads\/sites\/777\/2021\/08\/Foto-6.jpg&#039;)\">\n\n\t\t\t\n\t\t\t\t\t<\/div>\n\t\t\t\t\t\t\t\t<\/div>\n\t\t\t\t\t\t\t\t\t\t\t<div class=\"swiper-slide\">\n\t\t\t\t\t\t\t\t\t<div class=\"elementor-carousel-image\" role=\"img\" aria-label=\"Foto 5\" style=\"background-image: url(&#039;https:\/\/sites.usp.br\/bmp\/wp-content\/uploads\/sites\/777\/2021\/08\/Foto-5.jpg&#039;)\">\n\n\t\t\t\n\t\t\t\t\t<\/div>\n\t\t\t\t\t\t\t\t<\/div>\n\t\t\t\t\t\t\t\t\t\t\t<div class=\"swiper-slide\">\n\t\t\t\t\t\t\t\t\t<div class=\"elementor-carousel-image\" role=\"img\" aria-label=\"Foto 1\" style=\"background-image: url(&#039;https:\/\/sites.usp.br\/bmp\/wp-content\/uploads\/sites\/777\/2021\/08\/Foto-1.jpg&#039;)\">\n\n\t\t\t\n\t\t\t\t\t<\/div>\n\t\t\t\t\t\t\t\t<\/div>\n\t\t\t\t\t\t\t\t\t\t\t<div class=\"swiper-slide\">\n\t\t\t\t\t\t\t\t\t<div class=\"elementor-carousel-image\" role=\"img\" aria-label=\"Foto 4\" style=\"background-image: url(&#039;https:\/\/sites.usp.br\/bmp\/wp-content\/uploads\/sites\/777\/2021\/08\/Foto-4.jpg&#039;)\">\n\n\t\t\t\n\t\t\t\t\t<\/div>\n\t\t\t\t\t\t\t\t<\/div>\n\t\t\t\t\t\t\t\t\t\t\t<div class=\"swiper-slide\">\n\t\t\t\t\t\t\t\t\t<div class=\"elementor-carousel-image\" role=\"img\" aria-label=\"Foto 2\" style=\"background-image: url(&#039;https:\/\/sites.usp.br\/bmp\/wp-content\/uploads\/sites\/777\/2021\/08\/Foto-2.jpg&#039;)\">\n\n\t\t\t\n\t\t\t\t\t<\/div>\n\t\t\t\t\t\t\t\t<\/div>\n\t\t\t\t\t\t\t\t\t\t\t<div class=\"swiper-slide\">\n\t\t\t\t\t\t\t\t\t<div class=\"elementor-carousel-image\" role=\"img\" aria-label=\"Foto 1\" style=\"background-image: url(&#039;https:\/\/sites.usp.br\/bmp\/wp-content\/uploads\/sites\/777\/2021\/08\/Foto-1.jpg&#039;)\">\n\n\t\t\t\n\t\t\t\t\t<\/div>\n\t\t\t\t\t\t\t\t<\/div>\n\t\t\t\t\t\t\t\t\t<\/div>\n\t\t\t\t\t\t\t\t\t\t\t\t\t\t\t<div class=\"swiper-pagination\"><\/div>\n\t\t\t\t\t\t\t\t\t\t\t\t\t\t\t\t<div class=\"elementor-swiper-button elementor-swiper-button-prev\" role=\"button\" tabindex=\"0\">\n\t\t\t\t\t\t\t<i aria-hidden=\"true\" class=\"eicon-chevron-left\"><\/i>\t\t\t\t\t\t\t<span class=\"elementor-screen-only\">Anterior<\/span>\n\t\t\t\t\t\t<\/div>\n\t\t\t\t\t\t<div class=\"elementor-swiper-button elementor-swiper-button-next\" role=\"button\" tabindex=\"0\">\n\t\t\t\t\t\t\t<i aria-hidden=\"true\" class=\"eicon-chevron-right\"><\/i>\t\t\t\t\t\t\t<span class=\"elementor-screen-only\">Pr\u00f3ximo<\/span>\n\t\t\t\t\t\t<\/div>\n\t\t\t\t\t\t\t\t\t\t\t\t<\/div>\n\t\t<\/div>\n\t\t\t\t<\/div>\n\t\t\t\t<\/div>\n\t\t\t\t<div class=\"elementor-element elementor-element-e8f6eff elementor-widget elementor-widget-spacer\" data-id=\"e8f6eff\" data-element_type=\"widget\" data-widget_type=\"spacer.default\">\n\t\t\t\t<div class=\"elementor-widget-container\">\n\t\t\t\t\t<div class=\"elementor-spacer\">\n\t\t\t<div class=\"elementor-spacer-inner\"><\/div>\n\t\t<\/div>\n\t\t\t\t<\/div>\n\t\t\t\t<\/div>\n\t\t\t\t\t<\/div>\n\t\t<\/div>\n\t\t\t\t\t<\/div>\n\t\t<\/section>\n\t\t\t\t<\/div>\n\t\t","protected":false},"excerpt":{"rendered":"<p>LABORAT\u00d3RIO DE CAMPO EM CRUZEIRO DO SUL, ACRE O Departamento de Parasitologia do ICB-USP mant\u00e9m desde 2004, em conjunto com a Universidade Federal do Acre (UFAC), atividades de pesquisa de campo no estado do Acre. Com esta finalidade, o ICB-USP e a UFAC celebraram conv\u00eanio formal de coopera\u00e7\u00e3o cient\u00edfica. Atualmente, o laborat\u00f3rio que d\u00e1 suporte<a href=\"https:\/\/sites.usp.br\/bmp\/laboratorio-de-campo-acre\/\">[&#8230;]<\/a><\/p>\n","protected":false},"author":1200,"featured_media":0,"parent":0,"menu_order":0,"comment_status":"closed","ping_status":"closed","template":"elementor_header_footer","meta":{"footnotes":"","_links_to":"","_links_to_target":""},"class_list":["post-791","page","type-page","status-publish","hentry"],"_links":{"self":[{"href":"https:\/\/sites.usp.br\/bmp\/wp-json\/wp\/v2\/pages\/791","targetHints":{"allow":["GET"]}}],"collection":[{"href":"https:\/\/sites.usp.br\/bmp\/wp-json\/wp\/v2\/pages"}],"about":[{"href":"https:\/\/sites.usp.br\/bmp\/wp-json\/wp\/v2\/types\/page"}],"author":[{"embeddable":true,"href":"https:\/\/sites.usp.br\/bmp\/wp-json\/wp\/v2\/users\/1200"}],"replies":[{"embeddable":true,"href":"https:\/\/sites.usp.br\/bmp\/wp-json\/wp\/v2\/comments?post=791"}],"version-history":[{"count":4,"href":"https:\/\/sites.usp.br\/bmp\/wp-json\/wp\/v2\/pages\/791\/revisions"}],"predecessor-version":[{"id":4429,"href":"https:\/\/sites.usp.br\/bmp\/wp-json\/wp\/v2\/pages\/791\/revisions\/4429"}],"wp:attachment":[{"href":"https:\/\/sites.usp.br\/bmp\/wp-json\/wp\/v2\/media?parent=791"}],"curies":[{"name":"wp","href":"https:\/\/api.w.org\/{rel}","templated":true}]}}