{"id":1004,"date":"2022-10-07T18:05:37","date_gmt":"2022-10-07T20:05:37","guid":{"rendered":"https:\/\/sites.usp.br\/boletimoipp\/?page_id=1004"},"modified":"2022-10-07T18:24:41","modified_gmt":"2022-10-07T20:24:41","slug":"agosto-de-2022","status":"publish","type":"page","link":"https:\/\/sites.usp.br\/boletimoipp\/agosto-de-2022\/","title":{"rendered":"Agosto de 2022"},"content":{"rendered":"<p><a href=\"https:\/\/sites.usp.br\/boletimoipp\/wp-content\/uploads\/sites\/823\/2022\/09\/Boletim_OIPP_agosto_2022.pdf\" target=\"_blank\" rel=\"noopener\"><img loading=\"lazy\" decoding=\"async\" class=\"alignnone wp-image-998 size-medium\" src=\"https:\/\/sites.usp.br\/boletimoipp\/wp-content\/uploads\/sites\/823\/2022\/09\/capa-213x300.png\" alt=\"\" width=\"213\" height=\"300\" srcset=\"https:\/\/sites.usp.br\/boletimoipp\/wp-content\/uploads\/sites\/823\/2022\/09\/capa-213x300.png 213w, https:\/\/sites.usp.br\/boletimoipp\/wp-content\/uploads\/sites\/823\/2022\/09\/capa-400x562.png 400w, https:\/\/sites.usp.br\/boletimoipp\/wp-content\/uploads\/sites\/823\/2022\/09\/capa.png 567w\" sizes=\"auto, (max-width: 213px) 100vw, 213px\" \/><\/a><\/p>\n<p>Publicado em 09\/09\/2022<\/p>\n<hr \/>\n<p><strong>Pesquisas em Pol\u00edticas P\u00fablicas<\/strong><\/p>\n<p><span style=\"color: #000000;\"><a style=\"color: #000000;\" href=\"https:\/\/sites.usp.br\/boletimoipp\/wp-content\/uploads\/sites\/823\/2022\/09\/Oliveira_Peres_agosto_2022.pdf\" target=\"_blank\" rel=\"noopener\">Par\u00e2metros refer\u00eancias para a an\u00e1lise da execu\u00e7\u00e3o or\u00e7ament\u00e1ria e financeira das a\u00e7\u00f5es e servi\u00e7os p\u00fablicos de sa\u00fade da Prefeitura de Osasco\/SP<\/a><\/span><\/p>\n<p><span style=\"color: #999999;\">Luana de Lima Oliveira e Ursula Dias Peres<\/span><\/p>\n<p><strong>Sociedade, Pol\u00edticas P\u00fablicas e Gest\u00e3o Governamental<\/strong><\/p>\n<p><span style=\"color: #000000;\"><a style=\"color: #000000;\" href=\"https:\/\/sites.usp.br\/boletimoipp\/wp-content\/uploads\/sites\/823\/2022\/09\/Kehdi_Valentin_agosto_2022.pdf\" target=\"_blank\" rel=\"noopener\">Revolu\u00e7\u00e3o de 32 e Moderniza\u00e7\u00e3o<\/a><\/span><\/p>\n<p><span style=\"color: #999999;\">Antonio Fonseca Kehdi\u00a0 e Agnaldo Valentin<\/span><\/p>\n<p><span style=\"color: #000000;\"><a style=\"color: #000000;\" href=\"https:\/\/sites.usp.br\/boletimoipp\/wp-content\/uploads\/sites\/823\/2022\/09\/Cinquegrana-Jr_agosto_2022.pdf\" target=\"_blank\" rel=\"noopener\">\u201cNosso produto \u00e9 a d\u00favida\u201d. Disson\u00e2ncia cognitiva e comunica\u00e7\u00e3o eleitoral<\/a><\/span><\/p>\n<p><span style=\"color: #999999;\">Carlos Cinquegrana Jr.<\/span><\/p>\n<p>&nbsp;<\/p>\n","protected":false},"excerpt":{"rendered":"<p>Publicado em 09\/09\/2022 Pesquisas em Pol\u00edticas P\u00fablicas Par\u00e2metros refer\u00eancias para a an\u00e1lise da execu\u00e7\u00e3o or\u00e7ament\u00e1ria e financeira das a\u00e7\u00f5es e servi\u00e7os p\u00fablicos de sa\u00fade da Prefeitura de Osasco\/SP Luana de Lima Oliveira e Ursula Dias Peres Sociedade, Pol\u00edticas P\u00fablicas e Gest\u00e3o Governamental Revolu\u00e7\u00e3o de 32 e Moderniza\u00e7\u00e3o Antonio Fonseca Kehdi\u00a0 e Agnaldo Valentin \u201cNosso produto [&hellip;]<\/p>\n","protected":false},"author":22000,"featured_media":0,"parent":0,"menu_order":0,"comment_status":"closed","ping_status":"closed","template":"","meta":{"_monsterinsights_skip_tracking":false,"_monsterinsights_sitenote_active":false,"_monsterinsights_sitenote_note":"","_monsterinsights_sitenote_category":0,"footnotes":"","_links_to":"","_links_to_target":""},"class_list":["post-1004","page","type-page","status-publish","hentry"],"_links":{"self":[{"href":"https:\/\/sites.usp.br\/boletimoipp\/wp-json\/wp\/v2\/pages\/1004","targetHints":{"allow":["GET"]}}],"collection":[{"href":"https:\/\/sites.usp.br\/boletimoipp\/wp-json\/wp\/v2\/pages"}],"about":[{"href":"https:\/\/sites.usp.br\/boletimoipp\/wp-json\/wp\/v2\/types\/page"}],"author":[{"embeddable":true,"href":"https:\/\/sites.usp.br\/boletimoipp\/wp-json\/wp\/v2\/users\/22000"}],"replies":[{"embeddable":true,"href":"https:\/\/sites.usp.br\/boletimoipp\/wp-json\/wp\/v2\/comments?post=1004"}],"version-history":[{"count":3,"href":"https:\/\/sites.usp.br\/boletimoipp\/wp-json\/wp\/v2\/pages\/1004\/revisions"}],"predecessor-version":[{"id":1016,"href":"https:\/\/sites.usp.br\/boletimoipp\/wp-json\/wp\/v2\/pages\/1004\/revisions\/1016"}],"wp:attachment":[{"href":"https:\/\/sites.usp.br\/boletimoipp\/wp-json\/wp\/v2\/media?parent=1004"}],"curies":[{"name":"wp","href":"https:\/\/api.w.org\/{rel}","templated":true}]}}