{"id":1036,"date":"2022-12-22T17:45:31","date_gmt":"2022-12-22T19:45:31","guid":{"rendered":"https:\/\/sites.usp.br\/boletimoipp\/?page_id=1036"},"modified":"2022-12-22T18:23:29","modified_gmt":"2022-12-22T20:23:29","slug":"outubro-de-2022","status":"publish","type":"page","link":"https:\/\/sites.usp.br\/boletimoipp\/outubro-de-2022\/","title":{"rendered":"Outubro de 2022"},"content":{"rendered":"<p><img loading=\"lazy\" decoding=\"async\" class=\"alignnone wp-image-1023 size-medium\" src=\"https:\/\/sites.usp.br\/boletimoipp\/wp-content\/uploads\/sites\/823\/2022\/10\/capa-212x300.png\" alt=\"\" width=\"212\" height=\"300\" srcset=\"https:\/\/sites.usp.br\/boletimoipp\/wp-content\/uploads\/sites\/823\/2022\/10\/capa-212x300.png 212w, https:\/\/sites.usp.br\/boletimoipp\/wp-content\/uploads\/sites\/823\/2022\/10\/capa-400x567.png 400w, https:\/\/sites.usp.br\/boletimoipp\/wp-content\/uploads\/sites\/823\/2022\/10\/capa.png 564w\" sizes=\"auto, (max-width: 212px) 100vw, 212px\" \/><\/p>\n<p>Publicado em 27\/10\/2022<\/p>\n<hr \/>\n<p><strong>Sociedade, Pol\u00edticas P\u00fablicas e Gest\u00e3o Governamental<\/strong><\/p>\n<p><a href=\"https:\/\/sites.usp.br\/boletimoipp\/wp-content\/uploads\/sites\/823\/2022\/10\/Santos_outubro_2022.pdf\" target=\"_blank\" rel=\"noopener\"><span style=\"color: #000000;\">Intelectualidade negra: relembrando Milton Santos<\/span><\/a><\/p>\n<p><span style=\"color: #999999;\">Gislene Aparecida dos Santos<\/span><\/p>\n<p><a href=\"https:\/\/sites.usp.br\/boletimoipp\/wp-content\/uploads\/sites\/823\/2022\/10\/Gama_outubro_2022.pdf\" target=\"_blank\" rel=\"noopener\"><span style=\"color: #000000;\">RULE OF LAW &amp; STATUS OF NON-LAW: challenges to human emancipation in the contemporary prison system<\/span><\/a><\/p>\n<p><span style=\"color: #999999;\">Giliarde Benavinuto Albuquerque Cavalcante Virgulino Ribeiro Nascimento e Gama<\/span><\/p>\n<p><a href=\"https:\/\/sites.usp.br\/boletimoipp\/wp-content\/uploads\/sites\/823\/2022\/10\/Cinquegrana-Jr_outubro_2022.pdf\" target=\"_blank\" rel=\"noopener\"><span style=\"color: #000000;\">Iguais, mas diferentes. Um ensaio sobre a Globaliza\u00e7\u00e3o<\/span><\/a><\/p>\n<p><span style=\"color: #999999;\">Carlos Cinquegrana Jr.<\/span><\/p>\n<p>&nbsp;<\/p>\n","protected":false},"excerpt":{"rendered":"<p>Publicado em 27\/10\/2022 Sociedade, Pol\u00edticas P\u00fablicas e Gest\u00e3o Governamental Intelectualidade negra: relembrando Milton Santos Gislene Aparecida dos Santos RULE OF LAW &amp; STATUS OF NON-LAW: challenges to human emancipation in the contemporary prison system Giliarde Benavinuto Albuquerque Cavalcante Virgulino Ribeiro Nascimento e Gama Iguais, mas diferentes. Um ensaio sobre a Globaliza\u00e7\u00e3o Carlos Cinquegrana Jr. &nbsp;<\/p>\n","protected":false},"author":22000,"featured_media":0,"parent":0,"menu_order":0,"comment_status":"closed","ping_status":"closed","template":"","meta":{"_monsterinsights_skip_tracking":false,"_monsterinsights_sitenote_active":false,"_monsterinsights_sitenote_note":"","_monsterinsights_sitenote_category":0,"footnotes":"","_links_to":"","_links_to_target":""},"class_list":["post-1036","page","type-page","status-publish","hentry"],"_links":{"self":[{"href":"https:\/\/sites.usp.br\/boletimoipp\/wp-json\/wp\/v2\/pages\/1036","targetHints":{"allow":["GET"]}}],"collection":[{"href":"https:\/\/sites.usp.br\/boletimoipp\/wp-json\/wp\/v2\/pages"}],"about":[{"href":"https:\/\/sites.usp.br\/boletimoipp\/wp-json\/wp\/v2\/types\/page"}],"author":[{"embeddable":true,"href":"https:\/\/sites.usp.br\/boletimoipp\/wp-json\/wp\/v2\/users\/22000"}],"replies":[{"embeddable":true,"href":"https:\/\/sites.usp.br\/boletimoipp\/wp-json\/wp\/v2\/comments?post=1036"}],"version-history":[{"count":3,"href":"https:\/\/sites.usp.br\/boletimoipp\/wp-json\/wp\/v2\/pages\/1036\/revisions"}],"predecessor-version":[{"id":1058,"href":"https:\/\/sites.usp.br\/boletimoipp\/wp-json\/wp\/v2\/pages\/1036\/revisions\/1058"}],"wp:attachment":[{"href":"https:\/\/sites.usp.br\/boletimoipp\/wp-json\/wp\/v2\/media?parent=1036"}],"curies":[{"name":"wp","href":"https:\/\/api.w.org\/{rel}","templated":true}]}}