{"id":1064,"date":"2023-02-01T22:49:08","date_gmt":"2023-02-02T00:49:08","guid":{"rendered":"https:\/\/sites.usp.br\/boletimoipp\/?page_id=1064"},"modified":"2023-02-01T23:17:39","modified_gmt":"2023-02-02T01:17:39","slug":"novembro-de-2022","status":"publish","type":"page","link":"https:\/\/sites.usp.br\/boletimoipp\/novembro-de-2022\/","title":{"rendered":"Novembro de 2022"},"content":{"rendered":"<h5><span style=\"color: #000000;\">Elei\u00e7\u00f5es e Perspectivas para o Novo Governo Federal (Parte 1)<\/span><\/h5>\n<h5><a href=\"https:\/\/sites.usp.br\/boletimoipp\/wp-content\/uploads\/sites\/823\/2022\/12\/Boletim_OIPP_novembro_2022.pdf\" target=\"_blank\" rel=\"noopener\"><img loading=\"lazy\" decoding=\"async\" class=\"alignnone wp-image-1039 size-medium\" src=\"https:\/\/sites.usp.br\/boletimoipp\/wp-content\/uploads\/sites\/823\/2022\/12\/capa-213x300.jpg\" alt=\"\" width=\"213\" height=\"300\" srcset=\"https:\/\/sites.usp.br\/boletimoipp\/wp-content\/uploads\/sites\/823\/2022\/12\/capa-213x300.jpg 213w, https:\/\/sites.usp.br\/boletimoipp\/wp-content\/uploads\/sites\/823\/2022\/12\/capa-400x564.jpg 400w, https:\/\/sites.usp.br\/boletimoipp\/wp-content\/uploads\/sites\/823\/2022\/12\/capa.jpg 566w\" sizes=\"auto, (max-width: 213px) 100vw, 213px\" \/><\/a><\/h5>\n<p>Publicado em 22\/12\/2022<\/p>\n<hr \/>\n<p><span style=\"color: #333333;\"><a style=\"color: #333333;\" href=\"https:\/\/sites.usp.br\/boletimoipp\/wp-content\/uploads\/sites\/823\/2022\/12\/Apresentacao.pdf\" target=\"_blank\" rel=\"noopener\">Apresenta\u00e7\u00e3o<\/a><\/span><\/p>\n<p><a href=\"https:\/\/sites.usp.br\/boletimoipp\/wp-content\/uploads\/sites\/823\/2022\/12\/Valentin_Mancuso_novembro_2022.pdf\" target=\"_blank\" rel=\"noopener\"><span style=\"color: #000000;\">A mal\u00edcia e a in\u00e9pcia: Vargas, Bolsonaro e os autogolpes no Brasil<\/span><\/a><\/p>\n<p><span style=\"color: #999999;\">Agnaldo Valentin, Wagner Pralon Mancuso<\/span><\/p>\n<p><span style=\"color: #333333;\"><a style=\"color: #333333;\" href=\"https:\/\/sites.usp.br\/boletimoipp\/wp-content\/uploads\/sites\/823\/2022\/12\/Silva_novembro_2022.pdf\" target=\"_blank\" rel=\"noopener\">\u00c9 preciso reafirmar o Federalismo e superar o \u2018salve-se quem puder\u2019<\/a><\/span><\/p>\n<p><span style=\"color: #999999;\">Ergon Cugler de Moraes Silva<\/span><\/p>\n<p><span style=\"color: #333333;\"><a style=\"color: #333333;\" href=\"https:\/\/sites.usp.br\/boletimoipp\/wp-content\/uploads\/sites\/823\/2022\/12\/Santana_Santos_Santos_novembro_2022.pdf\" target=\"_blank\" rel=\"noopener\">Transversalidade e gest\u00e3o da equidade ou igualdade racial no novo governo lula: tecendo possibilidades<\/a><\/span><\/p>\n<p><span style=\"color: #999999;\">Lais Reis Santana, Nabi Oliveira dos Santos, Paloma de Lima Santos<\/span><\/p>\n<hr \/>\n<h5><\/h5>\n","protected":false},"excerpt":{"rendered":"<p>Elei\u00e7\u00f5es e Perspectivas para o Novo Governo Federal (Parte 1) Publicado em 22\/12\/2022 Apresenta\u00e7\u00e3o A mal\u00edcia e a in\u00e9pcia: Vargas, Bolsonaro e os autogolpes no Brasil Agnaldo Valentin, Wagner Pralon Mancuso \u00c9 preciso reafirmar o Federalismo e superar o \u2018salve-se quem puder\u2019 Ergon Cugler de Moraes Silva Transversalidade e gest\u00e3o da equidade ou igualdade racial [&hellip;]<\/p>\n","protected":false},"author":22000,"featured_media":0,"parent":0,"menu_order":0,"comment_status":"closed","ping_status":"closed","template":"","meta":{"_monsterinsights_skip_tracking":false,"_monsterinsights_sitenote_active":false,"_monsterinsights_sitenote_note":"","_monsterinsights_sitenote_category":0,"footnotes":"","_links_to":"","_links_to_target":""},"class_list":["post-1064","page","type-page","status-publish","hentry"],"_links":{"self":[{"href":"https:\/\/sites.usp.br\/boletimoipp\/wp-json\/wp\/v2\/pages\/1064","targetHints":{"allow":["GET"]}}],"collection":[{"href":"https:\/\/sites.usp.br\/boletimoipp\/wp-json\/wp\/v2\/pages"}],"about":[{"href":"https:\/\/sites.usp.br\/boletimoipp\/wp-json\/wp\/v2\/types\/page"}],"author":[{"embeddable":true,"href":"https:\/\/sites.usp.br\/boletimoipp\/wp-json\/wp\/v2\/users\/22000"}],"replies":[{"embeddable":true,"href":"https:\/\/sites.usp.br\/boletimoipp\/wp-json\/wp\/v2\/comments?post=1064"}],"version-history":[{"count":3,"href":"https:\/\/sites.usp.br\/boletimoipp\/wp-json\/wp\/v2\/pages\/1064\/revisions"}],"predecessor-version":[{"id":1087,"href":"https:\/\/sites.usp.br\/boletimoipp\/wp-json\/wp\/v2\/pages\/1064\/revisions\/1087"}],"wp:attachment":[{"href":"https:\/\/sites.usp.br\/boletimoipp\/wp-json\/wp\/v2\/media?parent=1064"}],"curies":[{"name":"wp","href":"https:\/\/api.w.org\/{rel}","templated":true}]}}