{"id":1091,"date":"2023-03-21T12:17:46","date_gmt":"2023-03-21T14:17:46","guid":{"rendered":"https:\/\/sites.usp.br\/boletimoipp\/?page_id=1091"},"modified":"2023-03-21T12:37:34","modified_gmt":"2023-03-21T14:37:34","slug":"janeiro-de-2023","status":"publish","type":"page","link":"https:\/\/sites.usp.br\/boletimoipp\/janeiro-de-2023\/","title":{"rendered":"Janeiro de 2023"},"content":{"rendered":"<p><a href=\"https:\/\/sites.usp.br\/boletimoipp\/wp-content\/uploads\/sites\/823\/2023\/02\/Boletim_OIPP_janeiro_2023.pdf\" target=\"_blank\" rel=\"noopener\"><img loading=\"lazy\" decoding=\"async\" class=\"alignnone wp-image-1069 size-medium\" src=\"https:\/\/sites.usp.br\/boletimoipp\/wp-content\/uploads\/sites\/823\/2023\/02\/capa-211x300.jpg\" alt=\"\" width=\"211\" height=\"300\" srcset=\"https:\/\/sites.usp.br\/boletimoipp\/wp-content\/uploads\/sites\/823\/2023\/02\/capa-211x300.jpg 211w, https:\/\/sites.usp.br\/boletimoipp\/wp-content\/uploads\/sites\/823\/2023\/02\/capa-400x570.jpg 400w, https:\/\/sites.usp.br\/boletimoipp\/wp-content\/uploads\/sites\/823\/2023\/02\/capa.jpg 563w\" sizes=\"auto, (max-width: 211px) 100vw, 211px\" \/><\/a><\/p>\n<p>Publicado em 01\/02\/2023<\/p>\n<hr \/>\n<p><strong>Pesquisas em Pol\u00edticas P\u00fablicas<\/strong><\/p>\n<p><span style=\"color: #000000;\"><a style=\"color: #000000;\" href=\"https:\/\/sites.usp.br\/boletimoipp\/wp-content\/uploads\/sites\/823\/2023\/02\/Paulino-et-al_janeiro_2023.pdf\" target=\"_blank\" rel=\"noopener\">Associa\u00e7\u00e3o entre programas federais de suplementa\u00e7\u00e3o e fortifica\u00e7\u00e3o de alimentos com ferro em rela\u00e7\u00e3o \u00e0 ocorr\u00eancia de interna\u00e7\u00f5es por anemia ferropriva no Brasil<\/a><\/span><\/p>\n<p><span style=\"color: #999999;\">Carolina Thalya da Silva Paulino, Marislei Nishijima, Flavia Mori Sarti <\/span><\/p>\n<p><strong>Sociedade, Pol\u00edticas P\u00fablicas e Gest\u00e3o Governamental<\/strong><\/p>\n<p><span style=\"color: #000000;\"><a style=\"color: #000000;\" href=\"https:\/\/sites.usp.br\/boletimoipp\/wp-content\/uploads\/sites\/823\/2023\/02\/Honorato_janeiro_2023.pdf\" target=\"_blank\" rel=\"noopener\">As rela\u00e7\u00f5es exteriores da L\u00edbia durante o governo de Muammar al-Gaddafi: uma breve introdu\u00e7\u00e3o (d\u00e9cadas de 1970 e 1980)<\/a><\/span><\/p>\n<p><span style=\"color: #999999;\">Felipe Antonio Honorato <\/span><\/p>\n<p><a href=\"https:\/\/sites.usp.br\/boletimoipp\/wp-content\/uploads\/sites\/823\/2023\/02\/Gama_janeiro_2023.pdf\" target=\"_blank\" rel=\"noopener\"><span style=\"color: #000000;\">Revisiting the freedom of the press in the brazilian constituents of 1967 and 1988<\/span><\/a><\/p>\n<p><span style=\"color: #999999;\">Giliarde Benavinuto Albuquerque Cavalcante Virgulino Ribeiro Nascimento e Gama<\/span><\/p>\n<p><a href=\"https:\/\/sites.usp.br\/boletimoipp\/wp-content\/uploads\/sites\/823\/2023\/02\/Nerling_janeiro_2023.pdf\" target=\"_blank\" rel=\"noopener\"><span style=\"color: #000000;\">A gest\u00e3o do futuro da ind\u00fastria tecnol\u00f3gica e o sonho de uma Internet p\u00fablica <\/span><\/a><\/p>\n<p><span style=\"color: #999999;\">Marcelo Arno Nerling<\/span><\/p>\n<p>&nbsp;<\/p>\n","protected":false},"excerpt":{"rendered":"<p>Publicado em 01\/02\/2023 Pesquisas em Pol\u00edticas P\u00fablicas Associa\u00e7\u00e3o entre programas federais de suplementa\u00e7\u00e3o e fortifica\u00e7\u00e3o de alimentos com ferro em rela\u00e7\u00e3o \u00e0 ocorr\u00eancia de interna\u00e7\u00f5es por anemia ferropriva no Brasil Carolina Thalya da Silva Paulino, Marislei Nishijima, Flavia Mori Sarti Sociedade, Pol\u00edticas P\u00fablicas e Gest\u00e3o Governamental As rela\u00e7\u00f5es exteriores da L\u00edbia durante o governo de [&hellip;]<\/p>\n","protected":false},"author":22000,"featured_media":0,"parent":0,"menu_order":0,"comment_status":"closed","ping_status":"closed","template":"","meta":{"_monsterinsights_skip_tracking":false,"_monsterinsights_sitenote_active":false,"_monsterinsights_sitenote_note":"","_monsterinsights_sitenote_category":0,"footnotes":"","_links_to":"","_links_to_target":""},"class_list":["post-1091","page","type-page","status-publish","hentry"],"_links":{"self":[{"href":"https:\/\/sites.usp.br\/boletimoipp\/wp-json\/wp\/v2\/pages\/1091","targetHints":{"allow":["GET"]}}],"collection":[{"href":"https:\/\/sites.usp.br\/boletimoipp\/wp-json\/wp\/v2\/pages"}],"about":[{"href":"https:\/\/sites.usp.br\/boletimoipp\/wp-json\/wp\/v2\/types\/page"}],"author":[{"embeddable":true,"href":"https:\/\/sites.usp.br\/boletimoipp\/wp-json\/wp\/v2\/users\/22000"}],"replies":[{"embeddable":true,"href":"https:\/\/sites.usp.br\/boletimoipp\/wp-json\/wp\/v2\/comments?post=1091"}],"version-history":[{"count":3,"href":"https:\/\/sites.usp.br\/boletimoipp\/wp-json\/wp\/v2\/pages\/1091\/revisions"}],"predecessor-version":[{"id":1105,"href":"https:\/\/sites.usp.br\/boletimoipp\/wp-json\/wp\/v2\/pages\/1091\/revisions\/1105"}],"wp:attachment":[{"href":"https:\/\/sites.usp.br\/boletimoipp\/wp-json\/wp\/v2\/media?parent=1091"}],"curies":[{"name":"wp","href":"https:\/\/api.w.org\/{rel}","templated":true}]}}