{"id":1109,"date":"2023-04-12T20:49:03","date_gmt":"2023-04-12T22:49:03","guid":{"rendered":"https:\/\/sites.usp.br\/boletimoipp\/?page_id=1109"},"modified":"2023-06-11T23:42:05","modified_gmt":"2023-06-12T01:42:05","slug":"fevereiro-de-2023","status":"publish","type":"page","link":"https:\/\/sites.usp.br\/boletimoipp\/fevereiro-de-2023\/","title":{"rendered":"Fevereiro de 2023"},"content":{"rendered":"<h5><a href=\"https:\/\/sites.usp.br\/boletimoipp\/wp-content\/uploads\/sites\/823\/2023\/03\/Boletim_OIPP_fevereiro_2023.pdf\" target=\"_blank\" rel=\"noopener\"><img loading=\"lazy\" decoding=\"async\" class=\"alignnone wp-image-1094 size-medium\" src=\"https:\/\/sites.usp.br\/boletimoipp\/wp-content\/uploads\/sites\/823\/2023\/03\/capa-213x300.jpg\" alt=\"\" width=\"213\" height=\"300\" srcset=\"https:\/\/sites.usp.br\/boletimoipp\/wp-content\/uploads\/sites\/823\/2023\/03\/capa-213x300.jpg 213w, https:\/\/sites.usp.br\/boletimoipp\/wp-content\/uploads\/sites\/823\/2023\/03\/capa-400x565.jpg 400w, https:\/\/sites.usp.br\/boletimoipp\/wp-content\/uploads\/sites\/823\/2023\/03\/capa.jpg 566w\" sizes=\"auto, (max-width: 213px) 100vw, 213px\" \/><\/a><\/h5>\n<p>Publicado em 21\/03\/2023<\/p>\n<hr \/>\n<p><span style=\"color: #333333;\"><a style=\"color: #333333;\" href=\"https:\/\/sites.usp.br\/boletimoipp\/wp-content\/uploads\/sites\/823\/2023\/03\/Braga_fevereiro_2023.pdf\" target=\"_blank\" rel=\"noopener\">Abolicionismo penal no s\u00e9c. XXI e as micropol\u00edticas de resist\u00eancia\u00a0\u00a0\u00a0\u00a0\u00a0<\/a>\u00a0 \u00a0<\/span><\/p>\n<p><span style=\"color: #999999;\">Ana Gabriela Mendes Braga<\/span><\/p>\n<p><span style=\"color: #000000;\"><a style=\"color: #000000;\" href=\"https:\/\/sites.usp.br\/boletimoipp\/wp-content\/uploads\/sites\/823\/2023\/03\/Nerling_Brocca_Silva_fevereiro_2023.pdf\" target=\"_blank\" rel=\"noopener\">A gen\u00e9tica da tributa\u00e7\u00e3o sobre a renda e seu centen\u00e1rio no Brasil<\/a><\/span><\/p>\n<p><span style=\"color: #999999;\">Marcelo Arno Nerling, Maria Eduarda Romero Brocca e Wesley Caique e Silva<\/span><\/p>\n<p><a href=\"https:\/\/sites.usp.br\/boletimoipp\/wp-content\/uploads\/sites\/823\/2023\/03\/Gama_fevereiro_2023.pdf\" target=\"_blank\" rel=\"noopener\"><span style=\"color: #000000;\">Constitutionality control &amp; stabilization of the regulatory system\u00a0<\/span> \u00a0 \u00a0<\/a><\/p>\n<p><span style=\"color: #999999;\">Giliarde Benavinuto Albuquerque Cavalcante Virgulino Ribeiro Nascimento e Gama<\/span><\/p>\n<p>&nbsp;<\/p>\n<p>&nbsp;<\/p>\n","protected":false},"excerpt":{"rendered":"<p>Publicado em 21\/03\/2023 Abolicionismo penal no s\u00e9c. XXI e as micropol\u00edticas de resist\u00eancia\u00a0\u00a0\u00a0\u00a0\u00a0\u00a0 \u00a0 Ana Gabriela Mendes Braga A gen\u00e9tica da tributa\u00e7\u00e3o sobre a renda e seu centen\u00e1rio no Brasil Marcelo Arno Nerling, Maria Eduarda Romero Brocca e Wesley Caique e Silva Constitutionality control &amp; stabilization of the regulatory system\u00a0 \u00a0 \u00a0 Giliarde Benavinuto Albuquerque [&hellip;]<\/p>\n","protected":false},"author":23291,"featured_media":0,"parent":0,"menu_order":0,"comment_status":"closed","ping_status":"closed","template":"","meta":{"_monsterinsights_skip_tracking":false,"_monsterinsights_sitenote_active":false,"_monsterinsights_sitenote_note":"","_monsterinsights_sitenote_category":0,"footnotes":"","_links_to":"","_links_to_target":""},"class_list":["post-1109","page","type-page","status-publish","hentry"],"_links":{"self":[{"href":"https:\/\/sites.usp.br\/boletimoipp\/wp-json\/wp\/v2\/pages\/1109","targetHints":{"allow":["GET"]}}],"collection":[{"href":"https:\/\/sites.usp.br\/boletimoipp\/wp-json\/wp\/v2\/pages"}],"about":[{"href":"https:\/\/sites.usp.br\/boletimoipp\/wp-json\/wp\/v2\/types\/page"}],"author":[{"embeddable":true,"href":"https:\/\/sites.usp.br\/boletimoipp\/wp-json\/wp\/v2\/users\/23291"}],"replies":[{"embeddable":true,"href":"https:\/\/sites.usp.br\/boletimoipp\/wp-json\/wp\/v2\/comments?post=1109"}],"version-history":[{"count":4,"href":"https:\/\/sites.usp.br\/boletimoipp\/wp-json\/wp\/v2\/pages\/1109\/revisions"}],"predecessor-version":[{"id":1181,"href":"https:\/\/sites.usp.br\/boletimoipp\/wp-json\/wp\/v2\/pages\/1109\/revisions\/1181"}],"wp:attachment":[{"href":"https:\/\/sites.usp.br\/boletimoipp\/wp-json\/wp\/v2\/media?parent=1109"}],"curies":[{"name":"wp","href":"https:\/\/api.w.org\/{rel}","templated":true}]}}