{"id":1153,"date":"2023-05-13T16:50:35","date_gmt":"2023-05-13T18:50:35","guid":{"rendered":"https:\/\/sites.usp.br\/boletimoipp\/?page_id=1153"},"modified":"2023-06-11T23:42:43","modified_gmt":"2023-06-12T01:42:43","slug":"marco-de-2023-2","status":"publish","type":"page","link":"https:\/\/sites.usp.br\/boletimoipp\/marco-de-2023-2\/","title":{"rendered":"Mar\u00e7o de 2023"},"content":{"rendered":"<p><a href=\"https:\/\/sites.usp.br\/boletimoipp\/wp-content\/uploads\/sites\/823\/2023\/04\/Boletim_OIPP_marco2023-1.pdf\" target=\"_blank\" rel=\"noopener\"><img loading=\"lazy\" decoding=\"async\" class=\"alignnone wp-image-1112 size-medium\" src=\"https:\/\/sites.usp.br\/boletimoipp\/wp-content\/uploads\/sites\/823\/2023\/04\/capa-boletim-marco-221x300.jpg\" alt=\"\" width=\"221\" height=\"300\" srcset=\"https:\/\/sites.usp.br\/boletimoipp\/wp-content\/uploads\/sites\/823\/2023\/04\/capa-boletim-marco-221x300.jpg 221w, https:\/\/sites.usp.br\/boletimoipp\/wp-content\/uploads\/sites\/823\/2023\/04\/capa-boletim-marco.jpg 397w\" sizes=\"auto, (max-width: 221px) 100vw, 221px\" \/><\/a><\/p>\n<p>Publicado em 21\/04\/2023<\/p>\n<p><span style=\"color: #999999;\">&#8212;&#8212;&#8212;&#8212;&#8212;&#8212;&#8212;&#8212;&#8212;&#8212;&#8212;&#8212;&#8212;&#8212;&#8212;&#8212;&#8212;&#8212;&#8212;&#8212;&#8212;&#8212;&#8212;&#8212;&#8212;&#8212;&#8212;&#8212;&#8212;&#8212;&#8212;&#8212;&#8212;&#8212;&#8212;&#8212;&#8212;&#8212;&#8212;&#8212;-<\/span><\/p>\n<p><span style=\"color: #000000;\"><a style=\"color: #000000;\" href=\"https:\/\/sites.usp.br\/boletimoipp\/wp-content\/uploads\/sites\/823\/2023\/04\/Boletim_OIPP_marco2023.-5-12.pdf\" target=\"_blank\" rel=\"noopener\">Paradoxos do processo decis\u00f3rio em pol\u00edticas p\u00fablicas no governo de Jair Bolsonaro (2019-2022)\u00a0<\/a><\/span><\/p>\n<p><span style=\"color: #999999;\">Matheus A. Botelho, Denise Cardozo<\/span><\/p>\n<p><span style=\"color: #000000;\"><a style=\"color: #000000;\" href=\"https:\/\/sites.usp.br\/boletimoipp\/wp-content\/uploads\/sites\/823\/2023\/04\/Boletim_OIPP_marco2023.-13-20.pdf\" target=\"_blank\" rel=\"noopener\">O conceito (atemporal) da banalidade do mal e sua rela\u00e7\u00e3o com as pol\u00edticas p\u00fablicas: um estudo sobre o nazismo e o bolsonarismo\u00a0<\/a><\/span><\/p>\n<p><span style=\"color: #999999;\">R\u00e1ira Rezende Daliberto, Marta Maria Assump\u00e7\u00e3o Rodrigues<\/span><\/p>\n<p><span style=\"color: #000000;\"><a style=\"color: #000000;\" href=\"https:\/\/sites.usp.br\/boletimoipp\/wp-content\/uploads\/sites\/823\/2023\/04\/Boletim_OIPP_marco2023.-21-32.pdf\" target=\"_blank\" rel=\"noopener\">Evolu\u00e7\u00e3o do financiamento federal \u00e0 aten\u00e7\u00e3o prim\u00e1ria em sa\u00fade entre 2000 e 2021\u00a0<\/a><\/span><\/p>\n<p><span style=\"color: #999999;\">Lu\u00edza Caetano de Farias, Lucas de Oliveira Lopes, Flavia Mori Sarti<\/span><\/p>\n","protected":false},"excerpt":{"rendered":"<p>Publicado em 21\/04\/2023 &#8212;&#8212;&#8212;&#8212;&#8212;&#8212;&#8212;&#8212;&#8212;&#8212;&#8212;&#8212;&#8212;&#8212;&#8212;&#8212;&#8212;&#8212;&#8212;&#8212;&#8212;&#8212;&#8212;&#8212;&#8212;&#8212;&#8212;&#8212;&#8212;&#8212;&#8212;&#8212;&#8212;&#8212;&#8212;&#8212;&#8212;&#8212;&#8212;&#8212;- Paradoxos do processo decis\u00f3rio em pol\u00edticas p\u00fablicas no governo de Jair Bolsonaro (2019-2022)\u00a0 Matheus A. Botelho, Denise Cardozo O conceito (atemporal) da banalidade do mal e sua rela\u00e7\u00e3o com as pol\u00edticas p\u00fablicas: um estudo sobre o nazismo e o bolsonarismo\u00a0 R\u00e1ira Rezende Daliberto, Marta Maria Assump\u00e7\u00e3o Rodrigues Evolu\u00e7\u00e3o do financiamento federal [&hellip;]<\/p>\n","protected":false},"author":23291,"featured_media":0,"parent":0,"menu_order":0,"comment_status":"closed","ping_status":"closed","template":"","meta":{"_monsterinsights_skip_tracking":false,"_monsterinsights_sitenote_active":false,"_monsterinsights_sitenote_note":"","_monsterinsights_sitenote_category":0,"footnotes":"","_links_to":"","_links_to_target":""},"class_list":["post-1153","page","type-page","status-publish","hentry"],"_links":{"self":[{"href":"https:\/\/sites.usp.br\/boletimoipp\/wp-json\/wp\/v2\/pages\/1153","targetHints":{"allow":["GET"]}}],"collection":[{"href":"https:\/\/sites.usp.br\/boletimoipp\/wp-json\/wp\/v2\/pages"}],"about":[{"href":"https:\/\/sites.usp.br\/boletimoipp\/wp-json\/wp\/v2\/types\/page"}],"author":[{"embeddable":true,"href":"https:\/\/sites.usp.br\/boletimoipp\/wp-json\/wp\/v2\/users\/23291"}],"replies":[{"embeddable":true,"href":"https:\/\/sites.usp.br\/boletimoipp\/wp-json\/wp\/v2\/comments?post=1153"}],"version-history":[{"count":3,"href":"https:\/\/sites.usp.br\/boletimoipp\/wp-json\/wp\/v2\/pages\/1153\/revisions"}],"predecessor-version":[{"id":1182,"href":"https:\/\/sites.usp.br\/boletimoipp\/wp-json\/wp\/v2\/pages\/1153\/revisions\/1182"}],"wp:attachment":[{"href":"https:\/\/sites.usp.br\/boletimoipp\/wp-json\/wp\/v2\/media?parent=1153"}],"curies":[{"name":"wp","href":"https:\/\/api.w.org\/{rel}","templated":true}]}}