{"id":1160,"date":"2023-06-11T23:14:46","date_gmt":"2023-06-12T01:14:46","guid":{"rendered":"https:\/\/sites.usp.br\/boletimoipp\/?page_id=1160"},"modified":"2023-06-11T23:38:53","modified_gmt":"2023-06-12T01:38:53","slug":"abril-de-2023","status":"publish","type":"page","link":"https:\/\/sites.usp.br\/boletimoipp\/abril-de-2023\/","title":{"rendered":"Abril de 2023"},"content":{"rendered":"<h5><a href=\"https:\/\/sites.usp.br\/boletimoipp\/wp-content\/uploads\/sites\/823\/2023\/05\/Boletim_OIPP_abril_2023.pdf\" target=\"_blank\" rel=\"noopener\"><img loading=\"lazy\" decoding=\"async\" class=\"alignnone wp-image-1144 size-medium\" src=\"https:\/\/sites.usp.br\/boletimoipp\/wp-content\/uploads\/sites\/823\/2023\/05\/boletim-abril-211x300.jpg\" alt=\"\" width=\"211\" height=\"300\" srcset=\"https:\/\/sites.usp.br\/boletimoipp\/wp-content\/uploads\/sites\/823\/2023\/05\/boletim-abril-211x300.jpg 211w, https:\/\/sites.usp.br\/boletimoipp\/wp-content\/uploads\/sites\/823\/2023\/05\/boletim-abril.jpg 394w\" sizes=\"auto, (max-width: 211px) 100vw, 211px\" \/><\/a><\/h5>\n<p>Publicado em 13\/05\/2023<\/p>\n<hr \/>\n<p><span style=\"color: #000000;\"><a style=\"color: #000000;\" href=\"https:\/\/sites.usp.br\/boletimoipp\/wp-content\/uploads\/sites\/823\/2023\/05\/Boletim_OIPP_abril_2023.-5-15.pdf\" target=\"_blank\" rel=\"noopener\">O Poder Legislativo do Munic\u00edpio de S\u00e3o Paulo no Plano Plurianual\u00a0<\/a><\/span><\/p>\n<p><span style=\"color: #999999;\"><i><span style=\"font-weight: 400;\">Ikaro Gomes dos Reis, Marcelo Arno Nerling<\/span><\/i><\/span><\/p>\n<p><span style=\"color: #000000;\"><a style=\"color: #000000;\" href=\"https:\/\/sites.usp.br\/boletimoipp\/wp-content\/uploads\/sites\/823\/2023\/05\/Boletim_OIPP_abril_2023.-16-22.pdf\" target=\"_blank\" rel=\"noopener\">Neoliberalismo e a revitaliza\u00e7\u00e3o do Vale do Anhangaba\u00fa: perspectiva da forma\u00e7\u00e3o de agenda de pol\u00edticas p\u00fablicas e do direito ao lazer\u00a0<\/a><\/span><\/p>\n<p><span style=\"color: #999999;\"><i><span style=\"font-weight: 400;\">Vict\u00f3ria Furtado de Carvalho, Reinaldo Tadeu Boscolo Pacheco<\/span><\/i><span style=\"font-weight: 400;\">\u00a0<\/span><\/span><\/p>\n<p><span style=\"color: #000000;\"><a style=\"color: #000000;\" href=\"https:\/\/sites.usp.br\/boletimoipp\/wp-content\/uploads\/sites\/823\/2023\/05\/Boletim_OIPP_abril_2023.-23-28.pdf\" target=\"_blank\" rel=\"noopener\">JOURNALISTIC NARRATIVES: BORDERS BETWEEN THE SAID AND THE UNSAID 27<\/a><\/span><\/p>\n<p><span style=\"color: #999999;\"><i><span style=\"font-weight: 400;\">Giliarde Benavinuto Albuquerque Cavalcante Virgulino Ribeiro Nascimento e Gama<\/span><\/i><\/span><\/p>\n","protected":false},"excerpt":{"rendered":"<p>Publicado em 13\/05\/2023 O Poder Legislativo do Munic\u00edpio de S\u00e3o Paulo no Plano Plurianual\u00a0 Ikaro Gomes dos Reis, Marcelo Arno Nerling Neoliberalismo e a revitaliza\u00e7\u00e3o do Vale do Anhangaba\u00fa: perspectiva da forma\u00e7\u00e3o de agenda de pol\u00edticas p\u00fablicas e do direito ao lazer\u00a0 Vict\u00f3ria Furtado de Carvalho, Reinaldo Tadeu Boscolo Pacheco\u00a0 JOURNALISTIC NARRATIVES: BORDERS BETWEEN THE [&hellip;]<\/p>\n","protected":false},"author":22000,"featured_media":0,"parent":0,"menu_order":0,"comment_status":"closed","ping_status":"closed","template":"","meta":{"_monsterinsights_skip_tracking":false,"_monsterinsights_sitenote_active":false,"_monsterinsights_sitenote_note":"","_monsterinsights_sitenote_category":0,"footnotes":"","_links_to":"","_links_to_target":""},"class_list":["post-1160","page","type-page","status-publish","hentry"],"_links":{"self":[{"href":"https:\/\/sites.usp.br\/boletimoipp\/wp-json\/wp\/v2\/pages\/1160","targetHints":{"allow":["GET"]}}],"collection":[{"href":"https:\/\/sites.usp.br\/boletimoipp\/wp-json\/wp\/v2\/pages"}],"about":[{"href":"https:\/\/sites.usp.br\/boletimoipp\/wp-json\/wp\/v2\/types\/page"}],"author":[{"embeddable":true,"href":"https:\/\/sites.usp.br\/boletimoipp\/wp-json\/wp\/v2\/users\/22000"}],"replies":[{"embeddable":true,"href":"https:\/\/sites.usp.br\/boletimoipp\/wp-json\/wp\/v2\/comments?post=1160"}],"version-history":[{"count":3,"href":"https:\/\/sites.usp.br\/boletimoipp\/wp-json\/wp\/v2\/pages\/1160\/revisions"}],"predecessor-version":[{"id":1178,"href":"https:\/\/sites.usp.br\/boletimoipp\/wp-json\/wp\/v2\/pages\/1160\/revisions\/1178"}],"wp:attachment":[{"href":"https:\/\/sites.usp.br\/boletimoipp\/wp-json\/wp\/v2\/media?parent=1160"}],"curies":[{"name":"wp","href":"https:\/\/api.w.org\/{rel}","templated":true}]}}