{"id":1191,"date":"2023-09-25T15:49:46","date_gmt":"2023-09-25T17:49:46","guid":{"rendered":"https:\/\/sites.usp.br\/boletimoipp\/?page_id=1191"},"modified":"2023-09-25T15:56:00","modified_gmt":"2023-09-25T17:56:00","slug":"maio-de-2023","status":"publish","type":"page","link":"https:\/\/sites.usp.br\/boletimoipp\/maio-de-2023\/","title":{"rendered":"Maio de 2023"},"content":{"rendered":"<h5><a href=\"https:\/\/sites.usp.br\/boletimoipp\/wp-content\/uploads\/sites\/823\/2023\/06\/Boletim_OIPP_maio_2023-1.pdf\" target=\"_blank\" rel=\"noopener\"><img loading=\"lazy\" decoding=\"async\" class=\"alignnone wp-image-1167 size-medium\" src=\"https:\/\/sites.usp.br\/boletimoipp\/wp-content\/uploads\/sites\/823\/2023\/06\/capa-211x300.jpg\" alt=\"\" width=\"211\" height=\"300\" srcset=\"https:\/\/sites.usp.br\/boletimoipp\/wp-content\/uploads\/sites\/823\/2023\/06\/capa-211x300.jpg 211w, https:\/\/sites.usp.br\/boletimoipp\/wp-content\/uploads\/sites\/823\/2023\/06\/capa-400x568.jpg 400w, https:\/\/sites.usp.br\/boletimoipp\/wp-content\/uploads\/sites\/823\/2023\/06\/capa.jpg 563w\" sizes=\"auto, (max-width: 211px) 100vw, 211px\" \/><\/a><\/h5>\n<p>Publicado em 11\/06\/2023<\/p>\n<hr \/>\n<p><a href=\"https:\/\/sites.usp.br\/boletimoipp\/wp-content\/uploads\/sites\/823\/2023\/06\/Lopes_maio_2023-2.pdf\" target=\"_blank\" rel=\"noopener\"><span style=\"color: #000000;\">A ideologia da moderniza\u00e7\u00e3o e os circuitos da economia agr\u00e1ria: a quem serve o planejamento territorial do campo brasileiro?<\/span><\/a><\/p>\n<p><span style=\"color: #999999;\">Helo\u00edsa Santos Molina Lopes<\/span><\/p>\n<p><span style=\"color: #000000;\"><a style=\"color: #000000;\" href=\"https:\/\/sites.usp.br\/boletimoipp\/wp-content\/uploads\/sites\/823\/2023\/06\/Correia_maio_2023-1.pdf\" target=\"_blank\" rel=\"noopener\">Internet e r\u00e1dio encolhem desertos de not\u00edcias no Nordeste<\/a><\/span><\/p>\n<p><span style=\"color: #999999;\">Mariama Correia<\/span><\/p>\n<p><a href=\"https:\/\/sites.usp.br\/boletimoipp\/wp-content\/uploads\/sites\/823\/2023\/06\/Caldas_Jayo_maio_2023-1.pdf\" target=\"_blank\" rel=\"noopener\"><span style=\"color: #000000;\">Popula\u00e7\u00e3o em situa\u00e7\u00e3o de rua, barracas, microcenas e macrodramas<\/span><\/a><\/p>\n<p><span style=\"color: #999999;\">Eduardo Caldas e Martin Jayo<\/span><\/p>\n<p>&nbsp;<\/p>\n","protected":false},"excerpt":{"rendered":"<p>Publicado em 11\/06\/2023 A ideologia da moderniza\u00e7\u00e3o e os circuitos da economia agr\u00e1ria: a quem serve o planejamento territorial do campo brasileiro? Helo\u00edsa Santos Molina Lopes Internet e r\u00e1dio encolhem desertos de not\u00edcias no Nordeste Mariama Correia Popula\u00e7\u00e3o em situa\u00e7\u00e3o de rua, barracas, microcenas e macrodramas Eduardo Caldas e Martin Jayo &nbsp;<\/p>\n","protected":false},"author":22000,"featured_media":0,"parent":0,"menu_order":0,"comment_status":"closed","ping_status":"closed","template":"","meta":{"_monsterinsights_skip_tracking":false,"_monsterinsights_sitenote_active":false,"_monsterinsights_sitenote_note":"","_monsterinsights_sitenote_category":0,"footnotes":"","_links_to":"","_links_to_target":""},"class_list":["post-1191","page","type-page","status-publish","hentry"],"_links":{"self":[{"href":"https:\/\/sites.usp.br\/boletimoipp\/wp-json\/wp\/v2\/pages\/1191","targetHints":{"allow":["GET"]}}],"collection":[{"href":"https:\/\/sites.usp.br\/boletimoipp\/wp-json\/wp\/v2\/pages"}],"about":[{"href":"https:\/\/sites.usp.br\/boletimoipp\/wp-json\/wp\/v2\/types\/page"}],"author":[{"embeddable":true,"href":"https:\/\/sites.usp.br\/boletimoipp\/wp-json\/wp\/v2\/users\/22000"}],"replies":[{"embeddable":true,"href":"https:\/\/sites.usp.br\/boletimoipp\/wp-json\/wp\/v2\/comments?post=1191"}],"version-history":[{"count":3,"href":"https:\/\/sites.usp.br\/boletimoipp\/wp-json\/wp\/v2\/pages\/1191\/revisions"}],"predecessor-version":[{"id":1197,"href":"https:\/\/sites.usp.br\/boletimoipp\/wp-json\/wp\/v2\/pages\/1191\/revisions\/1197"}],"wp:attachment":[{"href":"https:\/\/sites.usp.br\/boletimoipp\/wp-json\/wp\/v2\/media?parent=1191"}],"curies":[{"name":"wp","href":"https:\/\/api.w.org\/{rel}","templated":true}]}}