{"id":1225,"date":"2023-11-01T16:32:42","date_gmt":"2023-11-01T18:32:42","guid":{"rendered":"https:\/\/sites.usp.br\/boletimoipp\/?page_id=1225"},"modified":"2023-11-01T17:07:12","modified_gmt":"2023-11-01T19:07:12","slug":"julho-de-2023","status":"publish","type":"page","link":"https:\/\/sites.usp.br\/boletimoipp\/julho-de-2023\/","title":{"rendered":"Julho de 2023"},"content":{"rendered":"<p><a href=\"https:\/\/sites.usp.br\/boletimoipp\/wp-content\/uploads\/sites\/823\/2023\/10\/Boletim_OIPP_julho_2023.pdf\" target=\"_blank\" rel=\"noopener\"><img loading=\"lazy\" decoding=\"async\" class=\"alignnone wp-image-1216 size-medium\" src=\"https:\/\/sites.usp.br\/boletimoipp\/wp-content\/uploads\/sites\/823\/2023\/10\/capa-211x300.jpg\" alt=\"\" width=\"211\" height=\"300\" srcset=\"https:\/\/sites.usp.br\/boletimoipp\/wp-content\/uploads\/sites\/823\/2023\/10\/capa-211x300.jpg 211w, https:\/\/sites.usp.br\/boletimoipp\/wp-content\/uploads\/sites\/823\/2023\/10\/capa-400x570.jpg 400w, https:\/\/sites.usp.br\/boletimoipp\/wp-content\/uploads\/sites\/823\/2023\/10\/capa.jpg 564w\" sizes=\"auto, (max-width: 211px) 100vw, 211px\" \/><\/a><\/p>\n<p>Publicado em 11\/10\/2023<\/p>\n<hr \/>\n<p><a href=\"https:\/\/sites.usp.br\/boletimoipp\/wp-content\/uploads\/sites\/823\/2023\/10\/Melo_Mountian_julho_2023.pdf\" target=\"_blank\" rel=\"noopener\"><span style=\"color: #000000;\">O perito cultural no \u00e2mbito das pol\u00edticas culturais federais<\/span><\/a><\/p>\n<p><span style=\"color: #999999;\">Daniel Caldeira de Melo, Andr\u00e9 Gal Mountian<\/span><\/p>\n<p><span style=\"color: #000000;\"><a style=\"color: #000000;\" href=\"https:\/\/sites.usp.br\/boletimoipp\/wp-content\/uploads\/sites\/823\/2023\/10\/Oliveira_Netto_julho_2023.pdf\" target=\"_blank\" rel=\"noopener\">A gest\u00e3o dos programas culturais no estado do Rio de Janeiro\u00a0<\/a><\/span><\/p>\n<p><span style=\"color: #999999;\">Elvis Felipe da Silva Oliveira,\u00a0 Jos\u00e9 Ver\u00edssimo Rom\u00e3o Netto<\/span><\/p>\n<p><a href=\"https:\/\/sites.usp.br\/boletimoipp\/wp-content\/uploads\/sites\/823\/2023\/10\/Santos_julho_2023.pdf\" target=\"_blank\" rel=\"noopener\"><span style=\"color: #000000;\">Governan\u00e7a or\u00e7ament\u00e1ria federal, as mulheres e a igualdade de g\u00eanero<\/span><\/a><\/p>\n<p><span style=\"color: #999999;\">Let\u00edcia Cavalcante dos Santos<\/span><\/p>\n<p>&nbsp;<\/p>\n","protected":false},"excerpt":{"rendered":"<p>Publicado em 11\/10\/2023 O perito cultural no \u00e2mbito das pol\u00edticas culturais federais Daniel Caldeira de Melo, Andr\u00e9 Gal Mountian A gest\u00e3o dos programas culturais no estado do Rio de Janeiro\u00a0 Elvis Felipe da Silva Oliveira,\u00a0 Jos\u00e9 Ver\u00edssimo Rom\u00e3o Netto Governan\u00e7a or\u00e7ament\u00e1ria federal, as mulheres e a igualdade de g\u00eanero Let\u00edcia Cavalcante dos Santos &nbsp;<\/p>\n","protected":false},"author":22000,"featured_media":0,"parent":0,"menu_order":0,"comment_status":"closed","ping_status":"closed","template":"","meta":{"_monsterinsights_skip_tracking":false,"_monsterinsights_sitenote_active":false,"_monsterinsights_sitenote_note":"","_monsterinsights_sitenote_category":0,"footnotes":"","_links_to":"","_links_to_target":""},"class_list":["post-1225","page","type-page","status-publish","hentry"],"_links":{"self":[{"href":"https:\/\/sites.usp.br\/boletimoipp\/wp-json\/wp\/v2\/pages\/1225","targetHints":{"allow":["GET"]}}],"collection":[{"href":"https:\/\/sites.usp.br\/boletimoipp\/wp-json\/wp\/v2\/pages"}],"about":[{"href":"https:\/\/sites.usp.br\/boletimoipp\/wp-json\/wp\/v2\/types\/page"}],"author":[{"embeddable":true,"href":"https:\/\/sites.usp.br\/boletimoipp\/wp-json\/wp\/v2\/users\/22000"}],"replies":[{"embeddable":true,"href":"https:\/\/sites.usp.br\/boletimoipp\/wp-json\/wp\/v2\/comments?post=1225"}],"version-history":[{"count":2,"href":"https:\/\/sites.usp.br\/boletimoipp\/wp-json\/wp\/v2\/pages\/1225\/revisions"}],"predecessor-version":[{"id":1248,"href":"https:\/\/sites.usp.br\/boletimoipp\/wp-json\/wp\/v2\/pages\/1225\/revisions\/1248"}],"wp:attachment":[{"href":"https:\/\/sites.usp.br\/boletimoipp\/wp-json\/wp\/v2\/media?parent=1225"}],"curies":[{"name":"wp","href":"https:\/\/api.w.org\/{rel}","templated":true}]}}