{"id":1227,"date":"2023-11-01T16:44:49","date_gmt":"2023-11-01T18:44:49","guid":{"rendered":"https:\/\/sites.usp.br\/boletimoipp\/?page_id=1227"},"modified":"2023-11-01T17:04:20","modified_gmt":"2023-11-01T19:04:20","slug":"agosto-de-2023","status":"publish","type":"page","link":"https:\/\/sites.usp.br\/boletimoipp\/agosto-de-2023\/","title":{"rendered":"Agosto de 2023"},"content":{"rendered":"<p><a href=\"https:\/\/sites.usp.br\/boletimoipp\/wp-content\/uploads\/sites\/823\/2023\/11\/Boletim_OIPP_agosto_2023.pdf\" target=\"_blank\" rel=\"noopener\"><img loading=\"lazy\" decoding=\"async\" class=\"alignnone wp-image-1228 size-medium\" src=\"https:\/\/sites.usp.br\/boletimoipp\/wp-content\/uploads\/sites\/823\/2023\/11\/Capa-212x300.jpg\" alt=\"\" width=\"212\" height=\"300\" srcset=\"https:\/\/sites.usp.br\/boletimoipp\/wp-content\/uploads\/sites\/823\/2023\/11\/Capa-212x300.jpg 212w, https:\/\/sites.usp.br\/boletimoipp\/wp-content\/uploads\/sites\/823\/2023\/11\/Capa-724x1024.jpg 724w, https:\/\/sites.usp.br\/boletimoipp\/wp-content\/uploads\/sites\/823\/2023\/11\/Capa-768x1086.jpg 768w, https:\/\/sites.usp.br\/boletimoipp\/wp-content\/uploads\/sites\/823\/2023\/11\/Capa-1086x1536.jpg 1086w, https:\/\/sites.usp.br\/boletimoipp\/wp-content\/uploads\/sites\/823\/2023\/11\/Capa-1448x2048.jpg 1448w, https:\/\/sites.usp.br\/boletimoipp\/wp-content\/uploads\/sites\/823\/2023\/11\/Capa-400x566.jpg 400w, https:\/\/sites.usp.br\/boletimoipp\/wp-content\/uploads\/sites\/823\/2023\/11\/Capa.jpg 1654w\" sizes=\"auto, (max-width: 212px) 100vw, 212px\" \/><\/a><\/p>\n<p>Publicado em 01\/11\/2023<\/p>\n<hr \/>\n<p>&nbsp;<\/p>\n<p><span style=\"color: #000000;\"><a style=\"color: #000000;\" href=\"https:\/\/sites.usp.br\/boletimoipp\/wp-content\/uploads\/sites\/823\/2023\/11\/Veneziani_Vaz_agosto_2023.pdf\" target=\"_blank\" rel=\"noopener\">O Impacto do Marco Legal das Startups na Promo\u00e7\u00e3o da Inova\u00e7\u00e3o e do Empreendedorismo no Brasil<\/a><\/span><\/p>\n<p><span style=\"color: #999999;\">Julia Ribeiro de Almeida Veneziani, Jos\u00e9 Carlos Vaz<\/span><\/p>\n<p><span style=\"color: #000000;\"><a style=\"color: #000000;\" href=\"https:\/\/sites.usp.br\/boletimoipp\/wp-content\/uploads\/sites\/823\/2023\/11\/Xavier_agosto_2023.pdf\" target=\"_blank\" rel=\"noopener\">Rede de Governan\u00e7a no Programa Recome\u00e7o<\/a><\/span><\/p>\n<p><span style=\"color: #999999;\">Paulo Henrique Bonfim Xavier<\/span><\/p>\n<p><span style=\"color: #000000;\"><a style=\"color: #000000;\" href=\"https:\/\/sites.usp.br\/boletimoipp\/wp-content\/uploads\/sites\/823\/2023\/11\/Carrijo_Olivieri_agosto_2023.pdf\" target=\"_blank\" rel=\"noopener\">A participa\u00e7\u00e3o social na ouvidoria p\u00fablica do Distrito Federal (2017 a 2022)\u00a0<\/a><\/span><\/p>\n<p><span style=\"color: #999999;\">Luciene Carrijo, Cec\u00edlia Olivieri<\/span><\/p>\n","protected":false},"excerpt":{"rendered":"<p>Publicado em 01\/11\/2023 &nbsp; O Impacto do Marco Legal das Startups na Promo\u00e7\u00e3o da Inova\u00e7\u00e3o e do Empreendedorismo no Brasil Julia Ribeiro de Almeida Veneziani, Jos\u00e9 Carlos Vaz Rede de Governan\u00e7a no Programa Recome\u00e7o Paulo Henrique Bonfim Xavier A participa\u00e7\u00e3o social na ouvidoria p\u00fablica do Distrito Federal (2017 a 2022)\u00a0 Luciene Carrijo, Cec\u00edlia Olivieri<\/p>\n","protected":false},"author":22000,"featured_media":0,"parent":0,"menu_order":0,"comment_status":"closed","ping_status":"closed","template":"","meta":{"_monsterinsights_skip_tracking":false,"_monsterinsights_sitenote_active":false,"_monsterinsights_sitenote_note":"","_monsterinsights_sitenote_category":0,"footnotes":"","_links_to":"","_links_to_target":""},"class_list":["post-1227","page","type-page","status-publish","hentry"],"_links":{"self":[{"href":"https:\/\/sites.usp.br\/boletimoipp\/wp-json\/wp\/v2\/pages\/1227","targetHints":{"allow":["GET"]}}],"collection":[{"href":"https:\/\/sites.usp.br\/boletimoipp\/wp-json\/wp\/v2\/pages"}],"about":[{"href":"https:\/\/sites.usp.br\/boletimoipp\/wp-json\/wp\/v2\/types\/page"}],"author":[{"embeddable":true,"href":"https:\/\/sites.usp.br\/boletimoipp\/wp-json\/wp\/v2\/users\/22000"}],"replies":[{"embeddable":true,"href":"https:\/\/sites.usp.br\/boletimoipp\/wp-json\/wp\/v2\/comments?post=1227"}],"version-history":[{"count":4,"href":"https:\/\/sites.usp.br\/boletimoipp\/wp-json\/wp\/v2\/pages\/1227\/revisions"}],"predecessor-version":[{"id":1246,"href":"https:\/\/sites.usp.br\/boletimoipp\/wp-json\/wp\/v2\/pages\/1227\/revisions\/1246"}],"wp:attachment":[{"href":"https:\/\/sites.usp.br\/boletimoipp\/wp-json\/wp\/v2\/media?parent=1227"}],"curies":[{"name":"wp","href":"https:\/\/api.w.org\/{rel}","templated":true}]}}