{"id":125,"date":"2020-09-23T11:57:40","date_gmt":"2020-09-23T13:57:40","guid":{"rendered":"https:\/\/sites.usp.br\/boletimoipp\/?page_id=125"},"modified":"2026-03-26T19:02:34","modified_gmt":"2026-03-26T21:02:34","slug":"edicao-atual","status":"publish","type":"page","link":"https:\/\/sites.usp.br\/boletimoipp\/edicao-atual\/","title":{"rendered":"Edi\u00e7\u00e3o Atual"},"content":{"rendered":"<h5><span style=\"color: #000000;\">N.47 Maio e Junho\/2025<\/span><\/h5>\n<p><a href=\"https:\/\/sites.usp.br\/boletimoipp\/wp-content\/uploads\/sites\/823\/2026\/03\/Boletim_OIPP_maio_junho_2025.pdf\" target=\"_blank\" rel=\"noopener\"><img loading=\"lazy\" decoding=\"async\" class=\"alignnone wp-image-1397 size-medium\" src=\"https:\/\/sites.usp.br\/boletimoipp\/wp-content\/uploads\/sites\/823\/2026\/03\/capa-228x300.jpg\" alt=\"\" width=\"228\" height=\"300\" srcset=\"https:\/\/sites.usp.br\/boletimoipp\/wp-content\/uploads\/sites\/823\/2026\/03\/capa-228x300.jpg 228w, https:\/\/sites.usp.br\/boletimoipp\/wp-content\/uploads\/sites\/823\/2026\/03\/capa-400x526.jpg 400w, https:\/\/sites.usp.br\/boletimoipp\/wp-content\/uploads\/sites\/823\/2026\/03\/capa.jpg 566w\" sizes=\"auto, (max-width: 228px) 100vw, 228px\" \/><\/a><\/p>\n<p>Publicado em 26\/03\/2026<\/p>\n<hr \/>\n<p><span style=\"color: #000000;\"><a style=\"color: #000000;\" href=\"https:\/\/sites.usp.br\/boletimoipp\/wp-content\/uploads\/sites\/823\/2026\/03\/Oliveira_Cruz_maio_jun_2025.pdf\" target=\"_blank\" rel=\"noopener\">A import\u00e2ncia da organiza\u00e7\u00e3o de mulheres com defici\u00eancia para fomentar o debate sobre capacitismo<\/a><\/span><\/p>\n<p><span style=\"color: #999999;\">Mayra Ribeiro de Oliveira, Elizabete Franco Cruz<\/span><\/p>\n<p><span style=\"color: #000000;\"><a style=\"color: #000000;\" href=\"https:\/\/sites.usp.br\/boletimoipp\/wp-content\/uploads\/sites\/823\/2026\/03\/Sertorio_maio_jun_2025.pdf\" target=\"_blank\" rel=\"noopener\">Pol\u00edticas p\u00fablicas de \u00e1gua e esgoto: principais cren\u00e7as mapeadas do Brasil col\u00f4nia ao PLANASA<\/a><\/span><\/p>\n<p><span style=\"color: #999999;\">Danilo Madjarof Sertorio<\/span><\/p>\n<p><span style=\"color: #000000;\"><a style=\"color: #000000;\" href=\"https:\/\/sites.usp.br\/boletimoipp\/wp-content\/uploads\/sites\/823\/2026\/03\/Fregonesi_Machado_maio_jun_2025.pdf\" target=\"_blank\" rel=\"noopener\">O novo Fundeb \u00e0 luz da literatura do desenho de pol\u00edticas p\u00fablicas: an\u00e1lise preliminar da coer\u00eancia, consist\u00eancia e congru\u00eancia da pol\u00edtica<\/a><\/span><\/p>\n<p><span style=\"color: #999999;\">Nat\u00e1lia Fregonesi, Jo\u00e3o Guilherme Rocha Machado<\/span><\/p>\n<p>&nbsp;<\/p>\n","protected":false},"excerpt":{"rendered":"<p>N.47 Maio e Junho\/2025 Publicado em 26\/03\/2026 A import\u00e2ncia da organiza\u00e7\u00e3o de mulheres com defici\u00eancia para fomentar o debate sobre capacitismo Mayra Ribeiro de Oliveira, Elizabete Franco Cruz Pol\u00edticas p\u00fablicas de \u00e1gua e esgoto: principais cren\u00e7as mapeadas do Brasil col\u00f4nia ao PLANASA Danilo Madjarof Sertorio O novo Fundeb \u00e0 luz da literatura do desenho de [&hellip;]<\/p>\n","protected":false},"author":22000,"featured_media":0,"parent":0,"menu_order":0,"comment_status":"closed","ping_status":"closed","template":"","meta":{"_monsterinsights_skip_tracking":false,"_monsterinsights_sitenote_active":false,"_monsterinsights_sitenote_note":"","_monsterinsights_sitenote_category":0,"footnotes":"","_links_to":"","_links_to_target":""},"class_list":["post-125","page","type-page","status-publish","hentry"],"_links":{"self":[{"href":"https:\/\/sites.usp.br\/boletimoipp\/wp-json\/wp\/v2\/pages\/125","targetHints":{"allow":["GET"]}}],"collection":[{"href":"https:\/\/sites.usp.br\/boletimoipp\/wp-json\/wp\/v2\/pages"}],"about":[{"href":"https:\/\/sites.usp.br\/boletimoipp\/wp-json\/wp\/v2\/types\/page"}],"author":[{"embeddable":true,"href":"https:\/\/sites.usp.br\/boletimoipp\/wp-json\/wp\/v2\/users\/22000"}],"replies":[{"embeddable":true,"href":"https:\/\/sites.usp.br\/boletimoipp\/wp-json\/wp\/v2\/comments?post=125"}],"version-history":[{"count":6,"href":"https:\/\/sites.usp.br\/boletimoipp\/wp-json\/wp\/v2\/pages\/125\/revisions"}],"predecessor-version":[{"id":1408,"href":"https:\/\/sites.usp.br\/boletimoipp\/wp-json\/wp\/v2\/pages\/125\/revisions\/1408"}],"wp:attachment":[{"href":"https:\/\/sites.usp.br\/boletimoipp\/wp-json\/wp\/v2\/media?parent=125"}],"curies":[{"name":"wp","href":"https:\/\/api.w.org\/{rel}","templated":true}]}}