{"id":1251,"date":"2024-05-13T18:55:02","date_gmt":"2024-05-13T20:55:02","guid":{"rendered":"https:\/\/sites.usp.br\/boletimoipp\/?page_id=1251"},"modified":"2024-05-13T18:55:02","modified_gmt":"2024-05-13T20:55:02","slug":"setembro-de-2023","status":"publish","type":"page","link":"https:\/\/sites.usp.br\/boletimoipp\/setembro-de-2023\/","title":{"rendered":"Setembro de 2023"},"content":{"rendered":"<h5><strong><a href=\"https:\/\/sites.usp.br\/boletimoipp\/wp-content\/uploads\/sites\/823\/2023\/11\/Boletim_OIPP_setembro_2023.pdf\"><img loading=\"lazy\" decoding=\"async\" class=\"alignnone\" src=\"https:\/\/sites.usp.br\/boletimoipp\/wp-content\/uploads\/sites\/823\/2023\/11\/Capa--212x300.jpg\" alt=\"\" width=\"212\" height=\"300\" \/><\/a><\/strong><\/h5>\n<p>Publicado em 01\/11\/2023<\/p>\n<hr \/>\n<p><span style=\"color: #000000;\"><a style=\"color: #000000;\" href=\"https:\/\/sites.usp.br\/boletimoipp\/wp-content\/uploads\/sites\/823\/2023\/11\/Silva_setembro_2023.pdf\" target=\"_blank\" rel=\"noopener\">A Governan\u00e7a Multin\u00edvel no campo da Complementa\u00e7\u00e3o da Uni\u00e3o do Novo VAAR\u00a0<\/a><\/span><\/p>\n<p><span style=\"color: #999999;\">Izabella Silva<\/span><\/p>\n<p><span style=\"color: #000000;\"><a style=\"color: #000000;\" href=\"https:\/\/sites.usp.br\/boletimoipp\/wp-content\/uploads\/sites\/823\/2023\/11\/Barbosa_Crozatti_setembro_2023.pdf\" target=\"_blank\" rel=\"noopener\">Contexto da privatiza\u00e7\u00e3o do ensino p\u00fablico no Brasil: a l\u00f3gica institucional das aquisi\u00e7\u00f5es de materiais did\u00e1ticos pelos munic\u00edpios brasileiros<\/a><\/span><\/p>\n<p><span style=\"color: #999999;\">Bruna da Silva Barbosa, Jaime Crozatti<\/span><\/p>\n<p><span style=\"color: #000000;\"><a style=\"color: #000000;\" href=\"https:\/\/sites.usp.br\/boletimoipp\/wp-content\/uploads\/sites\/823\/2023\/11\/Silva_setembro_2023a.pdf\" target=\"_blank\" rel=\"noopener\">Pol\u00edticas Estaduais para a Preven\u00e7\u00e3o e Controle do C\u00e2ncer em Mulheres Diagnosticadas com C\u00e2ncer de Mama no Estado de S\u00e3o Paulo: an\u00e1lise de implementa\u00e7\u00e3o pelo Custo-efetividade estimado\u00a0\u00a0<\/a><\/span><\/p>\n<p><span style=\"color: #999999;\">Tamires Barros Silva<\/span><\/p>\n","protected":false},"excerpt":{"rendered":"<p>Publicado em 01\/11\/2023 A Governan\u00e7a Multin\u00edvel no campo da Complementa\u00e7\u00e3o da Uni\u00e3o do Novo VAAR\u00a0 Izabella Silva Contexto da privatiza\u00e7\u00e3o do ensino p\u00fablico no Brasil: a l\u00f3gica institucional das aquisi\u00e7\u00f5es de materiais did\u00e1ticos pelos munic\u00edpios brasileiros Bruna da Silva Barbosa, Jaime Crozatti Pol\u00edticas Estaduais para a Preven\u00e7\u00e3o e Controle do C\u00e2ncer em Mulheres Diagnosticadas com [&hellip;]<\/p>\n","protected":false},"author":23792,"featured_media":0,"parent":0,"menu_order":0,"comment_status":"closed","ping_status":"closed","template":"","meta":{"_monsterinsights_skip_tracking":false,"_monsterinsights_sitenote_active":false,"_monsterinsights_sitenote_note":"","_monsterinsights_sitenote_category":0,"footnotes":"","_links_to":"","_links_to_target":""},"class_list":["post-1251","page","type-page","status-publish","hentry"],"_links":{"self":[{"href":"https:\/\/sites.usp.br\/boletimoipp\/wp-json\/wp\/v2\/pages\/1251","targetHints":{"allow":["GET"]}}],"collection":[{"href":"https:\/\/sites.usp.br\/boletimoipp\/wp-json\/wp\/v2\/pages"}],"about":[{"href":"https:\/\/sites.usp.br\/boletimoipp\/wp-json\/wp\/v2\/types\/page"}],"author":[{"embeddable":true,"href":"https:\/\/sites.usp.br\/boletimoipp\/wp-json\/wp\/v2\/users\/23792"}],"replies":[{"embeddable":true,"href":"https:\/\/sites.usp.br\/boletimoipp\/wp-json\/wp\/v2\/comments?post=1251"}],"version-history":[{"count":1,"href":"https:\/\/sites.usp.br\/boletimoipp\/wp-json\/wp\/v2\/pages\/1251\/revisions"}],"predecessor-version":[{"id":1254,"href":"https:\/\/sites.usp.br\/boletimoipp\/wp-json\/wp\/v2\/pages\/1251\/revisions\/1254"}],"wp:attachment":[{"href":"https:\/\/sites.usp.br\/boletimoipp\/wp-json\/wp\/v2\/media?parent=1251"}],"curies":[{"name":"wp","href":"https:\/\/api.w.org\/{rel}","templated":true}]}}