{"id":1270,"date":"2024-06-05T12:28:18","date_gmt":"2024-06-05T14:28:18","guid":{"rendered":"https:\/\/sites.usp.br\/boletimoipp\/?page_id=1270"},"modified":"2024-06-05T12:28:18","modified_gmt":"2024-06-05T14:28:18","slug":"n-39-janeiro-e-fevereiro-2024","status":"publish","type":"page","link":"https:\/\/sites.usp.br\/boletimoipp\/n-39-janeiro-e-fevereiro-2024\/","title":{"rendered":"N.39 Janeiro e fevereiro\/2024"},"content":{"rendered":"<h5><\/h5>\n<p><a href=\"https:\/\/sites.usp.br\/boletimoipp\/wp-content\/uploads\/sites\/823\/2024\/05\/Janeiro-e-fevereiro-de-2024.pdf\" target=\"_blank\" rel=\"noopener\"><img loading=\"lazy\" decoding=\"async\" class=\"alignnone wp-image-1255 size-medium\" src=\"https:\/\/sites.usp.br\/boletimoipp\/wp-content\/uploads\/sites\/823\/2024\/05\/Capa-212x300.jpg\" alt=\"\" width=\"212\" height=\"300\" srcset=\"https:\/\/sites.usp.br\/boletimoipp\/wp-content\/uploads\/sites\/823\/2024\/05\/Capa-212x300.jpg 212w, https:\/\/sites.usp.br\/boletimoipp\/wp-content\/uploads\/sites\/823\/2024\/05\/Capa-724x1024.jpg 724w, https:\/\/sites.usp.br\/boletimoipp\/wp-content\/uploads\/sites\/823\/2024\/05\/Capa-768x1086.jpg 768w, https:\/\/sites.usp.br\/boletimoipp\/wp-content\/uploads\/sites\/823\/2024\/05\/Capa-1086x1536.jpg 1086w, https:\/\/sites.usp.br\/boletimoipp\/wp-content\/uploads\/sites\/823\/2024\/05\/Capa-400x566.jpg 400w, https:\/\/sites.usp.br\/boletimoipp\/wp-content\/uploads\/sites\/823\/2024\/05\/Capa.jpg 1241w\" sizes=\"auto, (max-width: 212px) 100vw, 212px\" \/><\/a><\/p>\n<p>Publicado em 13\/05\/2024<\/p>\n<hr \/>\n<p><span style=\"color: #000000;\"><a style=\"color: #000000;\" href=\"https:\/\/sites.usp.br\/boletimoipp\/wp-content\/uploads\/sites\/823\/2024\/05\/Sarti-jan-fev-2024.pdf\" target=\"_blank\" rel=\"noopener\">Seguran\u00e7a alimentar e nutricional: mapa da fome na pandemia<\/a><\/span><\/p>\n<p><span style=\"color: #999999;\">Flavia Mori Sarti<\/span><\/p>\n<p><span style=\"color: #000000;\"><a style=\"color: #000000;\" href=\"https:\/\/sites.usp.br\/boletimoipp\/wp-content\/uploads\/sites\/823\/2024\/05\/Novais-jan-fev-2024.pdf\" target=\"_blank\" rel=\"noopener\">O universit\u00e1rio brasileiro p\u00f3s-reuni<\/a><\/span><\/p>\n<p><span style=\"color: #999999;\">\u00c9liton Paulo Novais<\/span><\/p>\n<p><span style=\"color: #000000;\"><a style=\"color: #000000;\" href=\"https:\/\/sites.usp.br\/boletimoipp\/wp-content\/uploads\/sites\/823\/2024\/05\/Honorato-jan-fev-2024.pdf\" target=\"_blank\" rel=\"noopener\">Entendendo a explora\u00e7\u00e3o do ouro na Rep\u00fablica Democr\u00e1tica do Congo<\/a><\/span><\/p>\n<p><span style=\"color: #999999;\">Felipe Antonio Honorato e Val\u00e9ria Barbosa de Magalh\u00e3es<\/span><\/p>\n","protected":false},"excerpt":{"rendered":"<p>Publicado em 13\/05\/2024 Seguran\u00e7a alimentar e nutricional: mapa da fome na pandemia Flavia Mori Sarti O universit\u00e1rio brasileiro p\u00f3s-reuni \u00c9liton Paulo Novais Entendendo a explora\u00e7\u00e3o do ouro na Rep\u00fablica Democr\u00e1tica do Congo Felipe Antonio Honorato e Val\u00e9ria Barbosa de Magalh\u00e3es<\/p>\n","protected":false},"author":23792,"featured_media":0,"parent":0,"menu_order":0,"comment_status":"closed","ping_status":"closed","template":"","meta":{"_monsterinsights_skip_tracking":false,"_monsterinsights_sitenote_active":false,"_monsterinsights_sitenote_note":"","_monsterinsights_sitenote_category":0,"footnotes":"","_links_to":"","_links_to_target":""},"class_list":["post-1270","page","type-page","status-publish","hentry"],"_links":{"self":[{"href":"https:\/\/sites.usp.br\/boletimoipp\/wp-json\/wp\/v2\/pages\/1270","targetHints":{"allow":["GET"]}}],"collection":[{"href":"https:\/\/sites.usp.br\/boletimoipp\/wp-json\/wp\/v2\/pages"}],"about":[{"href":"https:\/\/sites.usp.br\/boletimoipp\/wp-json\/wp\/v2\/types\/page"}],"author":[{"embeddable":true,"href":"https:\/\/sites.usp.br\/boletimoipp\/wp-json\/wp\/v2\/users\/23792"}],"replies":[{"embeddable":true,"href":"https:\/\/sites.usp.br\/boletimoipp\/wp-json\/wp\/v2\/comments?post=1270"}],"version-history":[{"count":1,"href":"https:\/\/sites.usp.br\/boletimoipp\/wp-json\/wp\/v2\/pages\/1270\/revisions"}],"predecessor-version":[{"id":1271,"href":"https:\/\/sites.usp.br\/boletimoipp\/wp-json\/wp\/v2\/pages\/1270\/revisions\/1271"}],"wp:attachment":[{"href":"https:\/\/sites.usp.br\/boletimoipp\/wp-json\/wp\/v2\/media?parent=1270"}],"curies":[{"name":"wp","href":"https:\/\/api.w.org\/{rel}","templated":true}]}}