{"id":1290,"date":"2024-07-06T23:43:07","date_gmt":"2024-07-07T01:43:07","guid":{"rendered":"https:\/\/sites.usp.br\/boletimoipp\/?page_id=1290"},"modified":"2024-07-06T23:43:15","modified_gmt":"2024-07-07T01:43:15","slug":"n-40-marco-e-abril-2024","status":"publish","type":"page","link":"https:\/\/sites.usp.br\/boletimoipp\/n-40-marco-e-abril-2024\/","title":{"rendered":"N.40 Mar\u00e7o e abril\/2024"},"content":{"rendered":"<p><a href=\"https:\/\/sites.usp.br\/boletimoipp\/wp-content\/uploads\/sites\/823\/2024\/06\/Boletim_OIPP_marco-e-abril_2024-Ajuste2.pdf\" target=\"_blank\" rel=\"noopener\"><img loading=\"lazy\" decoding=\"async\" class=\"alignnone wp-image-1273 size-medium\" src=\"https:\/\/sites.usp.br\/boletimoipp\/wp-content\/uploads\/sites\/823\/2024\/06\/CAPA-212x300.jpg\" alt=\"\" width=\"212\" height=\"300\" srcset=\"https:\/\/sites.usp.br\/boletimoipp\/wp-content\/uploads\/sites\/823\/2024\/06\/CAPA-212x300.jpg 212w, https:\/\/sites.usp.br\/boletimoipp\/wp-content\/uploads\/sites\/823\/2024\/06\/CAPA-724x1024.jpg 724w, https:\/\/sites.usp.br\/boletimoipp\/wp-content\/uploads\/sites\/823\/2024\/06\/CAPA-768x1086.jpg 768w, https:\/\/sites.usp.br\/boletimoipp\/wp-content\/uploads\/sites\/823\/2024\/06\/CAPA-1086x1536.jpg 1086w, https:\/\/sites.usp.br\/boletimoipp\/wp-content\/uploads\/sites\/823\/2024\/06\/CAPA-400x566.jpg 400w, https:\/\/sites.usp.br\/boletimoipp\/wp-content\/uploads\/sites\/823\/2024\/06\/CAPA.jpg 1241w\" sizes=\"auto, (max-width: 212px) 100vw, 212px\" \/><\/a><\/p>\n<p>Publicado em 05\/06\/2024<\/p>\n<hr \/>\n<p><a href=\"https:\/\/sites.usp.br\/boletimoipp\/wp-content\/uploads\/sites\/823\/2024\/06\/Ergon.pdf\" target=\"_blank\" rel=\"noopener\"><span style=\"color: #000000;\">Generative AI, (dis)information and elections, horizon scanning<\/span><\/a><\/p>\n<p><span style=\"color: #999999;\">Julie C. Richard e Ergon Cugler de Moraes Silva<\/span><\/p>\n<p><a href=\"https:\/\/sites.usp.br\/boletimoipp\/wp-content\/uploads\/sites\/823\/2024\/06\/Ivana.pdf\" target=\"_blank\" rel=\"noopener\">Fechando as portas de Pol\u00edticas P\u00fablicas de Sucesso &#8211; O efeito dispers\u00e3o geracional<\/a><\/p>\n<p><span style=\"color: #999999;\">Ivana Diniz Machado<\/span><\/p>\n<p><a href=\"https:\/\/sites.usp.br\/boletimoipp\/wp-content\/uploads\/sites\/823\/2024\/06\/Benavinuto.pdf\" target=\"_blank\" rel=\"noopener\"><span style=\"color: #000000;\">Constitutionality control &amp; stabilization of regulatory system<\/span><\/a><\/p>\n<p><span style=\"color: #999999;\">Giliarde Benavinuto Albuquerque\u00a0 Cavalcante Virgulino Ribeiro Nascimento e Gama, Nilton Marques de Oliveira e Jessica Painkow Rosa Cavalcante<\/span><\/p>\n","protected":false},"excerpt":{"rendered":"<p>Publicado em 05\/06\/2024 Generative AI, (dis)information and elections, horizon scanning Julie C. Richard e Ergon Cugler de Moraes Silva Fechando as portas de Pol\u00edticas P\u00fablicas de Sucesso &#8211; O efeito dispers\u00e3o geracional Ivana Diniz Machado Constitutionality control &amp; stabilization of regulatory system Giliarde Benavinuto Albuquerque\u00a0 Cavalcante Virgulino Ribeiro Nascimento e Gama, Nilton Marques de Oliveira [&hellip;]<\/p>\n","protected":false},"author":23792,"featured_media":0,"parent":0,"menu_order":0,"comment_status":"closed","ping_status":"closed","template":"","meta":{"_monsterinsights_skip_tracking":false,"_monsterinsights_sitenote_active":false,"_monsterinsights_sitenote_note":"","_monsterinsights_sitenote_category":0,"footnotes":"","_links_to":"","_links_to_target":""},"class_list":["post-1290","page","type-page","status-publish","hentry"],"_links":{"self":[{"href":"https:\/\/sites.usp.br\/boletimoipp\/wp-json\/wp\/v2\/pages\/1290","targetHints":{"allow":["GET"]}}],"collection":[{"href":"https:\/\/sites.usp.br\/boletimoipp\/wp-json\/wp\/v2\/pages"}],"about":[{"href":"https:\/\/sites.usp.br\/boletimoipp\/wp-json\/wp\/v2\/types\/page"}],"author":[{"embeddable":true,"href":"https:\/\/sites.usp.br\/boletimoipp\/wp-json\/wp\/v2\/users\/23792"}],"replies":[{"embeddable":true,"href":"https:\/\/sites.usp.br\/boletimoipp\/wp-json\/wp\/v2\/comments?post=1290"}],"version-history":[{"count":1,"href":"https:\/\/sites.usp.br\/boletimoipp\/wp-json\/wp\/v2\/pages\/1290\/revisions"}],"predecessor-version":[{"id":1291,"href":"https:\/\/sites.usp.br\/boletimoipp\/wp-json\/wp\/v2\/pages\/1290\/revisions\/1291"}],"wp:attachment":[{"href":"https:\/\/sites.usp.br\/boletimoipp\/wp-json\/wp\/v2\/media?parent=1290"}],"curies":[{"name":"wp","href":"https:\/\/api.w.org\/{rel}","templated":true}]}}