{"id":1305,"date":"2024-10-04T17:32:02","date_gmt":"2024-10-04T19:32:02","guid":{"rendered":"https:\/\/sites.usp.br\/boletimoipp\/?page_id=1305"},"modified":"2024-10-04T17:48:19","modified_gmt":"2024-10-04T19:48:19","slug":"maio-junho-de-2024","status":"publish","type":"page","link":"https:\/\/sites.usp.br\/boletimoipp\/maio-junho-de-2024\/","title":{"rendered":"Maio e Junho de 2024"},"content":{"rendered":"<p><a href=\"https:\/\/sites.usp.br\/boletimoipp\/wp-content\/uploads\/sites\/823\/2024\/07\/Boletim_OIPP_marco-e-abril_2024-Copia.pdf\" target=\"_blank\" rel=\"noopener\"><img loading=\"lazy\" decoding=\"async\" class=\"alignnone wp-image-1294 size-medium\" src=\"https:\/\/sites.usp.br\/boletimoipp\/wp-content\/uploads\/sites\/823\/2024\/07\/capa-212x300.jpg\" alt=\"\" width=\"212\" height=\"300\" srcset=\"https:\/\/sites.usp.br\/boletimoipp\/wp-content\/uploads\/sites\/823\/2024\/07\/capa-212x300.jpg 212w, https:\/\/sites.usp.br\/boletimoipp\/wp-content\/uploads\/sites\/823\/2024\/07\/capa-724x1024.jpg 724w, https:\/\/sites.usp.br\/boletimoipp\/wp-content\/uploads\/sites\/823\/2024\/07\/capa-768x1086.jpg 768w, https:\/\/sites.usp.br\/boletimoipp\/wp-content\/uploads\/sites\/823\/2024\/07\/capa-1086x1536.jpg 1086w, https:\/\/sites.usp.br\/boletimoipp\/wp-content\/uploads\/sites\/823\/2024\/07\/capa-400x566.jpg 400w, https:\/\/sites.usp.br\/boletimoipp\/wp-content\/uploads\/sites\/823\/2024\/07\/capa.jpg 1241w\" sizes=\"auto, (max-width: 212px) 100vw, 212px\" \/><\/a><\/p>\n<p>Publicado em 06\/07\/2024<\/p>\n<hr \/>\n<p><a href=\"https:\/\/sites.usp.br\/boletimoipp\/wp-content\/uploads\/sites\/823\/2024\/07\/Tratando-as-coisas-como-elas-sao.pdf\" target=\"_blank\" rel=\"noopener\"><span style=\"color: #000000;\">Tratando as coisas como elas s\u00e3o. Considera\u00e7\u00f5es sobre a regula\u00e7\u00e3o das redes sociais abertas no Brasil<\/span><\/a><\/p>\n<p><span style=\"color: #999999;\">Carlos Cinquegrana Jr., Alessandro Soares da Silva<\/span><\/p>\n<p><a href=\"https:\/\/sites.usp.br\/boletimoipp\/wp-content\/uploads\/sites\/823\/2024\/07\/O-paradoxo-do-Fast-Fashion.pdf\" target=\"_blank\" rel=\"noopener\"><span style=\"color: #000000;\">O paradoxo do Fast Fashion: impactos sociais e trabalhistas da moda<\/span><\/a><\/p>\n<p><span style=\"color: #999999;\">Cristiane Kerches da Silva Leite, Cintia Sayumi Ii, Hugo, Ventura Moreira, Marcos Yutoh Mori, Mayra dos Santos Silva, Pamela Cristina Sansalone Pereira, Rafaella Oliveira Xavier, Samuel Lisboa Martins, Yago de Lima Silveira<\/span><\/p>\n<p><a href=\"https:\/\/sites.usp.br\/boletimoipp\/wp-content\/uploads\/sites\/823\/2024\/07\/Consideracoes-sobre-a-Tabela-Mensal-do-Imposto-de-Renda-Pessoa-Fisica.pdf\" target=\"_blank\" rel=\"noopener\"><span style=\"color: #000000;\">Considera\u00e7\u00f5es sobre a Tabela Mensal do Imposto de Renda Pessoa F\u00edsica<\/span><\/a><\/p>\n<p><span style=\"color: #999999;\">Marcelo Arno Nerling, Maria Eduarda Romero Brocca<\/span><\/p>\n","protected":false},"excerpt":{"rendered":"<p>Publicado em 06\/07\/2024 Tratando as coisas como elas s\u00e3o. Considera\u00e7\u00f5es sobre a regula\u00e7\u00e3o das redes sociais abertas no Brasil Carlos Cinquegrana Jr., Alessandro Soares da Silva O paradoxo do Fast Fashion: impactos sociais e trabalhistas da moda Cristiane Kerches da Silva Leite, Cintia Sayumi Ii, Hugo, Ventura Moreira, Marcos Yutoh Mori, Mayra dos Santos Silva, [&hellip;]<\/p>\n","protected":false},"author":22000,"featured_media":0,"parent":0,"menu_order":0,"comment_status":"closed","ping_status":"closed","template":"","meta":{"_monsterinsights_skip_tracking":false,"_monsterinsights_sitenote_active":false,"_monsterinsights_sitenote_note":"","_monsterinsights_sitenote_category":0,"footnotes":"","_links_to":"","_links_to_target":""},"class_list":["post-1305","page","type-page","status-publish","hentry"],"_links":{"self":[{"href":"https:\/\/sites.usp.br\/boletimoipp\/wp-json\/wp\/v2\/pages\/1305","targetHints":{"allow":["GET"]}}],"collection":[{"href":"https:\/\/sites.usp.br\/boletimoipp\/wp-json\/wp\/v2\/pages"}],"about":[{"href":"https:\/\/sites.usp.br\/boletimoipp\/wp-json\/wp\/v2\/types\/page"}],"author":[{"embeddable":true,"href":"https:\/\/sites.usp.br\/boletimoipp\/wp-json\/wp\/v2\/users\/22000"}],"replies":[{"embeddable":true,"href":"https:\/\/sites.usp.br\/boletimoipp\/wp-json\/wp\/v2\/comments?post=1305"}],"version-history":[{"count":3,"href":"https:\/\/sites.usp.br\/boletimoipp\/wp-json\/wp\/v2\/pages\/1305\/revisions"}],"predecessor-version":[{"id":1317,"href":"https:\/\/sites.usp.br\/boletimoipp\/wp-json\/wp\/v2\/pages\/1305\/revisions\/1317"}],"wp:attachment":[{"href":"https:\/\/sites.usp.br\/boletimoipp\/wp-json\/wp\/v2\/media?parent=1305"}],"curies":[{"name":"wp","href":"https:\/\/api.w.org\/{rel}","templated":true}]}}